{"id":1085,"date":"2024-07-23T02:52:42","date_gmt":"2024-07-23T01:52:42","guid":{"rendered":"https:\/\/ps-sonic.com\/?page_id=1085"},"modified":"2024-07-24T22:36:17","modified_gmt":"2024-07-24T21:36:17","slug":"allgemeine-geschaeftsbedingungen","status":"publish","type":"page","link":"https:\/\/ps-sonic.com\/de\/allgemeine-geschaeftsbedingungen\/","title":{"rendered":"Allgemeine Gesch\u00e4ftsbedingungen"},"content":{"rendered":"\n<p><strong>Anwendungsbereich<\/strong><\/p>\n\n\n\n<p>Wir liefern an unsere Vertragspartner (nachfolgend \u201eBesteller\u201c) ausschlie\u00dflich auf Grundlage dieser Lieferbedingungen. Entgegenstehende, abweichende oder erg\u00e4nzende Bedingungen des Bestellers erkennen wir nicht an, selbst wenn wir diesen im Einzelfall nicht gesondert widersprechen. Diese Bedingungen gelten auch, wenn wir in Kenntnis entgegenstehender, abweichender oder erg\u00e4nzender Bedingungen des Bestellers die Lieferung ohne Vorbehalt ausf\u00fchren.<\/p>\n\n\n\n<p>F\u00fcr Bestellungen gelten ausschlie\u00dflich die Lieferungs- und Leistungsbedingungen der Pintosupersonic Lda.<\/p>\n\n\n\n<p>Diese Lieferbedingungen gelten f\u00fcr alle zuk\u00fcnftigen Gesch\u00e4fte mit dem Besteller, selbst wenn ihre Anwendung nicht ausdr\u00fccklich erneut vereinbart wurde.<\/p>\n\n\n\n<p><strong>Angebote, Umfang unserer Lieferungen, Produktangaben<\/strong><\/p>\n\n\n\n<p>Unsere Angebote sind unverbindlich und freibleibend. Wir behalten uns alle Eigentums- und Urheberrechte an unseren Angeboten, Kostenvoranschl\u00e4gen, Kalkulationen und allen anderen von uns oder Dritten bereitgestellten Unterlagen vor. Dies beinhaltet Werkzeuge, Hilfsmittel, Zeichnungen, Muster, Proben, Bilder, Beschreibungen, Modelle, Berechnungen und andere Dokumente. Ohne unsere Zustimmung darf der Besteller diese Materialien weder Dritten zug\u00e4nglich machen noch sie bekannt geben, selbst nutzen oder durch Dritte nutzen lassen. Er darf sie auch nicht kopieren. Der Besteller muss diese Materialien und eventuelle Kopien auf unsere Anforderung hin vollst\u00e4ndig zur\u00fcckgeben, wenn sie im regul\u00e4ren Gesch\u00e4ftsverlauf nicht mehr ben\u00f6tigt werden oder wenn Verhandlungen nicht zum Abschluss eines Vertrags f\u00fchren.<\/p>\n\n\n\n<p>Die Pr\u00e4sentation unserer Produkte in unserem Preisbuch stellt kein bindendes Angebot zum Abschluss eines Kaufvertrages dar. Die Bestellung der Produkte durch den Besteller ist ein bindendes Angebot. Der Besteller erh\u00e4lt \u00fcber seine per Telefon, Telefax, E-Mail oder Onlineshop get\u00e4tigte Bestellung eine Best\u00e4tigung. Diese Best\u00e4tigung stellt noch keine Annahme seines Angebotes dar, es sei denn darin wird zugleich die Annahme erkl\u00e4rt. Ein Vertrag kommt erst mit unserer Auftragsbest\u00e4tigung oder Lieferung der bestellten Produkte zustande. Eine \u00c4nderung nach Aufgabe der Bestellung oder eine Stornierung ist bis zu unserer Auftragsbest\u00e4tigung m\u00f6glich. Sollte die Lieferung der bestellten Ware nicht m\u00f6glich sein, etwa weil die entsprechende Ware nicht auf Lager ist, sehen wir von einer Annahmeerkl\u00e4rung ab. In diesem Fall kommt ein Vertrag nicht zustande. Wir werden den Besteller dar\u00fcber unverz\u00fcglich informieren und bereits erhaltene Gegenleistungen unverz\u00fcglich zur\u00fcckerstatten.<\/p>\n\n\n\n<p>Von uns \u00fcbergebene Unterlagen und gemachte Angaben, wie Abbildungen, Zeichnungen, Gewichts- und Ma\u00dfangaben, sind nur verbindlich, soweit wir diese ausdr\u00fccklich als Vertragsbestandteil auff\u00fchren bzw. im Vertrag ausdr\u00fccklich auf diesen Bezug nehmen, soweit nicht die Verwendbarkeit zum vertraglich vorgesehenen Zweck eine genaue \u00dcbereinstimmung voraussetzt.<\/p>\n\n\n\n<p>Alle Angaben \u00fcber Eignung, Verarbeitung und Anwendung unserer Produkte, etwaige technische Beratung und sonstige Angaben erfolgen nach bestem Wissen, befreien den Besteller aber nicht von eigenen Pr\u00fcfungen und Untersuchungen.<\/p>\n\n\n\n<p>Eine Pflicht zur \u00dcberpr\u00fcfung der Bestellung des Bestellers insbesondere im Hinblick auf die Kompatibilit\u00e4t der Produkte oder eine entsprechende Hinweispflicht besteht nicht. Sollten wir den Besteller im Einzelfall auf Unstimmigkeiten in seiner Bestellung hinweisen, entsteht daraus keine Verpflichtung, dies zuk\u00fcnftig wieder zu tun.<\/p>\n\n\n\n<p>Unsere Produktbeschreibungen und -angaben stellen keine Beschaffenheits- oder Haltbarkeitsgarantie dar, es sei denn, dass wir diesbez\u00fcglich ausdr\u00fccklich schriftlich eine Garantie \u00fcbernommen haben.<\/p>\n\n\n\n<p><strong>Preise, Zahlung<\/strong><\/p>\n\n\n\n<p>Unsere Preise sind Nettopreise, DAP, innerhalb Portugals. Sofern nicht gesetzlich anders geregelt, werden die Umsatzsteuer zum aktuellen Satz zum Zeitpunkt der Entstehung der Steuerschuld, Z\u00f6lle, Geb\u00fchren, andere \u00f6ffentliche Abgaben, Verpackungs- und Verladungskosten sowie Transportversicherung hinzugef\u00fcgt.<\/p>\n\n\n\n<p>Lieferungen, die vom Besteller in einem bestimmten Zeitfenster oder als beschleunigte Lieferung gew\u00fcnscht werden, bed\u00fcrfen unserer Best\u00e4tigung und werden nur gegen Aufpreis durchgef\u00fchrt.<\/p>\n\n\n\n<p>F\u00fcr Lieferungen, die vereinbarungsgem\u00e4\u00df mehr als vier Monate nach Vertragsschluss erfolgen, behalten wir uns das Recht vor, etwaige nach der Angebotsabgabe auftretende Lohn- und\/oder Materialpreiserh\u00f6hungen mit einem \u00fcblichen Zuschlag in Rechnung zu stellen.<\/p>\n\n\n\n<p>Die Zahlung erfolgt entweder per Vorauszahlung oder nach Lieferung, je nach Vereinbarung.<\/p>\n\n\n\n<p>Falls wir mit dem Besteller eine Skontovereinbarung getroffen haben, beginnt die Skontofrist mit dem Eingang der Rechnung.<\/p>\n\n\n\n<p>Der Besteller hat nur dann ein Zur\u00fcckbehaltungsrecht, wenn seine Gegenanspr\u00fcche rechtskr\u00e4ftig festgestellt oder unbestritten sind und diese auf demselben Vertragsverh\u00e4ltnis beruhen. Er kann Aufrechnungsrechte nur geltend machen, wenn seine Gegenanspr\u00fcche rechtskr\u00e4ftig festgestellt oder unbestritten sind und in engem Gegenseitigkeitsverh\u00e4ltnis zu unserer Forderung stehen (z.B. bei M\u00e4ngelanspr\u00fcchen aus demselben Vertragsverh\u00e4ltnis).<\/p>\n\n\n\n<p><strong>Eigentumsvorbehalt<\/strong><\/p>\n\n\n\n<p>Wir behalten uns das Eigentum an allen von uns gelieferten Gegenst\u00e4nden bis zur Bezahlung aller Forderungen aus der Gesch\u00e4ftsbeziehung vor. Bei Pflichtverletzungen durch den Besteller, insbesondere bei Zahlungsverzug, sind wir berechtigt, nach angemessener Fristsetzung vom Vertrag zur\u00fcckzutreten und die Herausgabe der Vorbehaltsware zu verlangen.<\/p>\n\n\n\n<p>Solange uns das Eigentum vorbehalten ist, hat der Besteller erforderliche und \u00fcbliche Inspektions-, Wartungs- und Erhaltungsarbeiten auf seine Kosten durchzuf\u00fchren und die Vorbehaltsware auf eigene Kosten gegen Feuer-, Wasser- und<br>Diebstahlsch\u00e4den ausreichend zum Neuwert zu versichern. Seine entsprechenden Anspr\u00fcche im Schadensfall tritt er hiermit an uns ab. Wir nehmen die Abtretung an. W\u00e4hrend der Dauer des Eigentumsvorbehalts darf der Besteller die Vorbehaltsware weder verpf\u00e4nden noch zur Sicherheit \u00fcbereignen. Zugriffe Dritter auf die Vorbehaltsware sowie Besch\u00e4digungen oder die Vernichtung sind uns unverz\u00fcglich schriftlich anzuzeigen. Der Besteller hat alle Kosten zu tragen, die zur Aufhebung des Zugriffs und zur Wiederbeschaffung der Vorbehaltsware erforderlich sind und die der Dritte nicht zu erstatten vermag.<\/p>\n\n\n\n<p>Der Besteller ist berechtigt, die Vorbehaltsware im ordentlichen Gesch\u00e4ftsgang weiter zu verkaufen; er tritt uns jedoch bereits jetzt alle Forderungen einschlie\u00dflich s\u00e4mtlicher Saldoforderungen aus Kontokorrent in H\u00f6he des zwischen uns und dem Besteller vereinbarten Kaufpreises (inkl. MwSt.) einschlie\u00dflich Wechsel- und Verrechnungsschecks ab, die ihm aus der Weiterver\u00e4u\u00dferung gegen seinen Abnehmer oder Dritte erwachsen, und zwar unabh\u00e4ngig davon, ob die Vorbehaltsware ohne oder nach Bearbeitung weiterverkauft worden ist. Wir nehmen die Abtretung an.<\/p>\n\n\n\n<p>Der Besteller ist zur Einziehung der an uns abgetretenen Forderungen auch nach der Abtretung erm\u00e4chtigt. Unsere Befugnis, die Forderung selbst einzuziehen, bleibt hiervon unber\u00fchrt. Wir verpflichten uns jedoch, die Forderungen nicht einzuziehen, solange der Besteller seinen Zahlungsverpflichtungen ordnungsgem\u00e4\u00df nachkommt. Insbesondere bei Zahlungsverzug, Zahlungseinstellung, Er\u00f6ffnung eines Insolvenzverfahrens oder Wechselprotest sind wir berechtigt, die Einziehungsbefugnis des Bestellers zu widerrufen. In diesem Fall k\u00f6nnen wir verlangen, dass der Besteller uns die abgetretenen Forderungen und deren Schuldner bekannt gibt, alle zum Einzug erforderlichen Angaben macht, die dazugeh\u00f6rigen Unterlagen aush\u00e4ndigt und den Schuldnern (Dritten) die Abtretung mitteilt.<\/p>\n\n\n\n<p>Die Verarbeitung oder Umbildung der Vorbehaltsware durch den Besteller wird stets f\u00fcr uns vorgenommen. Wird die Vorbehaltsware mit anderen, uns nicht geh\u00f6renden Gegenst\u00e4nden verarbeitet, verbunden oder untrennbar vermischt, so erwerben wir das Miteigentum an der neuen Sache im Verh\u00e4ltnis des Wertes der Vorbehaltssache (Faktura-Endbetrag, inkl. MwSt.) zu den anderen verarbeiteten, verbundenen bzw. vermischten Gegenst\u00e4nden zur Zeit der Verarbeitung, Verbindung bzw. Vermischung. Erfolgt die Verbindung oder Vermischung in der Weise, dass die Sache des Bestellers als Hauptsache anzusehen ist, so gilt als vereinbart, dass der Besteller uns anteilm\u00e4\u00dfig Miteigentum \u00fcbertr\u00e4gt. Der Besteller verwahrt das durch Verarbeitung, Umbildung, Verbindung oder Vermischung entstandene Allein- oder Miteigentum f\u00fcr uns. F\u00fcr die durch die Verarbeitung, Verbindung, Umbildung oder Vermischung entstehende Sache gilt im \u00dcbrigen das Gleiche wie f\u00fcr die unter Vorbehalt gelieferte Sache.<\/p>\n\n\n\n<p>Der Besteller tritt uns zur Sicherung unserer Forderungen gegen ihn auch die Forderungen ab, die durch die Verbindung der Vorbehaltsware mit einem Grundst\u00fcck gegen einen Dritten erwachsen. Wir nehmen die Abtretung an.<\/p>\n\n\n\n<p>Wir verpflichten uns, die uns zustehenden Sicherheiten auf Verlangen des Bestellers insoweit freizugeben, als der realisierbare Wert unserer Sicherheiten die zu sichernden Forderungen um mehr als 10 % \u00fcbersteigt. Die Auswahl der freizugebenden Sicherheiten obliegt uns.<\/p>\n\n\n\n<p>Soweit die G\u00fcltigkeit des Eigentumsvorbehalts im Bestimmungsland an besondere Voraussetzungen oder besondere Formvorschriften gekn\u00fcpft ist, hat der Besteller f\u00fcr deren Erf\u00fcllung Sorge zu tragen.<\/p>\n\n\n\n<p><strong>Ausf\u00fchrung der Lieferungen, Fristen, Verzug<\/strong><\/p>\n\n\n\n<p>Teillieferungen sind zul\u00e4ssig, wenn sie f\u00fcr den Besteller im Rahmen des vertraglichen Bestimmungszwecks verwendbar sind, die Lieferung der restlichen bestellten Waren sichergestellt ist und dem Besteller hierdurch kein erheblicher Mehraufwand oder zus\u00e4tzliche Kosten entstehen, es sei denn, wir erkl\u00e4ren uns zur \u00dcbernahme dieser Kosten bereit.<\/p>\n\n\n\n<p>Vereinbarte Lieferfristen beginnen nicht vor der Kl\u00e4rung aller technischen Fragen, Beibringung der vom Besteller zu beschaffenden Unterlagen, Genehmigungen und Freigaben sowie Eingang einer vereinbarten An- bzw. Vorauszahlung.<\/p>\n\n\n\n<p>Ist die Nichteinhaltung der Fristen auf h\u00f6here Gewalt, z.B. Mobilmachung, Krieg, Aufruhr, Epidemie oder Pandemie oder auf \u00e4hnliche Ereignisse, z.B. Streik, Aussperrung, Verz\u00f6gerung des Erhalts staatlicher Genehmigungen oder sonstiger au\u00dferhalb unseres Einflussbereiches liegender Ereignisse zur\u00fcckzuf\u00fchren, verl\u00e4ngern sich die Fristen um die Dauer der Behinderung. Dies gilt auch, soweit solche Umst\u00e4nde bei Nachunternehmern bzw. Vorlieferanten eintreten.<\/p>\n\n\n\n<p>F\u00fcr einen etwaigen Verzugsschaden haften wir im Fall der vors\u00e4tzlichen Verz\u00f6gerung der Lieferung unbeschr\u00e4nkt. Bei grober Fahrl\u00e4ssigkeit ist unsere Haftung auf den vorhersehbaren, typischerweise eintretenden Schaden begrenzt. Im \u00dcbrigen haften wir beschr\u00e4nkt auf 1 % des Nettovertragspreises.<\/p>\n\n\n\n<p>Verz\u00f6gert sich der Versand infolge von Umst\u00e4nden, die der Besteller zu vertreten hat, so geht die Gefahr vom Tage der Versandbereitstellung an auf ihn \u00fcber. Wir sind jedoch verpflichtet, auf Wunsch und Kosten des Bestellers die Versicherungen zu bewirken, die dieser verlangt.<\/p>\n\n\n\n<p><strong>M\u00e4ngelanspr\u00fcche<\/strong><\/p>\n\n\n\n<p>Hinsichtlich der Beschaffenheit der Lieferung gilt grunds\u00e4tzlich nur die in der Auftragsbest\u00e4tigung erfolgte Produktbeschreibung als vereinbart. \u00d6ffentliche \u00c4u\u00dferungen, Anpreisungen oder unsere Werbung stellen keine vertraglich bindende Beschaffenheitsangabe der Lieferung dar, es sei denn, eine solche wird zwischen uns und dem Besteller ausdr\u00fccklich schriftlich vereinbart.<\/p>\n\n\n\n<p>Sofern wir zur M\u00e4ngelhaftung verpflichtet sind, liefern wir kostenfrei ein Ersatzteil f\u00fcr das mangelhafte Bauteil. Die Installation \u00fcbernimmt der Besteller selbst oder l\u00e4sst diese durch Dritte durchf\u00fchren. Ohne entsprechende vorherige Absprache mit uns ist der Besteller nicht berechtigt, Ersatzteile selbst zu installieren oder installieren zu lassen. Kosten, die im Rahmen der Nacherf\u00fcllung dadurch entstehen, dass das Produkt an einen anderen Ort als den Erf\u00fcllungsort verbracht wurde, sind vom Besteller zu tragen.<\/p>\n\n\n\n<p>Abweichend von den vorstehenden Bestimmungen der Ziffer VI haften wir nach den gesetzlichen Bestimmungen, soweit wir eine Beschaffenheitsgarantie \u00fcbernommen haben oder ein Mangel von uns arglistig verschwiegen worden ist oder soweit uns der Besteller wegen der Mangelhaftigkeit eines von uns an den Besteller gelieferten Produktes, welches an einen Verbraucher weiterverkauft worden ist.<\/p>\n\n\n\n<p>Ergibt sich bei einer aus Anlass der Beanstandung erfolgten Untersuchung der von uns erbrachten Lieferung oder bei R\u00fccksendung von Waren, dass die Beanstandung des Bestellers zu Unrecht erfolgt ist, sind wir berechtigt, sowohl die Kosten des Versandes als auch eine angemessene Verg\u00fctung f\u00fcr die \u00dcberpr\u00fcfung der Ware vom Besteller zu verlangen.<\/p>\n\n\n\n<p>Im Rahmen der Nacherf\u00fcllung ersetzte Teile hat der Besteller auf unser Verlangen an uns herauszugeben und das Eigentum hieran zu \u00fcbertragen.<\/p>\n\n\n\n<p>Wir \u00fcbernehmen keine Gew\u00e4hr in folgenden F\u00e4llen: Ungeeignete oder unsachgem\u00e4\u00dfe Verwendung, fehlerhafte Montage bzw. Inbetriebsetzung durch den Besteller oder Dritte, Nichteinhaltung der in den technischen Dokumentationen beschriebenen Einsatz- und Umgebungsbedingungen, nat\u00fcrliche Abnutzung, fehlerhafte oder nachl\u00e4ssige Behandlung, nicht ordnungsgem\u00e4\u00dfe Wartung,<br>ungeeignete Betriebsmittel, fehlerhafte bzw. ungeeignete Stromversorgung, Betrieb mit falscher Stromart oder Spannung, Betrieb unter aggressiven Medien (Wasser, Luft usw.), mangelhafte Bauarbeiten, ungeeigneter Baugrund, chemische, elektrochemische oder elektrische Einfl\u00fcsse, sofern sie nicht von uns zu verantworten sind.<\/p>\n\n\n\n<p>Durch etwa seitens des Bestellers oder Dritter unsachgem\u00e4\u00df ohne unsere vorherige Genehmigung vorgenommene \u00c4nderungen oder Instandsetzungsarbeiten entf\u00e4llt keine Haftung unsererseits f\u00fcr die daraus entstehenden Folgen.<\/p>\n\n\n\n<p>F\u00fcr kostenlose Verkaufsunterst\u00fctzungsma\u00dfnahmen (technische Beratung, Erstellung von Pl\u00e4nen, Entw\u00fcrfen und Berechnungen, usw.) \u00fcbernehmen wir keine Haftung.<\/p>\n\n\n\n<p><strong>Schadensersatz, Haftung<\/strong><\/p>\n\n\n\n<p>Wir haften nach den gesetzlichen Bestimmungen, sofern der Besteller Schadensersatzanspr\u00fcche geltend macht, die auf Vorsatz oder grober Fahrl\u00e4ssigkeit, einschlie\u00dflich Vorsatz und grober Fahrl\u00e4ssigkeit unserer Vertreter oder Erf\u00fcllungsgehilfen, beruhen oder sofern wir schuldhaft eine wesentliche Vertragspflicht verletzen. Wesentliche Vertragspflichten sind solche, deren Erf\u00fcllung die ordnungsgem\u00e4\u00dfe Durchf\u00fchrung des Vertrages \u00fcberhaupt erst erm\u00f6glichen und auf deren Einhaltung der Vertragspartner regelm\u00e4\u00dfig vertraut und vertrauen darf. Soweit uns keine vors\u00e4tzliche Vertragsverletzung angelastet wird, ist die Schadensersatzhaftung in den in diesem Absatz genannten F\u00e4llen auf den vorhersehbaren, typischerweise eintretenden Schaden nichtig.<\/p>\n\n\n\n<p>Die Haftung wegen schuldhafter Verletzung des Lebens, des K\u00f6rpers oder der Gesundheit bleibt unber\u00fchrt; dies gilt auch f\u00fcr die zwingende Haftung nach dem Produkthaftungsgesetz.<\/p>\n\n\n\n<p>\u00dcber die in Abs. 1 und 2 genannte Haftung hinausgehende Schadensersatzanspr\u00fcche sind ausgeschlossen. Diese Haftungsbegrenzung gilt auch, soweit der Besteller anstelle eines Anspruchs auf Ersatz des Schadens statt der Leistung Ersatz nutzloser Aufwendungen verlangt.<\/p>\n\n\n\n<p>Soweit die Schadensersatzhaftung uns gegen\u00fcber ausgeschlossen oder eingeschr\u00e4nkt ist, gilt dies auch im Hinblick auf die pers\u00f6nliche Schadensersatzhaftung unserer Angestellten, Arbeitnehmer, Mitarbeiter, Vertreter und Erf\u00fcllungsgehilfen.<\/p>\n\n\n\n<p>Wir tragen keine Verantwortung oder Haftung f\u00fcr Produktionsausf\u00e4lle, die beim Besteller oder bei Dritten auftreten k\u00f6nnen. Dies beinhaltet jegliche Unterbrechungen, Verz\u00f6gerungen oder Ausf\u00e4lle in der Produktion, die sich aus der Nutzung unserer Produkte ergeben.<\/p>\n\n\n\n<p><strong>Schlussbestimmungen<\/strong><\/p>\n\n\n\n<p>Die Abtretung s\u00e4mtlicher Anspr\u00fcche aus dem Vertrag, einschlie\u00dflich der M\u00e4ngelanspr\u00fcche, ist nur mit unserer Zustimmung zul\u00e4ssig.<\/p>\n\n\n\n<p>Die Vertragsk\u00fcndigung muss schriftlich erfolgen.<\/p>\n\n\n\n<p>Falls der Besteller ein Kaufmann, eine juristische Person des \u00f6ffentlichen Rechts oder ein Tr\u00e4ger \u00f6ffentlich-rechtlichen Sonderverm\u00f6gens ist, ist das f\u00fcr unseren Unternehmenssitz zust\u00e4ndige Gericht ausschlie\u00dflich zust\u00e4ndig. Wir behalten uns jedoch das Recht vor, den Besteller an seinem allgemeinen Gerichtsstand zu verklagen.<\/p>\n\n\n\n<p>Der Besteller stimmt zu, dass wir ihn in unserer Werbung als Referenz nennen d\u00fcrfen.<\/p>\n\n\n\n<p>Sollte eine Bestimmung dieser Bedingungen oder ein Teil einer Bestimmung unwirksam sein oder werden, bleiben die \u00fcbrigen Bestimmungen bzw. der \u00fcbrige Teil der Bestimmung wirksam.<\/p>\n\n\n\n<p>Es gilt ausschlie\u00dflich das portugiesische Recht, unter Ausschluss des \u00dcbereinkommens der Vereinten Nationen \u00fcber Vertr\u00e4ge \u00fcber den internationalen Warenkauf vom 11.04.1980.<\/p>\n","protected":false},"excerpt":{"rendered":"<p>Anwendungsbereich Wir liefern an unsere Vertragspartner (nachfolgend \u201eBesteller\u201c) ausschlie\u00dflich auf Grundlage dieser Lieferbedingungen. Entgegenstehende, abweichende oder erg\u00e4nzende Bedingungen des Bestellers erkennen wir nicht an, selbst wenn wir diesen im Einzelfall nicht gesondert widersprechen. Diese Bedingungen gelten auch, wenn wir in Kenntnis entgegenstehender, abweichender oder erg\u00e4nzender Bedingungen des Bestellers die Lieferung ohne Vorbehalt ausf\u00fchren. F\u00fcr Bestellungen [&hellip;]<\/p>\n","protected":false},"author":1,"featured_media":0,"parent":0,"menu_order":0,"comment_status":"closed","ping_status":"closed","template":"","meta":[],"yoast_head":"<!-- This site is optimized with the Yoast SEO plugin v18.6 - https:\/\/yoast.com\/wordpress\/plugins\/seo\/ -->\n<title>Allgemeine Gesch\u00e4ftsbedingungen - Supersonic<\/title>\n<meta name=\"robots\" content=\"index, follow, max-snippet:-1, max-image-preview:large, max-video-preview:-1\" \/>\n<link rel=\"canonical\" href=\"https:\/\/ps-sonic.com\/de\/allgemeine-geschaeftsbedingungen\/\" \/>\n<meta property=\"og:locale\" content=\"de_DE\" \/>\n<meta property=\"og:type\" content=\"article\" \/>\n<meta property=\"og:title\" content=\"Allgemeine Gesch\u00e4ftsbedingungen - Supersonic\" \/>\n<meta property=\"og:description\" content=\"Anwendungsbereich Wir liefern an unsere Vertragspartner (nachfolgend \u201eBesteller\u201c) ausschlie\u00dflich auf Grundlage dieser Lieferbedingungen. Entgegenstehende, abweichende oder erg\u00e4nzende Bedingungen des Bestellers erkennen wir nicht an, selbst wenn wir diesen im Einzelfall nicht gesondert widersprechen. Diese Bedingungen gelten auch, wenn wir in Kenntnis entgegenstehender, abweichender oder erg\u00e4nzender Bedingungen des Bestellers die Lieferung ohne Vorbehalt ausf\u00fchren. F\u00fcr Bestellungen [&hellip;]\" \/>\n<meta property=\"og:url\" content=\"https:\/\/ps-sonic.com\/de\/allgemeine-geschaeftsbedingungen\/\" \/>\n<meta property=\"og:site_name\" content=\"Supersonic\" \/>\n<meta property=\"article:modified_time\" content=\"2024-07-24T21:36:17+00:00\" \/>\n<meta name=\"twitter:card\" content=\"summary_large_image\" \/>\n<meta name=\"twitter:label1\" content=\"Est. reading time\" \/>\n\t<meta name=\"twitter:data1\" content=\"10 Minuten\" \/>\n<script type=\"application\/ld+json\" class=\"yoast-schema-graph\">{\"@context\":\"https:\/\/schema.org\",\"@graph\":[{\"@type\":\"WebSite\",\"@id\":\"https:\/\/ps-sonic.com\/#website\",\"url\":\"https:\/\/ps-sonic.com\/\",\"name\":\"Supersonic\",\"description\":\"Supersonic - A Arte da Humidifica\u00e7\u00e3o\",\"potentialAction\":[{\"@type\":\"SearchAction\",\"target\":{\"@type\":\"EntryPoint\",\"urlTemplate\":\"https:\/\/ps-sonic.com\/?s={search_term_string}\"},\"query-input\":\"required name=search_term_string\"}],\"inLanguage\":\"de-DE\"},{\"@type\":\"WebPage\",\"@id\":\"https:\/\/ps-sonic.com\/allgemeine-geschaeftsbedingungen\/#webpage\",\"url\":\"https:\/\/ps-sonic.com\/allgemeine-geschaeftsbedingungen\/\",\"name\":\"Allgemeine Gesch\u00e4ftsbedingungen - Supersonic\",\"isPartOf\":{\"@id\":\"https:\/\/ps-sonic.com\/#website\"},\"datePublished\":\"2024-07-23T01:52:42+00:00\",\"dateModified\":\"2024-07-24T21:36:17+00:00\",\"breadcrumb\":{\"@id\":\"https:\/\/ps-sonic.com\/allgemeine-geschaeftsbedingungen\/#breadcrumb\"},\"inLanguage\":\"de-DE\",\"potentialAction\":[{\"@type\":\"ReadAction\",\"target\":[\"https:\/\/ps-sonic.com\/allgemeine-geschaeftsbedingungen\/\"]}]},{\"@type\":\"BreadcrumbList\",\"@id\":\"https:\/\/ps-sonic.com\/allgemeine-geschaeftsbedingungen\/#breadcrumb\",\"itemListElement\":[{\"@type\":\"ListItem\",\"position\":1,\"name\":\"In\u00edcio\",\"item\":\"https:\/\/ps-sonic.com\/\"},{\"@type\":\"ListItem\",\"position\":2,\"name\":\"Allgemeine Gesch\u00e4ftsbedingungen\"}]}]}<\/script>\n<!-- \/ Yoast SEO plugin. -->","yoast_head_json":{"title":"Allgemeine Gesch\u00e4ftsbedingungen - Supersonic","robots":{"index":"index","follow":"follow","max-snippet":"max-snippet:-1","max-image-preview":"max-image-preview:large","max-video-preview":"max-video-preview:-1"},"canonical":"https:\/\/ps-sonic.com\/de\/allgemeine-geschaeftsbedingungen\/","og_locale":"de_DE","og_type":"article","og_title":"Allgemeine Gesch\u00e4ftsbedingungen - Supersonic","og_description":"Anwendungsbereich Wir liefern an unsere Vertragspartner (nachfolgend \u201eBesteller\u201c) ausschlie\u00dflich auf Grundlage dieser Lieferbedingungen. Entgegenstehende, abweichende oder erg\u00e4nzende Bedingungen des Bestellers erkennen wir nicht an, selbst wenn wir diesen im Einzelfall nicht gesondert widersprechen. Diese Bedingungen gelten auch, wenn wir in Kenntnis entgegenstehender, abweichender oder erg\u00e4nzender Bedingungen des Bestellers die Lieferung ohne Vorbehalt ausf\u00fchren. F\u00fcr Bestellungen [&hellip;]","og_url":"https:\/\/ps-sonic.com\/de\/allgemeine-geschaeftsbedingungen\/","og_site_name":"Supersonic","article_modified_time":"2024-07-24T21:36:17+00:00","twitter_card":"summary_large_image","twitter_misc":{"Est. reading time":"10 Minuten"},"schema":{"@context":"https:\/\/schema.org","@graph":[{"@type":"WebSite","@id":"https:\/\/ps-sonic.com\/#website","url":"https:\/\/ps-sonic.com\/","name":"Supersonic","description":"Supersonic - A Arte da Humidifica\u00e7\u00e3o","potentialAction":[{"@type":"SearchAction","target":{"@type":"EntryPoint","urlTemplate":"https:\/\/ps-sonic.com\/?s={search_term_string}"},"query-input":"required name=search_term_string"}],"inLanguage":"de-DE"},{"@type":"WebPage","@id":"https:\/\/ps-sonic.com\/allgemeine-geschaeftsbedingungen\/#webpage","url":"https:\/\/ps-sonic.com\/allgemeine-geschaeftsbedingungen\/","name":"Allgemeine Gesch\u00e4ftsbedingungen - Supersonic","isPartOf":{"@id":"https:\/\/ps-sonic.com\/#website"},"datePublished":"2024-07-23T01:52:42+00:00","dateModified":"2024-07-24T21:36:17+00:00","breadcrumb":{"@id":"https:\/\/ps-sonic.com\/allgemeine-geschaeftsbedingungen\/#breadcrumb"},"inLanguage":"de-DE","potentialAction":[{"@type":"ReadAction","target":["https:\/\/ps-sonic.com\/allgemeine-geschaeftsbedingungen\/"]}]},{"@type":"BreadcrumbList","@id":"https:\/\/ps-sonic.com\/allgemeine-geschaeftsbedingungen\/#breadcrumb","itemListElement":[{"@type":"ListItem","position":1,"name":"In\u00edcio","item":"https:\/\/ps-sonic.com\/"},{"@type":"ListItem","position":2,"name":"Allgemeine Gesch\u00e4ftsbedingungen"}]}]}},"_links":{"self":[{"href":"https:\/\/ps-sonic.com\/de\/wp-json\/wp\/v2\/pages\/1085"}],"collection":[{"href":"https:\/\/ps-sonic.com\/de\/wp-json\/wp\/v2\/pages"}],"about":[{"href":"https:\/\/ps-sonic.com\/de\/wp-json\/wp\/v2\/types\/page"}],"author":[{"embeddable":true,"href":"https:\/\/ps-sonic.com\/de\/wp-json\/wp\/v2\/users\/1"}],"replies":[{"embeddable":true,"href":"https:\/\/ps-sonic.com\/de\/wp-json\/wp\/v2\/comments?post=1085"}],"version-history":[{"count":2,"href":"https:\/\/ps-sonic.com\/de\/wp-json\/wp\/v2\/pages\/1085\/revisions"}],"predecessor-version":[{"id":1098,"href":"https:\/\/ps-sonic.com\/de\/wp-json\/wp\/v2\/pages\/1085\/revisions\/1098"}],"wp:attachment":[{"href":"https:\/\/ps-sonic.com\/de\/wp-json\/wp\/v2\/media?parent=1085"}],"curies":[{"name":"wp","href":"https:\/\/api.w.org\/{rel}","templated":true}]}}