{"id":1088,"date":"2024-07-24T21:22:59","date_gmt":"2024-07-24T20:22:59","guid":{"rendered":"https:\/\/ps-sonic.com\/?page_id=1088"},"modified":"2024-07-25T22:18:15","modified_gmt":"2024-07-25T21:18:15","slug":"datenschutz-und-nutzungsbedingungen-unserer-website","status":"publish","type":"page","link":"https:\/\/ps-sonic.com\/de\/datenschutz-und-nutzungsbedingungen-unserer-website\/","title":{"rendered":"Datenschutz und Nutzungsbedingungen unserer Website"},"content":{"rendered":"\n<p>Die Pintosupersonic Unipessoal Lda. respektiert die Privatsph\u00e4re der Besucher der Website <a href=\"http:\/\/www.ps-sonic.com\/\">www.ps-sonic.com<\/a> und ist verpflichtet, deren Informationen zu sch\u00fctzen.<\/p>\n\n\n\n<p>Diese Datenschutzrichtlinie besteht aus der Bereitstellung der Informationen, die wir sammeln und wie wir sie verwenden k\u00f6nnen, sowie den angenommenen Sicherheitsstandards zum Schutz Ihrer Identit\u00e4t und personenbezogenen Daten.<\/p>\n\n\n\n<p><strong>Der Grund f\u00fcr das Bestehen und die Ver\u00f6ffentlichung dieser Datenschutzrichtlinie<\/strong><\/p>\n\n\n\n<p>Neben der Implementierung in ihren organisatorischen Prozessen hat die Pintosupersonic Unipessoal Lda. diese Datenschutzrichtlinie geschrieben, um ein erl\u00e4uterndes Instrument f\u00fcr die allgemeinen Datenschutzregeln und die Verarbeitung der von ihr gesammelten personenbezogenen Daten bereitzustellen, immer in strikter \u00dcbereinstimmung mit der relevanten Gesetzgebung.<\/p>\n\n\n\n<p>Zu diesem Zweck wird der Text dieser Datenschutzrichtlinie in Papierform an einem sichtbaren Ort ausgeh\u00e4ngt und in digitaler Form auf der Website www.ps-sonic.com.br verf\u00fcgbar sein.<\/p>\n\n\n\n<p>Die Bestimmungen dieser Datenschutzrichtlinie erg\u00e4nzen das in gleicher Angelegenheit in den Vertr\u00e4gen, formellen oder informellen, festgelegte, die die Parteien mit der Pintosupersonic Unipessoal Lda. eingehen.<\/p>\n\n\n\n<p>Wir bitten Sie, diese Datenschutzrichtlinie sorgf\u00e4ltig zu lesen, denn wenn Sie Ihre personenbezogenen Daten zur Verf\u00fcgung stellen, entweder pers\u00f6nlich oder beim Zugriff auf die genannten Websites, bedeutet dies, dass Sie die hierin enthaltenen Bedingungen und deren Behandlung zu den gesetzlich vorgesehenen rechtm\u00e4\u00dfigen und legitimen Zwecken kennen und akzeptieren.<\/p>\n\n\n\n<p>Die Pintosupersonic Unipessoal Lda. beh\u00e4lt sich ausdr\u00fccklich das Recht vor, diese Datenschutzrichtlinie jederzeit zu \u00e4ndern, wobei das Ergebnis auf die gleiche Weise ordnungsgem\u00e4\u00df ver\u00f6ffentlicht wird.<\/p>\n\n\n\n<p><strong>Welche Art von Informationen sammeln wir<\/strong><\/p>\n\n\n\n<p>Pers\u00f6nliche Informationen wie Ihr Name, Adresse und E-Mail, unter anderem, k\u00f6nnen angefordert werden.<\/p>\n\n\n\n<p>Die oben genannten Informationen k\u00f6nnen angefordert werden, wenn Sie sich registrieren oder das Kontaktformular ausf\u00fcllen, sei es als Arbeitnehmer, Arbeitssuchender, Praktikant, Ausbilder, Kunde, Lieferant, Besucher usw., und\/oder beim Empfangen oder Senden von E-Mails f\u00fcr Dienstleistungen, die eine Registrierung oder ein Abonnement erfordern.<\/p>\n\n\n\n<p>Wir verwenden &#8220;Cookies&#8221;, um Informationen \u00fcber Ihre Besuche auf unserer Website zu sammeln und Ihr Erlebnis zu verbessern. Weitere Informationen dar\u00fcber, wie wir Cookies verwenden, finden Sie im Abschnitt unten &#8220;Verwendung von Cookies&#8221;.<\/p>\n\n\n\n<p>Wenn Sie unsere Website besuchen, sammeln wir Daten, die als &#8220;Klickpfad&#8221; bekannt sind (Serveradresse, Domainname usw.).<\/p>\n\n\n\n<p>Diese Daten werden anonym gespeichert und dienen nur zur allgemeinen statistischen Analyse, Web Mining, mit dem Ziel, unsere Dienstleistungen zu verbessern.<\/p>\n\n\n\n<p><strong>Verwendung von Besucherinformationen<\/strong><\/p>\n\n\n\n<p>Alle pers\u00f6nlichen Informationen, die wir sammeln, werden gem\u00e4\u00df der aktuellen EU-Datenschutzgesetzgebung und dieser Datenschutzrichtlinie registriert, verwendet und gesch\u00fctzt.<\/p>\n\n\n\n<p>Die gesammelten Informationen dienen dem Versand von Informationen \u00fcber unsere Produkte und Dienstleistungen.<\/p>\n\n\n\n<p>Der Versand von Informationen erfolgt nur, wenn der Dateninhaber ausdr\u00fccklich gew\u00e4hlt hat, elektronische Post von der Firma Pintosupersonic Unipessoal Lda zu erhalten. Wenn Sie keine weiteren E-Mails oder Textnachrichten erhalten m\u00f6chten, kontaktieren Sie uns bitte per E-Mail oder Brief an unsere Adresse.<\/p>\n\n\n\n<p><strong>Schutz der Besucherinformationen<\/strong><\/p>\n\n\n\n<p>Die Informationen, die Sie beim Besuch unserer Website bereitstellen, werden durch die Implementierung verschiedener Sicherheitsma\u00dfnahmen gesch\u00fctzt, insbesondere durch bedingten Zugang und den gesch\u00fctzten Vertraulichkeit der Informationen.<\/p>\n\n\n\n<p>Wir bitten Sie jedoch, darauf zu achten, dass bei der Bereitstellung pers\u00f6nlicher Informationen im Internet das Risiko besteht, dass Dritte diese Informationen abfangen und verwenden k\u00f6nnen. Daher \u00fcbernehmen Sie das Risiko f\u00fcr die Sicherheit aller Informationen, die Sie online stellen.<\/p>\n\n\n\n<p><strong>Datenschutz f\u00fcr Minderj\u00e4hrige<\/strong><\/p>\n\n\n\n<p>Pintosupersonic Unipessoal Lda verpflichtet sich zum Schutz der Privatsph\u00e4re von Kindern und beabsichtigt nicht, personenbezogene Daten von Minderj\u00e4hrigen unter 13 Jahren zu erheben (das gesetzlich definierte Alter nach nationalem Recht gem\u00e4\u00df der DSGVO). Wenn der Benutzer ein Kind unter 13 Jahren ist, das versucht, seine Registrierung zu senden, wird dies abgelehnt, und das Kind wird dar\u00fcber informiert, dass wir keine Registrierungen von Kindern unter 13 Jahren akzeptieren. Wir ermutigen Eltern und Erzieher von Kindern unter 13 Jahren, die Nutzung von E-Mails und anderen Online-Aktivit\u00e4ten regelm\u00e4\u00dfig zu \u00fcberwachen und zu beaufsichtigen.<\/p>\n\n\n\n<p><strong>Cookies<\/strong><\/p>\n\n\n\n<p>&#8220;Cookies&#8221; sind kleine Software-Tags, die \u00fcber den Browser auf Ihrem Computer gespeichert werden und in der Regel nur Informationen zu Ihren Vorlieben enthalten, einschlie\u00dflich personenbezogener Daten, die von Pintosupersonic Unipessoal Lda verarbeitet werden.<\/p>\n\n\n\n<p>Falls dies nicht der Fall ist, wird der Benutzer immer um seine Zustimmung zur Bereitstellung gebeten, gem\u00e4\u00df den gesetzlichen Bestimmungen.<\/p>\n\n\n\n<p>Wenn Sie m\u00f6chten, k\u00f6nnen Sie alle Cookies deaktivieren, wenn Sie diese nicht erhalten m\u00f6chten. Sie k\u00f6nnen Ihren Computer auch so einstellen, dass er Sie \u00fcber die Verwendung von Cookies informiert. In beiden F\u00e4llen m\u00fcssen Sie Ihre Browsereinstellungen (wie Internet Explorer) anpassen.<\/p>\n\n\n\n<p><strong>Berichtigung, L\u00f6schung oder \u00c4nderung bzw. Aktualisierung personenbezogener Daten<\/strong><\/p>\n\n\n\n<p>Wenn Sie m\u00f6chten, k\u00f6nnen Sie Ihre Registrierung oder Nutzung jederzeit k\u00fcndigen und Sie k\u00f6nnen sich daf\u00fcr entscheiden, keine E-Mails zu erhalten. Sie k\u00f6nnen auch daf\u00fcr w\u00e4hlen, alle Ihre pers\u00f6nlichen Daten aus unserer Datenbank zu l\u00f6schen.<\/p>\n\n\n\n<p>Wenn Sie es w\u00fcnschen, k\u00f6nnen Sie sich auch abmelden, l\u00f6schen oder Ihre pers\u00f6nlichen Daten \u00e4ndern.<\/p>\n\n\n\n<p>Wenn Sie es f\u00fcr relevant halten, k\u00f6nnen Sie eine Beschwerde bei der <a href=\"https:\/\/www.cnpd.pt\/\">Nationalen Datenschutzkommission<\/a> einreichen &#8211; Av. D. Carlos I, 134 &#8211; 1.\u00ba 1200-651 Lissabon &#8211; Tel.: +351 213928400 &#8211; Fax: +351 213976832 &#8211; E-Mail: <a href=\"mailto:geral@cnpd.pt\">geral@cnpd.pt<\/a><\/p>\n\n\n\n<p><strong>Unser Kontakt<\/strong><\/p>\n\n\n\n<p>Wenn Sie Fragen oder Kommentare zu unserer Website und\/oder unserer Datenschutzrichtlinie haben, bitten wir Sie freundlich, diese schriftlich an die Adresse auf unserer Website zu senden.<\/p>\n\n\n\n<p><strong>Die Zustimmung des Dateninhabers<\/strong><\/p>\n\n\n\n<p>Durch die Nutzung unserer Website best\u00e4tigen Sie, dass Sie die Bedingungen dieser Datenschutzrichtlinie sowie unsere Allgemeinen Gesch\u00e4ftsbedingungen akzeptieren. Wenn Sie mit den Bedingungen unserer Datenschutzrichtlinie und unseren Allgemeinen Gesch\u00e4ftsbedingungen nicht einverstanden sind, bitten wir Sie, uns keine pers\u00f6nlichen Informationen zur Verf\u00fcgung zu stellen und die Nutzung unserer Website einzustellen.<\/p>\n\n\n\n<p><strong>Recht des Datenhalters auf Zugang zu seinen pers\u00f6nlichen Informationen<\/strong><\/p>\n\n\n\n<p>Der Datenhalter hat das Recht, eine Kopie seiner pers\u00f6nlichen Informationen in unserem Besitz zu erhalten.<\/p>\n\n\n\n<p>Das Unternehmen beh\u00e4lt sich das Recht vor, eine geringe Geb\u00fchr f\u00fcr administrative und informatische Kosten bei jeder gestellten Anfrage zu erheben.<\/p>\n\n\n\n<p><strong>Recht des Datenhalters auf L\u00f6schung seiner pers\u00f6nlichen Daten<\/strong><\/p>\n\n\n\n<p>Wenn Sie unsere Website durch den Benutzerregistrierungsprozess nutzen, werden Ihre Daten in einer spezifischen Benutzerkontrolldatenbank gespeichert.<\/p>\n\n\n\n<p>Der Datenhalter kann jedoch jederzeit dessen Entfernung verlangen, durch eine schriftliche Anforderung an unsere offizielle Adresse, die auf der Website verf\u00fcgbar ist.<\/p>\n\n\n\n<p><strong>Datenschutzrichtlinie<\/strong><\/p>\n\n\n\n<p>Die Online-Datenschutzrichtlinie gilt nur f\u00fcr Informationen, die \u00fcber unsere Website gesammelt wurden und nicht f\u00fcr offline gesammelte Informationen.<\/p>\n","protected":false},"excerpt":{"rendered":"<p>Die Pintosupersonic Unipessoal Lda. respektiert die Privatsph\u00e4re der Besucher der Website www.ps-sonic.com und ist verpflichtet, deren Informationen zu sch\u00fctzen. Diese Datenschutzrichtlinie besteht aus der Bereitstellung der Informationen, die wir sammeln und wie wir sie verwenden k\u00f6nnen, sowie den angenommenen Sicherheitsstandards zum Schutz Ihrer Identit\u00e4t und personenbezogenen Daten. Der Grund f\u00fcr das Bestehen und die Ver\u00f6ffentlichung [&hellip;]<\/p>\n","protected":false},"author":1,"featured_media":0,"parent":0,"menu_order":0,"comment_status":"closed","ping_status":"closed","template":"","meta":[],"yoast_head":"<!-- This site is optimized with the Yoast SEO plugin v18.6 - https:\/\/yoast.com\/wordpress\/plugins\/seo\/ -->\n<title>Datenschutz und Nutzungsbedingungen unserer Website - Supersonic<\/title>\n<meta name=\"robots\" content=\"index, follow, max-snippet:-1, max-image-preview:large, max-video-preview:-1\" \/>\n<link rel=\"canonical\" href=\"https:\/\/ps-sonic.com\/de\/datenschutz-und-nutzungsbedingungen-unserer-website\/\" \/>\n<meta property=\"og:locale\" content=\"de_DE\" \/>\n<meta property=\"og:type\" content=\"article\" \/>\n<meta property=\"og:title\" content=\"Datenschutz und Nutzungsbedingungen unserer Website - Supersonic\" \/>\n<meta property=\"og:description\" content=\"Die Pintosupersonic Unipessoal Lda. respektiert die Privatsph\u00e4re der Besucher der Website www.ps-sonic.com und ist verpflichtet, deren Informationen zu sch\u00fctzen. Diese Datenschutzrichtlinie besteht aus der Bereitstellung der Informationen, die wir sammeln und wie wir sie verwenden k\u00f6nnen, sowie den angenommenen Sicherheitsstandards zum Schutz Ihrer Identit\u00e4t und personenbezogenen Daten. Der Grund f\u00fcr das Bestehen und die Ver\u00f6ffentlichung [&hellip;]\" \/>\n<meta property=\"og:url\" content=\"https:\/\/ps-sonic.com\/de\/datenschutz-und-nutzungsbedingungen-unserer-website\/\" \/>\n<meta property=\"og:site_name\" content=\"Supersonic\" \/>\n<meta property=\"article:modified_time\" content=\"2024-07-25T21:18:15+00:00\" \/>\n<meta name=\"twitter:card\" content=\"summary_large_image\" \/>\n<meta name=\"twitter:label1\" content=\"Est. reading time\" \/>\n\t<meta name=\"twitter:data1\" content=\"5 Minuten\" \/>\n<script type=\"application\/ld+json\" class=\"yoast-schema-graph\">{\"@context\":\"https:\/\/schema.org\",\"@graph\":[{\"@type\":\"WebSite\",\"@id\":\"https:\/\/ps-sonic.com\/#website\",\"url\":\"https:\/\/ps-sonic.com\/\",\"name\":\"Supersonic\",\"description\":\"Supersonic - A Arte da Humidifica\u00e7\u00e3o\",\"potentialAction\":[{\"@type\":\"SearchAction\",\"target\":{\"@type\":\"EntryPoint\",\"urlTemplate\":\"https:\/\/ps-sonic.com\/?s={search_term_string}\"},\"query-input\":\"required name=search_term_string\"}],\"inLanguage\":\"de-DE\"},{\"@type\":\"WebPage\",\"@id\":\"https:\/\/ps-sonic.com\/datenschutz-und-nutzungsbedingungen-unserer-website\/#webpage\",\"url\":\"https:\/\/ps-sonic.com\/datenschutz-und-nutzungsbedingungen-unserer-website\/\",\"name\":\"Datenschutz und Nutzungsbedingungen unserer Website - Supersonic\",\"isPartOf\":{\"@id\":\"https:\/\/ps-sonic.com\/#website\"},\"datePublished\":\"2024-07-24T20:22:59+00:00\",\"dateModified\":\"2024-07-25T21:18:15+00:00\",\"breadcrumb\":{\"@id\":\"https:\/\/ps-sonic.com\/datenschutz-und-nutzungsbedingungen-unserer-website\/#breadcrumb\"},\"inLanguage\":\"de-DE\",\"potentialAction\":[{\"@type\":\"ReadAction\",\"target\":[\"https:\/\/ps-sonic.com\/datenschutz-und-nutzungsbedingungen-unserer-website\/\"]}]},{\"@type\":\"BreadcrumbList\",\"@id\":\"https:\/\/ps-sonic.com\/datenschutz-und-nutzungsbedingungen-unserer-website\/#breadcrumb\",\"itemListElement\":[{\"@type\":\"ListItem\",\"position\":1,\"name\":\"In\u00edcio\",\"item\":\"https:\/\/ps-sonic.com\/\"},{\"@type\":\"ListItem\",\"position\":2,\"name\":\"Datenschutz und Nutzungsbedingungen unserer Website\"}]}]}<\/script>\n<!-- \/ Yoast SEO plugin. -->","yoast_head_json":{"title":"Datenschutz und Nutzungsbedingungen unserer Website - Supersonic","robots":{"index":"index","follow":"follow","max-snippet":"max-snippet:-1","max-image-preview":"max-image-preview:large","max-video-preview":"max-video-preview:-1"},"canonical":"https:\/\/ps-sonic.com\/de\/datenschutz-und-nutzungsbedingungen-unserer-website\/","og_locale":"de_DE","og_type":"article","og_title":"Datenschutz und Nutzungsbedingungen unserer Website - Supersonic","og_description":"Die Pintosupersonic Unipessoal Lda. respektiert die Privatsph\u00e4re der Besucher der Website www.ps-sonic.com und ist verpflichtet, deren Informationen zu sch\u00fctzen. Diese Datenschutzrichtlinie besteht aus der Bereitstellung der Informationen, die wir sammeln und wie wir sie verwenden k\u00f6nnen, sowie den angenommenen Sicherheitsstandards zum Schutz Ihrer Identit\u00e4t und personenbezogenen Daten. Der Grund f\u00fcr das Bestehen und die Ver\u00f6ffentlichung [&hellip;]","og_url":"https:\/\/ps-sonic.com\/de\/datenschutz-und-nutzungsbedingungen-unserer-website\/","og_site_name":"Supersonic","article_modified_time":"2024-07-25T21:18:15+00:00","twitter_card":"summary_large_image","twitter_misc":{"Est. reading time":"5 Minuten"},"schema":{"@context":"https:\/\/schema.org","@graph":[{"@type":"WebSite","@id":"https:\/\/ps-sonic.com\/#website","url":"https:\/\/ps-sonic.com\/","name":"Supersonic","description":"Supersonic - A Arte da Humidifica\u00e7\u00e3o","potentialAction":[{"@type":"SearchAction","target":{"@type":"EntryPoint","urlTemplate":"https:\/\/ps-sonic.com\/?s={search_term_string}"},"query-input":"required name=search_term_string"}],"inLanguage":"de-DE"},{"@type":"WebPage","@id":"https:\/\/ps-sonic.com\/datenschutz-und-nutzungsbedingungen-unserer-website\/#webpage","url":"https:\/\/ps-sonic.com\/datenschutz-und-nutzungsbedingungen-unserer-website\/","name":"Datenschutz und Nutzungsbedingungen unserer Website - Supersonic","isPartOf":{"@id":"https:\/\/ps-sonic.com\/#website"},"datePublished":"2024-07-24T20:22:59+00:00","dateModified":"2024-07-25T21:18:15+00:00","breadcrumb":{"@id":"https:\/\/ps-sonic.com\/datenschutz-und-nutzungsbedingungen-unserer-website\/#breadcrumb"},"inLanguage":"de-DE","potentialAction":[{"@type":"ReadAction","target":["https:\/\/ps-sonic.com\/datenschutz-und-nutzungsbedingungen-unserer-website\/"]}]},{"@type":"BreadcrumbList","@id":"https:\/\/ps-sonic.com\/datenschutz-und-nutzungsbedingungen-unserer-website\/#breadcrumb","itemListElement":[{"@type":"ListItem","position":1,"name":"In\u00edcio","item":"https:\/\/ps-sonic.com\/"},{"@type":"ListItem","position":2,"name":"Datenschutz und Nutzungsbedingungen unserer Website"}]}]}},"_links":{"self":[{"href":"https:\/\/ps-sonic.com\/de\/wp-json\/wp\/v2\/pages\/1088"}],"collection":[{"href":"https:\/\/ps-sonic.com\/de\/wp-json\/wp\/v2\/pages"}],"about":[{"href":"https:\/\/ps-sonic.com\/de\/wp-json\/wp\/v2\/types\/page"}],"author":[{"embeddable":true,"href":"https:\/\/ps-sonic.com\/de\/wp-json\/wp\/v2\/users\/1"}],"replies":[{"embeddable":true,"href":"https:\/\/ps-sonic.com\/de\/wp-json\/wp\/v2\/comments?post=1088"}],"version-history":[{"count":4,"href":"https:\/\/ps-sonic.com\/de\/wp-json\/wp\/v2\/pages\/1088\/revisions"}],"predecessor-version":[{"id":1104,"href":"https:\/\/ps-sonic.com\/de\/wp-json\/wp\/v2\/pages\/1088\/revisions\/1104"}],"wp:attachment":[{"href":"https:\/\/ps-sonic.com\/de\/wp-json\/wp\/v2\/media?parent=1088"}],"curies":[{"name":"wp","href":"https:\/\/api.w.org\/{rel}","templated":true}]}}