{"id":1095,"date":"2024-07-24T22:34:03","date_gmt":"2024-07-24T21:34:03","guid":{"rendered":"https:\/\/ps-sonic.com\/?page_id=1095"},"modified":"2024-07-24T22:34:04","modified_gmt":"2024-07-24T21:34:04","slug":"disclaimer","status":"publish","type":"page","link":"https:\/\/ps-sonic.com\/de\/disclaimer\/","title":{"rendered":"Disclaimer"},"content":{"rendered":"\n<p>Vielen Dank f\u00fcr Ihr Interesse an PINTOSUPERSONIC Produkten und L\u00f6sungen!<\/p>\n\n\n\n<p>Nach der Ver\u00f6ffentlichung des Inhalts auf den Seiten dieser Website k\u00f6nnen \u00c4nderungen an PINTOSUPERSONIC Produkten aufgetreten sein, n\u00e4mlich bauliche, technische, format- oder farbliche \u00c4nderungen. Einige Seiten k\u00f6nnen Zubeh\u00f6r, Sonderausstattungen, Modelle und Dienstleistungen oder andere Elemente anzeigen, die nur als optionales Extra angeboten werden. Dar\u00fcber hinaus kann es hinsichtlich der Farben Unterschiede zwischen ihrer virtuellen Darstellung und ihrem tats\u00e4chlichen Aussehen geben.<\/p>\n\n\n\n<p>Die auf diesen Seiten erscheinenden Informationen kommen ohne jegliche Garantie, ausdr\u00fccklich oder stillschweigend, sie stellen kein kommerzielles Angebot dar.<br>Um die neuesten geltenden Spezifikationen zu erfahren, z\u00f6gern Sie nicht, PINTOSUPERSONIC zu kontaktieren.<\/p>\n","protected":false},"excerpt":{"rendered":"<p>Vielen Dank f\u00fcr Ihr Interesse an PINTOSUPERSONIC Produkten und L\u00f6sungen! Nach der Ver\u00f6ffentlichung des Inhalts auf den Seiten dieser Website k\u00f6nnen \u00c4nderungen an PINTOSUPERSONIC Produkten aufgetreten sein, n\u00e4mlich bauliche, technische, format- oder farbliche \u00c4nderungen. Einige Seiten k\u00f6nnen Zubeh\u00f6r, Sonderausstattungen, Modelle und Dienstleistungen oder andere Elemente anzeigen, die nur als optionales Extra angeboten werden. Dar\u00fcber hinaus [&hellip;]<\/p>\n","protected":false},"author":1,"featured_media":0,"parent":0,"menu_order":0,"comment_status":"closed","ping_status":"closed","template":"","meta":[],"yoast_head":"<!-- This site is optimized with the Yoast SEO plugin v18.6 - https:\/\/yoast.com\/wordpress\/plugins\/seo\/ -->\n<title>Disclaimer - Supersonic<\/title>\n<meta name=\"robots\" content=\"index, follow, max-snippet:-1, max-image-preview:large, max-video-preview:-1\" \/>\n<link rel=\"canonical\" href=\"https:\/\/ps-sonic.com\/de\/disclaimer\/\" \/>\n<meta property=\"og:locale\" content=\"de_DE\" \/>\n<meta property=\"og:type\" content=\"article\" \/>\n<meta property=\"og:title\" content=\"Disclaimer - Supersonic\" \/>\n<meta property=\"og:description\" content=\"Vielen Dank f\u00fcr Ihr Interesse an PINTOSUPERSONIC Produkten und L\u00f6sungen! Nach der Ver\u00f6ffentlichung des Inhalts auf den Seiten dieser Website k\u00f6nnen \u00c4nderungen an PINTOSUPERSONIC Produkten aufgetreten sein, n\u00e4mlich bauliche, technische, format- oder farbliche \u00c4nderungen. Einige Seiten k\u00f6nnen Zubeh\u00f6r, Sonderausstattungen, Modelle und Dienstleistungen oder andere Elemente anzeigen, die nur als optionales Extra angeboten werden. Dar\u00fcber hinaus [&hellip;]\" \/>\n<meta property=\"og:url\" content=\"https:\/\/ps-sonic.com\/de\/disclaimer\/\" \/>\n<meta property=\"og:site_name\" content=\"Supersonic\" \/>\n<meta property=\"article:modified_time\" content=\"2024-07-24T21:34:04+00:00\" \/>\n<meta name=\"twitter:card\" content=\"summary_large_image\" \/>\n<meta name=\"twitter:label1\" content=\"Est. reading time\" \/>\n\t<meta name=\"twitter:data1\" content=\"1 Minute\" \/>\n<script type=\"application\/ld+json\" class=\"yoast-schema-graph\">{\"@context\":\"https:\/\/schema.org\",\"@graph\":[{\"@type\":\"WebSite\",\"@id\":\"https:\/\/ps-sonic.com\/#website\",\"url\":\"https:\/\/ps-sonic.com\/\",\"name\":\"Supersonic\",\"description\":\"Supersonic - A Arte da Humidifica\u00e7\u00e3o\",\"potentialAction\":[{\"@type\":\"SearchAction\",\"target\":{\"@type\":\"EntryPoint\",\"urlTemplate\":\"https:\/\/ps-sonic.com\/?s={search_term_string}\"},\"query-input\":\"required name=search_term_string\"}],\"inLanguage\":\"de-DE\"},{\"@type\":\"WebPage\",\"@id\":\"https:\/\/ps-sonic.com\/disclaimer\/#webpage\",\"url\":\"https:\/\/ps-sonic.com\/disclaimer\/\",\"name\":\"Disclaimer - Supersonic\",\"isPartOf\":{\"@id\":\"https:\/\/ps-sonic.com\/#website\"},\"datePublished\":\"2024-07-24T21:34:03+00:00\",\"dateModified\":\"2024-07-24T21:34:04+00:00\",\"breadcrumb\":{\"@id\":\"https:\/\/ps-sonic.com\/disclaimer\/#breadcrumb\"},\"inLanguage\":\"de-DE\",\"potentialAction\":[{\"@type\":\"ReadAction\",\"target\":[\"https:\/\/ps-sonic.com\/disclaimer\/\"]}]},{\"@type\":\"BreadcrumbList\",\"@id\":\"https:\/\/ps-sonic.com\/disclaimer\/#breadcrumb\",\"itemListElement\":[{\"@type\":\"ListItem\",\"position\":1,\"name\":\"In\u00edcio\",\"item\":\"https:\/\/ps-sonic.com\/\"},{\"@type\":\"ListItem\",\"position\":2,\"name\":\"Disclaimer\"}]}]}<\/script>\n<!-- \/ Yoast SEO plugin. -->","yoast_head_json":{"title":"Disclaimer - Supersonic","robots":{"index":"index","follow":"follow","max-snippet":"max-snippet:-1","max-image-preview":"max-image-preview:large","max-video-preview":"max-video-preview:-1"},"canonical":"https:\/\/ps-sonic.com\/de\/disclaimer\/","og_locale":"de_DE","og_type":"article","og_title":"Disclaimer - Supersonic","og_description":"Vielen Dank f\u00fcr Ihr Interesse an PINTOSUPERSONIC Produkten und L\u00f6sungen! Nach der Ver\u00f6ffentlichung des Inhalts auf den Seiten dieser Website k\u00f6nnen \u00c4nderungen an PINTOSUPERSONIC Produkten aufgetreten sein, n\u00e4mlich bauliche, technische, format- oder farbliche \u00c4nderungen. Einige Seiten k\u00f6nnen Zubeh\u00f6r, Sonderausstattungen, Modelle und Dienstleistungen oder andere Elemente anzeigen, die nur als optionales Extra angeboten werden. Dar\u00fcber hinaus [&hellip;]","og_url":"https:\/\/ps-sonic.com\/de\/disclaimer\/","og_site_name":"Supersonic","article_modified_time":"2024-07-24T21:34:04+00:00","twitter_card":"summary_large_image","twitter_misc":{"Est. reading time":"1 Minute"},"schema":{"@context":"https:\/\/schema.org","@graph":[{"@type":"WebSite","@id":"https:\/\/ps-sonic.com\/#website","url":"https:\/\/ps-sonic.com\/","name":"Supersonic","description":"Supersonic - A Arte da Humidifica\u00e7\u00e3o","potentialAction":[{"@type":"SearchAction","target":{"@type":"EntryPoint","urlTemplate":"https:\/\/ps-sonic.com\/?s={search_term_string}"},"query-input":"required name=search_term_string"}],"inLanguage":"de-DE"},{"@type":"WebPage","@id":"https:\/\/ps-sonic.com\/disclaimer\/#webpage","url":"https:\/\/ps-sonic.com\/disclaimer\/","name":"Disclaimer - Supersonic","isPartOf":{"@id":"https:\/\/ps-sonic.com\/#website"},"datePublished":"2024-07-24T21:34:03+00:00","dateModified":"2024-07-24T21:34:04+00:00","breadcrumb":{"@id":"https:\/\/ps-sonic.com\/disclaimer\/#breadcrumb"},"inLanguage":"de-DE","potentialAction":[{"@type":"ReadAction","target":["https:\/\/ps-sonic.com\/disclaimer\/"]}]},{"@type":"BreadcrumbList","@id":"https:\/\/ps-sonic.com\/disclaimer\/#breadcrumb","itemListElement":[{"@type":"ListItem","position":1,"name":"In\u00edcio","item":"https:\/\/ps-sonic.com\/"},{"@type":"ListItem","position":2,"name":"Disclaimer"}]}]}},"_links":{"self":[{"href":"https:\/\/ps-sonic.com\/de\/wp-json\/wp\/v2\/pages\/1095"}],"collection":[{"href":"https:\/\/ps-sonic.com\/de\/wp-json\/wp\/v2\/pages"}],"about":[{"href":"https:\/\/ps-sonic.com\/de\/wp-json\/wp\/v2\/types\/page"}],"author":[{"embeddable":true,"href":"https:\/\/ps-sonic.com\/de\/wp-json\/wp\/v2\/users\/1"}],"replies":[{"embeddable":true,"href":"https:\/\/ps-sonic.com\/de\/wp-json\/wp\/v2\/comments?post=1095"}],"version-history":[{"count":2,"href":"https:\/\/ps-sonic.com\/de\/wp-json\/wp\/v2\/pages\/1095\/revisions"}],"predecessor-version":[{"id":1097,"href":"https:\/\/ps-sonic.com\/de\/wp-json\/wp\/v2\/pages\/1095\/revisions\/1097"}],"wp:attachment":[{"href":"https:\/\/ps-sonic.com\/de\/wp-json\/wp\/v2\/media?parent=1095"}],"curies":[{"name":"wp","href":"https:\/\/api.w.org\/{rel}","templated":true}]}}