{"id":244,"date":"2021-12-01T17:06:03","date_gmt":"2021-12-01T17:06:03","guid":{"rendered":"http:\/\/ps-sonic.com\/?page_id=244"},"modified":"2022-07-29T15:16:13","modified_gmt":"2022-07-29T14:16:13","slug":"fachwissen","status":"publish","type":"page","link":"https:\/\/ps-sonic.com\/de\/fachwissen\/","title":{"rendered":"Service"},"content":{"rendered":"\n<div class=\"wp-block-columns\">\n<div class=\"wp-block-column\" style=\"flex-basis:50%\">\n<p>Wir arbeiten in den Bereichen Dienstleistungen, unter anderem mit kundenspezifischen L\u00f6sungen, Installationen, Wartungen und durchlaufen die Bereiche Gesundheit und Bereiche spezifischer Anwendungen. Sehen Sie mehr und kontaktieren Sie uns, um herauszufinden, wie wir Ihnen helfen k\u00f6nnen.<\/p>\n<\/div>\n<\/div>\n\n\n\n<div class=\"wp-block-columns pag-atuacao\">\n<div class=\"wp-block-column\" style=\"flex-basis:40%\">\n<div class=\"wp-block-cover\" style=\"min-height:228px\"><span aria-hidden=\"true\" class=\"wp-block-cover__gradient-background has-background-dim\"><\/span><img loading=\"lazy\" width=\"948\" height=\"711\" class=\"wp-block-cover__image-background wp-image-845\" alt=\"\" src=\"https:\/\/ps-sonic.com\/wp-content\/uploads\/2022\/05\/servicos-1.png\" data-object-fit=\"cover\"\/><div class=\"wp-block-cover__inner-container\">\n<p class=\"has-text-align-center has-large-font-size\">Leistungen<\/p>\n<\/div><\/div>\n\n\n\n<p><\/p>\n<\/div>\n\n\n\n<div class=\"wp-block-column padding-top-1\" style=\"flex-basis:60%\">\n<p>Wir erarbeiten kundenspezifische L\u00f6sungen, f\u00fchren Installationen und Wartungen durch f\u00fcr spezifische Anwendungen als auch im Gesundheitsbereich.<\/p>\n\n\n\n<p>Sei es Ihre Bestandsanlage oder Neu-Installation, Inbetriebnahme oder Wartung, Austausch oder Lieferung von Ersatzteilen: Unser Service umfasst das Komplettpaket f\u00fcr jede Art Ihrer Anwendung im Bereich Befeuchtungssysteme und Wasserqualit\u00e4t. M\u00f6chten Sie mehr erfahren? Dann kontaktieren Sie uns gerne.&nbsp;<\/p>\n\n\n\n<div class=\"wp-block-columns\">\n<div class=\"wp-block-column area-atuacao-list\">\n<ul class=\"has-text-color\" style=\"color:#3d4043\"><li><a href=\"https:\/\/ps-sonic.com\/fachwissen\/service\/sonderloesungen\/\">Sonderl\u00f6sungen<\/a><\/li><li><a href=\"https:\/\/ps-sonic.com\/fachwissen\/service\/montage-installation\/\">Installation<\/a><\/li><li><a href=\"https:\/\/ps-sonic.com\/fachwissen\/service\/wartung\/\">Wartung<\/a><\/li><li><a href=\"https:\/\/ps-sonic.com\/fachwissen\/service\/ersatzteile\/\">Ersatzteile<\/a><\/li><\/ul>\n<\/div>\n\n\n\n<div class=\"wp-block-column\">\n<ul><li>Zubeh\u00f6r<\/li><li>Hygiene Beurteilung<\/li><\/ul>\n<\/div>\n<\/div>\n<\/div>\n<\/div>\n\n\n\n<div class=\"wp-block-columns pag-atuacao\">\n<div class=\"wp-block-column\" style=\"flex-basis:40%\">\n<div class=\"wp-block-cover is-light\" style=\"min-height:228px\"><span aria-hidden=\"true\" class=\"wp-block-cover__gradient-background has-background-dim\"><\/span><img class=\"wp-block-cover__image-background wp-image-846\" alt=\"\" src=\"https:\/\/ps-sonic.com\/wp-content\/uploads\/2022\/05\/saude.png\" data-object-fit=\"cover\"\/><div class=\"wp-block-cover__inner-container\">\n<p class=\"has-text-align-center has-large-font-size\">Gesundheit<\/p>\n<\/div><\/div>\n\n\n\n<p><\/p>\n<\/div>\n\n\n\n<div class=\"wp-block-column padding-top-1\" style=\"flex-basis:60%\">\n<p>Feuchte Luft spielt eine wichtige Rolle in unserem Leben, besonders f\u00fcr unsere Gesundheit.<\/p>\n\n\n\n<div class=\"wp-block-columns\">\n<div class=\"wp-block-column area-atuacao-list\">\n<ul class=\"has-text-color\" style=\"color:#3d4043\"><li><a href=\"https:\/\/ps-sonic.com\/fachwissen\/gesundheit\/verbesserte-lebensqualitaet-durch-luftfeuchtigkeit\/\">Verbesserte Lebensqualit\u00e4t durch Luftfeuchtigkeit<\/a><\/li><li><a href=\"https:\/\/ps-sonic.com\/fachwissen\/gesundheit\/trockene-luft\/\">Trockene Luft<\/a><\/li><li><a href=\"https:\/\/ps-sonic.com\/fachwissen\/gesundheit\/menschlicher-koerper\/\">Menschlicher K\u00f6rper<\/a><\/li><li><a href=\"https:\/\/ps-sonic.com\/fachwissen\/gesundheit\/infektionsminimierung-luftfeuchte-40-60\/\">Infektionsminimierung<\/a><\/li><\/ul>\n<\/div>\n\n\n\n<div class=\"wp-block-column\"><\/div>\n<\/div>\n<\/div>\n<\/div>\n\n\n\n<div class=\"wp-block-columns pag-atuacao\">\n<div class=\"wp-block-column\" style=\"flex-basis:40%\">\n<div class=\"wp-block-cover is-light\" style=\"min-height:228px\"><span aria-hidden=\"true\" class=\"wp-block-cover__gradient-background has-background-dim\"><\/span><img loading=\"lazy\" width=\"948\" height=\"711\" class=\"wp-block-cover__image-background wp-image-847\" alt=\"\" src=\"https:\/\/ps-sonic.com\/wp-content\/uploads\/2022\/05\/aplica.png\" data-object-fit=\"cover\"\/><div class=\"wp-block-cover__inner-container\">\n<p class=\"has-text-align-center has-large-font-size\">Anwendungsbereiche<\/p>\n<\/div><\/div>\n\n\n\n<p><\/p>\n<\/div>\n\n\n\n<div class=\"wp-block-column padding-top-1\" style=\"flex-basis:60%\">\n<p>Luftbefeuchtung wird \u00fcberall auf der Welt eingesetzt. Unterschieden werden technische und Komfortanwendungen.<\/p>\n\n\n\n<div class=\"wp-block-columns\">\n<div class=\"wp-block-column area-atuacao-list\">\n<ul class=\"has-text-color\" style=\"color:#3d4043\"><li><a href=\"https:\/\/ps-sonic.com\/fachwissen\/anwendungsbereiche\/elektroindustrie\/\">Elektroindustrie<\/a><\/li><li><a href=\"https:\/\/ps-sonic.com\/fachwissen\/anwendungsbereiche\/druckerei\/\">Druckerei<\/a><\/li><li><a href=\"https:\/\/ps-sonic.com\/fachwissen\/anwendungsbereiche\/rechenzentren\/\">Rechenzentren<\/a><\/li><li><a href=\"https:\/\/ps-sonic.com\/fachwissen\/anwendungsbereiche\/lagerhaltung\/\">Lagerhaltung<\/a><\/li><li><a href=\"https:\/\/ps-sonic.com\/fachwissen\/anwendungsbereiche\/textilindustrie\/\">Textilindustrie<\/a><\/li><\/ul>\n<\/div>\n\n\n\n<div class=\"wp-block-column\">\n<ul><li><a href=\"https:\/\/ps-sonic.com\/fachwissen\/anwendungsbereiche\/tabakwaren\/\">Tabakwaren<\/a><\/li><li><a href=\"https:\/\/ps-sonic.com\/fachwissen\/anwendungsbereiche\/kaeserei\/\">K\u00e4serei<\/a><\/li><li><a href=\"https:\/\/ps-sonic.com\/fachwissen\/anwendungsbereiche\/pilzzucht\/\">Pilzzucht<\/a><\/li><\/ul>\n<\/div>\n<\/div>\n<\/div>\n<\/div>\n\n\n\n<p><\/p>\n","protected":false},"excerpt":{"rendered":"<p>Wir arbeiten in den Bereichen Dienstleistungen, unter anderem mit kundenspezifischen L\u00f6sungen, Installationen, Wartungen und durchlaufen die Bereiche Gesundheit und Bereiche spezifischer Anwendungen. Sehen Sie mehr und kontaktieren Sie uns, um herauszufinden, wie wir Ihnen helfen k\u00f6nnen. Wir erarbeiten kundenspezifische L\u00f6sungen, f\u00fchren Installationen und Wartungen durch f\u00fcr spezifische Anwendungen als auch im Gesundheitsbereich. Sei es Ihre [&hellip;]<\/p>\n","protected":false},"author":1,"featured_media":0,"parent":0,"menu_order":0,"comment_status":"closed","ping_status":"closed","template":"","meta":[],"yoast_head":"<!-- This site is optimized with the Yoast SEO plugin v18.6 - https:\/\/yoast.com\/wordpress\/plugins\/seo\/ -->\n<title>Service - Supersonic<\/title>\n<meta name=\"robots\" content=\"index, follow, max-snippet:-1, max-image-preview:large, max-video-preview:-1\" \/>\n<link rel=\"canonical\" href=\"https:\/\/ps-sonic.com\/de\/fachwissen\/\" \/>\n<meta property=\"og:locale\" content=\"de_DE\" \/>\n<meta property=\"og:type\" content=\"article\" \/>\n<meta property=\"og:title\" content=\"Service - Supersonic\" \/>\n<meta property=\"og:description\" content=\"Wir arbeiten in den Bereichen Dienstleistungen, unter anderem mit kundenspezifischen L\u00f6sungen, Installationen, Wartungen und durchlaufen die Bereiche Gesundheit und Bereiche spezifischer Anwendungen. Sehen Sie mehr und kontaktieren Sie uns, um herauszufinden, wie wir Ihnen helfen k\u00f6nnen. Wir erarbeiten kundenspezifische L\u00f6sungen, f\u00fchren Installationen und Wartungen durch f\u00fcr spezifische Anwendungen als auch im Gesundheitsbereich. Sei es Ihre [&hellip;]\" \/>\n<meta property=\"og:url\" content=\"https:\/\/ps-sonic.com\/de\/fachwissen\/\" \/>\n<meta property=\"og:site_name\" content=\"Supersonic\" \/>\n<meta property=\"article:modified_time\" content=\"2022-07-29T14:16:13+00:00\" \/>\n<meta property=\"og:image\" content=\"https:\/\/ps-sonic.com\/wp-content\/uploads\/2022\/05\/servicos-1.png\" \/>\n<meta name=\"twitter:card\" content=\"summary_large_image\" \/>\n<meta name=\"twitter:label1\" content=\"Est. reading time\" \/>\n\t<meta name=\"twitter:data1\" content=\"2 Minuten\" \/>\n<script type=\"application\/ld+json\" class=\"yoast-schema-graph\">{\"@context\":\"https:\/\/schema.org\",\"@graph\":[{\"@type\":\"WebSite\",\"@id\":\"https:\/\/ps-sonic.com\/#website\",\"url\":\"https:\/\/ps-sonic.com\/\",\"name\":\"Supersonic\",\"description\":\"Supersonic - A Arte da Humidifica\u00e7\u00e3o\",\"potentialAction\":[{\"@type\":\"SearchAction\",\"target\":{\"@type\":\"EntryPoint\",\"urlTemplate\":\"https:\/\/ps-sonic.com\/?s={search_term_string}\"},\"query-input\":\"required name=search_term_string\"}],\"inLanguage\":\"de-DE\"},{\"@type\":\"ImageObject\",\"@id\":\"https:\/\/ps-sonic.com\/fachwissen\/#primaryimage\",\"inLanguage\":\"de-DE\",\"url\":\"https:\/\/ps-sonic.com\/wp-content\/uploads\/2022\/05\/servicos-1.png\",\"contentUrl\":\"https:\/\/ps-sonic.com\/wp-content\/uploads\/2022\/05\/servicos-1.png\",\"width\":948,\"height\":711},{\"@type\":\"WebPage\",\"@id\":\"https:\/\/ps-sonic.com\/fachwissen\/#webpage\",\"url\":\"https:\/\/ps-sonic.com\/fachwissen\/\",\"name\":\"Service - Supersonic\",\"isPartOf\":{\"@id\":\"https:\/\/ps-sonic.com\/#website\"},\"primaryImageOfPage\":{\"@id\":\"https:\/\/ps-sonic.com\/fachwissen\/#primaryimage\"},\"datePublished\":\"2021-12-01T17:06:03+00:00\",\"dateModified\":\"2022-07-29T14:16:13+00:00\",\"breadcrumb\":{\"@id\":\"https:\/\/ps-sonic.com\/fachwissen\/#breadcrumb\"},\"inLanguage\":\"de-DE\",\"potentialAction\":[{\"@type\":\"ReadAction\",\"target\":[\"https:\/\/ps-sonic.com\/fachwissen\/\"]}]},{\"@type\":\"BreadcrumbList\",\"@id\":\"https:\/\/ps-sonic.com\/fachwissen\/#breadcrumb\",\"itemListElement\":[{\"@type\":\"ListItem\",\"position\":1,\"name\":\"In\u00edcio\",\"item\":\"https:\/\/ps-sonic.com\/\"},{\"@type\":\"ListItem\",\"position\":2,\"name\":\"Service\"}]}]}<\/script>\n<!-- \/ Yoast SEO plugin. -->","yoast_head_json":{"title":"Service - Supersonic","robots":{"index":"index","follow":"follow","max-snippet":"max-snippet:-1","max-image-preview":"max-image-preview:large","max-video-preview":"max-video-preview:-1"},"canonical":"https:\/\/ps-sonic.com\/de\/fachwissen\/","og_locale":"de_DE","og_type":"article","og_title":"Service - Supersonic","og_description":"Wir arbeiten in den Bereichen Dienstleistungen, unter anderem mit kundenspezifischen L\u00f6sungen, Installationen, Wartungen und durchlaufen die Bereiche Gesundheit und Bereiche spezifischer Anwendungen. Sehen Sie mehr und kontaktieren Sie uns, um herauszufinden, wie wir Ihnen helfen k\u00f6nnen. Wir erarbeiten kundenspezifische L\u00f6sungen, f\u00fchren Installationen und Wartungen durch f\u00fcr spezifische Anwendungen als auch im Gesundheitsbereich. Sei es Ihre [&hellip;]","og_url":"https:\/\/ps-sonic.com\/de\/fachwissen\/","og_site_name":"Supersonic","article_modified_time":"2022-07-29T14:16:13+00:00","og_image":[{"url":"https:\/\/ps-sonic.com\/wp-content\/uploads\/2022\/05\/servicos-1.png"}],"twitter_card":"summary_large_image","twitter_misc":{"Est. reading time":"2 Minuten"},"schema":{"@context":"https:\/\/schema.org","@graph":[{"@type":"WebSite","@id":"https:\/\/ps-sonic.com\/#website","url":"https:\/\/ps-sonic.com\/","name":"Supersonic","description":"Supersonic - A Arte da Humidifica\u00e7\u00e3o","potentialAction":[{"@type":"SearchAction","target":{"@type":"EntryPoint","urlTemplate":"https:\/\/ps-sonic.com\/?s={search_term_string}"},"query-input":"required name=search_term_string"}],"inLanguage":"de-DE"},{"@type":"ImageObject","@id":"https:\/\/ps-sonic.com\/fachwissen\/#primaryimage","inLanguage":"de-DE","url":"https:\/\/ps-sonic.com\/wp-content\/uploads\/2022\/05\/servicos-1.png","contentUrl":"https:\/\/ps-sonic.com\/wp-content\/uploads\/2022\/05\/servicos-1.png","width":948,"height":711},{"@type":"WebPage","@id":"https:\/\/ps-sonic.com\/fachwissen\/#webpage","url":"https:\/\/ps-sonic.com\/fachwissen\/","name":"Service - Supersonic","isPartOf":{"@id":"https:\/\/ps-sonic.com\/#website"},"primaryImageOfPage":{"@id":"https:\/\/ps-sonic.com\/fachwissen\/#primaryimage"},"datePublished":"2021-12-01T17:06:03+00:00","dateModified":"2022-07-29T14:16:13+00:00","breadcrumb":{"@id":"https:\/\/ps-sonic.com\/fachwissen\/#breadcrumb"},"inLanguage":"de-DE","potentialAction":[{"@type":"ReadAction","target":["https:\/\/ps-sonic.com\/fachwissen\/"]}]},{"@type":"BreadcrumbList","@id":"https:\/\/ps-sonic.com\/fachwissen\/#breadcrumb","itemListElement":[{"@type":"ListItem","position":1,"name":"In\u00edcio","item":"https:\/\/ps-sonic.com\/"},{"@type":"ListItem","position":2,"name":"Service"}]}]}},"_links":{"self":[{"href":"https:\/\/ps-sonic.com\/de\/wp-json\/wp\/v2\/pages\/244"}],"collection":[{"href":"https:\/\/ps-sonic.com\/de\/wp-json\/wp\/v2\/pages"}],"about":[{"href":"https:\/\/ps-sonic.com\/de\/wp-json\/wp\/v2\/types\/page"}],"author":[{"embeddable":true,"href":"https:\/\/ps-sonic.com\/de\/wp-json\/wp\/v2\/users\/1"}],"replies":[{"embeddable":true,"href":"https:\/\/ps-sonic.com\/de\/wp-json\/wp\/v2\/comments?post=244"}],"version-history":[{"count":45,"href":"https:\/\/ps-sonic.com\/de\/wp-json\/wp\/v2\/pages\/244\/revisions"}],"predecessor-version":[{"id":986,"href":"https:\/\/ps-sonic.com\/de\/wp-json\/wp\/v2\/pages\/244\/revisions\/986"}],"wp:attachment":[{"href":"https:\/\/ps-sonic.com\/de\/wp-json\/wp\/v2\/media?parent=244"}],"curies":[{"name":"wp","href":"https:\/\/api.w.org\/{rel}","templated":true}]}}