{"id":656,"date":"2022-05-06T18:50:12","date_gmt":"2022-05-06T17:50:12","guid":{"rendered":"http:\/\/supersonic.inflightit.com\/?page_id=656"},"modified":"2022-07-08T15:12:55","modified_gmt":"2022-07-08T14:12:55","slug":"wartung","status":"publish","type":"page","link":"https:\/\/ps-sonic.com\/de\/fachwissen\/service\/wartung\/","title":{"rendered":"Wartung"},"content":{"rendered":"\n<p>Nicht nur f\u00fcr Neuanlagen, sondern auch f\u00fcr Ihre Bestands-Befeuchtungsanlagen ist eine regelm\u00e4\u00dfige Wartung erforderlich und sinnvoll.<\/p>\n\n\n\n<p>Jede Luftbefeuchtungsanlage ist nur so sicher, hygienisch und wirtschaftlich rentabel, wie das dahinterstehende Wartungskonzept.<\/p>\n\n\n\n<p>Hygienebeurteilung<\/p>\n\n\n\n<p>Automatisch f\u00fchren wir bei der Wartung im Rahmen eines Wartungsvertrags eine Hygienebeurteilung durch. Selbstverst\u00e4ndlich k\u00f6nnen Sie auch ohne bestehenden Wartungsvertrag jederzeit eine Hygienebeurteilung bei uns in Auftrag geben.<\/p>\n\n\n\n<p><\/p>\n","protected":false},"excerpt":{"rendered":"<p>Nicht nur f\u00fcr Neuanlagen, sondern auch f\u00fcr Ihre Bestands-Befeuchtungsanlagen ist eine regelm\u00e4\u00dfige Wartung erforderlich und sinnvoll. Jede Luftbefeuchtungsanlage ist nur so sicher, hygienisch und wirtschaftlich rentabel, wie das dahinterstehende Wartungskonzept. Hygienebeurteilung Automatisch f\u00fchren wir bei der Wartung im Rahmen eines Wartungsvertrags eine Hygienebeurteilung durch. Selbstverst\u00e4ndlich k\u00f6nnen Sie auch ohne bestehenden Wartungsvertrag jederzeit eine Hygienebeurteilung bei [&hellip;]<\/p>\n","protected":false},"author":1,"featured_media":0,"parent":651,"menu_order":0,"comment_status":"closed","ping_status":"closed","template":"","meta":[],"yoast_head":"<!-- This site is optimized with the Yoast SEO plugin v18.6 - https:\/\/yoast.com\/wordpress\/plugins\/seo\/ -->\n<title>Wartung - Supersonic<\/title>\n<meta name=\"robots\" content=\"index, follow, max-snippet:-1, max-image-preview:large, max-video-preview:-1\" \/>\n<link rel=\"canonical\" href=\"https:\/\/ps-sonic.com\/de\/fachwissen\/service\/wartung\/\" \/>\n<meta property=\"og:locale\" content=\"de_DE\" \/>\n<meta property=\"og:type\" content=\"article\" \/>\n<meta property=\"og:title\" content=\"Wartung - Supersonic\" \/>\n<meta property=\"og:description\" content=\"Nicht nur f\u00fcr Neuanlagen, sondern auch f\u00fcr Ihre Bestands-Befeuchtungsanlagen ist eine regelm\u00e4\u00dfige Wartung erforderlich und sinnvoll. Jede Luftbefeuchtungsanlage ist nur so sicher, hygienisch und wirtschaftlich rentabel, wie das dahinterstehende Wartungskonzept. Hygienebeurteilung Automatisch f\u00fchren wir bei der Wartung im Rahmen eines Wartungsvertrags eine Hygienebeurteilung durch. Selbstverst\u00e4ndlich k\u00f6nnen Sie auch ohne bestehenden Wartungsvertrag jederzeit eine Hygienebeurteilung bei [&hellip;]\" \/>\n<meta property=\"og:url\" content=\"https:\/\/ps-sonic.com\/de\/fachwissen\/service\/wartung\/\" \/>\n<meta property=\"og:site_name\" content=\"Supersonic\" \/>\n<meta property=\"article:modified_time\" content=\"2022-07-08T14:12:55+00:00\" \/>\n<meta name=\"twitter:card\" content=\"summary_large_image\" \/>\n<meta name=\"twitter:label1\" content=\"Est. reading time\" \/>\n\t<meta name=\"twitter:data1\" content=\"1 Minute\" \/>\n<script type=\"application\/ld+json\" class=\"yoast-schema-graph\">{\"@context\":\"https:\/\/schema.org\",\"@graph\":[{\"@type\":\"WebSite\",\"@id\":\"https:\/\/ps-sonic.com\/#website\",\"url\":\"https:\/\/ps-sonic.com\/\",\"name\":\"Supersonic\",\"description\":\"Supersonic - A Arte da Humidifica\u00e7\u00e3o\",\"potentialAction\":[{\"@type\":\"SearchAction\",\"target\":{\"@type\":\"EntryPoint\",\"urlTemplate\":\"https:\/\/ps-sonic.com\/?s={search_term_string}\"},\"query-input\":\"required name=search_term_string\"}],\"inLanguage\":\"de-DE\"},{\"@type\":\"WebPage\",\"@id\":\"https:\/\/ps-sonic.com\/fachwissen\/service\/wartung\/#webpage\",\"url\":\"https:\/\/ps-sonic.com\/fachwissen\/service\/wartung\/\",\"name\":\"Wartung - Supersonic\",\"isPartOf\":{\"@id\":\"https:\/\/ps-sonic.com\/#website\"},\"datePublished\":\"2022-05-06T17:50:12+00:00\",\"dateModified\":\"2022-07-08T14:12:55+00:00\",\"breadcrumb\":{\"@id\":\"https:\/\/ps-sonic.com\/fachwissen\/service\/wartung\/#breadcrumb\"},\"inLanguage\":\"de-DE\",\"potentialAction\":[{\"@type\":\"ReadAction\",\"target\":[\"https:\/\/ps-sonic.com\/fachwissen\/service\/wartung\/\"]}]},{\"@type\":\"BreadcrumbList\",\"@id\":\"https:\/\/ps-sonic.com\/fachwissen\/service\/wartung\/#breadcrumb\",\"itemListElement\":[{\"@type\":\"ListItem\",\"position\":1,\"name\":\"In\u00edcio\",\"item\":\"https:\/\/ps-sonic.com\/\"},{\"@type\":\"ListItem\",\"position\":2,\"name\":\"Service\",\"item\":\"https:\/\/ps-sonic.com\/fachwissen\/\"},{\"@type\":\"ListItem\",\"position\":3,\"name\":\"Leistungen\",\"item\":\"https:\/\/ps-sonic.com\/fachwissen\/service\/\"},{\"@type\":\"ListItem\",\"position\":4,\"name\":\"Wartung\"}]}]}<\/script>\n<!-- \/ Yoast SEO plugin. -->","yoast_head_json":{"title":"Wartung - Supersonic","robots":{"index":"index","follow":"follow","max-snippet":"max-snippet:-1","max-image-preview":"max-image-preview:large","max-video-preview":"max-video-preview:-1"},"canonical":"https:\/\/ps-sonic.com\/de\/fachwissen\/service\/wartung\/","og_locale":"de_DE","og_type":"article","og_title":"Wartung - Supersonic","og_description":"Nicht nur f\u00fcr Neuanlagen, sondern auch f\u00fcr Ihre Bestands-Befeuchtungsanlagen ist eine regelm\u00e4\u00dfige Wartung erforderlich und sinnvoll. Jede Luftbefeuchtungsanlage ist nur so sicher, hygienisch und wirtschaftlich rentabel, wie das dahinterstehende Wartungskonzept. Hygienebeurteilung Automatisch f\u00fchren wir bei der Wartung im Rahmen eines Wartungsvertrags eine Hygienebeurteilung durch. Selbstverst\u00e4ndlich k\u00f6nnen Sie auch ohne bestehenden Wartungsvertrag jederzeit eine Hygienebeurteilung bei [&hellip;]","og_url":"https:\/\/ps-sonic.com\/de\/fachwissen\/service\/wartung\/","og_site_name":"Supersonic","article_modified_time":"2022-07-08T14:12:55+00:00","twitter_card":"summary_large_image","twitter_misc":{"Est. reading time":"1 Minute"},"schema":{"@context":"https:\/\/schema.org","@graph":[{"@type":"WebSite","@id":"https:\/\/ps-sonic.com\/#website","url":"https:\/\/ps-sonic.com\/","name":"Supersonic","description":"Supersonic - A Arte da Humidifica\u00e7\u00e3o","potentialAction":[{"@type":"SearchAction","target":{"@type":"EntryPoint","urlTemplate":"https:\/\/ps-sonic.com\/?s={search_term_string}"},"query-input":"required name=search_term_string"}],"inLanguage":"de-DE"},{"@type":"WebPage","@id":"https:\/\/ps-sonic.com\/fachwissen\/service\/wartung\/#webpage","url":"https:\/\/ps-sonic.com\/fachwissen\/service\/wartung\/","name":"Wartung - Supersonic","isPartOf":{"@id":"https:\/\/ps-sonic.com\/#website"},"datePublished":"2022-05-06T17:50:12+00:00","dateModified":"2022-07-08T14:12:55+00:00","breadcrumb":{"@id":"https:\/\/ps-sonic.com\/fachwissen\/service\/wartung\/#breadcrumb"},"inLanguage":"de-DE","potentialAction":[{"@type":"ReadAction","target":["https:\/\/ps-sonic.com\/fachwissen\/service\/wartung\/"]}]},{"@type":"BreadcrumbList","@id":"https:\/\/ps-sonic.com\/fachwissen\/service\/wartung\/#breadcrumb","itemListElement":[{"@type":"ListItem","position":1,"name":"In\u00edcio","item":"https:\/\/ps-sonic.com\/"},{"@type":"ListItem","position":2,"name":"Service","item":"https:\/\/ps-sonic.com\/fachwissen\/"},{"@type":"ListItem","position":3,"name":"Leistungen","item":"https:\/\/ps-sonic.com\/fachwissen\/service\/"},{"@type":"ListItem","position":4,"name":"Wartung"}]}]}},"_links":{"self":[{"href":"https:\/\/ps-sonic.com\/de\/wp-json\/wp\/v2\/pages\/656"}],"collection":[{"href":"https:\/\/ps-sonic.com\/de\/wp-json\/wp\/v2\/pages"}],"about":[{"href":"https:\/\/ps-sonic.com\/de\/wp-json\/wp\/v2\/types\/page"}],"author":[{"embeddable":true,"href":"https:\/\/ps-sonic.com\/de\/wp-json\/wp\/v2\/users\/1"}],"replies":[{"embeddable":true,"href":"https:\/\/ps-sonic.com\/de\/wp-json\/wp\/v2\/comments?post=656"}],"version-history":[{"count":5,"href":"https:\/\/ps-sonic.com\/de\/wp-json\/wp\/v2\/pages\/656\/revisions"}],"predecessor-version":[{"id":901,"href":"https:\/\/ps-sonic.com\/de\/wp-json\/wp\/v2\/pages\/656\/revisions\/901"}],"up":[{"embeddable":true,"href":"https:\/\/ps-sonic.com\/de\/wp-json\/wp\/v2\/pages\/651"}],"wp:attachment":[{"href":"https:\/\/ps-sonic.com\/de\/wp-json\/wp\/v2\/media?parent=656"}],"curies":[{"name":"wp","href":"https:\/\/api.w.org\/{rel}","templated":true}]}}