{"id":666,"date":"2022-05-06T18:51:58","date_gmt":"2022-05-06T17:51:58","guid":{"rendered":"http:\/\/supersonic.inflightit.com\/?page_id=666"},"modified":"2022-08-08T09:28:31","modified_gmt":"2022-08-08T08:28:31","slug":"trockene-luft","status":"publish","type":"page","link":"https:\/\/ps-sonic.com\/de\/fachwissen\/gesundheit\/trockene-luft\/","title":{"rendered":"Trockene Luft"},"content":{"rendered":"\n<p>Das Einatmen von trockener Luft ist grunds\u00e4tzlich eine hohe negative Belastung auf den menschlichen K\u00f6rper. Die Organsysteme wie Nase, Mund, Rachen, Schleimh\u00e4ute und Bronchien streben nach einhundertprozentiger Feuchtigkeit. Die Luft wird w\u00e4hrend der Einatmung auf K\u00f6rpertemperatur erw\u00e4rmt und vollst\u00e4ndig mit Wasserdampf ges\u00e4ttigt. Besonders in der \u00dcbergangs- und Winterzeit werden die Menschen durch die Trockenheit der Atemluft belastet. Dabei kann der menschliche K\u00f6rper schnell an seine Grenzen sto\u00dfen, da der Atemtrakt jedes Prozent Feuchte, das nicht in der Raumluft vorhanden ist, selbst aufbringen muss.<\/p>\n\n\n\n<p><strong>Mikroben und Viren<\/strong><\/p>\n\n\n\n<figure class=\"wp-block-image size-full\"><img loading=\"lazy\" width=\"945\" height=\"577\" src=\"https:\/\/ps-sonic.com\/wp-content\/uploads\/2022\/07\/Picture-1.png\" alt=\"\" class=\"wp-image-907\" srcset=\"https:\/\/ps-sonic.com\/wp-content\/uploads\/2022\/07\/Picture-1.png 945w, https:\/\/ps-sonic.com\/wp-content\/uploads\/2022\/07\/Picture-1-300x183.png 300w, https:\/\/ps-sonic.com\/wp-content\/uploads\/2022\/07\/Picture-1-768x469.png 768w, https:\/\/ps-sonic.com\/wp-content\/uploads\/2022\/07\/Picture-1-18x12.png 18w, https:\/\/ps-sonic.com\/wp-content\/uploads\/2022\/07\/Picture-1-416x254.png 416w, https:\/\/ps-sonic.com\/wp-content\/uploads\/2022\/07\/Picture-1-64x39.png 64w\" sizes=\"(max-width: 945px) 100vw, 945px\" \/><\/figure>\n\n\n\n<p>Auch die \u00dcberlebenszeit von Mikroben und Viren ist stark abh\u00e4ngig von der Luftfeuchtigkeit. Trockene Luft ist ein perfekter \u00dcbertr\u00e4ger. Bei einer Luftfeuchtigkeit von unter 40 % befinden sich Viren in einer sogenannten Ruhephase. Die Tr\u00f6pfchen geben bei abnehmender Luftfeuchte Wasser ab und werden kleiner. In den ausgetrockneten Tr\u00f6pfchen werden die Grippeviren eingeschlossen, ohne dass sie deaktiviert werden \u2013 sie behalten aber ihre Ansteckungsf\u00e4higkeit. Beim Einatmen der trockenen Luft wird diese in den Atemorganen nach und nach wieder angefeuchtet. Dadurch kann ein gro\u00dfer Anteil der Viren tief in die menschliche Lunge eindringen und entgeht den nat\u00fcrlichen Biofiltern. Die eingeschlossenen Viren und Mikroben werden durch die zunehmende Feuchtigkeit wieder aktiviert und k\u00f6nnen eine Infektion ausl\u00f6sen [vgl. (Dr. Walter Hugentobler, 2017) und (Eriko Kudo et al., 2019)].<\/p>\n\n\n\n<figure class=\"wp-block-image size-large\"><img loading=\"lazy\" width=\"1024\" height=\"683\" src=\"https:\/\/ps-sonic.com\/wp-content\/uploads\/2022\/07\/Not-use-2-1024x683.jpg\" alt=\"\" class=\"wp-image-978\" srcset=\"https:\/\/ps-sonic.com\/wp-content\/uploads\/2022\/07\/Not-use-2-1024x683.jpg 1024w, https:\/\/ps-sonic.com\/wp-content\/uploads\/2022\/07\/Not-use-2-300x200.jpg 300w, https:\/\/ps-sonic.com\/wp-content\/uploads\/2022\/07\/Not-use-2-768x512.jpg 768w, https:\/\/ps-sonic.com\/wp-content\/uploads\/2022\/07\/Not-use-2-18x12.jpg 18w, https:\/\/ps-sonic.com\/wp-content\/uploads\/2022\/07\/Not-use-2-416x278.jpg 416w, https:\/\/ps-sonic.com\/wp-content\/uploads\/2022\/07\/Not-use-2-64x43.jpg 64w, https:\/\/ps-sonic.com\/wp-content\/uploads\/2022\/07\/Not-use-2.jpg 1250w\" sizes=\"(max-width: 1024px) 100vw, 1024px\" \/><\/figure>\n","protected":false},"excerpt":{"rendered":"<p>Das Einatmen von trockener Luft ist grunds\u00e4tzlich eine hohe negative Belastung auf den menschlichen K\u00f6rper. Die Organsysteme wie Nase, Mund, Rachen, Schleimh\u00e4ute und Bronchien streben nach einhundertprozentiger Feuchtigkeit. Die Luft wird w\u00e4hrend der Einatmung auf K\u00f6rpertemperatur erw\u00e4rmt und vollst\u00e4ndig mit Wasserdampf ges\u00e4ttigt. Besonders in der \u00dcbergangs- und Winterzeit werden die Menschen durch die Trockenheit der [&hellip;]<\/p>\n","protected":false},"author":1,"featured_media":977,"parent":662,"menu_order":0,"comment_status":"closed","ping_status":"closed","template":"","meta":[],"yoast_head":"<!-- This site is optimized with the Yoast SEO plugin v18.6 - https:\/\/yoast.com\/wordpress\/plugins\/seo\/ -->\n<title>Trockene Luft - Supersonic<\/title>\n<meta name=\"robots\" content=\"index, follow, max-snippet:-1, max-image-preview:large, max-video-preview:-1\" \/>\n<link rel=\"canonical\" href=\"https:\/\/ps-sonic.com\/de\/fachwissen\/gesundheit\/trockene-luft\/\" \/>\n<meta property=\"og:locale\" content=\"de_DE\" \/>\n<meta property=\"og:type\" content=\"article\" \/>\n<meta property=\"og:title\" content=\"Trockene Luft - Supersonic\" \/>\n<meta property=\"og:description\" content=\"Das Einatmen von trockener Luft ist grunds\u00e4tzlich eine hohe negative Belastung auf den menschlichen K\u00f6rper. Die Organsysteme wie Nase, Mund, Rachen, Schleimh\u00e4ute und Bronchien streben nach einhundertprozentiger Feuchtigkeit. Die Luft wird w\u00e4hrend der Einatmung auf K\u00f6rpertemperatur erw\u00e4rmt und vollst\u00e4ndig mit Wasserdampf ges\u00e4ttigt. Besonders in der \u00dcbergangs- und Winterzeit werden die Menschen durch die Trockenheit der [&hellip;]\" \/>\n<meta property=\"og:url\" content=\"https:\/\/ps-sonic.com\/de\/fachwissen\/gesundheit\/trockene-luft\/\" \/>\n<meta property=\"og:site_name\" content=\"Supersonic\" \/>\n<meta property=\"article:modified_time\" content=\"2022-08-08T08:28:31+00:00\" \/>\n<meta property=\"og:image\" content=\"https:\/\/ps-sonic.com\/wp-content\/uploads\/2022\/07\/Top-View-e1659947306255.jpg\" \/>\n\t<meta property=\"og:image:width\" content=\"2400\" \/>\n\t<meta property=\"og:image:height\" content=\"936\" \/>\n\t<meta property=\"og:image:type\" content=\"image\/jpeg\" \/>\n<meta name=\"twitter:card\" content=\"summary_large_image\" \/>\n<meta name=\"twitter:label1\" content=\"Est. reading time\" \/>\n\t<meta name=\"twitter:data1\" content=\"2 Minuten\" \/>\n<script type=\"application\/ld+json\" class=\"yoast-schema-graph\">{\"@context\":\"https:\/\/schema.org\",\"@graph\":[{\"@type\":\"WebSite\",\"@id\":\"https:\/\/ps-sonic.com\/#website\",\"url\":\"https:\/\/ps-sonic.com\/\",\"name\":\"Supersonic\",\"description\":\"Supersonic - A Arte da Humidifica\u00e7\u00e3o\",\"potentialAction\":[{\"@type\":\"SearchAction\",\"target\":{\"@type\":\"EntryPoint\",\"urlTemplate\":\"https:\/\/ps-sonic.com\/?s={search_term_string}\"},\"query-input\":\"required name=search_term_string\"}],\"inLanguage\":\"de-DE\"},{\"@type\":\"ImageObject\",\"@id\":\"https:\/\/ps-sonic.com\/fachwissen\/gesundheit\/trockene-luft\/#primaryimage\",\"inLanguage\":\"de-DE\",\"url\":\"https:\/\/ps-sonic.com\/wp-content\/uploads\/2022\/07\/Top-View-e1659947369477.jpg\",\"contentUrl\":\"https:\/\/ps-sonic.com\/wp-content\/uploads\/2022\/07\/Top-View-e1659947369477.jpg\",\"width\":2400,\"height\":750,\"caption\":\"Barometer on Very Dry\"},{\"@type\":\"WebPage\",\"@id\":\"https:\/\/ps-sonic.com\/fachwissen\/gesundheit\/trockene-luft\/#webpage\",\"url\":\"https:\/\/ps-sonic.com\/fachwissen\/gesundheit\/trockene-luft\/\",\"name\":\"Trockene Luft - Supersonic\",\"isPartOf\":{\"@id\":\"https:\/\/ps-sonic.com\/#website\"},\"primaryImageOfPage\":{\"@id\":\"https:\/\/ps-sonic.com\/fachwissen\/gesundheit\/trockene-luft\/#primaryimage\"},\"datePublished\":\"2022-05-06T17:51:58+00:00\",\"dateModified\":\"2022-08-08T08:28:31+00:00\",\"breadcrumb\":{\"@id\":\"https:\/\/ps-sonic.com\/fachwissen\/gesundheit\/trockene-luft\/#breadcrumb\"},\"inLanguage\":\"de-DE\",\"potentialAction\":[{\"@type\":\"ReadAction\",\"target\":[\"https:\/\/ps-sonic.com\/fachwissen\/gesundheit\/trockene-luft\/\"]}]},{\"@type\":\"BreadcrumbList\",\"@id\":\"https:\/\/ps-sonic.com\/fachwissen\/gesundheit\/trockene-luft\/#breadcrumb\",\"itemListElement\":[{\"@type\":\"ListItem\",\"position\":1,\"name\":\"In\u00edcio\",\"item\":\"https:\/\/ps-sonic.com\/\"},{\"@type\":\"ListItem\",\"position\":2,\"name\":\"Service\",\"item\":\"https:\/\/ps-sonic.com\/fachwissen\/\"},{\"@type\":\"ListItem\",\"position\":3,\"name\":\"Gesundheit\",\"item\":\"https:\/\/ps-sonic.com\/fachwissen\/gesundheit\/\"},{\"@type\":\"ListItem\",\"position\":4,\"name\":\"Trockene Luft\"}]}]}<\/script>\n<!-- \/ Yoast SEO plugin. -->","yoast_head_json":{"title":"Trockene Luft - Supersonic","robots":{"index":"index","follow":"follow","max-snippet":"max-snippet:-1","max-image-preview":"max-image-preview:large","max-video-preview":"max-video-preview:-1"},"canonical":"https:\/\/ps-sonic.com\/de\/fachwissen\/gesundheit\/trockene-luft\/","og_locale":"de_DE","og_type":"article","og_title":"Trockene Luft - Supersonic","og_description":"Das Einatmen von trockener Luft ist grunds\u00e4tzlich eine hohe negative Belastung auf den menschlichen K\u00f6rper. Die Organsysteme wie Nase, Mund, Rachen, Schleimh\u00e4ute und Bronchien streben nach einhundertprozentiger Feuchtigkeit. Die Luft wird w\u00e4hrend der Einatmung auf K\u00f6rpertemperatur erw\u00e4rmt und vollst\u00e4ndig mit Wasserdampf ges\u00e4ttigt. Besonders in der \u00dcbergangs- und Winterzeit werden die Menschen durch die Trockenheit der [&hellip;]","og_url":"https:\/\/ps-sonic.com\/de\/fachwissen\/gesundheit\/trockene-luft\/","og_site_name":"Supersonic","article_modified_time":"2022-08-08T08:28:31+00:00","og_image":[{"width":2400,"height":936,"url":"https:\/\/ps-sonic.com\/wp-content\/uploads\/2022\/07\/Top-View-e1659947306255.jpg","type":"image\/jpeg"}],"twitter_card":"summary_large_image","twitter_misc":{"Est. reading time":"2 Minuten"},"schema":{"@context":"https:\/\/schema.org","@graph":[{"@type":"WebSite","@id":"https:\/\/ps-sonic.com\/#website","url":"https:\/\/ps-sonic.com\/","name":"Supersonic","description":"Supersonic - A Arte da Humidifica\u00e7\u00e3o","potentialAction":[{"@type":"SearchAction","target":{"@type":"EntryPoint","urlTemplate":"https:\/\/ps-sonic.com\/?s={search_term_string}"},"query-input":"required name=search_term_string"}],"inLanguage":"de-DE"},{"@type":"ImageObject","@id":"https:\/\/ps-sonic.com\/fachwissen\/gesundheit\/trockene-luft\/#primaryimage","inLanguage":"de-DE","url":"https:\/\/ps-sonic.com\/wp-content\/uploads\/2022\/07\/Top-View-e1659947369477.jpg","contentUrl":"https:\/\/ps-sonic.com\/wp-content\/uploads\/2022\/07\/Top-View-e1659947369477.jpg","width":2400,"height":750,"caption":"Barometer on Very Dry"},{"@type":"WebPage","@id":"https:\/\/ps-sonic.com\/fachwissen\/gesundheit\/trockene-luft\/#webpage","url":"https:\/\/ps-sonic.com\/fachwissen\/gesundheit\/trockene-luft\/","name":"Trockene Luft - Supersonic","isPartOf":{"@id":"https:\/\/ps-sonic.com\/#website"},"primaryImageOfPage":{"@id":"https:\/\/ps-sonic.com\/fachwissen\/gesundheit\/trockene-luft\/#primaryimage"},"datePublished":"2022-05-06T17:51:58+00:00","dateModified":"2022-08-08T08:28:31+00:00","breadcrumb":{"@id":"https:\/\/ps-sonic.com\/fachwissen\/gesundheit\/trockene-luft\/#breadcrumb"},"inLanguage":"de-DE","potentialAction":[{"@type":"ReadAction","target":["https:\/\/ps-sonic.com\/fachwissen\/gesundheit\/trockene-luft\/"]}]},{"@type":"BreadcrumbList","@id":"https:\/\/ps-sonic.com\/fachwissen\/gesundheit\/trockene-luft\/#breadcrumb","itemListElement":[{"@type":"ListItem","position":1,"name":"In\u00edcio","item":"https:\/\/ps-sonic.com\/"},{"@type":"ListItem","position":2,"name":"Service","item":"https:\/\/ps-sonic.com\/fachwissen\/"},{"@type":"ListItem","position":3,"name":"Gesundheit","item":"https:\/\/ps-sonic.com\/fachwissen\/gesundheit\/"},{"@type":"ListItem","position":4,"name":"Trockene Luft"}]}]}},"_links":{"self":[{"href":"https:\/\/ps-sonic.com\/de\/wp-json\/wp\/v2\/pages\/666"}],"collection":[{"href":"https:\/\/ps-sonic.com\/de\/wp-json\/wp\/v2\/pages"}],"about":[{"href":"https:\/\/ps-sonic.com\/de\/wp-json\/wp\/v2\/types\/page"}],"author":[{"embeddable":true,"href":"https:\/\/ps-sonic.com\/de\/wp-json\/wp\/v2\/users\/1"}],"replies":[{"embeddable":true,"href":"https:\/\/ps-sonic.com\/de\/wp-json\/wp\/v2\/comments?post=666"}],"version-history":[{"count":7,"href":"https:\/\/ps-sonic.com\/de\/wp-json\/wp\/v2\/pages\/666\/revisions"}],"predecessor-version":[{"id":1002,"href":"https:\/\/ps-sonic.com\/de\/wp-json\/wp\/v2\/pages\/666\/revisions\/1002"}],"up":[{"embeddable":true,"href":"https:\/\/ps-sonic.com\/de\/wp-json\/wp\/v2\/pages\/662"}],"wp:featuredmedia":[{"embeddable":true,"href":"https:\/\/ps-sonic.com\/de\/wp-json\/wp\/v2\/media\/977"}],"wp:attachment":[{"href":"https:\/\/ps-sonic.com\/de\/wp-json\/wp\/v2\/media?parent=666"}],"curies":[{"name":"wp","href":"https:\/\/api.w.org\/{rel}","templated":true}]}}