{"id":674,"date":"2022-05-06T18:53:48","date_gmt":"2022-05-06T17:53:48","guid":{"rendered":"http:\/\/supersonic.inflightit.com\/?page_id=674"},"modified":"2022-08-05T16:42:06","modified_gmt":"2022-08-05T15:42:06","slug":"druckerei","status":"publish","type":"page","link":"https:\/\/ps-sonic.com\/de\/fachwissen\/anwendungsbereiche\/druckerei\/","title":{"rendered":"Druckerei"},"content":{"rendered":"\n<p><strong>Luftbefeuchtung f\u00fcr Druckereien<\/strong><\/p>\n\n\n\n<figure class=\"wp-block-image size-full\"><img loading=\"lazy\" width=\"1685\" height=\"1123\" src=\"https:\/\/ps-sonic.com\/wp-content\/uploads\/2022\/05\/Druckerei.jpg\" alt=\"\" class=\"wp-image-820\"\/><\/figure>\n\n\n\n<p>Das Papier, eins der gefragtesten Rohstoffe auf unseren Planeten, das Material der Druckereien. Papier \u2013 das Material der Druckereien und eines der gefragtesten Rohstoffe auf unseren Planeten \u2013 rei\u00dft, wenn es zu trocken ist und w\u00f6lbt sich, wenn es feucht wird. Wie der Name Druckerei schon sagt, ist der Aufdruck auf Papier sehr entscheidend f\u00fcr das Endprodukt. Daher ist ein optimales Klima f\u00fcr einwandfreie Druckprozesse sehr entscheidend.<\/p>\n\n\n\n<p>Die perfekten Bedingungen f\u00fcr jede Art der Anwendung<\/p>\n\n\n\n<p><\/p>\n\n\n\n<figure class=\"wp-block-table\"><table><thead><tr><td><strong>Anwendungsart<\/strong><\/td><td><strong>Temperatur \u00b0C<\/strong><\/td><td><strong>rel. Luftfeuchte %<\/strong><\/td><\/tr><\/thead><tbody><tr><td>Lagerung von Naturpapier<\/td><td>20 bis 22<\/td><td>40 bis 50<\/td><\/tr><tr><td>Fotodruck<\/td><td>20 bis 25<\/td><td>50 bis 60<\/td><\/tr><tr><td>Siebdruck<\/td><td>20 bis 24<\/td><td>50 bis 60<\/td><\/tr><\/tbody><\/table><\/figure>\n","protected":false},"excerpt":{"rendered":"<p>Luftbefeuchtung f\u00fcr Druckereien Das Papier, eins der gefragtesten Rohstoffe auf unseren Planeten, das Material der Druckereien. Papier \u2013 das Material der Druckereien und eines der gefragtesten Rohstoffe auf unseren Planeten \u2013 rei\u00dft, wenn es zu trocken ist und w\u00f6lbt sich, wenn es feucht wird. Wie der Name Druckerei schon sagt, ist der Aufdruck auf Papier [&hellip;]<\/p>\n","protected":false},"author":1,"featured_media":820,"parent":672,"menu_order":0,"comment_status":"closed","ping_status":"closed","template":"","meta":[],"yoast_head":"<!-- This site is optimized with the Yoast SEO plugin v18.6 - https:\/\/yoast.com\/wordpress\/plugins\/seo\/ -->\n<title>Druckerei - Supersonic<\/title>\n<meta name=\"robots\" content=\"index, follow, max-snippet:-1, max-image-preview:large, max-video-preview:-1\" \/>\n<link rel=\"canonical\" href=\"https:\/\/ps-sonic.com\/de\/fachwissen\/anwendungsbereiche\/druckerei\/\" \/>\n<meta property=\"og:locale\" content=\"de_DE\" \/>\n<meta property=\"og:type\" content=\"article\" \/>\n<meta property=\"og:title\" content=\"Druckerei - Supersonic\" \/>\n<meta property=\"og:description\" content=\"Luftbefeuchtung f\u00fcr Druckereien Das Papier, eins der gefragtesten Rohstoffe auf unseren Planeten, das Material der Druckereien. Papier \u2013 das Material der Druckereien und eines der gefragtesten Rohstoffe auf unseren Planeten \u2013 rei\u00dft, wenn es zu trocken ist und w\u00f6lbt sich, wenn es feucht wird. Wie der Name Druckerei schon sagt, ist der Aufdruck auf Papier [&hellip;]\" \/>\n<meta property=\"og:url\" content=\"https:\/\/ps-sonic.com\/de\/fachwissen\/anwendungsbereiche\/druckerei\/\" \/>\n<meta property=\"og:site_name\" content=\"Supersonic\" \/>\n<meta property=\"article:modified_time\" content=\"2022-08-05T15:42:06+00:00\" \/>\n<meta property=\"og:image\" content=\"https:\/\/ps-sonic.com\/wp-content\/uploads\/2022\/05\/Druckerei.jpg\" \/>\n\t<meta property=\"og:image:width\" content=\"1685\" \/>\n\t<meta property=\"og:image:height\" content=\"1123\" \/>\n\t<meta property=\"og:image:type\" content=\"image\/jpeg\" \/>\n<meta name=\"twitter:card\" content=\"summary_large_image\" \/>\n<meta name=\"twitter:label1\" content=\"Est. reading time\" \/>\n\t<meta name=\"twitter:data1\" content=\"1 Minute\" \/>\n<script type=\"application\/ld+json\" class=\"yoast-schema-graph\">{\"@context\":\"https:\/\/schema.org\",\"@graph\":[{\"@type\":\"WebSite\",\"@id\":\"https:\/\/ps-sonic.com\/#website\",\"url\":\"https:\/\/ps-sonic.com\/\",\"name\":\"Supersonic\",\"description\":\"Supersonic - A Arte da Humidifica\u00e7\u00e3o\",\"potentialAction\":[{\"@type\":\"SearchAction\",\"target\":{\"@type\":\"EntryPoint\",\"urlTemplate\":\"https:\/\/ps-sonic.com\/?s={search_term_string}\"},\"query-input\":\"required name=search_term_string\"}],\"inLanguage\":\"de-DE\"},{\"@type\":\"ImageObject\",\"@id\":\"https:\/\/ps-sonic.com\/fachwissen\/anwendungsbereiche\/druckerei\/#primaryimage\",\"inLanguage\":\"de-DE\",\"url\":\"https:\/\/ps-sonic.com\/wp-content\/uploads\/2022\/05\/Druckerei.jpg\",\"contentUrl\":\"https:\/\/ps-sonic.com\/wp-content\/uploads\/2022\/05\/Druckerei.jpg\",\"width\":1685,\"height\":1123,\"caption\":\"Offset printing machine\"},{\"@type\":\"WebPage\",\"@id\":\"https:\/\/ps-sonic.com\/fachwissen\/anwendungsbereiche\/druckerei\/#webpage\",\"url\":\"https:\/\/ps-sonic.com\/fachwissen\/anwendungsbereiche\/druckerei\/\",\"name\":\"Druckerei - Supersonic\",\"isPartOf\":{\"@id\":\"https:\/\/ps-sonic.com\/#website\"},\"primaryImageOfPage\":{\"@id\":\"https:\/\/ps-sonic.com\/fachwissen\/anwendungsbereiche\/druckerei\/#primaryimage\"},\"datePublished\":\"2022-05-06T17:53:48+00:00\",\"dateModified\":\"2022-08-05T15:42:06+00:00\",\"breadcrumb\":{\"@id\":\"https:\/\/ps-sonic.com\/fachwissen\/anwendungsbereiche\/druckerei\/#breadcrumb\"},\"inLanguage\":\"de-DE\",\"potentialAction\":[{\"@type\":\"ReadAction\",\"target\":[\"https:\/\/ps-sonic.com\/fachwissen\/anwendungsbereiche\/druckerei\/\"]}]},{\"@type\":\"BreadcrumbList\",\"@id\":\"https:\/\/ps-sonic.com\/fachwissen\/anwendungsbereiche\/druckerei\/#breadcrumb\",\"itemListElement\":[{\"@type\":\"ListItem\",\"position\":1,\"name\":\"In\u00edcio\",\"item\":\"https:\/\/ps-sonic.com\/\"},{\"@type\":\"ListItem\",\"position\":2,\"name\":\"Service\",\"item\":\"https:\/\/ps-sonic.com\/fachwissen\/\"},{\"@type\":\"ListItem\",\"position\":3,\"name\":\"Anwendungsbereiche\",\"item\":\"https:\/\/ps-sonic.com\/fachwissen\/anwendungsbereiche\/\"},{\"@type\":\"ListItem\",\"position\":4,\"name\":\"Druckerei\"}]}]}<\/script>\n<!-- \/ Yoast SEO plugin. -->","yoast_head_json":{"title":"Druckerei - Supersonic","robots":{"index":"index","follow":"follow","max-snippet":"max-snippet:-1","max-image-preview":"max-image-preview:large","max-video-preview":"max-video-preview:-1"},"canonical":"https:\/\/ps-sonic.com\/de\/fachwissen\/anwendungsbereiche\/druckerei\/","og_locale":"de_DE","og_type":"article","og_title":"Druckerei - Supersonic","og_description":"Luftbefeuchtung f\u00fcr Druckereien Das Papier, eins der gefragtesten Rohstoffe auf unseren Planeten, das Material der Druckereien. Papier \u2013 das Material der Druckereien und eines der gefragtesten Rohstoffe auf unseren Planeten \u2013 rei\u00dft, wenn es zu trocken ist und w\u00f6lbt sich, wenn es feucht wird. Wie der Name Druckerei schon sagt, ist der Aufdruck auf Papier [&hellip;]","og_url":"https:\/\/ps-sonic.com\/de\/fachwissen\/anwendungsbereiche\/druckerei\/","og_site_name":"Supersonic","article_modified_time":"2022-08-05T15:42:06+00:00","og_image":[{"width":1685,"height":1123,"url":"https:\/\/ps-sonic.com\/wp-content\/uploads\/2022\/05\/Druckerei.jpg","type":"image\/jpeg"}],"twitter_card":"summary_large_image","twitter_misc":{"Est. reading time":"1 Minute"},"schema":{"@context":"https:\/\/schema.org","@graph":[{"@type":"WebSite","@id":"https:\/\/ps-sonic.com\/#website","url":"https:\/\/ps-sonic.com\/","name":"Supersonic","description":"Supersonic - A Arte da Humidifica\u00e7\u00e3o","potentialAction":[{"@type":"SearchAction","target":{"@type":"EntryPoint","urlTemplate":"https:\/\/ps-sonic.com\/?s={search_term_string}"},"query-input":"required name=search_term_string"}],"inLanguage":"de-DE"},{"@type":"ImageObject","@id":"https:\/\/ps-sonic.com\/fachwissen\/anwendungsbereiche\/druckerei\/#primaryimage","inLanguage":"de-DE","url":"https:\/\/ps-sonic.com\/wp-content\/uploads\/2022\/05\/Druckerei.jpg","contentUrl":"https:\/\/ps-sonic.com\/wp-content\/uploads\/2022\/05\/Druckerei.jpg","width":1685,"height":1123,"caption":"Offset printing machine"},{"@type":"WebPage","@id":"https:\/\/ps-sonic.com\/fachwissen\/anwendungsbereiche\/druckerei\/#webpage","url":"https:\/\/ps-sonic.com\/fachwissen\/anwendungsbereiche\/druckerei\/","name":"Druckerei - Supersonic","isPartOf":{"@id":"https:\/\/ps-sonic.com\/#website"},"primaryImageOfPage":{"@id":"https:\/\/ps-sonic.com\/fachwissen\/anwendungsbereiche\/druckerei\/#primaryimage"},"datePublished":"2022-05-06T17:53:48+00:00","dateModified":"2022-08-05T15:42:06+00:00","breadcrumb":{"@id":"https:\/\/ps-sonic.com\/fachwissen\/anwendungsbereiche\/druckerei\/#breadcrumb"},"inLanguage":"de-DE","potentialAction":[{"@type":"ReadAction","target":["https:\/\/ps-sonic.com\/fachwissen\/anwendungsbereiche\/druckerei\/"]}]},{"@type":"BreadcrumbList","@id":"https:\/\/ps-sonic.com\/fachwissen\/anwendungsbereiche\/druckerei\/#breadcrumb","itemListElement":[{"@type":"ListItem","position":1,"name":"In\u00edcio","item":"https:\/\/ps-sonic.com\/"},{"@type":"ListItem","position":2,"name":"Service","item":"https:\/\/ps-sonic.com\/fachwissen\/"},{"@type":"ListItem","position":3,"name":"Anwendungsbereiche","item":"https:\/\/ps-sonic.com\/fachwissen\/anwendungsbereiche\/"},{"@type":"ListItem","position":4,"name":"Druckerei"}]}]}},"_links":{"self":[{"href":"https:\/\/ps-sonic.com\/de\/wp-json\/wp\/v2\/pages\/674"}],"collection":[{"href":"https:\/\/ps-sonic.com\/de\/wp-json\/wp\/v2\/pages"}],"about":[{"href":"https:\/\/ps-sonic.com\/de\/wp-json\/wp\/v2\/types\/page"}],"author":[{"embeddable":true,"href":"https:\/\/ps-sonic.com\/de\/wp-json\/wp\/v2\/users\/1"}],"replies":[{"embeddable":true,"href":"https:\/\/ps-sonic.com\/de\/wp-json\/wp\/v2\/comments?post=674"}],"version-history":[{"count":10,"href":"https:\/\/ps-sonic.com\/de\/wp-json\/wp\/v2\/pages\/674\/revisions"}],"predecessor-version":[{"id":994,"href":"https:\/\/ps-sonic.com\/de\/wp-json\/wp\/v2\/pages\/674\/revisions\/994"}],"up":[{"embeddable":true,"href":"https:\/\/ps-sonic.com\/de\/wp-json\/wp\/v2\/pages\/672"}],"wp:featuredmedia":[{"embeddable":true,"href":"https:\/\/ps-sonic.com\/de\/wp-json\/wp\/v2\/media\/820"}],"wp:attachment":[{"href":"https:\/\/ps-sonic.com\/de\/wp-json\/wp\/v2\/media?parent=674"}],"curies":[{"name":"wp","href":"https:\/\/api.w.org\/{rel}","templated":true}]}}