{"id":709,"date":"2022-05-06T20:21:26","date_gmt":"2022-05-06T19:21:26","guid":{"rendered":"http:\/\/supersonic.inflightit.com\/?page_id=709"},"modified":"2022-07-08T15:13:23","modified_gmt":"2022-07-08T14:13:23","slug":"ersatzteile","status":"publish","type":"page","link":"https:\/\/ps-sonic.com\/de\/fachwissen\/service\/ersatzteile\/","title":{"rendered":"Ersatzteile"},"content":{"rendered":"\n<p>Verschlei\u00df- oder Ersatzteile f\u00fcr eine Reparatur stehen in unserem Zentrallager in Esposende zur Verf\u00fcgung. Bei Bestelleingang bis 13 Uhr versenden wir Verschlei\u00df- und Ersatzteile noch am selben Tag.<\/p>\n","protected":false},"excerpt":{"rendered":"<p>Verschlei\u00df- oder Ersatzteile f\u00fcr eine Reparatur stehen in unserem Zentrallager in Esposende zur Verf\u00fcgung. Bei Bestelleingang bis 13 Uhr versenden wir Verschlei\u00df- und Ersatzteile noch am selben Tag.<\/p>\n","protected":false},"author":1,"featured_media":0,"parent":651,"menu_order":0,"comment_status":"closed","ping_status":"closed","template":"","meta":[],"yoast_head":"<!-- This site is optimized with the Yoast SEO plugin v18.6 - https:\/\/yoast.com\/wordpress\/plugins\/seo\/ -->\n<title>Ersatzteile - Supersonic<\/title>\n<meta name=\"robots\" content=\"index, follow, max-snippet:-1, max-image-preview:large, max-video-preview:-1\" \/>\n<link rel=\"canonical\" href=\"https:\/\/ps-sonic.com\/de\/fachwissen\/service\/ersatzteile\/\" \/>\n<meta property=\"og:locale\" content=\"de_DE\" \/>\n<meta property=\"og:type\" content=\"article\" \/>\n<meta property=\"og:title\" content=\"Ersatzteile - Supersonic\" \/>\n<meta property=\"og:description\" content=\"Verschlei\u00df- oder Ersatzteile f\u00fcr eine Reparatur stehen in unserem Zentrallager in Esposende zur Verf\u00fcgung. Bei Bestelleingang bis 13 Uhr versenden wir Verschlei\u00df- und Ersatzteile noch am selben Tag.\" \/>\n<meta property=\"og:url\" content=\"https:\/\/ps-sonic.com\/de\/fachwissen\/service\/ersatzteile\/\" \/>\n<meta property=\"og:site_name\" content=\"Supersonic\" \/>\n<meta property=\"article:modified_time\" content=\"2022-07-08T14:13:23+00:00\" \/>\n<meta name=\"twitter:card\" content=\"summary_large_image\" \/>\n<script type=\"application\/ld+json\" class=\"yoast-schema-graph\">{\"@context\":\"https:\/\/schema.org\",\"@graph\":[{\"@type\":\"WebSite\",\"@id\":\"https:\/\/ps-sonic.com\/#website\",\"url\":\"https:\/\/ps-sonic.com\/\",\"name\":\"Supersonic\",\"description\":\"Supersonic - A Arte da Humidifica\u00e7\u00e3o\",\"potentialAction\":[{\"@type\":\"SearchAction\",\"target\":{\"@type\":\"EntryPoint\",\"urlTemplate\":\"https:\/\/ps-sonic.com\/?s={search_term_string}\"},\"query-input\":\"required name=search_term_string\"}],\"inLanguage\":\"de-DE\"},{\"@type\":\"WebPage\",\"@id\":\"https:\/\/ps-sonic.com\/fachwissen\/service\/ersatzteile\/#webpage\",\"url\":\"https:\/\/ps-sonic.com\/fachwissen\/service\/ersatzteile\/\",\"name\":\"Ersatzteile - Supersonic\",\"isPartOf\":{\"@id\":\"https:\/\/ps-sonic.com\/#website\"},\"datePublished\":\"2022-05-06T19:21:26+00:00\",\"dateModified\":\"2022-07-08T14:13:23+00:00\",\"breadcrumb\":{\"@id\":\"https:\/\/ps-sonic.com\/fachwissen\/service\/ersatzteile\/#breadcrumb\"},\"inLanguage\":\"de-DE\",\"potentialAction\":[{\"@type\":\"ReadAction\",\"target\":[\"https:\/\/ps-sonic.com\/fachwissen\/service\/ersatzteile\/\"]}]},{\"@type\":\"BreadcrumbList\",\"@id\":\"https:\/\/ps-sonic.com\/fachwissen\/service\/ersatzteile\/#breadcrumb\",\"itemListElement\":[{\"@type\":\"ListItem\",\"position\":1,\"name\":\"In\u00edcio\",\"item\":\"https:\/\/ps-sonic.com\/\"},{\"@type\":\"ListItem\",\"position\":2,\"name\":\"Service\",\"item\":\"https:\/\/ps-sonic.com\/fachwissen\/\"},{\"@type\":\"ListItem\",\"position\":3,\"name\":\"Leistungen\",\"item\":\"https:\/\/ps-sonic.com\/fachwissen\/service\/\"},{\"@type\":\"ListItem\",\"position\":4,\"name\":\"Ersatzteile\"}]}]}<\/script>\n<!-- \/ Yoast SEO plugin. -->","yoast_head_json":{"title":"Ersatzteile - Supersonic","robots":{"index":"index","follow":"follow","max-snippet":"max-snippet:-1","max-image-preview":"max-image-preview:large","max-video-preview":"max-video-preview:-1"},"canonical":"https:\/\/ps-sonic.com\/de\/fachwissen\/service\/ersatzteile\/","og_locale":"de_DE","og_type":"article","og_title":"Ersatzteile - Supersonic","og_description":"Verschlei\u00df- oder Ersatzteile f\u00fcr eine Reparatur stehen in unserem Zentrallager in Esposende zur Verf\u00fcgung. Bei Bestelleingang bis 13 Uhr versenden wir Verschlei\u00df- und Ersatzteile noch am selben Tag.","og_url":"https:\/\/ps-sonic.com\/de\/fachwissen\/service\/ersatzteile\/","og_site_name":"Supersonic","article_modified_time":"2022-07-08T14:13:23+00:00","twitter_card":"summary_large_image","schema":{"@context":"https:\/\/schema.org","@graph":[{"@type":"WebSite","@id":"https:\/\/ps-sonic.com\/#website","url":"https:\/\/ps-sonic.com\/","name":"Supersonic","description":"Supersonic - A Arte da Humidifica\u00e7\u00e3o","potentialAction":[{"@type":"SearchAction","target":{"@type":"EntryPoint","urlTemplate":"https:\/\/ps-sonic.com\/?s={search_term_string}"},"query-input":"required name=search_term_string"}],"inLanguage":"de-DE"},{"@type":"WebPage","@id":"https:\/\/ps-sonic.com\/fachwissen\/service\/ersatzteile\/#webpage","url":"https:\/\/ps-sonic.com\/fachwissen\/service\/ersatzteile\/","name":"Ersatzteile - Supersonic","isPartOf":{"@id":"https:\/\/ps-sonic.com\/#website"},"datePublished":"2022-05-06T19:21:26+00:00","dateModified":"2022-07-08T14:13:23+00:00","breadcrumb":{"@id":"https:\/\/ps-sonic.com\/fachwissen\/service\/ersatzteile\/#breadcrumb"},"inLanguage":"de-DE","potentialAction":[{"@type":"ReadAction","target":["https:\/\/ps-sonic.com\/fachwissen\/service\/ersatzteile\/"]}]},{"@type":"BreadcrumbList","@id":"https:\/\/ps-sonic.com\/fachwissen\/service\/ersatzteile\/#breadcrumb","itemListElement":[{"@type":"ListItem","position":1,"name":"In\u00edcio","item":"https:\/\/ps-sonic.com\/"},{"@type":"ListItem","position":2,"name":"Service","item":"https:\/\/ps-sonic.com\/fachwissen\/"},{"@type":"ListItem","position":3,"name":"Leistungen","item":"https:\/\/ps-sonic.com\/fachwissen\/service\/"},{"@type":"ListItem","position":4,"name":"Ersatzteile"}]}]}},"_links":{"self":[{"href":"https:\/\/ps-sonic.com\/de\/wp-json\/wp\/v2\/pages\/709"}],"collection":[{"href":"https:\/\/ps-sonic.com\/de\/wp-json\/wp\/v2\/pages"}],"about":[{"href":"https:\/\/ps-sonic.com\/de\/wp-json\/wp\/v2\/types\/page"}],"author":[{"embeddable":true,"href":"https:\/\/ps-sonic.com\/de\/wp-json\/wp\/v2\/users\/1"}],"replies":[{"embeddable":true,"href":"https:\/\/ps-sonic.com\/de\/wp-json\/wp\/v2\/comments?post=709"}],"version-history":[{"count":2,"href":"https:\/\/ps-sonic.com\/de\/wp-json\/wp\/v2\/pages\/709\/revisions"}],"predecessor-version":[{"id":902,"href":"https:\/\/ps-sonic.com\/de\/wp-json\/wp\/v2\/pages\/709\/revisions\/902"}],"up":[{"embeddable":true,"href":"https:\/\/ps-sonic.com\/de\/wp-json\/wp\/v2\/pages\/651"}],"wp:attachment":[{"href":"https:\/\/ps-sonic.com\/de\/wp-json\/wp\/v2\/media?parent=709"}],"curies":[{"name":"wp","href":"https:\/\/api.w.org\/{rel}","templated":true}]}}