{"id":714,"date":"2022-05-06T20:25:38","date_gmt":"2022-05-06T19:25:38","guid":{"rendered":"http:\/\/supersonic.inflightit.com\/?page_id=714"},"modified":"2022-08-05T16:42:15","modified_gmt":"2022-08-05T15:42:15","slug":"rechenzentren","status":"publish","type":"page","link":"https:\/\/ps-sonic.com\/de\/fachwissen\/anwendungsbereiche\/rechenzentren\/","title":{"rendered":"Rechenzentren"},"content":{"rendered":"\n<p><strong>Luftbefeuchtung in Rechenzentren<\/strong><\/p>\n\n\n\n<p>Trotz hoher Sicherheitsma\u00dfnahmen zur Eliminierung von elektrostatischen Entladungen, kommt es immer wieder vor, dass sensible Hardwarekomponenten in Rechenzentren besch\u00e4digt werden. Luftbefeuchter sorgen in Rechenzentren daf\u00fcr, dass elektrostatische Entladungen und Besch\u00e4digungen der sensiblen Hardware verhindert wird.<\/p>\n\n\n\n<figure class=\"wp-block-image size-full\"><img loading=\"lazy\" width=\"1600\" height=\"900\" src=\"https:\/\/ps-sonic.com\/wp-content\/uploads\/2022\/05\/Rechenzentren.jpg\" alt=\"\" class=\"wp-image-829\"\/><\/figure>\n\n\n\n<p>Ebenfalls von sehr hoher Bedeutung ist die extreme Erzeugung von W\u00e4rmeenergie durch die Hardwarekomponenten. Der Luftbefeuchter dient nicht nur zur Eliminierung der elektrostatischen Entladungen, sondern dient auch als W\u00e4rmetr\u00e4ger. Die Feuchteluft ist ausschlaggebend f\u00fcr die W\u00e4rme\u00fcbertragung \u00fcber die W\u00e4rmetauscher der K\u00fchlanlagen. Trockene Luft ist ein sehr guter Isolator und kann schlechte W\u00e4rme aufnehmen und leiten. Trockene Luft l\u00e4sst die K\u00fchlanlagen l\u00e4nger laufen, was sich negativ auf die Betriebskosten auswirkt.<\/p>\n","protected":false},"excerpt":{"rendered":"<p>Luftbefeuchtung in Rechenzentren Trotz hoher Sicherheitsma\u00dfnahmen zur Eliminierung von elektrostatischen Entladungen, kommt es immer wieder vor, dass sensible Hardwarekomponenten in Rechenzentren besch\u00e4digt werden. Luftbefeuchter sorgen in Rechenzentren daf\u00fcr, dass elektrostatische Entladungen und Besch\u00e4digungen der sensiblen Hardware verhindert wird. Ebenfalls von sehr hoher Bedeutung ist die extreme Erzeugung von W\u00e4rmeenergie durch die Hardwarekomponenten. Der Luftbefeuchter dient [&hellip;]<\/p>\n","protected":false},"author":1,"featured_media":829,"parent":672,"menu_order":0,"comment_status":"closed","ping_status":"closed","template":"","meta":[],"yoast_head":"<!-- This site is optimized with the Yoast SEO plugin v18.6 - https:\/\/yoast.com\/wordpress\/plugins\/seo\/ -->\n<title>Rechenzentren - Supersonic<\/title>\n<meta name=\"robots\" content=\"index, follow, max-snippet:-1, max-image-preview:large, max-video-preview:-1\" \/>\n<link rel=\"canonical\" href=\"https:\/\/ps-sonic.com\/de\/fachwissen\/anwendungsbereiche\/rechenzentren\/\" \/>\n<meta property=\"og:locale\" content=\"de_DE\" \/>\n<meta property=\"og:type\" content=\"article\" \/>\n<meta property=\"og:title\" content=\"Rechenzentren - Supersonic\" \/>\n<meta property=\"og:description\" content=\"Luftbefeuchtung in Rechenzentren Trotz hoher Sicherheitsma\u00dfnahmen zur Eliminierung von elektrostatischen Entladungen, kommt es immer wieder vor, dass sensible Hardwarekomponenten in Rechenzentren besch\u00e4digt werden. Luftbefeuchter sorgen in Rechenzentren daf\u00fcr, dass elektrostatische Entladungen und Besch\u00e4digungen der sensiblen Hardware verhindert wird. Ebenfalls von sehr hoher Bedeutung ist die extreme Erzeugung von W\u00e4rmeenergie durch die Hardwarekomponenten. Der Luftbefeuchter dient [&hellip;]\" \/>\n<meta property=\"og:url\" content=\"https:\/\/ps-sonic.com\/de\/fachwissen\/anwendungsbereiche\/rechenzentren\/\" \/>\n<meta property=\"og:site_name\" content=\"Supersonic\" \/>\n<meta property=\"article:modified_time\" content=\"2022-08-05T15:42:15+00:00\" \/>\n<meta property=\"og:image\" content=\"https:\/\/ps-sonic.com\/wp-content\/uploads\/2022\/05\/Rechenzentren.jpg\" \/>\n\t<meta property=\"og:image:width\" content=\"1600\" \/>\n\t<meta property=\"og:image:height\" content=\"900\" \/>\n\t<meta property=\"og:image:type\" content=\"image\/jpeg\" \/>\n<meta name=\"twitter:card\" content=\"summary_large_image\" \/>\n<meta name=\"twitter:label1\" content=\"Est. reading time\" \/>\n\t<meta name=\"twitter:data1\" content=\"1 Minute\" \/>\n<script type=\"application\/ld+json\" class=\"yoast-schema-graph\">{\"@context\":\"https:\/\/schema.org\",\"@graph\":[{\"@type\":\"WebSite\",\"@id\":\"https:\/\/ps-sonic.com\/#website\",\"url\":\"https:\/\/ps-sonic.com\/\",\"name\":\"Supersonic\",\"description\":\"Supersonic - A Arte da Humidifica\u00e7\u00e3o\",\"potentialAction\":[{\"@type\":\"SearchAction\",\"target\":{\"@type\":\"EntryPoint\",\"urlTemplate\":\"https:\/\/ps-sonic.com\/?s={search_term_string}\"},\"query-input\":\"required name=search_term_string\"}],\"inLanguage\":\"de-DE\"},{\"@type\":\"ImageObject\",\"@id\":\"https:\/\/ps-sonic.com\/fachwissen\/anwendungsbereiche\/rechenzentren\/#primaryimage\",\"inLanguage\":\"de-DE\",\"url\":\"https:\/\/ps-sonic.com\/wp-content\/uploads\/2022\/05\/Rechenzentren.jpg\",\"contentUrl\":\"https:\/\/ps-sonic.com\/wp-content\/uploads\/2022\/05\/Rechenzentren.jpg\",\"width\":1600,\"height\":900,\"caption\":\"Shot of Data Center With Multiple Rows of Fully Operational Server Racks. Modern Telecommunications, Cloud Computing, Artificial Intelligence, Database, Supercomputer Technology Concept.\"},{\"@type\":\"WebPage\",\"@id\":\"https:\/\/ps-sonic.com\/fachwissen\/anwendungsbereiche\/rechenzentren\/#webpage\",\"url\":\"https:\/\/ps-sonic.com\/fachwissen\/anwendungsbereiche\/rechenzentren\/\",\"name\":\"Rechenzentren - Supersonic\",\"isPartOf\":{\"@id\":\"https:\/\/ps-sonic.com\/#website\"},\"primaryImageOfPage\":{\"@id\":\"https:\/\/ps-sonic.com\/fachwissen\/anwendungsbereiche\/rechenzentren\/#primaryimage\"},\"datePublished\":\"2022-05-06T19:25:38+00:00\",\"dateModified\":\"2022-08-05T15:42:15+00:00\",\"breadcrumb\":{\"@id\":\"https:\/\/ps-sonic.com\/fachwissen\/anwendungsbereiche\/rechenzentren\/#breadcrumb\"},\"inLanguage\":\"de-DE\",\"potentialAction\":[{\"@type\":\"ReadAction\",\"target\":[\"https:\/\/ps-sonic.com\/fachwissen\/anwendungsbereiche\/rechenzentren\/\"]}]},{\"@type\":\"BreadcrumbList\",\"@id\":\"https:\/\/ps-sonic.com\/fachwissen\/anwendungsbereiche\/rechenzentren\/#breadcrumb\",\"itemListElement\":[{\"@type\":\"ListItem\",\"position\":1,\"name\":\"In\u00edcio\",\"item\":\"https:\/\/ps-sonic.com\/\"},{\"@type\":\"ListItem\",\"position\":2,\"name\":\"Service\",\"item\":\"https:\/\/ps-sonic.com\/fachwissen\/\"},{\"@type\":\"ListItem\",\"position\":3,\"name\":\"Anwendungsbereiche\",\"item\":\"https:\/\/ps-sonic.com\/fachwissen\/anwendungsbereiche\/\"},{\"@type\":\"ListItem\",\"position\":4,\"name\":\"Rechenzentren\"}]}]}<\/script>\n<!-- \/ Yoast SEO plugin. -->","yoast_head_json":{"title":"Rechenzentren - Supersonic","robots":{"index":"index","follow":"follow","max-snippet":"max-snippet:-1","max-image-preview":"max-image-preview:large","max-video-preview":"max-video-preview:-1"},"canonical":"https:\/\/ps-sonic.com\/de\/fachwissen\/anwendungsbereiche\/rechenzentren\/","og_locale":"de_DE","og_type":"article","og_title":"Rechenzentren - Supersonic","og_description":"Luftbefeuchtung in Rechenzentren Trotz hoher Sicherheitsma\u00dfnahmen zur Eliminierung von elektrostatischen Entladungen, kommt es immer wieder vor, dass sensible Hardwarekomponenten in Rechenzentren besch\u00e4digt werden. Luftbefeuchter sorgen in Rechenzentren daf\u00fcr, dass elektrostatische Entladungen und Besch\u00e4digungen der sensiblen Hardware verhindert wird. Ebenfalls von sehr hoher Bedeutung ist die extreme Erzeugung von W\u00e4rmeenergie durch die Hardwarekomponenten. Der Luftbefeuchter dient [&hellip;]","og_url":"https:\/\/ps-sonic.com\/de\/fachwissen\/anwendungsbereiche\/rechenzentren\/","og_site_name":"Supersonic","article_modified_time":"2022-08-05T15:42:15+00:00","og_image":[{"width":1600,"height":900,"url":"https:\/\/ps-sonic.com\/wp-content\/uploads\/2022\/05\/Rechenzentren.jpg","type":"image\/jpeg"}],"twitter_card":"summary_large_image","twitter_misc":{"Est. reading time":"1 Minute"},"schema":{"@context":"https:\/\/schema.org","@graph":[{"@type":"WebSite","@id":"https:\/\/ps-sonic.com\/#website","url":"https:\/\/ps-sonic.com\/","name":"Supersonic","description":"Supersonic - A Arte da Humidifica\u00e7\u00e3o","potentialAction":[{"@type":"SearchAction","target":{"@type":"EntryPoint","urlTemplate":"https:\/\/ps-sonic.com\/?s={search_term_string}"},"query-input":"required name=search_term_string"}],"inLanguage":"de-DE"},{"@type":"ImageObject","@id":"https:\/\/ps-sonic.com\/fachwissen\/anwendungsbereiche\/rechenzentren\/#primaryimage","inLanguage":"de-DE","url":"https:\/\/ps-sonic.com\/wp-content\/uploads\/2022\/05\/Rechenzentren.jpg","contentUrl":"https:\/\/ps-sonic.com\/wp-content\/uploads\/2022\/05\/Rechenzentren.jpg","width":1600,"height":900,"caption":"Shot of Data Center With Multiple Rows of Fully Operational Server Racks. Modern Telecommunications, Cloud Computing, Artificial Intelligence, Database, Supercomputer Technology Concept."},{"@type":"WebPage","@id":"https:\/\/ps-sonic.com\/fachwissen\/anwendungsbereiche\/rechenzentren\/#webpage","url":"https:\/\/ps-sonic.com\/fachwissen\/anwendungsbereiche\/rechenzentren\/","name":"Rechenzentren - Supersonic","isPartOf":{"@id":"https:\/\/ps-sonic.com\/#website"},"primaryImageOfPage":{"@id":"https:\/\/ps-sonic.com\/fachwissen\/anwendungsbereiche\/rechenzentren\/#primaryimage"},"datePublished":"2022-05-06T19:25:38+00:00","dateModified":"2022-08-05T15:42:15+00:00","breadcrumb":{"@id":"https:\/\/ps-sonic.com\/fachwissen\/anwendungsbereiche\/rechenzentren\/#breadcrumb"},"inLanguage":"de-DE","potentialAction":[{"@type":"ReadAction","target":["https:\/\/ps-sonic.com\/fachwissen\/anwendungsbereiche\/rechenzentren\/"]}]},{"@type":"BreadcrumbList","@id":"https:\/\/ps-sonic.com\/fachwissen\/anwendungsbereiche\/rechenzentren\/#breadcrumb","itemListElement":[{"@type":"ListItem","position":1,"name":"In\u00edcio","item":"https:\/\/ps-sonic.com\/"},{"@type":"ListItem","position":2,"name":"Service","item":"https:\/\/ps-sonic.com\/fachwissen\/"},{"@type":"ListItem","position":3,"name":"Anwendungsbereiche","item":"https:\/\/ps-sonic.com\/fachwissen\/anwendungsbereiche\/"},{"@type":"ListItem","position":4,"name":"Rechenzentren"}]}]}},"_links":{"self":[{"href":"https:\/\/ps-sonic.com\/de\/wp-json\/wp\/v2\/pages\/714"}],"collection":[{"href":"https:\/\/ps-sonic.com\/de\/wp-json\/wp\/v2\/pages"}],"about":[{"href":"https:\/\/ps-sonic.com\/de\/wp-json\/wp\/v2\/types\/page"}],"author":[{"embeddable":true,"href":"https:\/\/ps-sonic.com\/de\/wp-json\/wp\/v2\/users\/1"}],"replies":[{"embeddable":true,"href":"https:\/\/ps-sonic.com\/de\/wp-json\/wp\/v2\/comments?post=714"}],"version-history":[{"count":7,"href":"https:\/\/ps-sonic.com\/de\/wp-json\/wp\/v2\/pages\/714\/revisions"}],"predecessor-version":[{"id":995,"href":"https:\/\/ps-sonic.com\/de\/wp-json\/wp\/v2\/pages\/714\/revisions\/995"}],"up":[{"embeddable":true,"href":"https:\/\/ps-sonic.com\/de\/wp-json\/wp\/v2\/pages\/672"}],"wp:featuredmedia":[{"embeddable":true,"href":"https:\/\/ps-sonic.com\/de\/wp-json\/wp\/v2\/media\/829"}],"wp:attachment":[{"href":"https:\/\/ps-sonic.com\/de\/wp-json\/wp\/v2\/media?parent=714"}],"curies":[{"name":"wp","href":"https:\/\/api.w.org\/{rel}","templated":true}]}}