{"id":721,"date":"2022-05-06T20:26:50","date_gmt":"2022-05-06T19:26:50","guid":{"rendered":"http:\/\/supersonic.inflightit.com\/?page_id=721"},"modified":"2022-08-05T16:42:34","modified_gmt":"2022-08-05T15:42:34","slug":"textilindustrie","status":"publish","type":"page","link":"https:\/\/ps-sonic.com\/de\/fachwissen\/anwendungsbereiche\/textilindustrie\/","title":{"rendered":"Textilindustrie"},"content":{"rendered":"\n<p><strong>Luftbefeuchtung f\u00fcr Garne und Stoffe<\/strong><\/p>\n\n\n\n<p>Sehr sensibles Material reagiert schnell auf trockene oder zu feuchte Luft. Fasern werden spr\u00f6de, Textilstoffe ziehen sich zusammen oder dehnen sich aus. Das f\u00fchrt bereits w\u00e4hrend der Fertigung zu erheblichem Qualit\u00e4tsverlust.<\/p>\n\n\n\n<figure class=\"wp-block-image size-full\"><img loading=\"lazy\" width=\"1600\" height=\"1068\" src=\"https:\/\/ps-sonic.com\/wp-content\/uploads\/2022\/05\/Textilindustrie.jpg\" alt=\"\" class=\"wp-image-831\"\/><\/figure>\n\n\n\n<p>Zudem schadet auch die statische Aufladung der Weiterverarbeitung von Garnen und Stoffen, indem aufgeladene Fasern auseinanderstreben, sich schlecht kardieren oder k\u00e4mmen lassen und an den F\u00fchrungs\u00f6sen haften.<\/p>\n\n\n\n<figure class=\"wp-block-table\"><table><thead><tr><td><strong>Material<\/strong><\/td><td><strong>Anwendung<\/strong><\/td><td><strong>Temperatur \u00b0C<\/strong><\/td><td><strong>rel. Luftfeuchte %<\/strong><\/td><\/tr><\/thead><tbody><tr><td>Seide<\/td><td>Spinnen<\/td><td>22 bis 25<\/td><td>65 bis 70<\/td><\/tr><tr><td>Seide<\/td><td>Weben<\/td><td>22 bis 25<\/td><td>60 bis 70<\/td><\/tr><tr><td>Wolle<\/td><td>Kardieren\/K\u00e4mmen<\/td><td>20 bis 25<\/td><td>65 bis 80<\/td><\/tr><tr><td>Wolle<\/td><td>erstes Spinnen<\/td><td>22 bis 25<\/td><td>60 bis 65<\/td><\/tr><tr><td>Wolle<\/td><td>Ringspinnen<\/td><td>22 bis 25<\/td><td>55 bis 60<\/td><\/tr><tr><td>Wolle<\/td><td>Weben<\/td><td>22 bis 25<\/td><td>55 bis 65<\/td><\/tr><tr><td>Baumwolle<\/td><td>Vorbehandlung<\/td><td>20 bis 25<\/td><td>50 bis 60<\/td><\/tr><tr><td>Baumwolle<\/td><td>Kardieren<\/td><td>20 bis 25<\/td><td>65 bis 70<\/td><\/tr><tr><td>Baumwolle<\/td><td>K\u00e4mmen<\/td><td>20 bis 25<\/td><td>55 bis 65<\/td><\/tr><tr><td>Baumwolle<\/td><td>Spinnen<\/td><td>20 bis 25<\/td><td>40 bis 65<\/td><\/tr><tr><td>Baumwolle<\/td><td>Weben<\/td><td>22 bis 25<\/td><td>70 bis 85<\/td><\/tr><tr><td>Baumwolle<\/td><td>Appretieren<\/td><td>20 bis 25<\/td><td>65<\/td><\/tr><\/tbody><\/table><\/figure>\n","protected":false},"excerpt":{"rendered":"<p>Luftbefeuchtung f\u00fcr Garne und Stoffe Sehr sensibles Material reagiert schnell auf trockene oder zu feuchte Luft. Fasern werden spr\u00f6de, Textilstoffe ziehen sich zusammen oder dehnen sich aus. Das f\u00fchrt bereits w\u00e4hrend der Fertigung zu erheblichem Qualit\u00e4tsverlust. Zudem schadet auch die statische Aufladung der Weiterverarbeitung von Garnen und Stoffen, indem aufgeladene Fasern auseinanderstreben, sich schlecht kardieren [&hellip;]<\/p>\n","protected":false},"author":1,"featured_media":831,"parent":672,"menu_order":0,"comment_status":"closed","ping_status":"closed","template":"","meta":[],"yoast_head":"<!-- This site is optimized with the Yoast SEO plugin v18.6 - https:\/\/yoast.com\/wordpress\/plugins\/seo\/ -->\n<title>Textilindustrie - Supersonic<\/title>\n<meta name=\"robots\" content=\"index, follow, max-snippet:-1, max-image-preview:large, max-video-preview:-1\" \/>\n<link rel=\"canonical\" href=\"https:\/\/ps-sonic.com\/de\/fachwissen\/anwendungsbereiche\/textilindustrie\/\" \/>\n<meta property=\"og:locale\" content=\"de_DE\" \/>\n<meta property=\"og:type\" content=\"article\" \/>\n<meta property=\"og:title\" content=\"Textilindustrie - Supersonic\" \/>\n<meta property=\"og:description\" content=\"Luftbefeuchtung f\u00fcr Garne und Stoffe Sehr sensibles Material reagiert schnell auf trockene oder zu feuchte Luft. Fasern werden spr\u00f6de, Textilstoffe ziehen sich zusammen oder dehnen sich aus. Das f\u00fchrt bereits w\u00e4hrend der Fertigung zu erheblichem Qualit\u00e4tsverlust. Zudem schadet auch die statische Aufladung der Weiterverarbeitung von Garnen und Stoffen, indem aufgeladene Fasern auseinanderstreben, sich schlecht kardieren [&hellip;]\" \/>\n<meta property=\"og:url\" content=\"https:\/\/ps-sonic.com\/de\/fachwissen\/anwendungsbereiche\/textilindustrie\/\" \/>\n<meta property=\"og:site_name\" content=\"Supersonic\" \/>\n<meta property=\"article:modified_time\" content=\"2022-08-05T15:42:34+00:00\" \/>\n<meta property=\"og:image\" content=\"https:\/\/ps-sonic.com\/wp-content\/uploads\/2022\/05\/Textilindustrie.jpg\" \/>\n\t<meta property=\"og:image:width\" content=\"1600\" \/>\n\t<meta property=\"og:image:height\" content=\"1068\" \/>\n\t<meta property=\"og:image:type\" content=\"image\/jpeg\" \/>\n<meta name=\"twitter:card\" content=\"summary_large_image\" \/>\n<meta name=\"twitter:label1\" content=\"Est. reading time\" \/>\n\t<meta name=\"twitter:data1\" content=\"1 Minute\" \/>\n<script type=\"application\/ld+json\" class=\"yoast-schema-graph\">{\"@context\":\"https:\/\/schema.org\",\"@graph\":[{\"@type\":\"WebSite\",\"@id\":\"https:\/\/ps-sonic.com\/#website\",\"url\":\"https:\/\/ps-sonic.com\/\",\"name\":\"Supersonic\",\"description\":\"Supersonic - A Arte da Humidifica\u00e7\u00e3o\",\"potentialAction\":[{\"@type\":\"SearchAction\",\"target\":{\"@type\":\"EntryPoint\",\"urlTemplate\":\"https:\/\/ps-sonic.com\/?s={search_term_string}\"},\"query-input\":\"required name=search_term_string\"}],\"inLanguage\":\"de-DE\"},{\"@type\":\"ImageObject\",\"@id\":\"https:\/\/ps-sonic.com\/fachwissen\/anwendungsbereiche\/textilindustrie\/#primaryimage\",\"inLanguage\":\"de-DE\",\"url\":\"https:\/\/ps-sonic.com\/wp-content\/uploads\/2022\/05\/Textilindustrie.jpg\",\"contentUrl\":\"https:\/\/ps-sonic.com\/wp-content\/uploads\/2022\/05\/Textilindustrie.jpg\",\"width\":1600,\"height\":1068,\"caption\":\"Factory on manufacture of threads\"},{\"@type\":\"WebPage\",\"@id\":\"https:\/\/ps-sonic.com\/fachwissen\/anwendungsbereiche\/textilindustrie\/#webpage\",\"url\":\"https:\/\/ps-sonic.com\/fachwissen\/anwendungsbereiche\/textilindustrie\/\",\"name\":\"Textilindustrie - Supersonic\",\"isPartOf\":{\"@id\":\"https:\/\/ps-sonic.com\/#website\"},\"primaryImageOfPage\":{\"@id\":\"https:\/\/ps-sonic.com\/fachwissen\/anwendungsbereiche\/textilindustrie\/#primaryimage\"},\"datePublished\":\"2022-05-06T19:26:50+00:00\",\"dateModified\":\"2022-08-05T15:42:34+00:00\",\"breadcrumb\":{\"@id\":\"https:\/\/ps-sonic.com\/fachwissen\/anwendungsbereiche\/textilindustrie\/#breadcrumb\"},\"inLanguage\":\"de-DE\",\"potentialAction\":[{\"@type\":\"ReadAction\",\"target\":[\"https:\/\/ps-sonic.com\/fachwissen\/anwendungsbereiche\/textilindustrie\/\"]}]},{\"@type\":\"BreadcrumbList\",\"@id\":\"https:\/\/ps-sonic.com\/fachwissen\/anwendungsbereiche\/textilindustrie\/#breadcrumb\",\"itemListElement\":[{\"@type\":\"ListItem\",\"position\":1,\"name\":\"In\u00edcio\",\"item\":\"https:\/\/ps-sonic.com\/\"},{\"@type\":\"ListItem\",\"position\":2,\"name\":\"Service\",\"item\":\"https:\/\/ps-sonic.com\/fachwissen\/\"},{\"@type\":\"ListItem\",\"position\":3,\"name\":\"Anwendungsbereiche\",\"item\":\"https:\/\/ps-sonic.com\/fachwissen\/anwendungsbereiche\/\"},{\"@type\":\"ListItem\",\"position\":4,\"name\":\"Textilindustrie\"}]}]}<\/script>\n<!-- \/ Yoast SEO plugin. -->","yoast_head_json":{"title":"Textilindustrie - Supersonic","robots":{"index":"index","follow":"follow","max-snippet":"max-snippet:-1","max-image-preview":"max-image-preview:large","max-video-preview":"max-video-preview:-1"},"canonical":"https:\/\/ps-sonic.com\/de\/fachwissen\/anwendungsbereiche\/textilindustrie\/","og_locale":"de_DE","og_type":"article","og_title":"Textilindustrie - Supersonic","og_description":"Luftbefeuchtung f\u00fcr Garne und Stoffe Sehr sensibles Material reagiert schnell auf trockene oder zu feuchte Luft. Fasern werden spr\u00f6de, Textilstoffe ziehen sich zusammen oder dehnen sich aus. Das f\u00fchrt bereits w\u00e4hrend der Fertigung zu erheblichem Qualit\u00e4tsverlust. Zudem schadet auch die statische Aufladung der Weiterverarbeitung von Garnen und Stoffen, indem aufgeladene Fasern auseinanderstreben, sich schlecht kardieren [&hellip;]","og_url":"https:\/\/ps-sonic.com\/de\/fachwissen\/anwendungsbereiche\/textilindustrie\/","og_site_name":"Supersonic","article_modified_time":"2022-08-05T15:42:34+00:00","og_image":[{"width":1600,"height":1068,"url":"https:\/\/ps-sonic.com\/wp-content\/uploads\/2022\/05\/Textilindustrie.jpg","type":"image\/jpeg"}],"twitter_card":"summary_large_image","twitter_misc":{"Est. reading time":"1 Minute"},"schema":{"@context":"https:\/\/schema.org","@graph":[{"@type":"WebSite","@id":"https:\/\/ps-sonic.com\/#website","url":"https:\/\/ps-sonic.com\/","name":"Supersonic","description":"Supersonic - A Arte da Humidifica\u00e7\u00e3o","potentialAction":[{"@type":"SearchAction","target":{"@type":"EntryPoint","urlTemplate":"https:\/\/ps-sonic.com\/?s={search_term_string}"},"query-input":"required name=search_term_string"}],"inLanguage":"de-DE"},{"@type":"ImageObject","@id":"https:\/\/ps-sonic.com\/fachwissen\/anwendungsbereiche\/textilindustrie\/#primaryimage","inLanguage":"de-DE","url":"https:\/\/ps-sonic.com\/wp-content\/uploads\/2022\/05\/Textilindustrie.jpg","contentUrl":"https:\/\/ps-sonic.com\/wp-content\/uploads\/2022\/05\/Textilindustrie.jpg","width":1600,"height":1068,"caption":"Factory on manufacture of threads"},{"@type":"WebPage","@id":"https:\/\/ps-sonic.com\/fachwissen\/anwendungsbereiche\/textilindustrie\/#webpage","url":"https:\/\/ps-sonic.com\/fachwissen\/anwendungsbereiche\/textilindustrie\/","name":"Textilindustrie - Supersonic","isPartOf":{"@id":"https:\/\/ps-sonic.com\/#website"},"primaryImageOfPage":{"@id":"https:\/\/ps-sonic.com\/fachwissen\/anwendungsbereiche\/textilindustrie\/#primaryimage"},"datePublished":"2022-05-06T19:26:50+00:00","dateModified":"2022-08-05T15:42:34+00:00","breadcrumb":{"@id":"https:\/\/ps-sonic.com\/fachwissen\/anwendungsbereiche\/textilindustrie\/#breadcrumb"},"inLanguage":"de-DE","potentialAction":[{"@type":"ReadAction","target":["https:\/\/ps-sonic.com\/fachwissen\/anwendungsbereiche\/textilindustrie\/"]}]},{"@type":"BreadcrumbList","@id":"https:\/\/ps-sonic.com\/fachwissen\/anwendungsbereiche\/textilindustrie\/#breadcrumb","itemListElement":[{"@type":"ListItem","position":1,"name":"In\u00edcio","item":"https:\/\/ps-sonic.com\/"},{"@type":"ListItem","position":2,"name":"Service","item":"https:\/\/ps-sonic.com\/fachwissen\/"},{"@type":"ListItem","position":3,"name":"Anwendungsbereiche","item":"https:\/\/ps-sonic.com\/fachwissen\/anwendungsbereiche\/"},{"@type":"ListItem","position":4,"name":"Textilindustrie"}]}]}},"_links":{"self":[{"href":"https:\/\/ps-sonic.com\/de\/wp-json\/wp\/v2\/pages\/721"}],"collection":[{"href":"https:\/\/ps-sonic.com\/de\/wp-json\/wp\/v2\/pages"}],"about":[{"href":"https:\/\/ps-sonic.com\/de\/wp-json\/wp\/v2\/types\/page"}],"author":[{"embeddable":true,"href":"https:\/\/ps-sonic.com\/de\/wp-json\/wp\/v2\/users\/1"}],"replies":[{"embeddable":true,"href":"https:\/\/ps-sonic.com\/de\/wp-json\/wp\/v2\/comments?post=721"}],"version-history":[{"count":6,"href":"https:\/\/ps-sonic.com\/de\/wp-json\/wp\/v2\/pages\/721\/revisions"}],"predecessor-version":[{"id":997,"href":"https:\/\/ps-sonic.com\/de\/wp-json\/wp\/v2\/pages\/721\/revisions\/997"}],"up":[{"embeddable":true,"href":"https:\/\/ps-sonic.com\/de\/wp-json\/wp\/v2\/pages\/672"}],"wp:featuredmedia":[{"embeddable":true,"href":"https:\/\/ps-sonic.com\/de\/wp-json\/wp\/v2\/media\/831"}],"wp:attachment":[{"href":"https:\/\/ps-sonic.com\/de\/wp-json\/wp\/v2\/media?parent=721"}],"curies":[{"name":"wp","href":"https:\/\/api.w.org\/{rel}","templated":true}]}}