{"id":1109,"date":"2025-06-03T14:34:04","date_gmt":"2025-06-03T13:34:04","guid":{"rendered":"https:\/\/ps-sonic.com\/?post_type=product&#038;p=1109"},"modified":"2025-07-17T13:49:59","modified_gmt":"2025-07-17T12:49:59","slug":"schwingelement-tx-09","status":"publish","type":"product","link":"https:\/\/ps-sonic.com\/de\/produto\/schwingelement-tx-09\/","title":{"rendered":"Schwingelement TX-09"},"content":{"rendered":"<table>\n<tbody>\n<tr>\n<td colspan=\"3\" width=\"444\"><strong>Technische Daten<\/strong><\/td>\n<\/tr>\n<tr>\n<td width=\"196\">Leistung<\/td>\n<td width=\"71\">kg\/h<\/td>\n<td width=\"177\">0,5<\/td>\n<\/tr>\n<tr>\n<td width=\"196\">Leistungsaufnahme<\/td>\n<td width=\"71\">W<\/td>\n<td width=\"177\">34<\/td>\n<\/tr>\n<tr>\n<td width=\"196\">Spannungsversorgung<\/td>\n<td width=\"71\">VAC\/DC<\/td>\n<td width=\"177\">48<\/td>\n<\/tr>\n<tr>\n<td width=\"196\">Speisewassertemperatur<\/td>\n<td width=\"71\">\u00b0C<\/td>\n<td width=\"177\">+1 bis +45<\/td>\n<\/tr>\n<tr>\n<td width=\"196\">Wasserleitf\u00e4higkeit<\/td>\n<td width=\"71\">\u00b5S\/cm<\/td>\n<td width=\"177\">80<\/td>\n<\/tr>\n<tr>\n<td width=\"196\">Wasserh\u00e4rte<\/td>\n<td width=\"71\">\u00b0dH<\/td>\n<td width=\"177\">&lt;1<\/td>\n<\/tr>\n<tr>\n<td width=\"196\">pH-Wert<\/td>\n<td width=\"71\">&#8211;<\/td>\n<td width=\"177\">6-8<\/td>\n<\/tr>\n<\/tbody>\n<\/table>\n","protected":false},"excerpt":{"rendered":"<p>Das Schwingelement TX09 wurde speziell f\u00fcr h\u00f6chst pr\u00e4zise und anspruchsvolle Anforderungen im Bereich der Adiabaten Luftbefeuchtung \u2013 insbesondere der Ultraschallbefeuchtung \u2013 entwickelt und optimiert. Das hochwertige keramische Piezo-Element, das das Herzst\u00fcck dieser innovativen Technologie bildet, erzeugt eine zuverl\u00e4ssige und konstante Befeuchterleistung von circa 0,5 kg\/h. Dank seiner robusten Konstruktion und hochwertigen Materialien verf\u00fcgt das Element \u00fcber eine bemerkenswerte Lebensdauer von 10000 Betriebsstunden, was einen langfristigen und wartungsarmen Einsatz gew\u00e4hrleistet.<\/p>\n","protected":false},"featured_media":1110,"comment_status":"open","ping_status":"closed","template":"","meta":[],"product_cat":[102],"product_tag":[],"yoast_head":"<!-- This site is optimized with the Yoast SEO plugin v18.6 - https:\/\/yoast.com\/wordpress\/plugins\/seo\/ -->\n<title>Schwingelement TX-09 - Supersonic<\/title>\n<meta name=\"robots\" content=\"index, follow, max-snippet:-1, max-image-preview:large, max-video-preview:-1\" \/>\n<link rel=\"canonical\" href=\"https:\/\/ps-sonic.com\/de\/produto\/schwingelement-tx-09\/\" \/>\n<meta property=\"og:locale\" content=\"de_DE\" \/>\n<meta property=\"og:type\" content=\"article\" \/>\n<meta property=\"og:title\" content=\"Schwingelement TX-09 - Supersonic\" \/>\n<meta property=\"og:description\" content=\"Das Schwingelement TX09 wurde speziell f\u00fcr h\u00f6chst pr\u00e4zise und anspruchsvolle Anforderungen im Bereich der Adiabaten Luftbefeuchtung \u2013 insbesondere der Ultraschallbefeuchtung \u2013 entwickelt und optimiert. Das hochwertige keramische Piezo-Element, das das Herzst\u00fcck dieser innovativen Technologie bildet, erzeugt eine zuverl\u00e4ssige und konstante Befeuchterleistung von circa 0,5 kg\/h. Dank seiner robusten Konstruktion und hochwertigen Materialien verf\u00fcgt das Element \u00fcber eine bemerkenswerte Lebensdauer von 10000 Betriebsstunden, was einen langfristigen und wartungsarmen Einsatz gew\u00e4hrleistet.\" \/>\n<meta property=\"og:url\" content=\"https:\/\/ps-sonic.com\/de\/produto\/schwingelement-tx-09\/\" \/>\n<meta property=\"og:site_name\" content=\"Supersonic\" \/>\n<meta property=\"article:modified_time\" content=\"2025-07-17T12:49:59+00:00\" \/>\n<meta property=\"og:image\" content=\"https:\/\/ps-sonic.com\/wp-content\/uploads\/2025\/06\/SE_TX_21_1000_2c_1000x1000px.png\" \/>\n\t<meta property=\"og:image:width\" content=\"1000\" \/>\n\t<meta property=\"og:image:height\" content=\"1000\" \/>\n\t<meta property=\"og:image:type\" content=\"image\/png\" \/>\n<meta name=\"twitter:card\" content=\"summary_large_image\" \/>\n<meta name=\"twitter:label1\" content=\"Est. reading time\" \/>\n\t<meta name=\"twitter:data1\" content=\"1 Minute\" \/>\n<script type=\"application\/ld+json\" class=\"yoast-schema-graph\">{\"@context\":\"https:\/\/schema.org\",\"@graph\":[{\"@type\":\"WebSite\",\"@id\":\"https:\/\/ps-sonic.com\/#website\",\"url\":\"https:\/\/ps-sonic.com\/\",\"name\":\"Supersonic\",\"description\":\"Supersonic - A Arte da Humidifica\u00e7\u00e3o\",\"potentialAction\":[{\"@type\":\"SearchAction\",\"target\":{\"@type\":\"EntryPoint\",\"urlTemplate\":\"https:\/\/ps-sonic.com\/?s={search_term_string}\"},\"query-input\":\"required name=search_term_string\"}],\"inLanguage\":\"de-DE\"},{\"@type\":\"ImageObject\",\"@id\":\"https:\/\/ps-sonic.com\/produto\/schwingelement-tx-09\/#primaryimage\",\"inLanguage\":\"de-DE\",\"url\":\"https:\/\/ps-sonic.com\/wp-content\/uploads\/2025\/06\/SE_TX_21_1000_2c_1000x1000px.png\",\"contentUrl\":\"https:\/\/ps-sonic.com\/wp-content\/uploads\/2025\/06\/SE_TX_21_1000_2c_1000x1000px.png\",\"width\":1000,\"height\":1000},{\"@type\":\"WebPage\",\"@id\":\"https:\/\/ps-sonic.com\/produto\/schwingelement-tx-09\/#webpage\",\"url\":\"https:\/\/ps-sonic.com\/produto\/schwingelement-tx-09\/\",\"name\":\"Schwingelement TX-09 - Supersonic\",\"isPartOf\":{\"@id\":\"https:\/\/ps-sonic.com\/#website\"},\"primaryImageOfPage\":{\"@id\":\"https:\/\/ps-sonic.com\/produto\/schwingelement-tx-09\/#primaryimage\"},\"datePublished\":\"2025-06-03T13:34:04+00:00\",\"dateModified\":\"2025-07-17T12:49:59+00:00\",\"breadcrumb\":{\"@id\":\"https:\/\/ps-sonic.com\/produto\/schwingelement-tx-09\/#breadcrumb\"},\"inLanguage\":\"de-DE\",\"potentialAction\":[{\"@type\":\"ReadAction\",\"target\":[\"https:\/\/ps-sonic.com\/produto\/schwingelement-tx-09\/\"]}]},{\"@type\":\"BreadcrumbList\",\"@id\":\"https:\/\/ps-sonic.com\/produto\/schwingelement-tx-09\/#breadcrumb\",\"itemListElement\":[{\"@type\":\"ListItem\",\"position\":1,\"name\":\"In\u00edcio\",\"item\":\"https:\/\/ps-sonic.com\/\"},{\"@type\":\"ListItem\",\"position\":2,\"name\":\"Produkt\",\"item\":\"https:\/\/ps-sonic.com\/produkt\/\"},{\"@type\":\"ListItem\",\"position\":3,\"name\":\"Schwingelement TX-09\"}]}]}<\/script>\n<!-- \/ Yoast SEO plugin. -->","yoast_head_json":{"title":"Schwingelement TX-09 - Supersonic","robots":{"index":"index","follow":"follow","max-snippet":"max-snippet:-1","max-image-preview":"max-image-preview:large","max-video-preview":"max-video-preview:-1"},"canonical":"https:\/\/ps-sonic.com\/de\/produto\/schwingelement-tx-09\/","og_locale":"de_DE","og_type":"article","og_title":"Schwingelement TX-09 - Supersonic","og_description":"Das Schwingelement TX09 wurde speziell f\u00fcr h\u00f6chst pr\u00e4zise und anspruchsvolle Anforderungen im Bereich der Adiabaten Luftbefeuchtung \u2013 insbesondere der Ultraschallbefeuchtung \u2013 entwickelt und optimiert. Das hochwertige keramische Piezo-Element, das das Herzst\u00fcck dieser innovativen Technologie bildet, erzeugt eine zuverl\u00e4ssige und konstante Befeuchterleistung von circa 0,5 kg\/h. Dank seiner robusten Konstruktion und hochwertigen Materialien verf\u00fcgt das Element \u00fcber eine bemerkenswerte Lebensdauer von 10000 Betriebsstunden, was einen langfristigen und wartungsarmen Einsatz gew\u00e4hrleistet.","og_url":"https:\/\/ps-sonic.com\/de\/produto\/schwingelement-tx-09\/","og_site_name":"Supersonic","article_modified_time":"2025-07-17T12:49:59+00:00","og_image":[{"width":1000,"height":1000,"url":"https:\/\/ps-sonic.com\/wp-content\/uploads\/2025\/06\/SE_TX_21_1000_2c_1000x1000px.png","type":"image\/png"}],"twitter_card":"summary_large_image","twitter_misc":{"Est. reading time":"1 Minute"},"schema":{"@context":"https:\/\/schema.org","@graph":[{"@type":"WebSite","@id":"https:\/\/ps-sonic.com\/#website","url":"https:\/\/ps-sonic.com\/","name":"Supersonic","description":"Supersonic - A Arte da Humidifica\u00e7\u00e3o","potentialAction":[{"@type":"SearchAction","target":{"@type":"EntryPoint","urlTemplate":"https:\/\/ps-sonic.com\/?s={search_term_string}"},"query-input":"required name=search_term_string"}],"inLanguage":"de-DE"},{"@type":"ImageObject","@id":"https:\/\/ps-sonic.com\/produto\/schwingelement-tx-09\/#primaryimage","inLanguage":"de-DE","url":"https:\/\/ps-sonic.com\/wp-content\/uploads\/2025\/06\/SE_TX_21_1000_2c_1000x1000px.png","contentUrl":"https:\/\/ps-sonic.com\/wp-content\/uploads\/2025\/06\/SE_TX_21_1000_2c_1000x1000px.png","width":1000,"height":1000},{"@type":"WebPage","@id":"https:\/\/ps-sonic.com\/produto\/schwingelement-tx-09\/#webpage","url":"https:\/\/ps-sonic.com\/produto\/schwingelement-tx-09\/","name":"Schwingelement TX-09 - Supersonic","isPartOf":{"@id":"https:\/\/ps-sonic.com\/#website"},"primaryImageOfPage":{"@id":"https:\/\/ps-sonic.com\/produto\/schwingelement-tx-09\/#primaryimage"},"datePublished":"2025-06-03T13:34:04+00:00","dateModified":"2025-07-17T12:49:59+00:00","breadcrumb":{"@id":"https:\/\/ps-sonic.com\/produto\/schwingelement-tx-09\/#breadcrumb"},"inLanguage":"de-DE","potentialAction":[{"@type":"ReadAction","target":["https:\/\/ps-sonic.com\/produto\/schwingelement-tx-09\/"]}]},{"@type":"BreadcrumbList","@id":"https:\/\/ps-sonic.com\/produto\/schwingelement-tx-09\/#breadcrumb","itemListElement":[{"@type":"ListItem","position":1,"name":"In\u00edcio","item":"https:\/\/ps-sonic.com\/"},{"@type":"ListItem","position":2,"name":"Produkt","item":"https:\/\/ps-sonic.com\/produkt\/"},{"@type":"ListItem","position":3,"name":"Schwingelement TX-09"}]}]}},"_links":{"self":[{"href":"https:\/\/ps-sonic.com\/de\/wp-json\/wp\/v2\/product\/1109"}],"collection":[{"href":"https:\/\/ps-sonic.com\/de\/wp-json\/wp\/v2\/product"}],"about":[{"href":"https:\/\/ps-sonic.com\/de\/wp-json\/wp\/v2\/types\/product"}],"replies":[{"embeddable":true,"href":"https:\/\/ps-sonic.com\/de\/wp-json\/wp\/v2\/comments?post=1109"}],"wp:featuredmedia":[{"embeddable":true,"href":"https:\/\/ps-sonic.com\/de\/wp-json\/wp\/v2\/media\/1110"}],"wp:attachment":[{"href":"https:\/\/ps-sonic.com\/de\/wp-json\/wp\/v2\/media?parent=1109"}],"wp:term":[{"taxonomy":"product_cat","embeddable":true,"href":"https:\/\/ps-sonic.com\/de\/wp-json\/wp\/v2\/product_cat?post=1109"},{"taxonomy":"product_tag","embeddable":true,"href":"https:\/\/ps-sonic.com\/de\/wp-json\/wp\/v2\/product_tag?post=1109"}],"curies":[{"name":"wp","href":"https:\/\/api.w.org\/{rel}","templated":true}]}}