{"id":876,"date":"2022-07-08T10:27:59","date_gmt":"2022-07-08T09:27:59","guid":{"rendered":"https:\/\/ps-sonic.com\/?post_type=product&#038;p=876"},"modified":"2025-05-31T14:03:57","modified_gmt":"2025-05-31T13:03:57","slug":"ultraschallbefeuchter-fx01a","status":"publish","type":"product","link":"https:\/\/ps-sonic.com\/de\/produto\/ultraschallbefeuchter-fx01a\/","title":{"rendered":"Ultraschallbefeuchter FX01A"},"content":{"rendered":"<p>&nbsp;<\/p>\n<table width=\"444\">\n<tbody>\n<tr>\n<td colspan=\"3\" width=\"444\"><strong>Technische Daten<\/strong><\/td>\n<\/tr>\n<tr>\n<td width=\"196\">Leistung<\/td>\n<td width=\"71\">kg\/h<\/td>\n<td width=\"177\">0,5<\/td>\n<\/tr>\n<tr>\n<td width=\"196\">Leistungsaufnahme<\/td>\n<td width=\"71\">W<\/td>\n<td width=\"177\">35<\/td>\n<\/tr>\n<tr>\n<td width=\"196\">Abmessung (HxBxT)<\/td>\n<td width=\"71\">mm<\/td>\n<td width=\"177\">111 x 184 x 85<\/td>\n<\/tr>\n<tr>\n<td width=\"196\">Leergewicht<\/td>\n<td width=\"71\">kg<\/td>\n<td width=\"177\">1,2<\/td>\n<\/tr>\n<tr>\n<td width=\"196\">Betriebsgewicht<\/td>\n<td width=\"71\">kg<\/td>\n<td width=\"177\">1,5<\/td>\n<\/tr>\n<tr>\n<td width=\"196\">Spannungsversorgung<\/td>\n<td width=\"71\">V\/Ph\/Hz<\/td>\n<td width=\"177\">48\/1\/50 bis 60<\/td>\n<\/tr>\n<tr>\n<td width=\"196\">Betriebsstrom<\/td>\n<td width=\"71\">A<\/td>\n<td width=\"177\">0,73<\/td>\n<\/tr>\n<tr>\n<td width=\"196\">Kabelquerschnitt, min.<\/td>\n<td width=\"71\">mm\u00b2<\/td>\n<td width=\"177\">2 x 0,5<\/td>\n<\/tr>\n<tr>\n<td width=\"196\">Proportional<\/td>\n<td width=\"71\"><\/td>\n<td width=\"177\">Ja (0 bis 10 V DC)<\/td>\n<\/tr>\n<tr>\n<td width=\"196\">Hygrostat<\/td>\n<td width=\"71\"><\/td>\n<td width=\"177\">Ja (ON-OFF)<\/td>\n<\/tr>\n<tr>\n<td width=\"196\">Umgebungstemperatur<\/td>\n<td width=\"71\">\u00b0C<\/td>\n<td width=\"177\">+1 bis +45<\/td>\n<\/tr>\n<tr>\n<td width=\"196\">Luftfeuchte<\/td>\n<td width=\"71\">r.F.<\/td>\n<td width=\"177\">&lt; 90<\/td>\n<\/tr>\n<tr>\n<td width=\"196\">Speisewassertemperatur<\/td>\n<td width=\"71\">\u00b0C<\/td>\n<td width=\"177\">+1 bis +40<\/td>\n<\/tr>\n<tr>\n<td width=\"196\">Wassereintrittsdruck<\/td>\n<td width=\"71\">bar<\/td>\n<td width=\"177\">0,2 bis 4<\/td>\n<\/tr>\n<tr>\n<td width=\"196\">Wasserleitf\u00e4higkeit<\/td>\n<td width=\"71\">\u00b5S\/cm<\/td>\n<td width=\"177\">&lt; 80, kurzeitig 100<\/td>\n<\/tr>\n<tr>\n<td width=\"196\">Wasserh\u00e4rte<\/td>\n<td width=\"71\">\u00b0dH<\/td>\n<td width=\"177\">&lt; 1<\/td>\n<\/tr>\n<\/tbody>\n<\/table>\n","protected":false},"excerpt":{"rendered":"<p>Der Ultraschallbefeuchter FX01A ist der kleinste aus der FX-Serie mit einer Befeuchterleistung von 0,5 kg\/h. Er besitzt eine integrierte Basissteuerung mit einem einfachen Ablaufanschluss. Eine stetige Nebelproduktion ist durch das Anliegen eines bauseitigen Spannungssignals oder ON-OFF-Steuerung \u00fcber einen externen Feuchtehygrostaten mittels Jumper-Umstellung auf der Basissteuerung m\u00f6glich.<\/p>\n<p>Vorteile:<\/p>\n<ul>\n<li>Entwickelt f\u00fcr h\u00f6chste Pr\u00e4zisionsanspr\u00fcche<\/li>\n<li>Implementierung in eigene Produkte<\/li>\n<li>Geh\u00e4use aus Edelstahl 1.4301<\/li>\n<li>Pr\u00e4zise Feuchteproduktion ohne Verzug<\/li>\n<\/ul>\n","protected":false},"featured_media":937,"comment_status":"open","ping_status":"closed","template":"","meta":[],"product_cat":[21,33],"product_tag":[],"yoast_head":"<!-- This site is optimized with the Yoast SEO plugin v18.6 - https:\/\/yoast.com\/wordpress\/plugins\/seo\/ -->\n<title>Ultraschallbefeuchter FX01A - Supersonic<\/title>\n<meta name=\"robots\" content=\"index, follow, max-snippet:-1, max-image-preview:large, max-video-preview:-1\" \/>\n<link rel=\"canonical\" href=\"https:\/\/ps-sonic.com\/de\/produto\/ultraschallbefeuchter-fx01a\/\" \/>\n<meta property=\"og:locale\" content=\"de_DE\" \/>\n<meta property=\"og:type\" content=\"article\" \/>\n<meta property=\"og:title\" content=\"Ultraschallbefeuchter FX01A - Supersonic\" \/>\n<meta property=\"og:description\" content=\"Der Ultraschallbefeuchter FX01A ist der kleinste aus der FX-Serie mit einer Befeuchterleistung von 0,5 kg\/h. Er besitzt eine integrierte Basissteuerung mit einem einfachen Ablaufanschluss. Eine stetige Nebelproduktion ist durch das Anliegen eines bauseitigen Spannungssignals oder ON-OFF-Steuerung \u00fcber einen externen Feuchtehygrostaten mittels Jumper-Umstellung auf der Basissteuerung m\u00f6glich.  Vorteile:   Entwickelt f\u00fcr h\u00f6chste Pr\u00e4zisionsanspr\u00fcche  Implementierung in eigene Produkte  Geh\u00e4use aus Edelstahl 1.4301  Pr\u00e4zise Feuchteproduktion ohne Verzug\" \/>\n<meta property=\"og:url\" content=\"https:\/\/ps-sonic.com\/de\/produto\/ultraschallbefeuchter-fx01a\/\" \/>\n<meta property=\"og:site_name\" content=\"Supersonic\" \/>\n<meta property=\"article:modified_time\" content=\"2025-05-31T13:03:57+00:00\" \/>\n<meta property=\"og:image\" content=\"https:\/\/ps-sonic.com\/wp-content\/uploads\/2022\/07\/FX01A-1.png\" \/>\n\t<meta property=\"og:image:width\" content=\"2000\" \/>\n\t<meta property=\"og:image:height\" content=\"2000\" \/>\n\t<meta property=\"og:image:type\" content=\"image\/png\" \/>\n<meta name=\"twitter:card\" content=\"summary_large_image\" \/>\n<meta name=\"twitter:label1\" content=\"Est. reading time\" \/>\n\t<meta name=\"twitter:data1\" content=\"1 Minute\" \/>\n<script type=\"application\/ld+json\" class=\"yoast-schema-graph\">{\"@context\":\"https:\/\/schema.org\",\"@graph\":[{\"@type\":\"WebSite\",\"@id\":\"https:\/\/ps-sonic.com\/#website\",\"url\":\"https:\/\/ps-sonic.com\/\",\"name\":\"Supersonic\",\"description\":\"Supersonic - A Arte da Humidifica\u00e7\u00e3o\",\"potentialAction\":[{\"@type\":\"SearchAction\",\"target\":{\"@type\":\"EntryPoint\",\"urlTemplate\":\"https:\/\/ps-sonic.com\/?s={search_term_string}\"},\"query-input\":\"required name=search_term_string\"}],\"inLanguage\":\"de-DE\"},{\"@type\":\"ImageObject\",\"@id\":\"https:\/\/ps-sonic.com\/produto\/ultraschallbefeuchter-fx01a\/#primaryimage\",\"inLanguage\":\"de-DE\",\"url\":\"https:\/\/ps-sonic.com\/wp-content\/uploads\/2022\/07\/FX01A-1.png\",\"contentUrl\":\"https:\/\/ps-sonic.com\/wp-content\/uploads\/2022\/07\/FX01A-1.png\",\"width\":2000,\"height\":2000},{\"@type\":\"WebPage\",\"@id\":\"https:\/\/ps-sonic.com\/produto\/ultraschallbefeuchter-fx01a\/#webpage\",\"url\":\"https:\/\/ps-sonic.com\/produto\/ultraschallbefeuchter-fx01a\/\",\"name\":\"Ultraschallbefeuchter FX01A - Supersonic\",\"isPartOf\":{\"@id\":\"https:\/\/ps-sonic.com\/#website\"},\"primaryImageOfPage\":{\"@id\":\"https:\/\/ps-sonic.com\/produto\/ultraschallbefeuchter-fx01a\/#primaryimage\"},\"datePublished\":\"2022-07-08T09:27:59+00:00\",\"dateModified\":\"2025-05-31T13:03:57+00:00\",\"breadcrumb\":{\"@id\":\"https:\/\/ps-sonic.com\/produto\/ultraschallbefeuchter-fx01a\/#breadcrumb\"},\"inLanguage\":\"de-DE\",\"potentialAction\":[{\"@type\":\"ReadAction\",\"target\":[\"https:\/\/ps-sonic.com\/produto\/ultraschallbefeuchter-fx01a\/\"]}]},{\"@type\":\"BreadcrumbList\",\"@id\":\"https:\/\/ps-sonic.com\/produto\/ultraschallbefeuchter-fx01a\/#breadcrumb\",\"itemListElement\":[{\"@type\":\"ListItem\",\"position\":1,\"name\":\"In\u00edcio\",\"item\":\"https:\/\/ps-sonic.com\/\"},{\"@type\":\"ListItem\",\"position\":2,\"name\":\"Produkt\",\"item\":\"https:\/\/ps-sonic.com\/produkt\/\"},{\"@type\":\"ListItem\",\"position\":3,\"name\":\"Ultraschallbefeuchter FX01A\"}]}]}<\/script>\n<!-- \/ Yoast SEO plugin. -->","yoast_head_json":{"title":"Ultraschallbefeuchter FX01A - Supersonic","robots":{"index":"index","follow":"follow","max-snippet":"max-snippet:-1","max-image-preview":"max-image-preview:large","max-video-preview":"max-video-preview:-1"},"canonical":"https:\/\/ps-sonic.com\/de\/produto\/ultraschallbefeuchter-fx01a\/","og_locale":"de_DE","og_type":"article","og_title":"Ultraschallbefeuchter FX01A - Supersonic","og_description":"Der Ultraschallbefeuchter FX01A ist der kleinste aus der FX-Serie mit einer Befeuchterleistung von 0,5 kg\/h. Er besitzt eine integrierte Basissteuerung mit einem einfachen Ablaufanschluss. Eine stetige Nebelproduktion ist durch das Anliegen eines bauseitigen Spannungssignals oder ON-OFF-Steuerung \u00fcber einen externen Feuchtehygrostaten mittels Jumper-Umstellung auf der Basissteuerung m\u00f6glich.  Vorteile:   Entwickelt f\u00fcr h\u00f6chste Pr\u00e4zisionsanspr\u00fcche  Implementierung in eigene Produkte  Geh\u00e4use aus Edelstahl 1.4301  Pr\u00e4zise Feuchteproduktion ohne Verzug","og_url":"https:\/\/ps-sonic.com\/de\/produto\/ultraschallbefeuchter-fx01a\/","og_site_name":"Supersonic","article_modified_time":"2025-05-31T13:03:57+00:00","og_image":[{"width":2000,"height":2000,"url":"https:\/\/ps-sonic.com\/wp-content\/uploads\/2022\/07\/FX01A-1.png","type":"image\/png"}],"twitter_card":"summary_large_image","twitter_misc":{"Est. reading time":"1 Minute"},"schema":{"@context":"https:\/\/schema.org","@graph":[{"@type":"WebSite","@id":"https:\/\/ps-sonic.com\/#website","url":"https:\/\/ps-sonic.com\/","name":"Supersonic","description":"Supersonic - A Arte da Humidifica\u00e7\u00e3o","potentialAction":[{"@type":"SearchAction","target":{"@type":"EntryPoint","urlTemplate":"https:\/\/ps-sonic.com\/?s={search_term_string}"},"query-input":"required name=search_term_string"}],"inLanguage":"de-DE"},{"@type":"ImageObject","@id":"https:\/\/ps-sonic.com\/produto\/ultraschallbefeuchter-fx01a\/#primaryimage","inLanguage":"de-DE","url":"https:\/\/ps-sonic.com\/wp-content\/uploads\/2022\/07\/FX01A-1.png","contentUrl":"https:\/\/ps-sonic.com\/wp-content\/uploads\/2022\/07\/FX01A-1.png","width":2000,"height":2000},{"@type":"WebPage","@id":"https:\/\/ps-sonic.com\/produto\/ultraschallbefeuchter-fx01a\/#webpage","url":"https:\/\/ps-sonic.com\/produto\/ultraschallbefeuchter-fx01a\/","name":"Ultraschallbefeuchter FX01A - Supersonic","isPartOf":{"@id":"https:\/\/ps-sonic.com\/#website"},"primaryImageOfPage":{"@id":"https:\/\/ps-sonic.com\/produto\/ultraschallbefeuchter-fx01a\/#primaryimage"},"datePublished":"2022-07-08T09:27:59+00:00","dateModified":"2025-05-31T13:03:57+00:00","breadcrumb":{"@id":"https:\/\/ps-sonic.com\/produto\/ultraschallbefeuchter-fx01a\/#breadcrumb"},"inLanguage":"de-DE","potentialAction":[{"@type":"ReadAction","target":["https:\/\/ps-sonic.com\/produto\/ultraschallbefeuchter-fx01a\/"]}]},{"@type":"BreadcrumbList","@id":"https:\/\/ps-sonic.com\/produto\/ultraschallbefeuchter-fx01a\/#breadcrumb","itemListElement":[{"@type":"ListItem","position":1,"name":"In\u00edcio","item":"https:\/\/ps-sonic.com\/"},{"@type":"ListItem","position":2,"name":"Produkt","item":"https:\/\/ps-sonic.com\/produkt\/"},{"@type":"ListItem","position":3,"name":"Ultraschallbefeuchter FX01A"}]}]}},"_links":{"self":[{"href":"https:\/\/ps-sonic.com\/de\/wp-json\/wp\/v2\/product\/876"}],"collection":[{"href":"https:\/\/ps-sonic.com\/de\/wp-json\/wp\/v2\/product"}],"about":[{"href":"https:\/\/ps-sonic.com\/de\/wp-json\/wp\/v2\/types\/product"}],"replies":[{"embeddable":true,"href":"https:\/\/ps-sonic.com\/de\/wp-json\/wp\/v2\/comments?post=876"}],"wp:featuredmedia":[{"embeddable":true,"href":"https:\/\/ps-sonic.com\/de\/wp-json\/wp\/v2\/media\/937"}],"wp:attachment":[{"href":"https:\/\/ps-sonic.com\/de\/wp-json\/wp\/v2\/media?parent=876"}],"wp:term":[{"taxonomy":"product_cat","embeddable":true,"href":"https:\/\/ps-sonic.com\/de\/wp-json\/wp\/v2\/product_cat?post=876"},{"taxonomy":"product_tag","embeddable":true,"href":"https:\/\/ps-sonic.com\/de\/wp-json\/wp\/v2\/product_tag?post=876"}],"curies":[{"name":"wp","href":"https:\/\/api.w.org\/{rel}","templated":true}]}}