{"id":892,"date":"2022-07-08T14:44:35","date_gmt":"2022-07-08T13:44:35","guid":{"rendered":"https:\/\/ps-sonic.com\/?post_type=product&#038;p=892"},"modified":"2022-07-08T14:45:24","modified_gmt":"2022-07-08T13:45:24","slug":"dp-trio","status":"publish","type":"product","link":"https:\/\/ps-sonic.com\/de\/produto\/dp-trio\/","title":{"rendered":"DP Trio"},"content":{"rendered":"<p>Kompatible Filtermedien<\/p>\n<p>Sediment-Filtermedien:<\/p>\n<ul>\n<li>Tiefenfilter<\/li>\n<li>Oberfl\u00e4chenfilter<\/li>\n<\/ul>\n<p>Filtermedien zur Wasseraufbereitung:<\/p>\n<ul>\n<li>Aktivkohlegranulat<\/li>\n<li>Kohleblock<\/li>\n<li>Polyphosphat<\/li>\n<li>Harze<\/li>\n<\/ul>\n","protected":false},"excerpt":{"rendered":"<p>Das Wasserfiltergeh\u00e4use DP Trio dient zur Filterung von drei Phasen, die sowohl SX-Filtermedien mit Standardflachdichtung (DOE) als auch BX-Filtermedien mit Schnellanschluss und Doppel-O-Ring aufnehmen k\u00f6nnen. Die korrekte Positionierung der SX-Filtermedien wird durch den Zentrierring gew\u00e4hrleistet. Die Wasserfiltergeh\u00e4use sind in deren H\u00f6he je nach gew\u00fcnschtem Filtermedium in 5\u201c bis 20\u201c erh\u00e4ltlich.<\/p>\n<p>Hochwertig \u2013 langlebig \u2013 flexibel<\/p>\n<ul>\n<li>Verschiedene Auswahlm\u00f6glichkeiten von Filterelementen<\/li>\n<li>Entwickelt f\u00fcr den Einsatz im Haushaltsbereich sowie f\u00fcr industrielle Anwendungen<\/li>\n<li>Filtration zur Beseitigung von unerw\u00fcnschten Teilchen bis zu einer Gr\u00f6\u00dfe von 1 \u00b5m<\/li>\n<\/ul>\n","protected":false},"featured_media":0,"comment_status":"open","ping_status":"closed","template":"","meta":[],"product_cat":[39,19],"product_tag":[],"yoast_head":"<!-- This site is optimized with the Yoast SEO plugin v18.6 - https:\/\/yoast.com\/wordpress\/plugins\/seo\/ -->\n<title>DP Trio - Supersonic<\/title>\n<meta name=\"robots\" content=\"index, follow, max-snippet:-1, max-image-preview:large, max-video-preview:-1\" \/>\n<link rel=\"canonical\" href=\"https:\/\/ps-sonic.com\/de\/produto\/dp-trio\/\" \/>\n<meta property=\"og:locale\" content=\"de_DE\" \/>\n<meta property=\"og:type\" content=\"article\" \/>\n<meta property=\"og:title\" content=\"DP Trio - Supersonic\" \/>\n<meta property=\"og:description\" content=\"Das Wasserfiltergeh\u00e4use DP Trio dient zur Filterung von drei Phasen, die sowohl SX-Filtermedien mit Standardflachdichtung (DOE) als auch BX-Filtermedien mit Schnellanschluss und Doppel-O-Ring aufnehmen k\u00f6nnen. Die korrekte Positionierung der SX-Filtermedien wird durch den Zentrierring gew\u00e4hrleistet. Die Wasserfiltergeh\u00e4use sind in deren H\u00f6he je nach gew\u00fcnschtem Filtermedium in 5\u201c bis 20\u201c erh\u00e4ltlich.  Hochwertig \u2013 langlebig \u2013 flexibel   Verschiedene Auswahlm\u00f6glichkeiten von Filterelementen  Entwickelt f\u00fcr den Einsatz im Haushaltsbereich sowie f\u00fcr industrielle Anwendungen  Filtration zur Beseitigung von unerw\u00fcnschten Teilchen bis zu einer Gr\u00f6\u00dfe von 1 \u00b5m\" \/>\n<meta property=\"og:url\" content=\"https:\/\/ps-sonic.com\/de\/produto\/dp-trio\/\" \/>\n<meta property=\"og:site_name\" content=\"Supersonic\" \/>\n<meta property=\"article:modified_time\" content=\"2022-07-08T13:45:24+00:00\" \/>\n<meta name=\"twitter:card\" content=\"summary_large_image\" \/>\n<meta name=\"twitter:label1\" content=\"Est. reading time\" \/>\n\t<meta name=\"twitter:data1\" content=\"1 Minute\" \/>\n<script type=\"application\/ld+json\" class=\"yoast-schema-graph\">{\"@context\":\"https:\/\/schema.org\",\"@graph\":[{\"@type\":\"WebSite\",\"@id\":\"https:\/\/ps-sonic.com\/#website\",\"url\":\"https:\/\/ps-sonic.com\/\",\"name\":\"Supersonic\",\"description\":\"Supersonic - A Arte da Humidifica\u00e7\u00e3o\",\"potentialAction\":[{\"@type\":\"SearchAction\",\"target\":{\"@type\":\"EntryPoint\",\"urlTemplate\":\"https:\/\/ps-sonic.com\/?s={search_term_string}\"},\"query-input\":\"required name=search_term_string\"}],\"inLanguage\":\"de-DE\"},{\"@type\":\"WebPage\",\"@id\":\"https:\/\/ps-sonic.com\/produto\/dp-trio\/#webpage\",\"url\":\"https:\/\/ps-sonic.com\/produto\/dp-trio\/\",\"name\":\"DP Trio - Supersonic\",\"isPartOf\":{\"@id\":\"https:\/\/ps-sonic.com\/#website\"},\"datePublished\":\"2022-07-08T13:44:35+00:00\",\"dateModified\":\"2022-07-08T13:45:24+00:00\",\"breadcrumb\":{\"@id\":\"https:\/\/ps-sonic.com\/produto\/dp-trio\/#breadcrumb\"},\"inLanguage\":\"de-DE\",\"potentialAction\":[{\"@type\":\"ReadAction\",\"target\":[\"https:\/\/ps-sonic.com\/produto\/dp-trio\/\"]}]},{\"@type\":\"BreadcrumbList\",\"@id\":\"https:\/\/ps-sonic.com\/produto\/dp-trio\/#breadcrumb\",\"itemListElement\":[{\"@type\":\"ListItem\",\"position\":1,\"name\":\"In\u00edcio\",\"item\":\"https:\/\/ps-sonic.com\/\"},{\"@type\":\"ListItem\",\"position\":2,\"name\":\"Produkt\",\"item\":\"https:\/\/ps-sonic.com\/produkt\/\"},{\"@type\":\"ListItem\",\"position\":3,\"name\":\"DP Trio\"}]}]}<\/script>\n<!-- \/ Yoast SEO plugin. -->","yoast_head_json":{"title":"DP Trio - Supersonic","robots":{"index":"index","follow":"follow","max-snippet":"max-snippet:-1","max-image-preview":"max-image-preview:large","max-video-preview":"max-video-preview:-1"},"canonical":"https:\/\/ps-sonic.com\/de\/produto\/dp-trio\/","og_locale":"de_DE","og_type":"article","og_title":"DP Trio - Supersonic","og_description":"Das Wasserfiltergeh\u00e4use DP Trio dient zur Filterung von drei Phasen, die sowohl SX-Filtermedien mit Standardflachdichtung (DOE) als auch BX-Filtermedien mit Schnellanschluss und Doppel-O-Ring aufnehmen k\u00f6nnen. Die korrekte Positionierung der SX-Filtermedien wird durch den Zentrierring gew\u00e4hrleistet. Die Wasserfiltergeh\u00e4use sind in deren H\u00f6he je nach gew\u00fcnschtem Filtermedium in 5\u201c bis 20\u201c erh\u00e4ltlich.  Hochwertig \u2013 langlebig \u2013 flexibel   Verschiedene Auswahlm\u00f6glichkeiten von Filterelementen  Entwickelt f\u00fcr den Einsatz im Haushaltsbereich sowie f\u00fcr industrielle Anwendungen  Filtration zur Beseitigung von unerw\u00fcnschten Teilchen bis zu einer Gr\u00f6\u00dfe von 1 \u00b5m","og_url":"https:\/\/ps-sonic.com\/de\/produto\/dp-trio\/","og_site_name":"Supersonic","article_modified_time":"2022-07-08T13:45:24+00:00","twitter_card":"summary_large_image","twitter_misc":{"Est. reading time":"1 Minute"},"schema":{"@context":"https:\/\/schema.org","@graph":[{"@type":"WebSite","@id":"https:\/\/ps-sonic.com\/#website","url":"https:\/\/ps-sonic.com\/","name":"Supersonic","description":"Supersonic - A Arte da Humidifica\u00e7\u00e3o","potentialAction":[{"@type":"SearchAction","target":{"@type":"EntryPoint","urlTemplate":"https:\/\/ps-sonic.com\/?s={search_term_string}"},"query-input":"required name=search_term_string"}],"inLanguage":"de-DE"},{"@type":"WebPage","@id":"https:\/\/ps-sonic.com\/produto\/dp-trio\/#webpage","url":"https:\/\/ps-sonic.com\/produto\/dp-trio\/","name":"DP Trio - Supersonic","isPartOf":{"@id":"https:\/\/ps-sonic.com\/#website"},"datePublished":"2022-07-08T13:44:35+00:00","dateModified":"2022-07-08T13:45:24+00:00","breadcrumb":{"@id":"https:\/\/ps-sonic.com\/produto\/dp-trio\/#breadcrumb"},"inLanguage":"de-DE","potentialAction":[{"@type":"ReadAction","target":["https:\/\/ps-sonic.com\/produto\/dp-trio\/"]}]},{"@type":"BreadcrumbList","@id":"https:\/\/ps-sonic.com\/produto\/dp-trio\/#breadcrumb","itemListElement":[{"@type":"ListItem","position":1,"name":"In\u00edcio","item":"https:\/\/ps-sonic.com\/"},{"@type":"ListItem","position":2,"name":"Produkt","item":"https:\/\/ps-sonic.com\/produkt\/"},{"@type":"ListItem","position":3,"name":"DP Trio"}]}]}},"_links":{"self":[{"href":"https:\/\/ps-sonic.com\/de\/wp-json\/wp\/v2\/product\/892"}],"collection":[{"href":"https:\/\/ps-sonic.com\/de\/wp-json\/wp\/v2\/product"}],"about":[{"href":"https:\/\/ps-sonic.com\/de\/wp-json\/wp\/v2\/types\/product"}],"replies":[{"embeddable":true,"href":"https:\/\/ps-sonic.com\/de\/wp-json\/wp\/v2\/comments?post=892"}],"wp:attachment":[{"href":"https:\/\/ps-sonic.com\/de\/wp-json\/wp\/v2\/media?parent=892"}],"wp:term":[{"taxonomy":"product_cat","embeddable":true,"href":"https:\/\/ps-sonic.com\/de\/wp-json\/wp\/v2\/product_cat?post=892"},{"taxonomy":"product_tag","embeddable":true,"href":"https:\/\/ps-sonic.com\/de\/wp-json\/wp\/v2\/product_tag?post=892"}],"curies":[{"name":"wp","href":"https:\/\/api.w.org\/{rel}","templated":true}]}}