{"id":1088,"date":"2024-07-24T21:22:59","date_gmt":"2024-07-24T20:22:59","guid":{"rendered":"https:\/\/ps-sonic.com\/?page_id=1088"},"modified":"2024-07-25T22:18:15","modified_gmt":"2024-07-25T21:18:15","slug":"datenschutz-und-nutzungsbedingungen-unserer-website","status":"publish","type":"page","link":"https:\/\/ps-sonic.com\/en\/datenschutz-und-nutzungsbedingungen-unserer-website\/","title":{"rendered":"Privacy and terms of use of our website"},"content":{"rendered":"<p class=\" translation-block\">Pintosupersonic Unipessoal Lda. respects the privacy of visitors to the site www.ps-sonic.com and is committed to protect their information.\nThis privacy policy consists of providing the information we collect and on how we can use it, as well as the security standards adopted to protect your identity and personal data.<\/p>\n\n\n\n<p>This privacy policy consists of providing the information we collect and on how we can use it, as well as the security standards adopted to protect your identity and personal data.<\/p>\n\n\n\n<p><strong>The reason for being and the publication of this Privacy Policy<\/strong><\/p>\n\n\n\n<p>In addition to implementing, it in its organizational processes, Pintosupersonic Unipessoal Lda. has written this Privacy Policy with the aim of making available, making known and publicizing an explanatory instrument of the general rules of privacy and processing of the personal data it collects, always in strict compliance with the Relevant legislation.<\/p>\n\n\n\n<p>For this purpose, the text of this privacy policy will be available in paper form posted in a visible place and in digital form on the website www.ps-sonic.com.<\/p>\n\n\n\n<p>The provisions of this Privacy Policy complement that stipulated in the same matter in the contracts, formal or informal, that the parties enter with Pintosupersonic Unipessoal Lda.<\/p>\n\n\n\n<p>We ask you to read this Privacy Policy carefully, because, by making your personal data available, either in person or when accessing said Websites, it implies that you know and accept the conditions contained herein and the treatment of them for the purposes lawful and legitimate provided for by law.<\/p>\n\n\n\n<p>Pintosupersonic Unipessoal Lda. expressly reserves the right to change this privacy policy at any time, with the result being duly publicized by the same means.<\/p>\n\n\n\n<p><strong>What kind of information do we collect<\/strong><\/p>\n\n\n\n<p>Personal information such as your name, address, and e-mail, among others, may be requested.<\/p>\n\n\n\n<p>The information above may be requested when registering or completing the contact form, either as a worker, job seeker, trainee, trainer, customer, supplier, visitor, etc., and \/ or when receiving or sending electronic mail for services that require a registration or subscription.<\/p>\n\n\n\n<p>We use \u201ccookies\u201d to collect information about your visits to our website and to improve your experience. You may find more information about how we use cookies in the section bellow \u201cUse of cookies\u201d.<\/p>\n\n\n\n<p>When you visit our website, we collect data known as \u201cclick path\u201d (server address, domain name, etc.).<\/p>\n\n\n\n<p>This data is stored anonymously and serves only for generalized statistical analysis, web mining, with the aim of improving our services.<\/p>\n\n\n\n<p><strong>Use of visitor\u2019s information<\/strong><\/p>\n\n\n\n<p>All personal information we collect will be registered, used, and protected in accordance with current EU data protection legislation and this privacy policy.<\/p>\n\n\n\n<p>The collected information has the purpose of sending out information about our products and services.<\/p>\n\n\n\n<p>The sending of information only occurs when the data owner has expressly chosen to receive electronic mail from the Company Pintosupersonic Unipessoal Lda. If you don\u2019t want to receive more e-mails or text messages, please contact us via e-mail or letter to our address.<\/p>\n\n\n\n<p><strong>Use of visitor\u2019s information<\/strong><\/p>\n\n\n\n<p>The information you provide when visiting our website is protected by the implementation of the various security measures, namely through conditional access and the safeguarded confidentiality of information.<\/p>\n\n\n\n<p>We ask your attention, however, to the fact that by providing personal information online, there is a risk that third parties may intercept and use that information. As such, as far as the security of any information you post online is concerned, you will do so at your own risk.<\/p>\n\n\n\n<p><strong>Privacy of minors<\/strong><\/p>\n\n\n\n<p>Pintosupersonic Unipessoal Lda is committed to protect the privacy of children and does not intend to collect personal data of minors under the age of 13 (the legally defined age in terms of national law under the GDPR). If the user is a child under the age of 13 attempting to send his registration, it will be rejected, and the child will be informed that we do not accept registrations from children under the age of 13. We encourage parents and tutors of children under the age of 13 to regularly monitor and supervise their use of electronic mail and other online activities.<\/p>\n\n\n\n<p><strong>Cookies<\/strong><\/p>\n\n\n\n<p>\u201cCookies\u201d are small software tags that are stored on your computer through the browser (browser), which as a rule only retain information related to your preferences, not including, as such, personal data that are processed by Pintosupersonic Unipessoal Lda.<\/p>\n\n\n\n<p>Whenever this is not the case, the user will always be asked for consent to provide them, under the legal terms.<\/p>\n\n\n\n<p>If you wish, you may disable all cookies if you prefer not to receive them. You may also set your computer to warn you about the use of cookies. In both cases you must adjust your browser settings (such as Internet Explorer).<\/p>\n\n\n\n<p><strong>Rectification, deletion, or modification or updating of personal information<\/strong><\/p>\n\n\n\n<p>If you wish, you may cancel your registration or use at any time, and you can choose not to receive any e-mails. You may as well choose to delete all your personal information from our database.<\/p>\n\n\n\n<p>If it is your desire, you may also unsubscribe, delete, or modify your personal information.<\/p>\n\n\n\n<p>If you consider it relevant, you can file a complaint with the\u00a0National Data Protection Commission\u00a0\u2013 Av. D. Carlos I, 134 \u2013 1.\u00ba\u00a0 1200-651 Lisbon \u2013 Tel.: +351 213928400 \u2013 Fax: +351 213976832 \u2013 e-mail: geral@cnpd.pt <a href=\"https:\/\/www.cnpd.pt\/\">Nationalen Datenschutzkommission<\/a> einreichen &#8211; Av. D. Carlos I, 134 &#8211; 1.\u00ba 1200-651 Lissabon &#8211; Tel.: +351 213928400 &#8211; Fax: +351 213976832 &#8211; E-Mail: <a href=\"mailto:geral@cnpd.pt\">geral@cnpd.pt<\/a><\/p>\n\n\n\n<p><strong>Our contact<\/strong><\/p>\n\n\n\n<p>If you have any questions or comments regarding our website and \/ or our privacy policy, we kindly ask you to send them to us in written to the address on our website.<\/p>\n\n\n\n<p><strong>The consent of the data holder<\/strong><\/p>\n\n\n\n<p>By using our website, you confirm that you accept the terms of this Privacy Policy, as well as our Terms and Conditions. If you do not agree with the terms of our Privacy Policy and our Terms and Conditions, we ask you not to provide us with personal information and to cease the use of our website.<\/p>\n\n\n\n<p><strong>Data holder\u2019s right to access his\/her personal information<\/strong><\/p>\n\n\n\n<p>The Data Holder is entitled to receive a copy of his\/her personal information in our possession.<\/p>\n\n\n\n<p>The company reserves the right to charge a small fee for administrative and informatics costs of any placed request.<\/p>\n\n\n\n<p><strong>Data holder\u2019s right to the removal of his\/her personal data<\/strong><\/p>\n\n\n\n<p>If you are using our website through the user registration process, your data will be stored in a specific user control database.<\/p>\n\n\n\n<p>However, the Data Holder may require its removal whenever wished, through a written request to our official address available on the website.<\/p>\n\n\n\n<p><strong>Privacy policy<\/strong><\/p>\n\n\n\n<p>The online privacy policy applies only to information collected through our website and not to offline collected information.<\/p>","protected":false},"excerpt":{"rendered":"<p>Die Pintosupersonic Unipessoal Lda. respektiert die Privatsph\u00e4re der Besucher der Website www.ps-sonic.com und ist verpflichtet, deren Informationen zu sch\u00fctzen. Diese Datenschutzrichtlinie besteht aus der Bereitstellung der Informationen, die wir sammeln und wie wir sie verwenden k\u00f6nnen, sowie den angenommenen Sicherheitsstandards zum Schutz Ihrer Identit\u00e4t und personenbezogenen Daten. Der Grund f\u00fcr das Bestehen und die Ver\u00f6ffentlichung [&hellip;]<\/p>","protected":false},"author":1,"featured_media":0,"parent":0,"menu_order":0,"comment_status":"closed","ping_status":"closed","template":"","meta":[],"yoast_head":"<!-- This site is optimized with the Yoast SEO plugin v18.6 - https:\/\/yoast.com\/wordpress\/plugins\/seo\/ -->\n<title>Datenschutz und Nutzungsbedingungen unserer Website - Supersonic<\/title>\n<meta name=\"robots\" content=\"index, follow, max-snippet:-1, max-image-preview:large, max-video-preview:-1\" \/>\n<link rel=\"canonical\" href=\"https:\/\/ps-sonic.com\/en\/datenschutz-und-nutzungsbedingungen-unserer-website\/\" \/>\n<meta property=\"og:locale\" content=\"en_US\" \/>\n<meta property=\"og:type\" content=\"article\" \/>\n<meta property=\"og:title\" content=\"Datenschutz und Nutzungsbedingungen unserer Website - Supersonic\" \/>\n<meta property=\"og:description\" content=\"Die Pintosupersonic Unipessoal Lda. respektiert die Privatsph\u00e4re der Besucher der Website www.ps-sonic.com und ist verpflichtet, deren Informationen zu sch\u00fctzen. Diese Datenschutzrichtlinie besteht aus der Bereitstellung der Informationen, die wir sammeln und wie wir sie verwenden k\u00f6nnen, sowie den angenommenen Sicherheitsstandards zum Schutz Ihrer Identit\u00e4t und personenbezogenen Daten. Der Grund f\u00fcr das Bestehen und die Ver\u00f6ffentlichung [&hellip;]\" \/>\n<meta property=\"og:url\" content=\"https:\/\/ps-sonic.com\/en\/datenschutz-und-nutzungsbedingungen-unserer-website\/\" \/>\n<meta property=\"og:site_name\" content=\"Supersonic\" \/>\n<meta property=\"article:modified_time\" content=\"2024-07-25T21:18:15+00:00\" \/>\n<meta name=\"twitter:card\" content=\"summary_large_image\" \/>\n<meta name=\"twitter:label1\" content=\"Est. reading time\" \/>\n\t<meta name=\"twitter:data1\" content=\"5 minutes\" \/>\n<script type=\"application\/ld+json\" class=\"yoast-schema-graph\">{\"@context\":\"https:\/\/schema.org\",\"@graph\":[{\"@type\":\"WebSite\",\"@id\":\"https:\/\/ps-sonic.com\/#website\",\"url\":\"https:\/\/ps-sonic.com\/\",\"name\":\"Supersonic\",\"description\":\"Supersonic - A Arte da Humidifica\u00e7\u00e3o\",\"potentialAction\":[{\"@type\":\"SearchAction\",\"target\":{\"@type\":\"EntryPoint\",\"urlTemplate\":\"https:\/\/ps-sonic.com\/?s={search_term_string}\"},\"query-input\":\"required name=search_term_string\"}],\"inLanguage\":\"en-US\"},{\"@type\":\"WebPage\",\"@id\":\"https:\/\/ps-sonic.com\/datenschutz-und-nutzungsbedingungen-unserer-website\/#webpage\",\"url\":\"https:\/\/ps-sonic.com\/datenschutz-und-nutzungsbedingungen-unserer-website\/\",\"name\":\"Datenschutz und Nutzungsbedingungen unserer Website - Supersonic\",\"isPartOf\":{\"@id\":\"https:\/\/ps-sonic.com\/#website\"},\"datePublished\":\"2024-07-24T20:22:59+00:00\",\"dateModified\":\"2024-07-25T21:18:15+00:00\",\"breadcrumb\":{\"@id\":\"https:\/\/ps-sonic.com\/datenschutz-und-nutzungsbedingungen-unserer-website\/#breadcrumb\"},\"inLanguage\":\"en-US\",\"potentialAction\":[{\"@type\":\"ReadAction\",\"target\":[\"https:\/\/ps-sonic.com\/datenschutz-und-nutzungsbedingungen-unserer-website\/\"]}]},{\"@type\":\"BreadcrumbList\",\"@id\":\"https:\/\/ps-sonic.com\/datenschutz-und-nutzungsbedingungen-unserer-website\/#breadcrumb\",\"itemListElement\":[{\"@type\":\"ListItem\",\"position\":1,\"name\":\"In\u00edcio\",\"item\":\"https:\/\/ps-sonic.com\/\"},{\"@type\":\"ListItem\",\"position\":2,\"name\":\"Datenschutz und Nutzungsbedingungen unserer Website\"}]}]}<\/script>\n<!-- \/ Yoast SEO plugin. -->","yoast_head_json":{"title":"Datenschutz und Nutzungsbedingungen unserer Website - Supersonic","robots":{"index":"index","follow":"follow","max-snippet":"max-snippet:-1","max-image-preview":"max-image-preview:large","max-video-preview":"max-video-preview:-1"},"canonical":"https:\/\/ps-sonic.com\/en\/datenschutz-und-nutzungsbedingungen-unserer-website\/","og_locale":"en_US","og_type":"article","og_title":"Datenschutz und Nutzungsbedingungen unserer Website - Supersonic","og_description":"Die Pintosupersonic Unipessoal Lda. respektiert die Privatsph\u00e4re der Besucher der Website www.ps-sonic.com und ist verpflichtet, deren Informationen zu sch\u00fctzen. Diese Datenschutzrichtlinie besteht aus der Bereitstellung der Informationen, die wir sammeln und wie wir sie verwenden k\u00f6nnen, sowie den angenommenen Sicherheitsstandards zum Schutz Ihrer Identit\u00e4t und personenbezogenen Daten. Der Grund f\u00fcr das Bestehen und die Ver\u00f6ffentlichung [&hellip;]","og_url":"https:\/\/ps-sonic.com\/en\/datenschutz-und-nutzungsbedingungen-unserer-website\/","og_site_name":"Supersonic","article_modified_time":"2024-07-25T21:18:15+00:00","twitter_card":"summary_large_image","twitter_misc":{"Est. reading time":"5 minutes"},"schema":{"@context":"https:\/\/schema.org","@graph":[{"@type":"WebSite","@id":"https:\/\/ps-sonic.com\/#website","url":"https:\/\/ps-sonic.com\/","name":"Supersonic","description":"Supersonic - A Arte da Humidifica\u00e7\u00e3o","potentialAction":[{"@type":"SearchAction","target":{"@type":"EntryPoint","urlTemplate":"https:\/\/ps-sonic.com\/?s={search_term_string}"},"query-input":"required name=search_term_string"}],"inLanguage":"en-US"},{"@type":"WebPage","@id":"https:\/\/ps-sonic.com\/datenschutz-und-nutzungsbedingungen-unserer-website\/#webpage","url":"https:\/\/ps-sonic.com\/datenschutz-und-nutzungsbedingungen-unserer-website\/","name":"Datenschutz und Nutzungsbedingungen unserer Website - Supersonic","isPartOf":{"@id":"https:\/\/ps-sonic.com\/#website"},"datePublished":"2024-07-24T20:22:59+00:00","dateModified":"2024-07-25T21:18:15+00:00","breadcrumb":{"@id":"https:\/\/ps-sonic.com\/datenschutz-und-nutzungsbedingungen-unserer-website\/#breadcrumb"},"inLanguage":"en-US","potentialAction":[{"@type":"ReadAction","target":["https:\/\/ps-sonic.com\/datenschutz-und-nutzungsbedingungen-unserer-website\/"]}]},{"@type":"BreadcrumbList","@id":"https:\/\/ps-sonic.com\/datenschutz-und-nutzungsbedingungen-unserer-website\/#breadcrumb","itemListElement":[{"@type":"ListItem","position":1,"name":"In\u00edcio","item":"https:\/\/ps-sonic.com\/"},{"@type":"ListItem","position":2,"name":"Datenschutz und Nutzungsbedingungen unserer Website"}]}]}},"_links":{"self":[{"href":"https:\/\/ps-sonic.com\/en\/wp-json\/wp\/v2\/pages\/1088"}],"collection":[{"href":"https:\/\/ps-sonic.com\/en\/wp-json\/wp\/v2\/pages"}],"about":[{"href":"https:\/\/ps-sonic.com\/en\/wp-json\/wp\/v2\/types\/page"}],"author":[{"embeddable":true,"href":"https:\/\/ps-sonic.com\/en\/wp-json\/wp\/v2\/users\/1"}],"replies":[{"embeddable":true,"href":"https:\/\/ps-sonic.com\/en\/wp-json\/wp\/v2\/comments?post=1088"}],"version-history":[{"count":4,"href":"https:\/\/ps-sonic.com\/en\/wp-json\/wp\/v2\/pages\/1088\/revisions"}],"predecessor-version":[{"id":1104,"href":"https:\/\/ps-sonic.com\/en\/wp-json\/wp\/v2\/pages\/1088\/revisions\/1104"}],"wp:attachment":[{"href":"https:\/\/ps-sonic.com\/en\/wp-json\/wp\/v2\/media?parent=1088"}],"curies":[{"name":"wp","href":"https:\/\/api.w.org\/{rel}","templated":true}]}}