{"id":244,"date":"2021-12-01T17:06:03","date_gmt":"2021-12-01T17:06:03","guid":{"rendered":"http:\/\/ps-sonic.com\/?page_id=244"},"modified":"2022-07-29T15:16:13","modified_gmt":"2022-07-29T14:16:13","slug":"fachwissen","status":"publish","type":"page","link":"https:\/\/ps-sonic.com\/en\/fachwissen\/","title":{"rendered":"Service"},"content":{"rendered":"<div class=\"wp-block-columns\">\n<div class=\"wp-block-column\" style=\"flex-basis:50%\">\n<p>We work in the areas of services, including customized solutions, installations, maintenance and through the areas of health and areas of specific applications. See more and contact us to find out how we can help.<\/p>\n<\/div>\n<\/div>\n\n\n\n<div class=\"wp-block-columns pag-atuacao\">\n<div class=\"wp-block-column\" style=\"flex-basis:40%\">\n<div class=\"wp-block-cover\" style=\"min-height:228px\"><span aria-hidden=\"true\" class=\"wp-block-cover__gradient-background has-background-dim\"><\/span><img loading=\"lazy\" width=\"948\" height=\"711\" class=\"wp-block-cover__image-background wp-image-845\" alt=\"\" src=\"https:\/\/ps-sonic.com\/wp-content\/uploads\/2022\/05\/servicos-1.png\" data-object-fit=\"cover\"\/><div class=\"wp-block-cover__inner-container\">\n<p class=\"has-text-align-center has-large-font-size\">Customised solutions<\/p>\n<\/div><\/div>\n\n\n\n<p><\/p>\n<\/div>\n\n\n\n<div class=\"wp-block-column padding-top-1\" style=\"flex-basis:60%\">\n<p>We develop customised solutions, carry out installations and maintenance for specific applications as well as in the health sector.<\/p>\n\n\n\n<p>Regardless of whether it is an existing system or a new installation, commissioning or maintenance, replacement or delivery of spare parts: our service includes the complete package for every type of application in the field of humidification systems and water quality.\nWould you like to know more? Please feel free to contact us.&nbsp;<\/p>\n\n\n\n<div class=\"wp-block-columns\">\n<div class=\"wp-block-column area-atuacao-list\">\n<ul class=\"has-text-color\" style=\"color:#3d4043\"><li><a href=\"https:\/\/ps-sonic.com\/en\/fachwissen\/service\/sonderloesungen\/\">Customised solutions<\/a><\/li><li><a href=\"https:\/\/ps-sonic.com\/en\/fachwissen\/service\/montage-installation\/\">Assembly and installation<\/a><\/li><li><a href=\"https:\/\/ps-sonic.com\/en\/fachwissen\/service\/wartung\/\">Maintenance<\/a><\/li><li><a href=\"https:\/\/ps-sonic.com\/en\/fachwissen\/service\/ersatzteile\/\">Spare parts<\/a><\/li><\/ul>\n<\/div>\n\n\n\n<div class=\"wp-block-column\">\n<ul><li>Accessories<\/li><li>Hygiene assessment<\/li><\/ul>\n<\/div>\n<\/div>\n<\/div>\n<\/div>\n\n\n\n<div class=\"wp-block-columns pag-atuacao\">\n<div class=\"wp-block-column\" style=\"flex-basis:40%\">\n<div class=\"wp-block-cover is-light\" style=\"min-height:228px\"><span aria-hidden=\"true\" class=\"wp-block-cover__gradient-background has-background-dim\"><\/span><img class=\"wp-block-cover__image-background wp-image-846\" alt=\"\" src=\"https:\/\/ps-sonic.com\/wp-content\/uploads\/2022\/05\/saude.png\" data-object-fit=\"cover\"\/><div class=\"wp-block-cover__inner-container\">\n<p class=\"has-text-align-center has-large-font-size\">Health<\/p>\n<\/div><\/div>\n\n\n\n<p><\/p>\n<\/div>\n\n\n\n<div class=\"wp-block-column padding-top-1\" style=\"flex-basis:60%\">\n<p>Humid air plays an important role in our lives, especially for our health.<\/p>\n\n\n\n<div class=\"wp-block-columns\">\n<div class=\"wp-block-column area-atuacao-list\">\n<ul class=\"has-text-color\" style=\"color:#3d4043\"><li><a href=\"https:\/\/ps-sonic.com\/en\/fachwissen\/gesundheit\/verbesserte-lebensqualitaet-durch-luftfeuchtigkeit\/\">Improved quality of life due to humidity<\/a><\/li><li><a href=\"https:\/\/ps-sonic.com\/en\/fachwissen\/gesundheit\/trockene-luft\/\">Dry air<\/a><\/li><li><a href=\"https:\/\/ps-sonic.com\/en\/fachwissen\/gesundheit\/menschlicher-koerper\/\">The human body<\/a><\/li><li><a href=\"https:\/\/ps-sonic.com\/en\/fachwissen\/gesundheit\/infektionsminimierung-luftfeuchte-40-60\/\">Infection minimisation<\/a><\/li><\/ul>\n<\/div>\n\n\n\n<div class=\"wp-block-column\"><\/div>\n<\/div>\n<\/div>\n<\/div>\n\n\n\n<div class=\"wp-block-columns pag-atuacao\">\n<div class=\"wp-block-column\" style=\"flex-basis:40%\">\n<div class=\"wp-block-cover is-light\" style=\"min-height:228px\"><span aria-hidden=\"true\" class=\"wp-block-cover__gradient-background has-background-dim\"><\/span><img loading=\"lazy\" width=\"948\" height=\"711\" class=\"wp-block-cover__image-background wp-image-847\" alt=\"\" src=\"https:\/\/ps-sonic.com\/wp-content\/uploads\/2022\/05\/aplica.png\" data-object-fit=\"cover\"\/><div class=\"wp-block-cover__inner-container\">\n<p class=\"has-text-align-center has-large-font-size\">Fields of application<\/p>\n<\/div><\/div>\n\n\n\n<p><\/p>\n<\/div>\n\n\n\n<div class=\"wp-block-column padding-top-1\" style=\"flex-basis:60%\">\n<p>Air humidification is used all over the world. A distinction is made between technical and comfort applications.<\/p>\n\n\n\n<div class=\"wp-block-columns\">\n<div class=\"wp-block-column area-atuacao-list\">\n<ul class=\"has-text-color\" style=\"color:#3d4043\"><li><a href=\"https:\/\/ps-sonic.com\/en\/fachwissen\/anwendungsbereiche\/elektroindustrie\/\">Electrical industry<\/a><\/li><li><a href=\"https:\/\/ps-sonic.com\/en\/fachwissen\/anwendungsbereiche\/druckerei\/\">Printing plant<\/a><\/li><li><a href=\"https:\/\/ps-sonic.com\/en\/fachwissen\/anwendungsbereiche\/rechenzentren\/\">Data centres<\/a><\/li><li><a href=\"https:\/\/ps-sonic.com\/en\/fachwissen\/anwendungsbereiche\/lagerhaltung\/\">Warehousing<\/a><\/li><li><a href=\"https:\/\/ps-sonic.com\/en\/fachwissen\/anwendungsbereiche\/textilindustrie\/\">Textile industry<\/a><\/li><\/ul>\n<\/div>\n\n\n\n<div class=\"wp-block-column\">\n<ul><li><a href=\"https:\/\/ps-sonic.com\/en\/fachwissen\/anwendungsbereiche\/tabakwaren\/\">Tobacco products<\/a><\/li><li><a href=\"https:\/\/ps-sonic.com\/en\/fachwissen\/anwendungsbereiche\/kaeserei\/\">Cheese dairy<\/a><\/li><li><a href=\"https:\/\/ps-sonic.com\/en\/fachwissen\/anwendungsbereiche\/pilzzucht\/\">Mushroom cultivation<\/a><\/li><\/ul>\n<\/div>\n<\/div>\n<\/div>\n<\/div>\n\n\n\n<p><\/p>","protected":false},"excerpt":{"rendered":"<p>Wir arbeiten in den Bereichen Dienstleistungen, unter anderem mit kundenspezifischen L\u00f6sungen, Installationen, Wartungen und durchlaufen die Bereiche Gesundheit und Bereiche spezifischer Anwendungen. Sehen Sie mehr und kontaktieren Sie uns, um herauszufinden, wie wir Ihnen helfen k\u00f6nnen. Wir erarbeiten kundenspezifische L\u00f6sungen, f\u00fchren Installationen und Wartungen durch f\u00fcr spezifische Anwendungen als auch im Gesundheitsbereich. Sei es Ihre [&hellip;]<\/p>","protected":false},"author":1,"featured_media":0,"parent":0,"menu_order":0,"comment_status":"closed","ping_status":"closed","template":"","meta":[],"yoast_head":"<!-- This site is optimized with the Yoast SEO plugin v18.6 - https:\/\/yoast.com\/wordpress\/plugins\/seo\/ -->\n<title>Service - Supersonic<\/title>\n<meta name=\"robots\" content=\"index, follow, max-snippet:-1, max-image-preview:large, max-video-preview:-1\" \/>\n<link rel=\"canonical\" href=\"https:\/\/ps-sonic.com\/en\/fachwissen\/\" \/>\n<meta property=\"og:locale\" content=\"en_US\" \/>\n<meta property=\"og:type\" content=\"article\" \/>\n<meta property=\"og:title\" content=\"Service - Supersonic\" \/>\n<meta property=\"og:description\" content=\"Wir arbeiten in den Bereichen Dienstleistungen, unter anderem mit kundenspezifischen L\u00f6sungen, Installationen, Wartungen und durchlaufen die Bereiche Gesundheit und Bereiche spezifischer Anwendungen. Sehen Sie mehr und kontaktieren Sie uns, um herauszufinden, wie wir Ihnen helfen k\u00f6nnen. Wir erarbeiten kundenspezifische L\u00f6sungen, f\u00fchren Installationen und Wartungen durch f\u00fcr spezifische Anwendungen als auch im Gesundheitsbereich. Sei es Ihre [&hellip;]\" \/>\n<meta property=\"og:url\" content=\"https:\/\/ps-sonic.com\/en\/fachwissen\/\" \/>\n<meta property=\"og:site_name\" content=\"Supersonic\" \/>\n<meta property=\"article:modified_time\" content=\"2022-07-29T14:16:13+00:00\" \/>\n<meta property=\"og:image\" content=\"https:\/\/ps-sonic.com\/wp-content\/uploads\/2022\/05\/servicos-1.png\" \/>\n<meta name=\"twitter:card\" content=\"summary_large_image\" \/>\n<meta name=\"twitter:label1\" content=\"Est. reading time\" \/>\n\t<meta name=\"twitter:data1\" content=\"2 minutes\" \/>\n<script type=\"application\/ld+json\" class=\"yoast-schema-graph\">{\"@context\":\"https:\/\/schema.org\",\"@graph\":[{\"@type\":\"WebSite\",\"@id\":\"https:\/\/ps-sonic.com\/#website\",\"url\":\"https:\/\/ps-sonic.com\/\",\"name\":\"Supersonic\",\"description\":\"Supersonic - A Arte da Humidifica\u00e7\u00e3o\",\"potentialAction\":[{\"@type\":\"SearchAction\",\"target\":{\"@type\":\"EntryPoint\",\"urlTemplate\":\"https:\/\/ps-sonic.com\/?s={search_term_string}\"},\"query-input\":\"required name=search_term_string\"}],\"inLanguage\":\"en-US\"},{\"@type\":\"ImageObject\",\"@id\":\"https:\/\/ps-sonic.com\/fachwissen\/#primaryimage\",\"inLanguage\":\"en-US\",\"url\":\"https:\/\/ps-sonic.com\/wp-content\/uploads\/2022\/05\/servicos-1.png\",\"contentUrl\":\"https:\/\/ps-sonic.com\/wp-content\/uploads\/2022\/05\/servicos-1.png\",\"width\":948,\"height\":711},{\"@type\":\"WebPage\",\"@id\":\"https:\/\/ps-sonic.com\/fachwissen\/#webpage\",\"url\":\"https:\/\/ps-sonic.com\/fachwissen\/\",\"name\":\"Service - Supersonic\",\"isPartOf\":{\"@id\":\"https:\/\/ps-sonic.com\/#website\"},\"primaryImageOfPage\":{\"@id\":\"https:\/\/ps-sonic.com\/fachwissen\/#primaryimage\"},\"datePublished\":\"2021-12-01T17:06:03+00:00\",\"dateModified\":\"2022-07-29T14:16:13+00:00\",\"breadcrumb\":{\"@id\":\"https:\/\/ps-sonic.com\/fachwissen\/#breadcrumb\"},\"inLanguage\":\"en-US\",\"potentialAction\":[{\"@type\":\"ReadAction\",\"target\":[\"https:\/\/ps-sonic.com\/fachwissen\/\"]}]},{\"@type\":\"BreadcrumbList\",\"@id\":\"https:\/\/ps-sonic.com\/fachwissen\/#breadcrumb\",\"itemListElement\":[{\"@type\":\"ListItem\",\"position\":1,\"name\":\"In\u00edcio\",\"item\":\"https:\/\/ps-sonic.com\/\"},{\"@type\":\"ListItem\",\"position\":2,\"name\":\"Service\"}]}]}<\/script>\n<!-- \/ Yoast SEO plugin. -->","yoast_head_json":{"title":"Service - Supersonic","robots":{"index":"index","follow":"follow","max-snippet":"max-snippet:-1","max-image-preview":"max-image-preview:large","max-video-preview":"max-video-preview:-1"},"canonical":"https:\/\/ps-sonic.com\/en\/fachwissen\/","og_locale":"en_US","og_type":"article","og_title":"Service - Supersonic","og_description":"Wir arbeiten in den Bereichen Dienstleistungen, unter anderem mit kundenspezifischen L\u00f6sungen, Installationen, Wartungen und durchlaufen die Bereiche Gesundheit und Bereiche spezifischer Anwendungen. Sehen Sie mehr und kontaktieren Sie uns, um herauszufinden, wie wir Ihnen helfen k\u00f6nnen. Wir erarbeiten kundenspezifische L\u00f6sungen, f\u00fchren Installationen und Wartungen durch f\u00fcr spezifische Anwendungen als auch im Gesundheitsbereich. Sei es Ihre [&hellip;]","og_url":"https:\/\/ps-sonic.com\/en\/fachwissen\/","og_site_name":"Supersonic","article_modified_time":"2022-07-29T14:16:13+00:00","og_image":[{"url":"https:\/\/ps-sonic.com\/wp-content\/uploads\/2022\/05\/servicos-1.png"}],"twitter_card":"summary_large_image","twitter_misc":{"Est. reading time":"2 minutes"},"schema":{"@context":"https:\/\/schema.org","@graph":[{"@type":"WebSite","@id":"https:\/\/ps-sonic.com\/#website","url":"https:\/\/ps-sonic.com\/","name":"Supersonic","description":"Supersonic - A Arte da Humidifica\u00e7\u00e3o","potentialAction":[{"@type":"SearchAction","target":{"@type":"EntryPoint","urlTemplate":"https:\/\/ps-sonic.com\/?s={search_term_string}"},"query-input":"required name=search_term_string"}],"inLanguage":"en-US"},{"@type":"ImageObject","@id":"https:\/\/ps-sonic.com\/fachwissen\/#primaryimage","inLanguage":"en-US","url":"https:\/\/ps-sonic.com\/wp-content\/uploads\/2022\/05\/servicos-1.png","contentUrl":"https:\/\/ps-sonic.com\/wp-content\/uploads\/2022\/05\/servicos-1.png","width":948,"height":711},{"@type":"WebPage","@id":"https:\/\/ps-sonic.com\/fachwissen\/#webpage","url":"https:\/\/ps-sonic.com\/fachwissen\/","name":"Service - Supersonic","isPartOf":{"@id":"https:\/\/ps-sonic.com\/#website"},"primaryImageOfPage":{"@id":"https:\/\/ps-sonic.com\/fachwissen\/#primaryimage"},"datePublished":"2021-12-01T17:06:03+00:00","dateModified":"2022-07-29T14:16:13+00:00","breadcrumb":{"@id":"https:\/\/ps-sonic.com\/fachwissen\/#breadcrumb"},"inLanguage":"en-US","potentialAction":[{"@type":"ReadAction","target":["https:\/\/ps-sonic.com\/fachwissen\/"]}]},{"@type":"BreadcrumbList","@id":"https:\/\/ps-sonic.com\/fachwissen\/#breadcrumb","itemListElement":[{"@type":"ListItem","position":1,"name":"In\u00edcio","item":"https:\/\/ps-sonic.com\/"},{"@type":"ListItem","position":2,"name":"Service"}]}]}},"_links":{"self":[{"href":"https:\/\/ps-sonic.com\/en\/wp-json\/wp\/v2\/pages\/244"}],"collection":[{"href":"https:\/\/ps-sonic.com\/en\/wp-json\/wp\/v2\/pages"}],"about":[{"href":"https:\/\/ps-sonic.com\/en\/wp-json\/wp\/v2\/types\/page"}],"author":[{"embeddable":true,"href":"https:\/\/ps-sonic.com\/en\/wp-json\/wp\/v2\/users\/1"}],"replies":[{"embeddable":true,"href":"https:\/\/ps-sonic.com\/en\/wp-json\/wp\/v2\/comments?post=244"}],"version-history":[{"count":45,"href":"https:\/\/ps-sonic.com\/en\/wp-json\/wp\/v2\/pages\/244\/revisions"}],"predecessor-version":[{"id":986,"href":"https:\/\/ps-sonic.com\/en\/wp-json\/wp\/v2\/pages\/244\/revisions\/986"}],"wp:attachment":[{"href":"https:\/\/ps-sonic.com\/en\/wp-json\/wp\/v2\/media?parent=244"}],"curies":[{"name":"wp","href":"https:\/\/api.w.org\/{rel}","templated":true}]}}