{"id":654,"date":"2022-05-06T18:49:32","date_gmt":"2022-05-06T17:49:32","guid":{"rendered":"http:\/\/supersonic.inflightit.com\/?page_id=654"},"modified":"2022-07-15T12:29:23","modified_gmt":"2022-07-15T11:29:23","slug":"montage-installation","status":"publish","type":"page","link":"https:\/\/ps-sonic.com\/en\/fachwissen\/service\/montage-installation\/","title":{"rendered":"Assembly and installation"},"content":{"rendered":"<p><strong>Directly from the manufacturer<\/strong><\/p>\n\n\n\n<p>Whether it is a production plant for the manufacture of a wide range of processes \u2013 food industry, logistics companies for refrigerated and dairy products, cheese dairies, mushroom farms, computer centres \u2013 they all depend on the uninterrupted functioning of their humidification systems.<\/p>\n\n\n\n<p>Supersonic's employees have extensive specialist knowledge that they are happy to apply on site in Portugal:<\/p>\n\n\n\n<ul><li>new installations of standardised Supersonic products<\/li><li>on-site complete installation of individual components to open up the entire humidification system,<\/li><li>revamp of plants,<\/li><li>expansion of humidification systems.<\/li><\/ul>","protected":false},"excerpt":{"rendered":"<p>Regelrecht vom Hersteller Ob Produktionsbetrieb f\u00fcr die Fertigung von verschiedensten Prozessen \u2013 Lebensmittelindustrie, Logistikunternehmen f\u00fcr k\u00fchl- und Milchprodukte, K\u00e4sereien, Champignonzucht, Rechenzentren \u2013 sie alle sind auf eine ununterbrochene Funktion ihrer Befeuchtungsanlagen angewiesen. Die Mitarbeiter von Supersonic verf\u00fcgen \u00fcber umfangreiches Spezialwissen, dass sie gerne vor Ort in Portugal einsetzen bei: Neuinstallationen von standardisierten Produkten von Supersonic [&hellip;]<\/p>","protected":false},"author":1,"featured_media":0,"parent":651,"menu_order":0,"comment_status":"closed","ping_status":"closed","template":"","meta":[],"yoast_head":"<!-- This site is optimized with the Yoast SEO plugin v18.6 - https:\/\/yoast.com\/wordpress\/plugins\/seo\/ -->\n<title>Montage &amp; Installation - Supersonic<\/title>\n<meta name=\"robots\" content=\"index, follow, max-snippet:-1, max-image-preview:large, max-video-preview:-1\" \/>\n<link rel=\"canonical\" href=\"https:\/\/ps-sonic.com\/en\/fachwissen\/service\/montage-installation\/\" \/>\n<meta property=\"og:locale\" content=\"en_US\" \/>\n<meta property=\"og:type\" content=\"article\" \/>\n<meta property=\"og:title\" content=\"Montage &amp; Installation - Supersonic\" \/>\n<meta property=\"og:description\" content=\"Regelrecht vom Hersteller Ob Produktionsbetrieb f\u00fcr die Fertigung von verschiedensten Prozessen \u2013 Lebensmittelindustrie, Logistikunternehmen f\u00fcr k\u00fchl- und Milchprodukte, K\u00e4sereien, Champignonzucht, Rechenzentren \u2013 sie alle sind auf eine ununterbrochene Funktion ihrer Befeuchtungsanlagen angewiesen. Die Mitarbeiter von Supersonic verf\u00fcgen \u00fcber umfangreiches Spezialwissen, dass sie gerne vor Ort in Portugal einsetzen bei: Neuinstallationen von standardisierten Produkten von Supersonic [&hellip;]\" \/>\n<meta property=\"og:url\" content=\"https:\/\/ps-sonic.com\/en\/fachwissen\/service\/montage-installation\/\" \/>\n<meta property=\"og:site_name\" content=\"Supersonic\" \/>\n<meta property=\"article:modified_time\" content=\"2022-07-15T11:29:23+00:00\" \/>\n<meta name=\"twitter:card\" content=\"summary_large_image\" \/>\n<meta name=\"twitter:label1\" content=\"Est. reading time\" \/>\n\t<meta name=\"twitter:data1\" content=\"1 minute\" \/>\n<script type=\"application\/ld+json\" class=\"yoast-schema-graph\">{\"@context\":\"https:\/\/schema.org\",\"@graph\":[{\"@type\":\"WebSite\",\"@id\":\"https:\/\/ps-sonic.com\/#website\",\"url\":\"https:\/\/ps-sonic.com\/\",\"name\":\"Supersonic\",\"description\":\"Supersonic - A Arte da Humidifica\u00e7\u00e3o\",\"potentialAction\":[{\"@type\":\"SearchAction\",\"target\":{\"@type\":\"EntryPoint\",\"urlTemplate\":\"https:\/\/ps-sonic.com\/?s={search_term_string}\"},\"query-input\":\"required name=search_term_string\"}],\"inLanguage\":\"en-US\"},{\"@type\":\"WebPage\",\"@id\":\"https:\/\/ps-sonic.com\/fachwissen\/service\/montage-installation\/#webpage\",\"url\":\"https:\/\/ps-sonic.com\/fachwissen\/service\/montage-installation\/\",\"name\":\"Montage & Installation - Supersonic\",\"isPartOf\":{\"@id\":\"https:\/\/ps-sonic.com\/#website\"},\"datePublished\":\"2022-05-06T17:49:32+00:00\",\"dateModified\":\"2022-07-15T11:29:23+00:00\",\"breadcrumb\":{\"@id\":\"https:\/\/ps-sonic.com\/fachwissen\/service\/montage-installation\/#breadcrumb\"},\"inLanguage\":\"en-US\",\"potentialAction\":[{\"@type\":\"ReadAction\",\"target\":[\"https:\/\/ps-sonic.com\/fachwissen\/service\/montage-installation\/\"]}]},{\"@type\":\"BreadcrumbList\",\"@id\":\"https:\/\/ps-sonic.com\/fachwissen\/service\/montage-installation\/#breadcrumb\",\"itemListElement\":[{\"@type\":\"ListItem\",\"position\":1,\"name\":\"In\u00edcio\",\"item\":\"https:\/\/ps-sonic.com\/\"},{\"@type\":\"ListItem\",\"position\":2,\"name\":\"Service\",\"item\":\"https:\/\/ps-sonic.com\/fachwissen\/\"},{\"@type\":\"ListItem\",\"position\":3,\"name\":\"Leistungen\",\"item\":\"https:\/\/ps-sonic.com\/fachwissen\/service\/\"},{\"@type\":\"ListItem\",\"position\":4,\"name\":\"Montage &#038; Installation\"}]}]}<\/script>\n<!-- \/ Yoast SEO plugin. -->","yoast_head_json":{"title":"Montage & Installation - Supersonic","robots":{"index":"index","follow":"follow","max-snippet":"max-snippet:-1","max-image-preview":"max-image-preview:large","max-video-preview":"max-video-preview:-1"},"canonical":"https:\/\/ps-sonic.com\/en\/fachwissen\/service\/montage-installation\/","og_locale":"en_US","og_type":"article","og_title":"Montage & Installation - Supersonic","og_description":"Regelrecht vom Hersteller Ob Produktionsbetrieb f\u00fcr die Fertigung von verschiedensten Prozessen \u2013 Lebensmittelindustrie, Logistikunternehmen f\u00fcr k\u00fchl- und Milchprodukte, K\u00e4sereien, Champignonzucht, Rechenzentren \u2013 sie alle sind auf eine ununterbrochene Funktion ihrer Befeuchtungsanlagen angewiesen. Die Mitarbeiter von Supersonic verf\u00fcgen \u00fcber umfangreiches Spezialwissen, dass sie gerne vor Ort in Portugal einsetzen bei: Neuinstallationen von standardisierten Produkten von Supersonic [&hellip;]","og_url":"https:\/\/ps-sonic.com\/en\/fachwissen\/service\/montage-installation\/","og_site_name":"Supersonic","article_modified_time":"2022-07-15T11:29:23+00:00","twitter_card":"summary_large_image","twitter_misc":{"Est. reading time":"1 minute"},"schema":{"@context":"https:\/\/schema.org","@graph":[{"@type":"WebSite","@id":"https:\/\/ps-sonic.com\/#website","url":"https:\/\/ps-sonic.com\/","name":"Supersonic","description":"Supersonic - A Arte da Humidifica\u00e7\u00e3o","potentialAction":[{"@type":"SearchAction","target":{"@type":"EntryPoint","urlTemplate":"https:\/\/ps-sonic.com\/?s={search_term_string}"},"query-input":"required name=search_term_string"}],"inLanguage":"en-US"},{"@type":"WebPage","@id":"https:\/\/ps-sonic.com\/fachwissen\/service\/montage-installation\/#webpage","url":"https:\/\/ps-sonic.com\/fachwissen\/service\/montage-installation\/","name":"Montage & Installation - Supersonic","isPartOf":{"@id":"https:\/\/ps-sonic.com\/#website"},"datePublished":"2022-05-06T17:49:32+00:00","dateModified":"2022-07-15T11:29:23+00:00","breadcrumb":{"@id":"https:\/\/ps-sonic.com\/fachwissen\/service\/montage-installation\/#breadcrumb"},"inLanguage":"en-US","potentialAction":[{"@type":"ReadAction","target":["https:\/\/ps-sonic.com\/fachwissen\/service\/montage-installation\/"]}]},{"@type":"BreadcrumbList","@id":"https:\/\/ps-sonic.com\/fachwissen\/service\/montage-installation\/#breadcrumb","itemListElement":[{"@type":"ListItem","position":1,"name":"In\u00edcio","item":"https:\/\/ps-sonic.com\/"},{"@type":"ListItem","position":2,"name":"Service","item":"https:\/\/ps-sonic.com\/fachwissen\/"},{"@type":"ListItem","position":3,"name":"Leistungen","item":"https:\/\/ps-sonic.com\/fachwissen\/service\/"},{"@type":"ListItem","position":4,"name":"Montage &#038; Installation"}]}]}},"_links":{"self":[{"href":"https:\/\/ps-sonic.com\/en\/wp-json\/wp\/v2\/pages\/654"}],"collection":[{"href":"https:\/\/ps-sonic.com\/en\/wp-json\/wp\/v2\/pages"}],"about":[{"href":"https:\/\/ps-sonic.com\/en\/wp-json\/wp\/v2\/types\/page"}],"author":[{"embeddable":true,"href":"https:\/\/ps-sonic.com\/en\/wp-json\/wp\/v2\/users\/1"}],"replies":[{"embeddable":true,"href":"https:\/\/ps-sonic.com\/en\/wp-json\/wp\/v2\/comments?post=654"}],"version-history":[{"count":6,"href":"https:\/\/ps-sonic.com\/en\/wp-json\/wp\/v2\/pages\/654\/revisions"}],"predecessor-version":[{"id":964,"href":"https:\/\/ps-sonic.com\/en\/wp-json\/wp\/v2\/pages\/654\/revisions\/964"}],"up":[{"embeddable":true,"href":"https:\/\/ps-sonic.com\/en\/wp-json\/wp\/v2\/pages\/651"}],"wp:attachment":[{"href":"https:\/\/ps-sonic.com\/en\/wp-json\/wp\/v2\/media?parent=654"}],"curies":[{"name":"wp","href":"https:\/\/api.w.org\/{rel}","templated":true}]}}