{"id":655,"date":"2022-05-06T18:49:59","date_gmt":"2022-05-06T17:49:59","guid":{"rendered":"http:\/\/supersonic.inflightit.com\/?page_id=655"},"modified":"2022-07-08T15:11:21","modified_gmt":"2022-07-08T14:11:21","slug":"sonderloesungen","status":"publish","type":"page","link":"https:\/\/ps-sonic.com\/en\/fachwissen\/service\/sonderloesungen\/","title":{"rendered":"Customised solutions"},"content":{"rendered":"<p>When the standardised range of services reaches its limits, Supersonic comes into play. Supersonic not only produces standard, but also adapts individually to the customer's requirements. When it comes to customer-specific tasks, the dimension of our experience becomes apparent: customer orientation and development competence.<\/p>\n\n\n\n<p>We accompany our customers throughout the entire project - from consulting and quotation preparation, through feasibility analysis and development, to series production of the customised solution.<\/p>\n\n\n\n<p><strong>Manufacturer competence<\/strong><\/p>\n\n\n\n<p>Supersonic produces customised solutions at its site in Portugal. Our R&amp;D department ensures the professional implementation of customer-specific projects. Production takes place at flexible, modern assembly stations.<\/p>\n\n\n\n<p>The advantages for the customer are obvious:<\/p>\n\n\n\n<ul><li>highest quality,<\/li><li>customer-oriented flexibility and<\/li><li>availability on schedule.<\/li><\/ul>\n\n\n\n<p>&nbsp;&nbsp;&nbsp;&nbsp;&nbsp;&nbsp; This applies to prototype construction as well as series production.<\/p>","protected":false},"excerpt":{"rendered":"<p>Wenn das standardisierte Leistungsspektrum an seine Grenzen st\u00f6\u00dft, kommt Supersonic ins Spiel. Supersonic produziert nicht nur Standard, sondern passt sich individuell den Anforderungen des Kunden an. Bei kundenspezifischen Aufgaben zeigt sich die Dimension unserer Erfahrung: Kundenorientierung und Entwicklungskompetenz. Unsere Kunden begleiten wir w\u00e4hrend des gesamten Projekts \u2013 von der Beratung und Angebotserstellung, \u00fcber die Machbarkeitsanalyse [&hellip;]<\/p>","protected":false},"author":1,"featured_media":0,"parent":651,"menu_order":0,"comment_status":"closed","ping_status":"closed","template":"","meta":[],"yoast_head":"<!-- This site is optimized with the Yoast SEO plugin v18.6 - https:\/\/yoast.com\/wordpress\/plugins\/seo\/ -->\n<title>Sonderl\u00f6sungen - Supersonic<\/title>\n<meta name=\"robots\" content=\"index, follow, max-snippet:-1, max-image-preview:large, max-video-preview:-1\" \/>\n<link rel=\"canonical\" href=\"https:\/\/ps-sonic.com\/en\/fachwissen\/service\/sonderloesungen\/\" \/>\n<meta property=\"og:locale\" content=\"en_US\" \/>\n<meta property=\"og:type\" content=\"article\" \/>\n<meta property=\"og:title\" content=\"Sonderl\u00f6sungen - Supersonic\" \/>\n<meta property=\"og:description\" content=\"Wenn das standardisierte Leistungsspektrum an seine Grenzen st\u00f6\u00dft, kommt Supersonic ins Spiel. Supersonic produziert nicht nur Standard, sondern passt sich individuell den Anforderungen des Kunden an. Bei kundenspezifischen Aufgaben zeigt sich die Dimension unserer Erfahrung: Kundenorientierung und Entwicklungskompetenz. Unsere Kunden begleiten wir w\u00e4hrend des gesamten Projekts \u2013 von der Beratung und Angebotserstellung, \u00fcber die Machbarkeitsanalyse [&hellip;]\" \/>\n<meta property=\"og:url\" content=\"https:\/\/ps-sonic.com\/en\/fachwissen\/service\/sonderloesungen\/\" \/>\n<meta property=\"og:site_name\" content=\"Supersonic\" \/>\n<meta property=\"article:modified_time\" content=\"2022-07-08T14:11:21+00:00\" \/>\n<meta name=\"twitter:card\" content=\"summary_large_image\" \/>\n<meta name=\"twitter:label1\" content=\"Est. reading time\" \/>\n\t<meta name=\"twitter:data1\" content=\"1 minute\" \/>\n<script type=\"application\/ld+json\" class=\"yoast-schema-graph\">{\"@context\":\"https:\/\/schema.org\",\"@graph\":[{\"@type\":\"WebSite\",\"@id\":\"https:\/\/ps-sonic.com\/#website\",\"url\":\"https:\/\/ps-sonic.com\/\",\"name\":\"Supersonic\",\"description\":\"Supersonic - A Arte da Humidifica\u00e7\u00e3o\",\"potentialAction\":[{\"@type\":\"SearchAction\",\"target\":{\"@type\":\"EntryPoint\",\"urlTemplate\":\"https:\/\/ps-sonic.com\/?s={search_term_string}\"},\"query-input\":\"required name=search_term_string\"}],\"inLanguage\":\"en-US\"},{\"@type\":\"WebPage\",\"@id\":\"https:\/\/ps-sonic.com\/fachwissen\/service\/sonderloesungen\/#webpage\",\"url\":\"https:\/\/ps-sonic.com\/fachwissen\/service\/sonderloesungen\/\",\"name\":\"Sonderl\u00f6sungen - Supersonic\",\"isPartOf\":{\"@id\":\"https:\/\/ps-sonic.com\/#website\"},\"datePublished\":\"2022-05-06T17:49:59+00:00\",\"dateModified\":\"2022-07-08T14:11:21+00:00\",\"breadcrumb\":{\"@id\":\"https:\/\/ps-sonic.com\/fachwissen\/service\/sonderloesungen\/#breadcrumb\"},\"inLanguage\":\"en-US\",\"potentialAction\":[{\"@type\":\"ReadAction\",\"target\":[\"https:\/\/ps-sonic.com\/fachwissen\/service\/sonderloesungen\/\"]}]},{\"@type\":\"BreadcrumbList\",\"@id\":\"https:\/\/ps-sonic.com\/fachwissen\/service\/sonderloesungen\/#breadcrumb\",\"itemListElement\":[{\"@type\":\"ListItem\",\"position\":1,\"name\":\"In\u00edcio\",\"item\":\"https:\/\/ps-sonic.com\/\"},{\"@type\":\"ListItem\",\"position\":2,\"name\":\"Service\",\"item\":\"https:\/\/ps-sonic.com\/fachwissen\/\"},{\"@type\":\"ListItem\",\"position\":3,\"name\":\"Leistungen\",\"item\":\"https:\/\/ps-sonic.com\/fachwissen\/service\/\"},{\"@type\":\"ListItem\",\"position\":4,\"name\":\"Sonderl\u00f6sungen\"}]}]}<\/script>\n<!-- \/ Yoast SEO plugin. -->","yoast_head_json":{"title":"Sonderl\u00f6sungen - Supersonic","robots":{"index":"index","follow":"follow","max-snippet":"max-snippet:-1","max-image-preview":"max-image-preview:large","max-video-preview":"max-video-preview:-1"},"canonical":"https:\/\/ps-sonic.com\/en\/fachwissen\/service\/sonderloesungen\/","og_locale":"en_US","og_type":"article","og_title":"Sonderl\u00f6sungen - Supersonic","og_description":"Wenn das standardisierte Leistungsspektrum an seine Grenzen st\u00f6\u00dft, kommt Supersonic ins Spiel. Supersonic produziert nicht nur Standard, sondern passt sich individuell den Anforderungen des Kunden an. Bei kundenspezifischen Aufgaben zeigt sich die Dimension unserer Erfahrung: Kundenorientierung und Entwicklungskompetenz. Unsere Kunden begleiten wir w\u00e4hrend des gesamten Projekts \u2013 von der Beratung und Angebotserstellung, \u00fcber die Machbarkeitsanalyse [&hellip;]","og_url":"https:\/\/ps-sonic.com\/en\/fachwissen\/service\/sonderloesungen\/","og_site_name":"Supersonic","article_modified_time":"2022-07-08T14:11:21+00:00","twitter_card":"summary_large_image","twitter_misc":{"Est. reading time":"1 minute"},"schema":{"@context":"https:\/\/schema.org","@graph":[{"@type":"WebSite","@id":"https:\/\/ps-sonic.com\/#website","url":"https:\/\/ps-sonic.com\/","name":"Supersonic","description":"Supersonic - A Arte da Humidifica\u00e7\u00e3o","potentialAction":[{"@type":"SearchAction","target":{"@type":"EntryPoint","urlTemplate":"https:\/\/ps-sonic.com\/?s={search_term_string}"},"query-input":"required name=search_term_string"}],"inLanguage":"en-US"},{"@type":"WebPage","@id":"https:\/\/ps-sonic.com\/fachwissen\/service\/sonderloesungen\/#webpage","url":"https:\/\/ps-sonic.com\/fachwissen\/service\/sonderloesungen\/","name":"Sonderl\u00f6sungen - Supersonic","isPartOf":{"@id":"https:\/\/ps-sonic.com\/#website"},"datePublished":"2022-05-06T17:49:59+00:00","dateModified":"2022-07-08T14:11:21+00:00","breadcrumb":{"@id":"https:\/\/ps-sonic.com\/fachwissen\/service\/sonderloesungen\/#breadcrumb"},"inLanguage":"en-US","potentialAction":[{"@type":"ReadAction","target":["https:\/\/ps-sonic.com\/fachwissen\/service\/sonderloesungen\/"]}]},{"@type":"BreadcrumbList","@id":"https:\/\/ps-sonic.com\/fachwissen\/service\/sonderloesungen\/#breadcrumb","itemListElement":[{"@type":"ListItem","position":1,"name":"In\u00edcio","item":"https:\/\/ps-sonic.com\/"},{"@type":"ListItem","position":2,"name":"Service","item":"https:\/\/ps-sonic.com\/fachwissen\/"},{"@type":"ListItem","position":3,"name":"Leistungen","item":"https:\/\/ps-sonic.com\/fachwissen\/service\/"},{"@type":"ListItem","position":4,"name":"Sonderl\u00f6sungen"}]}]}},"_links":{"self":[{"href":"https:\/\/ps-sonic.com\/en\/wp-json\/wp\/v2\/pages\/655"}],"collection":[{"href":"https:\/\/ps-sonic.com\/en\/wp-json\/wp\/v2\/pages"}],"about":[{"href":"https:\/\/ps-sonic.com\/en\/wp-json\/wp\/v2\/types\/page"}],"author":[{"embeddable":true,"href":"https:\/\/ps-sonic.com\/en\/wp-json\/wp\/v2\/users\/1"}],"replies":[{"embeddable":true,"href":"https:\/\/ps-sonic.com\/en\/wp-json\/wp\/v2\/comments?post=655"}],"version-history":[{"count":6,"href":"https:\/\/ps-sonic.com\/en\/wp-json\/wp\/v2\/pages\/655\/revisions"}],"predecessor-version":[{"id":899,"href":"https:\/\/ps-sonic.com\/en\/wp-json\/wp\/v2\/pages\/655\/revisions\/899"}],"up":[{"embeddable":true,"href":"https:\/\/ps-sonic.com\/en\/wp-json\/wp\/v2\/pages\/651"}],"wp:attachment":[{"href":"https:\/\/ps-sonic.com\/en\/wp-json\/wp\/v2\/media?parent=655"}],"curies":[{"name":"wp","href":"https:\/\/api.w.org\/{rel}","templated":true}]}}