{"id":663,"date":"2022-05-06T18:51:22","date_gmt":"2022-05-06T17:51:22","guid":{"rendered":"http:\/\/supersonic.inflightit.com\/?page_id=663"},"modified":"2022-07-27T12:33:01","modified_gmt":"2022-07-27T11:33:01","slug":"verbesserte-lebensqualitaet-durch-luftfeuchtigkeit","status":"publish","type":"page","link":"https:\/\/ps-sonic.com\/en\/fachwissen\/gesundheit\/verbesserte-lebensqualitaet-durch-luftfeuchtigkeit\/","title":{"rendered":"Improved quality of life due to humidity"},"content":{"rendered":"<p>Humans are able to detect differences in temperature. In winter, for example, living areas are cosy and warm. Outside, however, we would not be able to stand it without a winter jacket. Humans do not sense whether the air they breathe in or feel on their skin has low or high humidity. Low humidity leads to an increased risk of infection as well as higher survival rates and higher transmission efficiency of influenza viruses due to the drying out of the mucous membranes in the mouth, nose, throat and eyes. Influenza cases during the heating season are thus often caused by low humidity.<\/p>","protected":false},"excerpt":{"rendered":"<p>Der Mensch ist in der Lage, Temperaturunterschiede zu erkennen. Im Winter zum Beispiel sind die Wohnbereiche kuschelig warm. Drau\u00dfen jedoch w\u00fcrden wir es ohne Winterjacke nicht aushalten. Der Mensch sp\u00fcrt nicht, ob die Luft, die er einatmet oder auf der Haut sp\u00fcrt, eine niedrige oder hohe Luftfeuchtigkeit aufweist. Niedrige Luftfeuchtigkeit f\u00fchrt durch das Austrocknen der [&hellip;]<\/p>","protected":false},"author":1,"featured_media":976,"parent":662,"menu_order":0,"comment_status":"closed","ping_status":"closed","template":"","meta":[],"yoast_head":"<!-- This site is optimized with the Yoast SEO plugin v18.6 - https:\/\/yoast.com\/wordpress\/plugins\/seo\/ -->\n<title>Verbesserte Lebensqualit\u00e4t durch Luftfeuchtigkeit - Supersonic<\/title>\n<meta name=\"robots\" content=\"index, follow, max-snippet:-1, max-image-preview:large, max-video-preview:-1\" \/>\n<link rel=\"canonical\" href=\"https:\/\/ps-sonic.com\/en\/fachwissen\/gesundheit\/verbesserte-lebensqualitaet-durch-luftfeuchtigkeit\/\" \/>\n<meta property=\"og:locale\" content=\"en_US\" \/>\n<meta property=\"og:type\" content=\"article\" \/>\n<meta property=\"og:title\" content=\"Verbesserte Lebensqualit\u00e4t durch Luftfeuchtigkeit - Supersonic\" \/>\n<meta property=\"og:description\" content=\"Der Mensch ist in der Lage, Temperaturunterschiede zu erkennen. Im Winter zum Beispiel sind die Wohnbereiche kuschelig warm. Drau\u00dfen jedoch w\u00fcrden wir es ohne Winterjacke nicht aushalten. Der Mensch sp\u00fcrt nicht, ob die Luft, die er einatmet oder auf der Haut sp\u00fcrt, eine niedrige oder hohe Luftfeuchtigkeit aufweist. Niedrige Luftfeuchtigkeit f\u00fchrt durch das Austrocknen der [&hellip;]\" \/>\n<meta property=\"og:url\" content=\"https:\/\/ps-sonic.com\/en\/fachwissen\/gesundheit\/verbesserte-lebensqualitaet-durch-luftfeuchtigkeit\/\" \/>\n<meta property=\"og:site_name\" content=\"Supersonic\" \/>\n<meta property=\"article:modified_time\" content=\"2022-07-27T11:33:01+00:00\" \/>\n<meta property=\"og:image\" content=\"https:\/\/ps-sonic.com\/wp-content\/uploads\/2022\/07\/iStock-1185610055.jpg\" \/>\n\t<meta property=\"og:image:width\" content=\"2250\" \/>\n\t<meta property=\"og:image:height\" content=\"1436\" \/>\n\t<meta property=\"og:image:type\" content=\"image\/jpeg\" \/>\n<meta name=\"twitter:card\" content=\"summary_large_image\" \/>\n<meta name=\"twitter:label1\" content=\"Est. reading time\" \/>\n\t<meta name=\"twitter:data1\" content=\"1 minute\" \/>\n<script type=\"application\/ld+json\" class=\"yoast-schema-graph\">{\"@context\":\"https:\/\/schema.org\",\"@graph\":[{\"@type\":\"WebSite\",\"@id\":\"https:\/\/ps-sonic.com\/#website\",\"url\":\"https:\/\/ps-sonic.com\/\",\"name\":\"Supersonic\",\"description\":\"Supersonic - A Arte da Humidifica\u00e7\u00e3o\",\"potentialAction\":[{\"@type\":\"SearchAction\",\"target\":{\"@type\":\"EntryPoint\",\"urlTemplate\":\"https:\/\/ps-sonic.com\/?s={search_term_string}\"},\"query-input\":\"required name=search_term_string\"}],\"inLanguage\":\"en-US\"},{\"@type\":\"ImageObject\",\"@id\":\"https:\/\/ps-sonic.com\/fachwissen\/gesundheit\/verbesserte-lebensqualitaet-durch-luftfeuchtigkeit\/#primaryimage\",\"inLanguage\":\"en-US\",\"url\":\"https:\/\/ps-sonic.com\/wp-content\/uploads\/2022\/07\/iStock-1185610055.jpg\",\"contentUrl\":\"https:\/\/ps-sonic.com\/wp-content\/uploads\/2022\/07\/iStock-1185610055.jpg\",\"width\":2250,\"height\":1436,\"caption\":\"Green lungs of planet Earth. 3d rendering of a clean lake in a shape of lungs in the middle of virgin forest. Concept of nature and rainforest protection, nature breathing and natural co2 reduction.\"},{\"@type\":\"WebPage\",\"@id\":\"https:\/\/ps-sonic.com\/fachwissen\/gesundheit\/verbesserte-lebensqualitaet-durch-luftfeuchtigkeit\/#webpage\",\"url\":\"https:\/\/ps-sonic.com\/fachwissen\/gesundheit\/verbesserte-lebensqualitaet-durch-luftfeuchtigkeit\/\",\"name\":\"Verbesserte Lebensqualit\u00e4t durch Luftfeuchtigkeit - Supersonic\",\"isPartOf\":{\"@id\":\"https:\/\/ps-sonic.com\/#website\"},\"primaryImageOfPage\":{\"@id\":\"https:\/\/ps-sonic.com\/fachwissen\/gesundheit\/verbesserte-lebensqualitaet-durch-luftfeuchtigkeit\/#primaryimage\"},\"datePublished\":\"2022-05-06T17:51:22+00:00\",\"dateModified\":\"2022-07-27T11:33:01+00:00\",\"breadcrumb\":{\"@id\":\"https:\/\/ps-sonic.com\/fachwissen\/gesundheit\/verbesserte-lebensqualitaet-durch-luftfeuchtigkeit\/#breadcrumb\"},\"inLanguage\":\"en-US\",\"potentialAction\":[{\"@type\":\"ReadAction\",\"target\":[\"https:\/\/ps-sonic.com\/fachwissen\/gesundheit\/verbesserte-lebensqualitaet-durch-luftfeuchtigkeit\/\"]}]},{\"@type\":\"BreadcrumbList\",\"@id\":\"https:\/\/ps-sonic.com\/fachwissen\/gesundheit\/verbesserte-lebensqualitaet-durch-luftfeuchtigkeit\/#breadcrumb\",\"itemListElement\":[{\"@type\":\"ListItem\",\"position\":1,\"name\":\"In\u00edcio\",\"item\":\"https:\/\/ps-sonic.com\/\"},{\"@type\":\"ListItem\",\"position\":2,\"name\":\"Service\",\"item\":\"https:\/\/ps-sonic.com\/fachwissen\/\"},{\"@type\":\"ListItem\",\"position\":3,\"name\":\"Gesundheit\",\"item\":\"https:\/\/ps-sonic.com\/fachwissen\/gesundheit\/\"},{\"@type\":\"ListItem\",\"position\":4,\"name\":\"Verbesserte Lebensqualit\u00e4t durch Luftfeuchtigkeit\"}]}]}<\/script>\n<!-- \/ Yoast SEO plugin. -->","yoast_head_json":{"title":"Verbesserte Lebensqualit\u00e4t durch Luftfeuchtigkeit - Supersonic","robots":{"index":"index","follow":"follow","max-snippet":"max-snippet:-1","max-image-preview":"max-image-preview:large","max-video-preview":"max-video-preview:-1"},"canonical":"https:\/\/ps-sonic.com\/en\/fachwissen\/gesundheit\/verbesserte-lebensqualitaet-durch-luftfeuchtigkeit\/","og_locale":"en_US","og_type":"article","og_title":"Verbesserte Lebensqualit\u00e4t durch Luftfeuchtigkeit - Supersonic","og_description":"Der Mensch ist in der Lage, Temperaturunterschiede zu erkennen. Im Winter zum Beispiel sind die Wohnbereiche kuschelig warm. Drau\u00dfen jedoch w\u00fcrden wir es ohne Winterjacke nicht aushalten. Der Mensch sp\u00fcrt nicht, ob die Luft, die er einatmet oder auf der Haut sp\u00fcrt, eine niedrige oder hohe Luftfeuchtigkeit aufweist. Niedrige Luftfeuchtigkeit f\u00fchrt durch das Austrocknen der [&hellip;]","og_url":"https:\/\/ps-sonic.com\/en\/fachwissen\/gesundheit\/verbesserte-lebensqualitaet-durch-luftfeuchtigkeit\/","og_site_name":"Supersonic","article_modified_time":"2022-07-27T11:33:01+00:00","og_image":[{"width":2250,"height":1436,"url":"https:\/\/ps-sonic.com\/wp-content\/uploads\/2022\/07\/iStock-1185610055.jpg","type":"image\/jpeg"}],"twitter_card":"summary_large_image","twitter_misc":{"Est. reading time":"1 minute"},"schema":{"@context":"https:\/\/schema.org","@graph":[{"@type":"WebSite","@id":"https:\/\/ps-sonic.com\/#website","url":"https:\/\/ps-sonic.com\/","name":"Supersonic","description":"Supersonic - A Arte da Humidifica\u00e7\u00e3o","potentialAction":[{"@type":"SearchAction","target":{"@type":"EntryPoint","urlTemplate":"https:\/\/ps-sonic.com\/?s={search_term_string}"},"query-input":"required name=search_term_string"}],"inLanguage":"en-US"},{"@type":"ImageObject","@id":"https:\/\/ps-sonic.com\/fachwissen\/gesundheit\/verbesserte-lebensqualitaet-durch-luftfeuchtigkeit\/#primaryimage","inLanguage":"en-US","url":"https:\/\/ps-sonic.com\/wp-content\/uploads\/2022\/07\/iStock-1185610055.jpg","contentUrl":"https:\/\/ps-sonic.com\/wp-content\/uploads\/2022\/07\/iStock-1185610055.jpg","width":2250,"height":1436,"caption":"Green lungs of planet Earth. 3d rendering of a clean lake in a shape of lungs in the middle of virgin forest. Concept of nature and rainforest protection, nature breathing and natural co2 reduction."},{"@type":"WebPage","@id":"https:\/\/ps-sonic.com\/fachwissen\/gesundheit\/verbesserte-lebensqualitaet-durch-luftfeuchtigkeit\/#webpage","url":"https:\/\/ps-sonic.com\/fachwissen\/gesundheit\/verbesserte-lebensqualitaet-durch-luftfeuchtigkeit\/","name":"Verbesserte Lebensqualit\u00e4t durch Luftfeuchtigkeit - Supersonic","isPartOf":{"@id":"https:\/\/ps-sonic.com\/#website"},"primaryImageOfPage":{"@id":"https:\/\/ps-sonic.com\/fachwissen\/gesundheit\/verbesserte-lebensqualitaet-durch-luftfeuchtigkeit\/#primaryimage"},"datePublished":"2022-05-06T17:51:22+00:00","dateModified":"2022-07-27T11:33:01+00:00","breadcrumb":{"@id":"https:\/\/ps-sonic.com\/fachwissen\/gesundheit\/verbesserte-lebensqualitaet-durch-luftfeuchtigkeit\/#breadcrumb"},"inLanguage":"en-US","potentialAction":[{"@type":"ReadAction","target":["https:\/\/ps-sonic.com\/fachwissen\/gesundheit\/verbesserte-lebensqualitaet-durch-luftfeuchtigkeit\/"]}]},{"@type":"BreadcrumbList","@id":"https:\/\/ps-sonic.com\/fachwissen\/gesundheit\/verbesserte-lebensqualitaet-durch-luftfeuchtigkeit\/#breadcrumb","itemListElement":[{"@type":"ListItem","position":1,"name":"In\u00edcio","item":"https:\/\/ps-sonic.com\/"},{"@type":"ListItem","position":2,"name":"Service","item":"https:\/\/ps-sonic.com\/fachwissen\/"},{"@type":"ListItem","position":3,"name":"Gesundheit","item":"https:\/\/ps-sonic.com\/fachwissen\/gesundheit\/"},{"@type":"ListItem","position":4,"name":"Verbesserte Lebensqualit\u00e4t durch Luftfeuchtigkeit"}]}]}},"_links":{"self":[{"href":"https:\/\/ps-sonic.com\/en\/wp-json\/wp\/v2\/pages\/663"}],"collection":[{"href":"https:\/\/ps-sonic.com\/en\/wp-json\/wp\/v2\/pages"}],"about":[{"href":"https:\/\/ps-sonic.com\/en\/wp-json\/wp\/v2\/types\/page"}],"author":[{"embeddable":true,"href":"https:\/\/ps-sonic.com\/en\/wp-json\/wp\/v2\/users\/1"}],"replies":[{"embeddable":true,"href":"https:\/\/ps-sonic.com\/en\/wp-json\/wp\/v2\/comments?post=663"}],"version-history":[{"count":5,"href":"https:\/\/ps-sonic.com\/en\/wp-json\/wp\/v2\/pages\/663\/revisions"}],"predecessor-version":[{"id":906,"href":"https:\/\/ps-sonic.com\/en\/wp-json\/wp\/v2\/pages\/663\/revisions\/906"}],"up":[{"embeddable":true,"href":"https:\/\/ps-sonic.com\/en\/wp-json\/wp\/v2\/pages\/662"}],"wp:featuredmedia":[{"embeddable":true,"href":"https:\/\/ps-sonic.com\/en\/wp-json\/wp\/v2\/media\/976"}],"wp:attachment":[{"href":"https:\/\/ps-sonic.com\/en\/wp-json\/wp\/v2\/media?parent=663"}],"curies":[{"name":"wp","href":"https:\/\/api.w.org\/{rel}","templated":true}]}}