{"id":673,"date":"2022-05-06T18:52:59","date_gmt":"2022-05-06T17:52:59","guid":{"rendered":"http:\/\/supersonic.inflightit.com\/?page_id=673"},"modified":"2022-08-05T16:41:54","modified_gmt":"2022-08-05T15:41:54","slug":"elektroindustrie","status":"publish","type":"page","link":"https:\/\/ps-sonic.com\/en\/fachwissen\/anwendungsbereiche\/elektroindustrie\/","title":{"rendered":"Electrical industry"},"content":{"rendered":"<p><strong>Air humidification for electronics production<\/strong><\/p>\n\n\n\n<p>Movements and frictions create static charges in dry ambient air. Whirled-up dust particles collide with each other and become statically charged. If the dust particles come into contact with conductive components, an explosive, invisible discharge takes place.<\/p>\n\n\n\n<figure class=\"wp-block-image size-full\"><img loading=\"lazy\" width=\"1600\" height=\"1067\" src=\"https:\/\/ps-sonic.com\/wp-content\/uploads\/2022\/05\/Elektroindustrie-2.jpg\" alt=\"\" class=\"wp-image-821\"\/><\/figure>\n\n\n\n<p>Not only dust particles are a risk factor, but the electronic components themselves also become statically charged. As little as 100 volts are enough to destroy electronic components.<\/p>\n\n\n\n<p>Electrostatic charging can be significantly reduced by raising the air humidity. Raising the air humidity ensures that electrical charges are dissipated, which prevents the formation of potential differences.<\/p>\n\n\n\n<figure class=\"wp-block-image size-full\"><img loading=\"lazy\" width=\"1600\" height=\"1067\" src=\"https:\/\/ps-sonic.com\/wp-content\/uploads\/2022\/05\/Elektroindustrie.jpg\" alt=\"\" class=\"wp-image-823\"\/><\/figure>\n\n\n\n<p><\/p>","protected":false},"excerpt":{"rendered":"<p>Luftbefeuchtung f\u00fcr die Elektronikfertigung Bewegungen, Reibungen sorgen bei trockener Umgebungsluft f\u00fcr statische Aufladungen. Staubpartikel, die sich dadurch viel mehr in der Luft aufhalten sto\u00dfen einander und laden sich statisch auf. Kommen die Staubpartikel mit leitf\u00e4higen Komponenten in Ber\u00fchrung findet eine explosive nicht sichtbare Entladung statt. Nicht nur Staubpartikel sind ein Risikofaktor, sondern die elektronischen Bauteile [&hellip;]<\/p>","protected":false},"author":1,"featured_media":823,"parent":672,"menu_order":0,"comment_status":"closed","ping_status":"closed","template":"","meta":[],"yoast_head":"<!-- This site is optimized with the Yoast SEO plugin v18.6 - https:\/\/yoast.com\/wordpress\/plugins\/seo\/ -->\n<title>Elektroindustrie - Supersonic<\/title>\n<meta name=\"robots\" content=\"index, follow, max-snippet:-1, max-image-preview:large, max-video-preview:-1\" \/>\n<link rel=\"canonical\" href=\"https:\/\/ps-sonic.com\/en\/fachwissen\/anwendungsbereiche\/elektroindustrie\/\" \/>\n<meta property=\"og:locale\" content=\"en_US\" \/>\n<meta property=\"og:type\" content=\"article\" \/>\n<meta property=\"og:title\" content=\"Elektroindustrie - Supersonic\" \/>\n<meta property=\"og:description\" content=\"Luftbefeuchtung f\u00fcr die Elektronikfertigung Bewegungen, Reibungen sorgen bei trockener Umgebungsluft f\u00fcr statische Aufladungen. Staubpartikel, die sich dadurch viel mehr in der Luft aufhalten sto\u00dfen einander und laden sich statisch auf. Kommen die Staubpartikel mit leitf\u00e4higen Komponenten in Ber\u00fchrung findet eine explosive nicht sichtbare Entladung statt. Nicht nur Staubpartikel sind ein Risikofaktor, sondern die elektronischen Bauteile [&hellip;]\" \/>\n<meta property=\"og:url\" content=\"https:\/\/ps-sonic.com\/en\/fachwissen\/anwendungsbereiche\/elektroindustrie\/\" \/>\n<meta property=\"og:site_name\" content=\"Supersonic\" \/>\n<meta property=\"article:modified_time\" content=\"2022-08-05T15:41:54+00:00\" \/>\n<meta property=\"og:image\" content=\"https:\/\/ps-sonic.com\/wp-content\/uploads\/2022\/05\/Elektroindustrie.jpg\" \/>\n\t<meta property=\"og:image:width\" content=\"1600\" \/>\n\t<meta property=\"og:image:height\" content=\"1067\" \/>\n\t<meta property=\"og:image:type\" content=\"image\/jpeg\" \/>\n<meta name=\"twitter:card\" content=\"summary_large_image\" \/>\n<meta name=\"twitter:label1\" content=\"Est. reading time\" \/>\n\t<meta name=\"twitter:data1\" content=\"1 minute\" \/>\n<script type=\"application\/ld+json\" class=\"yoast-schema-graph\">{\"@context\":\"https:\/\/schema.org\",\"@graph\":[{\"@type\":\"WebSite\",\"@id\":\"https:\/\/ps-sonic.com\/#website\",\"url\":\"https:\/\/ps-sonic.com\/\",\"name\":\"Supersonic\",\"description\":\"Supersonic - A Arte da Humidifica\u00e7\u00e3o\",\"potentialAction\":[{\"@type\":\"SearchAction\",\"target\":{\"@type\":\"EntryPoint\",\"urlTemplate\":\"https:\/\/ps-sonic.com\/?s={search_term_string}\"},\"query-input\":\"required name=search_term_string\"}],\"inLanguage\":\"en-US\"},{\"@type\":\"ImageObject\",\"@id\":\"https:\/\/ps-sonic.com\/fachwissen\/anwendungsbereiche\/elektroindustrie\/#primaryimage\",\"inLanguage\":\"en-US\",\"url\":\"https:\/\/ps-sonic.com\/wp-content\/uploads\/2022\/05\/Elektroindustrie.jpg\",\"contentUrl\":\"https:\/\/ps-sonic.com\/wp-content\/uploads\/2022\/05\/Elektroindustrie.jpg\",\"width\":1600,\"height\":1067},{\"@type\":\"WebPage\",\"@id\":\"https:\/\/ps-sonic.com\/fachwissen\/anwendungsbereiche\/elektroindustrie\/#webpage\",\"url\":\"https:\/\/ps-sonic.com\/fachwissen\/anwendungsbereiche\/elektroindustrie\/\",\"name\":\"Elektroindustrie - Supersonic\",\"isPartOf\":{\"@id\":\"https:\/\/ps-sonic.com\/#website\"},\"primaryImageOfPage\":{\"@id\":\"https:\/\/ps-sonic.com\/fachwissen\/anwendungsbereiche\/elektroindustrie\/#primaryimage\"},\"datePublished\":\"2022-05-06T17:52:59+00:00\",\"dateModified\":\"2022-08-05T15:41:54+00:00\",\"breadcrumb\":{\"@id\":\"https:\/\/ps-sonic.com\/fachwissen\/anwendungsbereiche\/elektroindustrie\/#breadcrumb\"},\"inLanguage\":\"en-US\",\"potentialAction\":[{\"@type\":\"ReadAction\",\"target\":[\"https:\/\/ps-sonic.com\/fachwissen\/anwendungsbereiche\/elektroindustrie\/\"]}]},{\"@type\":\"BreadcrumbList\",\"@id\":\"https:\/\/ps-sonic.com\/fachwissen\/anwendungsbereiche\/elektroindustrie\/#breadcrumb\",\"itemListElement\":[{\"@type\":\"ListItem\",\"position\":1,\"name\":\"In\u00edcio\",\"item\":\"https:\/\/ps-sonic.com\/\"},{\"@type\":\"ListItem\",\"position\":2,\"name\":\"Service\",\"item\":\"https:\/\/ps-sonic.com\/fachwissen\/\"},{\"@type\":\"ListItem\",\"position\":3,\"name\":\"Anwendungsbereiche\",\"item\":\"https:\/\/ps-sonic.com\/fachwissen\/anwendungsbereiche\/\"},{\"@type\":\"ListItem\",\"position\":4,\"name\":\"Elektroindustrie\"}]}]}<\/script>\n<!-- \/ Yoast SEO plugin. -->","yoast_head_json":{"title":"Elektroindustrie - Supersonic","robots":{"index":"index","follow":"follow","max-snippet":"max-snippet:-1","max-image-preview":"max-image-preview:large","max-video-preview":"max-video-preview:-1"},"canonical":"https:\/\/ps-sonic.com\/en\/fachwissen\/anwendungsbereiche\/elektroindustrie\/","og_locale":"en_US","og_type":"article","og_title":"Elektroindustrie - Supersonic","og_description":"Luftbefeuchtung f\u00fcr die Elektronikfertigung Bewegungen, Reibungen sorgen bei trockener Umgebungsluft f\u00fcr statische Aufladungen. Staubpartikel, die sich dadurch viel mehr in der Luft aufhalten sto\u00dfen einander und laden sich statisch auf. Kommen die Staubpartikel mit leitf\u00e4higen Komponenten in Ber\u00fchrung findet eine explosive nicht sichtbare Entladung statt. Nicht nur Staubpartikel sind ein Risikofaktor, sondern die elektronischen Bauteile [&hellip;]","og_url":"https:\/\/ps-sonic.com\/en\/fachwissen\/anwendungsbereiche\/elektroindustrie\/","og_site_name":"Supersonic","article_modified_time":"2022-08-05T15:41:54+00:00","og_image":[{"width":1600,"height":1067,"url":"https:\/\/ps-sonic.com\/wp-content\/uploads\/2022\/05\/Elektroindustrie.jpg","type":"image\/jpeg"}],"twitter_card":"summary_large_image","twitter_misc":{"Est. reading time":"1 minute"},"schema":{"@context":"https:\/\/schema.org","@graph":[{"@type":"WebSite","@id":"https:\/\/ps-sonic.com\/#website","url":"https:\/\/ps-sonic.com\/","name":"Supersonic","description":"Supersonic - A Arte da Humidifica\u00e7\u00e3o","potentialAction":[{"@type":"SearchAction","target":{"@type":"EntryPoint","urlTemplate":"https:\/\/ps-sonic.com\/?s={search_term_string}"},"query-input":"required name=search_term_string"}],"inLanguage":"en-US"},{"@type":"ImageObject","@id":"https:\/\/ps-sonic.com\/fachwissen\/anwendungsbereiche\/elektroindustrie\/#primaryimage","inLanguage":"en-US","url":"https:\/\/ps-sonic.com\/wp-content\/uploads\/2022\/05\/Elektroindustrie.jpg","contentUrl":"https:\/\/ps-sonic.com\/wp-content\/uploads\/2022\/05\/Elektroindustrie.jpg","width":1600,"height":1067},{"@type":"WebPage","@id":"https:\/\/ps-sonic.com\/fachwissen\/anwendungsbereiche\/elektroindustrie\/#webpage","url":"https:\/\/ps-sonic.com\/fachwissen\/anwendungsbereiche\/elektroindustrie\/","name":"Elektroindustrie - Supersonic","isPartOf":{"@id":"https:\/\/ps-sonic.com\/#website"},"primaryImageOfPage":{"@id":"https:\/\/ps-sonic.com\/fachwissen\/anwendungsbereiche\/elektroindustrie\/#primaryimage"},"datePublished":"2022-05-06T17:52:59+00:00","dateModified":"2022-08-05T15:41:54+00:00","breadcrumb":{"@id":"https:\/\/ps-sonic.com\/fachwissen\/anwendungsbereiche\/elektroindustrie\/#breadcrumb"},"inLanguage":"en-US","potentialAction":[{"@type":"ReadAction","target":["https:\/\/ps-sonic.com\/fachwissen\/anwendungsbereiche\/elektroindustrie\/"]}]},{"@type":"BreadcrumbList","@id":"https:\/\/ps-sonic.com\/fachwissen\/anwendungsbereiche\/elektroindustrie\/#breadcrumb","itemListElement":[{"@type":"ListItem","position":1,"name":"In\u00edcio","item":"https:\/\/ps-sonic.com\/"},{"@type":"ListItem","position":2,"name":"Service","item":"https:\/\/ps-sonic.com\/fachwissen\/"},{"@type":"ListItem","position":3,"name":"Anwendungsbereiche","item":"https:\/\/ps-sonic.com\/fachwissen\/anwendungsbereiche\/"},{"@type":"ListItem","position":4,"name":"Elektroindustrie"}]}]}},"_links":{"self":[{"href":"https:\/\/ps-sonic.com\/en\/wp-json\/wp\/v2\/pages\/673"}],"collection":[{"href":"https:\/\/ps-sonic.com\/en\/wp-json\/wp\/v2\/pages"}],"about":[{"href":"https:\/\/ps-sonic.com\/en\/wp-json\/wp\/v2\/types\/page"}],"author":[{"embeddable":true,"href":"https:\/\/ps-sonic.com\/en\/wp-json\/wp\/v2\/users\/1"}],"replies":[{"embeddable":true,"href":"https:\/\/ps-sonic.com\/en\/wp-json\/wp\/v2\/comments?post=673"}],"version-history":[{"count":7,"href":"https:\/\/ps-sonic.com\/en\/wp-json\/wp\/v2\/pages\/673\/revisions"}],"predecessor-version":[{"id":993,"href":"https:\/\/ps-sonic.com\/en\/wp-json\/wp\/v2\/pages\/673\/revisions\/993"}],"up":[{"embeddable":true,"href":"https:\/\/ps-sonic.com\/en\/wp-json\/wp\/v2\/pages\/672"}],"wp:featuredmedia":[{"embeddable":true,"href":"https:\/\/ps-sonic.com\/en\/wp-json\/wp\/v2\/media\/823"}],"wp:attachment":[{"href":"https:\/\/ps-sonic.com\/en\/wp-json\/wp\/v2\/media?parent=673"}],"curies":[{"name":"wp","href":"https:\/\/api.w.org\/{rel}","templated":true}]}}