{"id":676,"date":"2022-05-06T18:54:16","date_gmt":"2022-05-06T17:54:16","guid":{"rendered":"http:\/\/supersonic.inflightit.com\/?page_id=676"},"modified":"2022-08-05T16:42:24","modified_gmt":"2022-08-05T15:42:24","slug":"lagerhaltung","status":"publish","type":"page","link":"https:\/\/ps-sonic.com\/en\/fachwissen\/anwendungsbereiche\/lagerhaltung\/","title":{"rendered":"Warehousing"},"content":{"rendered":"<p><strong>Air humidification for the food industry<\/strong><\/p>\n\n\n\n<p>Many goods, especially foodstuffs, are transported in containers or are temporarily stored in halls. Each individual fruit or vegetable requires certain storage conditions to maintain its freshness.<\/p>\n\n\n\n<figure class=\"wp-block-image size-full\"><img loading=\"lazy\" width=\"1600\" height=\"1063\" src=\"https:\/\/ps-sonic.com\/wp-content\/uploads\/2022\/05\/Lagerhaltung.jpg\" alt=\"\" class=\"wp-image-827\"\/><\/figure>\n\n\n\n<p>Air that is too dry causes the produce to lose weight. The surface ages and no longer looks appetising. Therefore, an optimal environment is very important to maintain the product quality.<\/p>\n\n\n\n<figure class=\"wp-block-image size-full\"><img loading=\"lazy\" width=\"1600\" height=\"1128\" src=\"https:\/\/ps-sonic.com\/wp-content\/uploads\/2022\/05\/Lagerhaltung-2.jpg\" alt=\"\" class=\"wp-image-826\"\/><\/figure>","protected":false},"excerpt":{"rendered":"<p>Luftbefeuchtung f\u00fcr die Lebensmittelindustrie Viele Waren, besonders Lebensmittel, werden in Containern transportiert oder sind in Hallen zwischengelagert. Jede einzelne Frucht oder jedes einzelne Gem\u00fcse ben\u00f6tigen bestimmte Lagerbedingungen, um ihre Frische zu erhalten. Zu trockene Luft f\u00fchrt zu Gewichtsverlust der Ware. Die Oberfl\u00e4che altert und sieht nicht mehr appetitlich aus. Daher ist eine optimale Umgebung sehr [&hellip;]<\/p>","protected":false},"author":1,"featured_media":826,"parent":672,"menu_order":0,"comment_status":"closed","ping_status":"closed","template":"","meta":[],"yoast_head":"<!-- This site is optimized with the Yoast SEO plugin v18.6 - https:\/\/yoast.com\/wordpress\/plugins\/seo\/ -->\n<title>Lagerhaltung - Supersonic<\/title>\n<meta name=\"robots\" content=\"index, follow, max-snippet:-1, max-image-preview:large, max-video-preview:-1\" \/>\n<link rel=\"canonical\" href=\"https:\/\/ps-sonic.com\/en\/fachwissen\/anwendungsbereiche\/lagerhaltung\/\" \/>\n<meta property=\"og:locale\" content=\"en_US\" \/>\n<meta property=\"og:type\" content=\"article\" \/>\n<meta property=\"og:title\" content=\"Lagerhaltung - Supersonic\" \/>\n<meta property=\"og:description\" content=\"Luftbefeuchtung f\u00fcr die Lebensmittelindustrie Viele Waren, besonders Lebensmittel, werden in Containern transportiert oder sind in Hallen zwischengelagert. Jede einzelne Frucht oder jedes einzelne Gem\u00fcse ben\u00f6tigen bestimmte Lagerbedingungen, um ihre Frische zu erhalten. Zu trockene Luft f\u00fchrt zu Gewichtsverlust der Ware. Die Oberfl\u00e4che altert und sieht nicht mehr appetitlich aus. Daher ist eine optimale Umgebung sehr [&hellip;]\" \/>\n<meta property=\"og:url\" content=\"https:\/\/ps-sonic.com\/en\/fachwissen\/anwendungsbereiche\/lagerhaltung\/\" \/>\n<meta property=\"og:site_name\" content=\"Supersonic\" \/>\n<meta property=\"article:modified_time\" content=\"2022-08-05T15:42:24+00:00\" \/>\n<meta property=\"og:image\" content=\"https:\/\/ps-sonic.com\/wp-content\/uploads\/2022\/05\/Lagerhaltung-2.jpg\" \/>\n\t<meta property=\"og:image:width\" content=\"1600\" \/>\n\t<meta property=\"og:image:height\" content=\"1128\" \/>\n\t<meta property=\"og:image:type\" content=\"image\/jpeg\" \/>\n<meta name=\"twitter:card\" content=\"summary_large_image\" \/>\n<meta name=\"twitter:label1\" content=\"Est. reading time\" \/>\n\t<meta name=\"twitter:data1\" content=\"1 minute\" \/>\n<script type=\"application\/ld+json\" class=\"yoast-schema-graph\">{\"@context\":\"https:\/\/schema.org\",\"@graph\":[{\"@type\":\"WebSite\",\"@id\":\"https:\/\/ps-sonic.com\/#website\",\"url\":\"https:\/\/ps-sonic.com\/\",\"name\":\"Supersonic\",\"description\":\"Supersonic - A Arte da Humidifica\u00e7\u00e3o\",\"potentialAction\":[{\"@type\":\"SearchAction\",\"target\":{\"@type\":\"EntryPoint\",\"urlTemplate\":\"https:\/\/ps-sonic.com\/?s={search_term_string}\"},\"query-input\":\"required name=search_term_string\"}],\"inLanguage\":\"en-US\"},{\"@type\":\"ImageObject\",\"@id\":\"https:\/\/ps-sonic.com\/fachwissen\/anwendungsbereiche\/lagerhaltung\/#primaryimage\",\"inLanguage\":\"en-US\",\"url\":\"https:\/\/ps-sonic.com\/wp-content\/uploads\/2022\/05\/Lagerhaltung-2.jpg\",\"contentUrl\":\"https:\/\/ps-sonic.com\/wp-content\/uploads\/2022\/05\/Lagerhaltung-2.jpg\",\"width\":1600,\"height\":1128,\"caption\":\"Pallets of 10 pound potato sacks stacked in distribution center.\"},{\"@type\":\"WebPage\",\"@id\":\"https:\/\/ps-sonic.com\/fachwissen\/anwendungsbereiche\/lagerhaltung\/#webpage\",\"url\":\"https:\/\/ps-sonic.com\/fachwissen\/anwendungsbereiche\/lagerhaltung\/\",\"name\":\"Lagerhaltung - Supersonic\",\"isPartOf\":{\"@id\":\"https:\/\/ps-sonic.com\/#website\"},\"primaryImageOfPage\":{\"@id\":\"https:\/\/ps-sonic.com\/fachwissen\/anwendungsbereiche\/lagerhaltung\/#primaryimage\"},\"datePublished\":\"2022-05-06T17:54:16+00:00\",\"dateModified\":\"2022-08-05T15:42:24+00:00\",\"breadcrumb\":{\"@id\":\"https:\/\/ps-sonic.com\/fachwissen\/anwendungsbereiche\/lagerhaltung\/#breadcrumb\"},\"inLanguage\":\"en-US\",\"potentialAction\":[{\"@type\":\"ReadAction\",\"target\":[\"https:\/\/ps-sonic.com\/fachwissen\/anwendungsbereiche\/lagerhaltung\/\"]}]},{\"@type\":\"BreadcrumbList\",\"@id\":\"https:\/\/ps-sonic.com\/fachwissen\/anwendungsbereiche\/lagerhaltung\/#breadcrumb\",\"itemListElement\":[{\"@type\":\"ListItem\",\"position\":1,\"name\":\"In\u00edcio\",\"item\":\"https:\/\/ps-sonic.com\/\"},{\"@type\":\"ListItem\",\"position\":2,\"name\":\"Service\",\"item\":\"https:\/\/ps-sonic.com\/fachwissen\/\"},{\"@type\":\"ListItem\",\"position\":3,\"name\":\"Anwendungsbereiche\",\"item\":\"https:\/\/ps-sonic.com\/fachwissen\/anwendungsbereiche\/\"},{\"@type\":\"ListItem\",\"position\":4,\"name\":\"Lagerhaltung\"}]}]}<\/script>\n<!-- \/ Yoast SEO plugin. -->","yoast_head_json":{"title":"Lagerhaltung - Supersonic","robots":{"index":"index","follow":"follow","max-snippet":"max-snippet:-1","max-image-preview":"max-image-preview:large","max-video-preview":"max-video-preview:-1"},"canonical":"https:\/\/ps-sonic.com\/en\/fachwissen\/anwendungsbereiche\/lagerhaltung\/","og_locale":"en_US","og_type":"article","og_title":"Lagerhaltung - Supersonic","og_description":"Luftbefeuchtung f\u00fcr die Lebensmittelindustrie Viele Waren, besonders Lebensmittel, werden in Containern transportiert oder sind in Hallen zwischengelagert. Jede einzelne Frucht oder jedes einzelne Gem\u00fcse ben\u00f6tigen bestimmte Lagerbedingungen, um ihre Frische zu erhalten. Zu trockene Luft f\u00fchrt zu Gewichtsverlust der Ware. Die Oberfl\u00e4che altert und sieht nicht mehr appetitlich aus. Daher ist eine optimale Umgebung sehr [&hellip;]","og_url":"https:\/\/ps-sonic.com\/en\/fachwissen\/anwendungsbereiche\/lagerhaltung\/","og_site_name":"Supersonic","article_modified_time":"2022-08-05T15:42:24+00:00","og_image":[{"width":1600,"height":1128,"url":"https:\/\/ps-sonic.com\/wp-content\/uploads\/2022\/05\/Lagerhaltung-2.jpg","type":"image\/jpeg"}],"twitter_card":"summary_large_image","twitter_misc":{"Est. reading time":"1 minute"},"schema":{"@context":"https:\/\/schema.org","@graph":[{"@type":"WebSite","@id":"https:\/\/ps-sonic.com\/#website","url":"https:\/\/ps-sonic.com\/","name":"Supersonic","description":"Supersonic - A Arte da Humidifica\u00e7\u00e3o","potentialAction":[{"@type":"SearchAction","target":{"@type":"EntryPoint","urlTemplate":"https:\/\/ps-sonic.com\/?s={search_term_string}"},"query-input":"required name=search_term_string"}],"inLanguage":"en-US"},{"@type":"ImageObject","@id":"https:\/\/ps-sonic.com\/fachwissen\/anwendungsbereiche\/lagerhaltung\/#primaryimage","inLanguage":"en-US","url":"https:\/\/ps-sonic.com\/wp-content\/uploads\/2022\/05\/Lagerhaltung-2.jpg","contentUrl":"https:\/\/ps-sonic.com\/wp-content\/uploads\/2022\/05\/Lagerhaltung-2.jpg","width":1600,"height":1128,"caption":"Pallets of 10 pound potato sacks stacked in distribution center."},{"@type":"WebPage","@id":"https:\/\/ps-sonic.com\/fachwissen\/anwendungsbereiche\/lagerhaltung\/#webpage","url":"https:\/\/ps-sonic.com\/fachwissen\/anwendungsbereiche\/lagerhaltung\/","name":"Lagerhaltung - Supersonic","isPartOf":{"@id":"https:\/\/ps-sonic.com\/#website"},"primaryImageOfPage":{"@id":"https:\/\/ps-sonic.com\/fachwissen\/anwendungsbereiche\/lagerhaltung\/#primaryimage"},"datePublished":"2022-05-06T17:54:16+00:00","dateModified":"2022-08-05T15:42:24+00:00","breadcrumb":{"@id":"https:\/\/ps-sonic.com\/fachwissen\/anwendungsbereiche\/lagerhaltung\/#breadcrumb"},"inLanguage":"en-US","potentialAction":[{"@type":"ReadAction","target":["https:\/\/ps-sonic.com\/fachwissen\/anwendungsbereiche\/lagerhaltung\/"]}]},{"@type":"BreadcrumbList","@id":"https:\/\/ps-sonic.com\/fachwissen\/anwendungsbereiche\/lagerhaltung\/#breadcrumb","itemListElement":[{"@type":"ListItem","position":1,"name":"In\u00edcio","item":"https:\/\/ps-sonic.com\/"},{"@type":"ListItem","position":2,"name":"Service","item":"https:\/\/ps-sonic.com\/fachwissen\/"},{"@type":"ListItem","position":3,"name":"Anwendungsbereiche","item":"https:\/\/ps-sonic.com\/fachwissen\/anwendungsbereiche\/"},{"@type":"ListItem","position":4,"name":"Lagerhaltung"}]}]}},"_links":{"self":[{"href":"https:\/\/ps-sonic.com\/en\/wp-json\/wp\/v2\/pages\/676"}],"collection":[{"href":"https:\/\/ps-sonic.com\/en\/wp-json\/wp\/v2\/pages"}],"about":[{"href":"https:\/\/ps-sonic.com\/en\/wp-json\/wp\/v2\/types\/page"}],"author":[{"embeddable":true,"href":"https:\/\/ps-sonic.com\/en\/wp-json\/wp\/v2\/users\/1"}],"replies":[{"embeddable":true,"href":"https:\/\/ps-sonic.com\/en\/wp-json\/wp\/v2\/comments?post=676"}],"version-history":[{"count":7,"href":"https:\/\/ps-sonic.com\/en\/wp-json\/wp\/v2\/pages\/676\/revisions"}],"predecessor-version":[{"id":996,"href":"https:\/\/ps-sonic.com\/en\/wp-json\/wp\/v2\/pages\/676\/revisions\/996"}],"up":[{"embeddable":true,"href":"https:\/\/ps-sonic.com\/en\/wp-json\/wp\/v2\/pages\/672"}],"wp:featuredmedia":[{"embeddable":true,"href":"https:\/\/ps-sonic.com\/en\/wp-json\/wp\/v2\/media\/826"}],"wp:attachment":[{"href":"https:\/\/ps-sonic.com\/en\/wp-json\/wp\/v2\/media?parent=676"}],"curies":[{"name":"wp","href":"https:\/\/api.w.org\/{rel}","templated":true}]}}