{"id":714,"date":"2022-05-06T20:25:38","date_gmt":"2022-05-06T19:25:38","guid":{"rendered":"http:\/\/supersonic.inflightit.com\/?page_id=714"},"modified":"2022-08-05T16:42:15","modified_gmt":"2022-08-05T15:42:15","slug":"rechenzentren","status":"publish","type":"page","link":"https:\/\/ps-sonic.com\/en\/fachwissen\/anwendungsbereiche\/rechenzentren\/","title":{"rendered":"Data centres"},"content":{"rendered":"<p><strong>Air humidification in data centres<\/strong><\/p>\n\n\n\n<p>Despite high safety measures to eliminate electrostatic discharges, it happens again and again that sensitive hardware components in data centres are damaged. Air humidifiers in data centres ensure that electrostatic discharges and damage to sensitive hardware are prevented.<\/p>\n\n\n\n<figure class=\"wp-block-image size-full\"><img loading=\"lazy\" width=\"1600\" height=\"900\" src=\"https:\/\/ps-sonic.com\/wp-content\/uploads\/2022\/05\/Rechenzentren.jpg\" alt=\"\" class=\"wp-image-829\"\/><\/figure>\n\n\n\n<p>Also of very high importance is the extreme generation of heat energy by the hardware components. The humidifier not only serves to eliminate electrostatic discharges, but also acts as a heat transfer medium. The humidified air is crucial for heat transfer via the heat exchangers of the cooling systems. Dry air is a very good insulator and can absorb and conduct poor heat. Dry air makes the cooling systems run longer, which has a negative impact on operating costs.<\/p>","protected":false},"excerpt":{"rendered":"<p>Luftbefeuchtung in Rechenzentren Trotz hoher Sicherheitsma\u00dfnahmen zur Eliminierung von elektrostatischen Entladungen, kommt es immer wieder vor, dass sensible Hardwarekomponenten in Rechenzentren besch\u00e4digt werden. Luftbefeuchter sorgen in Rechenzentren daf\u00fcr, dass elektrostatische Entladungen und Besch\u00e4digungen der sensiblen Hardware verhindert wird. Ebenfalls von sehr hoher Bedeutung ist die extreme Erzeugung von W\u00e4rmeenergie durch die Hardwarekomponenten. Der Luftbefeuchter dient [&hellip;]<\/p>","protected":false},"author":1,"featured_media":829,"parent":672,"menu_order":0,"comment_status":"closed","ping_status":"closed","template":"","meta":[],"yoast_head":"<!-- This site is optimized with the Yoast SEO plugin v18.6 - https:\/\/yoast.com\/wordpress\/plugins\/seo\/ -->\n<title>Rechenzentren - Supersonic<\/title>\n<meta name=\"robots\" content=\"index, follow, max-snippet:-1, max-image-preview:large, max-video-preview:-1\" \/>\n<link rel=\"canonical\" href=\"https:\/\/ps-sonic.com\/en\/fachwissen\/anwendungsbereiche\/rechenzentren\/\" \/>\n<meta property=\"og:locale\" content=\"en_US\" \/>\n<meta property=\"og:type\" content=\"article\" \/>\n<meta property=\"og:title\" content=\"Rechenzentren - Supersonic\" \/>\n<meta property=\"og:description\" content=\"Luftbefeuchtung in Rechenzentren Trotz hoher Sicherheitsma\u00dfnahmen zur Eliminierung von elektrostatischen Entladungen, kommt es immer wieder vor, dass sensible Hardwarekomponenten in Rechenzentren besch\u00e4digt werden. Luftbefeuchter sorgen in Rechenzentren daf\u00fcr, dass elektrostatische Entladungen und Besch\u00e4digungen der sensiblen Hardware verhindert wird. Ebenfalls von sehr hoher Bedeutung ist die extreme Erzeugung von W\u00e4rmeenergie durch die Hardwarekomponenten. Der Luftbefeuchter dient [&hellip;]\" \/>\n<meta property=\"og:url\" content=\"https:\/\/ps-sonic.com\/en\/fachwissen\/anwendungsbereiche\/rechenzentren\/\" \/>\n<meta property=\"og:site_name\" content=\"Supersonic\" \/>\n<meta property=\"article:modified_time\" content=\"2022-08-05T15:42:15+00:00\" \/>\n<meta property=\"og:image\" content=\"https:\/\/ps-sonic.com\/wp-content\/uploads\/2022\/05\/Rechenzentren.jpg\" \/>\n\t<meta property=\"og:image:width\" content=\"1600\" \/>\n\t<meta property=\"og:image:height\" content=\"900\" \/>\n\t<meta property=\"og:image:type\" content=\"image\/jpeg\" \/>\n<meta name=\"twitter:card\" content=\"summary_large_image\" \/>\n<meta name=\"twitter:label1\" content=\"Est. reading time\" \/>\n\t<meta name=\"twitter:data1\" content=\"1 minute\" \/>\n<script type=\"application\/ld+json\" class=\"yoast-schema-graph\">{\"@context\":\"https:\/\/schema.org\",\"@graph\":[{\"@type\":\"WebSite\",\"@id\":\"https:\/\/ps-sonic.com\/#website\",\"url\":\"https:\/\/ps-sonic.com\/\",\"name\":\"Supersonic\",\"description\":\"Supersonic - A Arte da Humidifica\u00e7\u00e3o\",\"potentialAction\":[{\"@type\":\"SearchAction\",\"target\":{\"@type\":\"EntryPoint\",\"urlTemplate\":\"https:\/\/ps-sonic.com\/?s={search_term_string}\"},\"query-input\":\"required name=search_term_string\"}],\"inLanguage\":\"en-US\"},{\"@type\":\"ImageObject\",\"@id\":\"https:\/\/ps-sonic.com\/fachwissen\/anwendungsbereiche\/rechenzentren\/#primaryimage\",\"inLanguage\":\"en-US\",\"url\":\"https:\/\/ps-sonic.com\/wp-content\/uploads\/2022\/05\/Rechenzentren.jpg\",\"contentUrl\":\"https:\/\/ps-sonic.com\/wp-content\/uploads\/2022\/05\/Rechenzentren.jpg\",\"width\":1600,\"height\":900,\"caption\":\"Shot of Data Center With Multiple Rows of Fully Operational Server Racks. Modern Telecommunications, Cloud Computing, Artificial Intelligence, Database, Supercomputer Technology Concept.\"},{\"@type\":\"WebPage\",\"@id\":\"https:\/\/ps-sonic.com\/fachwissen\/anwendungsbereiche\/rechenzentren\/#webpage\",\"url\":\"https:\/\/ps-sonic.com\/fachwissen\/anwendungsbereiche\/rechenzentren\/\",\"name\":\"Rechenzentren - Supersonic\",\"isPartOf\":{\"@id\":\"https:\/\/ps-sonic.com\/#website\"},\"primaryImageOfPage\":{\"@id\":\"https:\/\/ps-sonic.com\/fachwissen\/anwendungsbereiche\/rechenzentren\/#primaryimage\"},\"datePublished\":\"2022-05-06T19:25:38+00:00\",\"dateModified\":\"2022-08-05T15:42:15+00:00\",\"breadcrumb\":{\"@id\":\"https:\/\/ps-sonic.com\/fachwissen\/anwendungsbereiche\/rechenzentren\/#breadcrumb\"},\"inLanguage\":\"en-US\",\"potentialAction\":[{\"@type\":\"ReadAction\",\"target\":[\"https:\/\/ps-sonic.com\/fachwissen\/anwendungsbereiche\/rechenzentren\/\"]}]},{\"@type\":\"BreadcrumbList\",\"@id\":\"https:\/\/ps-sonic.com\/fachwissen\/anwendungsbereiche\/rechenzentren\/#breadcrumb\",\"itemListElement\":[{\"@type\":\"ListItem\",\"position\":1,\"name\":\"In\u00edcio\",\"item\":\"https:\/\/ps-sonic.com\/\"},{\"@type\":\"ListItem\",\"position\":2,\"name\":\"Service\",\"item\":\"https:\/\/ps-sonic.com\/fachwissen\/\"},{\"@type\":\"ListItem\",\"position\":3,\"name\":\"Anwendungsbereiche\",\"item\":\"https:\/\/ps-sonic.com\/fachwissen\/anwendungsbereiche\/\"},{\"@type\":\"ListItem\",\"position\":4,\"name\":\"Rechenzentren\"}]}]}<\/script>\n<!-- \/ Yoast SEO plugin. -->","yoast_head_json":{"title":"Rechenzentren - Supersonic","robots":{"index":"index","follow":"follow","max-snippet":"max-snippet:-1","max-image-preview":"max-image-preview:large","max-video-preview":"max-video-preview:-1"},"canonical":"https:\/\/ps-sonic.com\/en\/fachwissen\/anwendungsbereiche\/rechenzentren\/","og_locale":"en_US","og_type":"article","og_title":"Rechenzentren - Supersonic","og_description":"Luftbefeuchtung in Rechenzentren Trotz hoher Sicherheitsma\u00dfnahmen zur Eliminierung von elektrostatischen Entladungen, kommt es immer wieder vor, dass sensible Hardwarekomponenten in Rechenzentren besch\u00e4digt werden. Luftbefeuchter sorgen in Rechenzentren daf\u00fcr, dass elektrostatische Entladungen und Besch\u00e4digungen der sensiblen Hardware verhindert wird. Ebenfalls von sehr hoher Bedeutung ist die extreme Erzeugung von W\u00e4rmeenergie durch die Hardwarekomponenten. Der Luftbefeuchter dient [&hellip;]","og_url":"https:\/\/ps-sonic.com\/en\/fachwissen\/anwendungsbereiche\/rechenzentren\/","og_site_name":"Supersonic","article_modified_time":"2022-08-05T15:42:15+00:00","og_image":[{"width":1600,"height":900,"url":"https:\/\/ps-sonic.com\/wp-content\/uploads\/2022\/05\/Rechenzentren.jpg","type":"image\/jpeg"}],"twitter_card":"summary_large_image","twitter_misc":{"Est. reading time":"1 minute"},"schema":{"@context":"https:\/\/schema.org","@graph":[{"@type":"WebSite","@id":"https:\/\/ps-sonic.com\/#website","url":"https:\/\/ps-sonic.com\/","name":"Supersonic","description":"Supersonic - A Arte da Humidifica\u00e7\u00e3o","potentialAction":[{"@type":"SearchAction","target":{"@type":"EntryPoint","urlTemplate":"https:\/\/ps-sonic.com\/?s={search_term_string}"},"query-input":"required name=search_term_string"}],"inLanguage":"en-US"},{"@type":"ImageObject","@id":"https:\/\/ps-sonic.com\/fachwissen\/anwendungsbereiche\/rechenzentren\/#primaryimage","inLanguage":"en-US","url":"https:\/\/ps-sonic.com\/wp-content\/uploads\/2022\/05\/Rechenzentren.jpg","contentUrl":"https:\/\/ps-sonic.com\/wp-content\/uploads\/2022\/05\/Rechenzentren.jpg","width":1600,"height":900,"caption":"Shot of Data Center With Multiple Rows of Fully Operational Server Racks. Modern Telecommunications, Cloud Computing, Artificial Intelligence, Database, Supercomputer Technology Concept."},{"@type":"WebPage","@id":"https:\/\/ps-sonic.com\/fachwissen\/anwendungsbereiche\/rechenzentren\/#webpage","url":"https:\/\/ps-sonic.com\/fachwissen\/anwendungsbereiche\/rechenzentren\/","name":"Rechenzentren - Supersonic","isPartOf":{"@id":"https:\/\/ps-sonic.com\/#website"},"primaryImageOfPage":{"@id":"https:\/\/ps-sonic.com\/fachwissen\/anwendungsbereiche\/rechenzentren\/#primaryimage"},"datePublished":"2022-05-06T19:25:38+00:00","dateModified":"2022-08-05T15:42:15+00:00","breadcrumb":{"@id":"https:\/\/ps-sonic.com\/fachwissen\/anwendungsbereiche\/rechenzentren\/#breadcrumb"},"inLanguage":"en-US","potentialAction":[{"@type":"ReadAction","target":["https:\/\/ps-sonic.com\/fachwissen\/anwendungsbereiche\/rechenzentren\/"]}]},{"@type":"BreadcrumbList","@id":"https:\/\/ps-sonic.com\/fachwissen\/anwendungsbereiche\/rechenzentren\/#breadcrumb","itemListElement":[{"@type":"ListItem","position":1,"name":"In\u00edcio","item":"https:\/\/ps-sonic.com\/"},{"@type":"ListItem","position":2,"name":"Service","item":"https:\/\/ps-sonic.com\/fachwissen\/"},{"@type":"ListItem","position":3,"name":"Anwendungsbereiche","item":"https:\/\/ps-sonic.com\/fachwissen\/anwendungsbereiche\/"},{"@type":"ListItem","position":4,"name":"Rechenzentren"}]}]}},"_links":{"self":[{"href":"https:\/\/ps-sonic.com\/en\/wp-json\/wp\/v2\/pages\/714"}],"collection":[{"href":"https:\/\/ps-sonic.com\/en\/wp-json\/wp\/v2\/pages"}],"about":[{"href":"https:\/\/ps-sonic.com\/en\/wp-json\/wp\/v2\/types\/page"}],"author":[{"embeddable":true,"href":"https:\/\/ps-sonic.com\/en\/wp-json\/wp\/v2\/users\/1"}],"replies":[{"embeddable":true,"href":"https:\/\/ps-sonic.com\/en\/wp-json\/wp\/v2\/comments?post=714"}],"version-history":[{"count":7,"href":"https:\/\/ps-sonic.com\/en\/wp-json\/wp\/v2\/pages\/714\/revisions"}],"predecessor-version":[{"id":995,"href":"https:\/\/ps-sonic.com\/en\/wp-json\/wp\/v2\/pages\/714\/revisions\/995"}],"up":[{"embeddable":true,"href":"https:\/\/ps-sonic.com\/en\/wp-json\/wp\/v2\/pages\/672"}],"wp:featuredmedia":[{"embeddable":true,"href":"https:\/\/ps-sonic.com\/en\/wp-json\/wp\/v2\/media\/829"}],"wp:attachment":[{"href":"https:\/\/ps-sonic.com\/en\/wp-json\/wp\/v2\/media?parent=714"}],"curies":[{"name":"wp","href":"https:\/\/api.w.org\/{rel}","templated":true}]}}