{"id":1125,"date":"2025-07-17T13:50:11","date_gmt":"2025-07-17T12:50:11","guid":{"rendered":"https:\/\/ps-sonic.com\/?post_type=product&#038;p=1125"},"modified":"2026-03-15T10:11:58","modified_gmt":"2026-03-15T10:11:58","slug":"schwingeinheit-tz-03","status":"publish","type":"product","link":"https:\/\/ps-sonic.com\/en\/produto\/schwingeinheit-tz-03\/","title":{"rendered":"Oscillator unit TZ-03"},"content":{"rendered":"<table>\n<tbody>\n<tr>\n<td colspan=\"3\" width=\"444\"><strong>Technical Data<\/strong><\/td>\n<\/tr>\n<tr>\n<td width=\"196\">Capacity<\/td>\n<td width=\"71\">kg\/h<\/td>\n<td width=\"177\">0,4<\/td>\n<\/tr>\n<tr>\n<td width=\"196\">Power consumption<\/td>\n<td width=\"71\">W<\/td>\n<td width=\"177\">28<\/td>\n<\/tr>\n<tr>\n<td width=\"196\">Power supply<\/td>\n<td width=\"71\">VDC<\/td>\n<td width=\"177\">48<\/td>\n<\/tr>\n<tr>\n<td width=\"196\">Feedwater temperature<\/td>\n<td width=\"71\">\u00b0C<\/td>\n<td width=\"177\">+1 to +45<\/td>\n<\/tr>\n<tr>\n<td width=\"196\">Water conductivity<\/td>\n<td width=\"71\">\u00b5S\/cm<\/td>\n<td width=\"177\">80<\/td>\n<\/tr>\n<tr>\n<td width=\"196\">Hardness of water<\/td>\n<td width=\"71\">\u00b0dH<\/td>\n<td width=\"177\">&lt;1<\/td>\n<\/tr>\n<tr>\n<td width=\"196\">Value<\/td>\n<td width=\"71\">&#8211;<\/td>\n<td width=\"177\">6-8<\/td>\n<\/tr>\n<\/tbody>\n<\/table>","protected":false},"excerpt":{"rendered":"<p>Our TX series includes the latest atomizer discs with the highest quality level on the market and offers enormous performance capacity. The advanced technology of this series ensures optimal atomization performance while reducing energy consumption. The TX series is particularly distinguished by its versatile applications and excellent efficiency in a wide variety of environmental conditions.<\/p>","protected":false},"featured_media":1128,"comment_status":"open","ping_status":"closed","template":"","meta":[],"product_cat":[102],"product_tag":[],"yoast_head":"<!-- This site is optimized with the Yoast SEO plugin v18.6 - https:\/\/yoast.com\/wordpress\/plugins\/seo\/ -->\n<title>Schwingeinheit TZ-03 - Supersonic<\/title>\n<meta name=\"robots\" content=\"index, follow, max-snippet:-1, max-image-preview:large, max-video-preview:-1\" \/>\n<link rel=\"canonical\" href=\"https:\/\/ps-sonic.com\/en\/produto\/schwingeinheit-tz-03\/\" \/>\n<meta property=\"og:locale\" content=\"en_US\" \/>\n<meta property=\"og:type\" content=\"article\" \/>\n<meta property=\"og:title\" content=\"Schwingeinheit TZ-03 - Supersonic\" \/>\n<meta property=\"og:description\" content=\"Der TZ-03 ist eine entwickelte Schwingeinheit mit integrierter Elektronik zur Ansteuerung der Zerst\u00e4uberscheibe. Er wurde speziell f\u00fcr h\u00f6chst pr\u00e4zise und anspruchsvolle Anforderungen im Bereich der adiabaten Luftbefeuchtung \u2013 insbesondere f\u00fcr den Eigenbau \u2013 entwickelt und optimiert. Die hochwertige keramische Zerst\u00e4uberscheibe, die das Herzst\u00fcck dieser innovativen Technologie bildet, erzeugt eine zuverl\u00e4ssige und konstante Befeuchterleistung von circa 0,4 kg\/h. Dank seiner einzigartigen Konstruktion ist die Schwingeinheit flexibel zu installieren.\" \/>\n<meta property=\"og:url\" content=\"https:\/\/ps-sonic.com\/en\/produto\/schwingeinheit-tz-03\/\" \/>\n<meta property=\"og:site_name\" content=\"Supersonic\" \/>\n<meta property=\"article:modified_time\" content=\"2026-03-15T10:11:58+00:00\" \/>\n<meta property=\"og:image\" content=\"https:\/\/ps-sonic.com\/wp-content\/uploads\/2025\/07\/SE_TX_21_1000_2d_verkleinert.png\" \/>\n\t<meta property=\"og:image:width\" content=\"1000\" \/>\n\t<meta property=\"og:image:height\" content=\"1000\" \/>\n\t<meta property=\"og:image:type\" content=\"image\/png\" \/>\n<meta name=\"twitter:card\" content=\"summary_large_image\" \/>\n<meta name=\"twitter:label1\" content=\"Est. reading time\" \/>\n\t<meta name=\"twitter:data1\" content=\"1 minute\" \/>\n<script type=\"application\/ld+json\" class=\"yoast-schema-graph\">{\"@context\":\"https:\/\/schema.org\",\"@graph\":[{\"@type\":\"WebSite\",\"@id\":\"https:\/\/ps-sonic.com\/#website\",\"url\":\"https:\/\/ps-sonic.com\/\",\"name\":\"Supersonic\",\"description\":\"Supersonic - A Arte da Humidifica\u00e7\u00e3o\",\"potentialAction\":[{\"@type\":\"SearchAction\",\"target\":{\"@type\":\"EntryPoint\",\"urlTemplate\":\"https:\/\/ps-sonic.com\/?s={search_term_string}\"},\"query-input\":\"required name=search_term_string\"}],\"inLanguage\":\"en-US\"},{\"@type\":\"ImageObject\",\"@id\":\"https:\/\/ps-sonic.com\/produto\/schwingeinheit-tz-03\/#primaryimage\",\"inLanguage\":\"en-US\",\"url\":\"https:\/\/ps-sonic.com\/wp-content\/uploads\/2025\/07\/SE_TX_21_1000_2d_verkleinert.png\",\"contentUrl\":\"https:\/\/ps-sonic.com\/wp-content\/uploads\/2025\/07\/SE_TX_21_1000_2d_verkleinert.png\",\"width\":1000,\"height\":1000},{\"@type\":\"WebPage\",\"@id\":\"https:\/\/ps-sonic.com\/produto\/schwingeinheit-tz-03\/#webpage\",\"url\":\"https:\/\/ps-sonic.com\/produto\/schwingeinheit-tz-03\/\",\"name\":\"Schwingeinheit TZ-03 - Supersonic\",\"isPartOf\":{\"@id\":\"https:\/\/ps-sonic.com\/#website\"},\"primaryImageOfPage\":{\"@id\":\"https:\/\/ps-sonic.com\/produto\/schwingeinheit-tz-03\/#primaryimage\"},\"datePublished\":\"2025-07-17T12:50:11+00:00\",\"dateModified\":\"2026-03-15T10:11:58+00:00\",\"breadcrumb\":{\"@id\":\"https:\/\/ps-sonic.com\/produto\/schwingeinheit-tz-03\/#breadcrumb\"},\"inLanguage\":\"en-US\",\"potentialAction\":[{\"@type\":\"ReadAction\",\"target\":[\"https:\/\/ps-sonic.com\/produto\/schwingeinheit-tz-03\/\"]}]},{\"@type\":\"BreadcrumbList\",\"@id\":\"https:\/\/ps-sonic.com\/produto\/schwingeinheit-tz-03\/#breadcrumb\",\"itemListElement\":[{\"@type\":\"ListItem\",\"position\":1,\"name\":\"In\u00edcio\",\"item\":\"https:\/\/ps-sonic.com\/\"},{\"@type\":\"ListItem\",\"position\":2,\"name\":\"Produkt\",\"item\":\"https:\/\/ps-sonic.com\/produkt\/\"},{\"@type\":\"ListItem\",\"position\":3,\"name\":\"Schwingeinheit TZ-03\"}]}]}<\/script>\n<!-- \/ Yoast SEO plugin. -->","yoast_head_json":{"title":"Schwingeinheit TZ-03 - Supersonic","robots":{"index":"index","follow":"follow","max-snippet":"max-snippet:-1","max-image-preview":"max-image-preview:large","max-video-preview":"max-video-preview:-1"},"canonical":"https:\/\/ps-sonic.com\/en\/produto\/schwingeinheit-tz-03\/","og_locale":"en_US","og_type":"article","og_title":"Schwingeinheit TZ-03 - Supersonic","og_description":"Der TZ-03 ist eine entwickelte Schwingeinheit mit integrierter Elektronik zur Ansteuerung der Zerst\u00e4uberscheibe. Er wurde speziell f\u00fcr h\u00f6chst pr\u00e4zise und anspruchsvolle Anforderungen im Bereich der adiabaten Luftbefeuchtung \u2013 insbesondere f\u00fcr den Eigenbau \u2013 entwickelt und optimiert. Die hochwertige keramische Zerst\u00e4uberscheibe, die das Herzst\u00fcck dieser innovativen Technologie bildet, erzeugt eine zuverl\u00e4ssige und konstante Befeuchterleistung von circa 0,4 kg\/h. Dank seiner einzigartigen Konstruktion ist die Schwingeinheit flexibel zu installieren.","og_url":"https:\/\/ps-sonic.com\/en\/produto\/schwingeinheit-tz-03\/","og_site_name":"Supersonic","article_modified_time":"2026-03-15T10:11:58+00:00","og_image":[{"width":1000,"height":1000,"url":"https:\/\/ps-sonic.com\/wp-content\/uploads\/2025\/07\/SE_TX_21_1000_2d_verkleinert.png","type":"image\/png"}],"twitter_card":"summary_large_image","twitter_misc":{"Est. reading time":"1 minute"},"schema":{"@context":"https:\/\/schema.org","@graph":[{"@type":"WebSite","@id":"https:\/\/ps-sonic.com\/#website","url":"https:\/\/ps-sonic.com\/","name":"Supersonic","description":"Supersonic - A Arte da Humidifica\u00e7\u00e3o","potentialAction":[{"@type":"SearchAction","target":{"@type":"EntryPoint","urlTemplate":"https:\/\/ps-sonic.com\/?s={search_term_string}"},"query-input":"required name=search_term_string"}],"inLanguage":"en-US"},{"@type":"ImageObject","@id":"https:\/\/ps-sonic.com\/produto\/schwingeinheit-tz-03\/#primaryimage","inLanguage":"en-US","url":"https:\/\/ps-sonic.com\/wp-content\/uploads\/2025\/07\/SE_TX_21_1000_2d_verkleinert.png","contentUrl":"https:\/\/ps-sonic.com\/wp-content\/uploads\/2025\/07\/SE_TX_21_1000_2d_verkleinert.png","width":1000,"height":1000},{"@type":"WebPage","@id":"https:\/\/ps-sonic.com\/produto\/schwingeinheit-tz-03\/#webpage","url":"https:\/\/ps-sonic.com\/produto\/schwingeinheit-tz-03\/","name":"Schwingeinheit TZ-03 - Supersonic","isPartOf":{"@id":"https:\/\/ps-sonic.com\/#website"},"primaryImageOfPage":{"@id":"https:\/\/ps-sonic.com\/produto\/schwingeinheit-tz-03\/#primaryimage"},"datePublished":"2025-07-17T12:50:11+00:00","dateModified":"2026-03-15T10:11:58+00:00","breadcrumb":{"@id":"https:\/\/ps-sonic.com\/produto\/schwingeinheit-tz-03\/#breadcrumb"},"inLanguage":"en-US","potentialAction":[{"@type":"ReadAction","target":["https:\/\/ps-sonic.com\/produto\/schwingeinheit-tz-03\/"]}]},{"@type":"BreadcrumbList","@id":"https:\/\/ps-sonic.com\/produto\/schwingeinheit-tz-03\/#breadcrumb","itemListElement":[{"@type":"ListItem","position":1,"name":"In\u00edcio","item":"https:\/\/ps-sonic.com\/"},{"@type":"ListItem","position":2,"name":"Produkt","item":"https:\/\/ps-sonic.com\/produkt\/"},{"@type":"ListItem","position":3,"name":"Schwingeinheit TZ-03"}]}]}},"_links":{"self":[{"href":"https:\/\/ps-sonic.com\/en\/wp-json\/wp\/v2\/product\/1125"}],"collection":[{"href":"https:\/\/ps-sonic.com\/en\/wp-json\/wp\/v2\/product"}],"about":[{"href":"https:\/\/ps-sonic.com\/en\/wp-json\/wp\/v2\/types\/product"}],"replies":[{"embeddable":true,"href":"https:\/\/ps-sonic.com\/en\/wp-json\/wp\/v2\/comments?post=1125"}],"wp:featuredmedia":[{"embeddable":true,"href":"https:\/\/ps-sonic.com\/en\/wp-json\/wp\/v2\/media\/1128"}],"wp:attachment":[{"href":"https:\/\/ps-sonic.com\/en\/wp-json\/wp\/v2\/media?parent=1125"}],"wp:term":[{"taxonomy":"product_cat","embeddable":true,"href":"https:\/\/ps-sonic.com\/en\/wp-json\/wp\/v2\/product_cat?post=1125"},{"taxonomy":"product_tag","embeddable":true,"href":"https:\/\/ps-sonic.com\/en\/wp-json\/wp\/v2\/product_tag?post=1125"}],"curies":[{"name":"wp","href":"https:\/\/api.w.org\/{rel}","templated":true}]}}