{"id":765,"date":"2022-05-11T17:38:45","date_gmt":"2022-05-11T16:38:45","guid":{"rendered":"https:\/\/ps-sonic.com\/?post_type=product&#038;p=765"},"modified":"2022-07-11T21:24:51","modified_gmt":"2022-07-11T20:24:51","slug":"dp-duo","status":"publish","type":"product","link":"https:\/\/ps-sonic.com\/en\/produto\/dp-duo\/","title":{"rendered":"DP Duo"},"content":{"rendered":"<p>Compatible filter media<\/p>\n<p>Sediment filter media:<\/p>\n<ul>\n<li>depth filters<\/li>\n<li>surface filters<\/li>\n<\/ul>\n<p>Filter media for water treatment:<\/p>\n<ul>\n<li>activated carbon granules<\/li>\n<li>carbon block<\/li>\n<li>polyphosphate<\/li>\n<li>resins<\/li>\n<\/ul>","protected":false},"excerpt":{"rendered":"<p>The DP Duo water filter housing is designed to filter two phases, which can accommodate both SX filter media with standard flat seal (DOE) and BX filter media with quick connector and double O-ring. Correct positioning of the SX filter media is ensured by the centering ring. The water filter housings are available in their height from 5\" to 20\" depending on the desired filter media.<\/p>\n<p>High-quality \u2013 durable \u2013 flexible<\/p>\n<ul>\n<li>various choices of filter elements<\/li>\n<li>designed for household and industrial applications<\/li>\n<\/ul>\n<p>filtration to remove unwanted particles down to 1 micron in size<\/p>","protected":false},"featured_media":959,"comment_status":"open","ping_status":"closed","template":"","meta":[],"product_cat":[39,19],"product_tag":[],"yoast_head":"<!-- This site is optimized with the Yoast SEO plugin v18.6 - https:\/\/yoast.com\/wordpress\/plugins\/seo\/ -->\n<title>DP Duo - Supersonic<\/title>\n<meta name=\"robots\" content=\"index, follow, max-snippet:-1, max-image-preview:large, max-video-preview:-1\" \/>\n<link rel=\"canonical\" href=\"https:\/\/ps-sonic.com\/en\/produto\/dp-duo\/\" \/>\n<meta property=\"og:locale\" content=\"en_US\" \/>\n<meta property=\"og:type\" content=\"article\" \/>\n<meta property=\"og:title\" content=\"DP Duo - Supersonic\" \/>\n<meta property=\"og:description\" content=\"Das Wasserfiltergeh\u00e4use DP Duo dient zur Filterung von zwei Phasen, die sowohl SX-Filtermedien mit Standardflachdichtung (DOE) als auch BX-Filtermedien mit Schnellanschluss und Doppel-O-Ring aufnehmen k\u00f6nnen. Die korrekte Positionierung der SX-Filtermedien wird durch den Zentrierring gew\u00e4hrleistet. Die Wasserfiltergeh\u00e4use sind in deren H\u00f6he je nach gew\u00fcnschtem Filtermedium in 5\u201c bis 20\u201c erh\u00e4ltlich.  Hochwertig \u2013 langlebig \u2013 flexibel   Verschiedene Auswahlm\u00f6glichkeiten von Filterelementen  Entwickelt f\u00fcr den Einsatz im Haushaltsbereich sowie f\u00fcr industrielle Anwendungen  Filtration zur Beseitigung von unerw\u00fcnschten Teilchen bis zu einer Gr\u00f6\u00dfe von 1 \u00b5m\" \/>\n<meta property=\"og:url\" content=\"https:\/\/ps-sonic.com\/en\/produto\/dp-duo\/\" \/>\n<meta property=\"og:site_name\" content=\"Supersonic\" \/>\n<meta property=\"article:modified_time\" content=\"2022-07-11T20:24:51+00:00\" \/>\n<meta property=\"og:image\" content=\"https:\/\/ps-sonic.com\/wp-content\/uploads\/2022\/05\/DP-Duo.jpg\" \/>\n\t<meta property=\"og:image:width\" content=\"2000\" \/>\n\t<meta property=\"og:image:height\" content=\"2000\" \/>\n\t<meta property=\"og:image:type\" content=\"image\/jpeg\" \/>\n<meta name=\"twitter:card\" content=\"summary_large_image\" \/>\n<meta name=\"twitter:label1\" content=\"Est. reading time\" \/>\n\t<meta name=\"twitter:data1\" content=\"1 minute\" \/>\n<script type=\"application\/ld+json\" class=\"yoast-schema-graph\">{\"@context\":\"https:\/\/schema.org\",\"@graph\":[{\"@type\":\"WebSite\",\"@id\":\"https:\/\/ps-sonic.com\/#website\",\"url\":\"https:\/\/ps-sonic.com\/\",\"name\":\"Supersonic\",\"description\":\"Supersonic - A Arte da Humidifica\u00e7\u00e3o\",\"potentialAction\":[{\"@type\":\"SearchAction\",\"target\":{\"@type\":\"EntryPoint\",\"urlTemplate\":\"https:\/\/ps-sonic.com\/?s={search_term_string}\"},\"query-input\":\"required name=search_term_string\"}],\"inLanguage\":\"en-US\"},{\"@type\":\"ImageObject\",\"@id\":\"https:\/\/ps-sonic.com\/produto\/dp-duo\/#primaryimage\",\"inLanguage\":\"en-US\",\"url\":\"https:\/\/ps-sonic.com\/wp-content\/uploads\/2022\/05\/DP-Duo.jpg\",\"contentUrl\":\"https:\/\/ps-sonic.com\/wp-content\/uploads\/2022\/05\/DP-Duo.jpg\",\"width\":2000,\"height\":2000},{\"@type\":\"WebPage\",\"@id\":\"https:\/\/ps-sonic.com\/produto\/dp-duo\/#webpage\",\"url\":\"https:\/\/ps-sonic.com\/produto\/dp-duo\/\",\"name\":\"DP Duo - Supersonic\",\"isPartOf\":{\"@id\":\"https:\/\/ps-sonic.com\/#website\"},\"primaryImageOfPage\":{\"@id\":\"https:\/\/ps-sonic.com\/produto\/dp-duo\/#primaryimage\"},\"datePublished\":\"2022-05-11T16:38:45+00:00\",\"dateModified\":\"2022-07-11T20:24:51+00:00\",\"breadcrumb\":{\"@id\":\"https:\/\/ps-sonic.com\/produto\/dp-duo\/#breadcrumb\"},\"inLanguage\":\"en-US\",\"potentialAction\":[{\"@type\":\"ReadAction\",\"target\":[\"https:\/\/ps-sonic.com\/produto\/dp-duo\/\"]}]},{\"@type\":\"BreadcrumbList\",\"@id\":\"https:\/\/ps-sonic.com\/produto\/dp-duo\/#breadcrumb\",\"itemListElement\":[{\"@type\":\"ListItem\",\"position\":1,\"name\":\"In\u00edcio\",\"item\":\"https:\/\/ps-sonic.com\/\"},{\"@type\":\"ListItem\",\"position\":2,\"name\":\"Produkt\",\"item\":\"https:\/\/ps-sonic.com\/produkt\/\"},{\"@type\":\"ListItem\",\"position\":3,\"name\":\"DP Duo\"}]}]}<\/script>\n<!-- \/ Yoast SEO plugin. -->","yoast_head_json":{"title":"DP Duo - Supersonic","robots":{"index":"index","follow":"follow","max-snippet":"max-snippet:-1","max-image-preview":"max-image-preview:large","max-video-preview":"max-video-preview:-1"},"canonical":"https:\/\/ps-sonic.com\/en\/produto\/dp-duo\/","og_locale":"en_US","og_type":"article","og_title":"DP Duo - Supersonic","og_description":"Das Wasserfiltergeh\u00e4use DP Duo dient zur Filterung von zwei Phasen, die sowohl SX-Filtermedien mit Standardflachdichtung (DOE) als auch BX-Filtermedien mit Schnellanschluss und Doppel-O-Ring aufnehmen k\u00f6nnen. Die korrekte Positionierung der SX-Filtermedien wird durch den Zentrierring gew\u00e4hrleistet. Die Wasserfiltergeh\u00e4use sind in deren H\u00f6he je nach gew\u00fcnschtem Filtermedium in 5\u201c bis 20\u201c erh\u00e4ltlich.  Hochwertig \u2013 langlebig \u2013 flexibel   Verschiedene Auswahlm\u00f6glichkeiten von Filterelementen  Entwickelt f\u00fcr den Einsatz im Haushaltsbereich sowie f\u00fcr industrielle Anwendungen  Filtration zur Beseitigung von unerw\u00fcnschten Teilchen bis zu einer Gr\u00f6\u00dfe von 1 \u00b5m","og_url":"https:\/\/ps-sonic.com\/en\/produto\/dp-duo\/","og_site_name":"Supersonic","article_modified_time":"2022-07-11T20:24:51+00:00","og_image":[{"width":2000,"height":2000,"url":"https:\/\/ps-sonic.com\/wp-content\/uploads\/2022\/05\/DP-Duo.jpg","type":"image\/jpeg"}],"twitter_card":"summary_large_image","twitter_misc":{"Est. reading time":"1 minute"},"schema":{"@context":"https:\/\/schema.org","@graph":[{"@type":"WebSite","@id":"https:\/\/ps-sonic.com\/#website","url":"https:\/\/ps-sonic.com\/","name":"Supersonic","description":"Supersonic - A Arte da Humidifica\u00e7\u00e3o","potentialAction":[{"@type":"SearchAction","target":{"@type":"EntryPoint","urlTemplate":"https:\/\/ps-sonic.com\/?s={search_term_string}"},"query-input":"required name=search_term_string"}],"inLanguage":"en-US"},{"@type":"ImageObject","@id":"https:\/\/ps-sonic.com\/produto\/dp-duo\/#primaryimage","inLanguage":"en-US","url":"https:\/\/ps-sonic.com\/wp-content\/uploads\/2022\/05\/DP-Duo.jpg","contentUrl":"https:\/\/ps-sonic.com\/wp-content\/uploads\/2022\/05\/DP-Duo.jpg","width":2000,"height":2000},{"@type":"WebPage","@id":"https:\/\/ps-sonic.com\/produto\/dp-duo\/#webpage","url":"https:\/\/ps-sonic.com\/produto\/dp-duo\/","name":"DP Duo - Supersonic","isPartOf":{"@id":"https:\/\/ps-sonic.com\/#website"},"primaryImageOfPage":{"@id":"https:\/\/ps-sonic.com\/produto\/dp-duo\/#primaryimage"},"datePublished":"2022-05-11T16:38:45+00:00","dateModified":"2022-07-11T20:24:51+00:00","breadcrumb":{"@id":"https:\/\/ps-sonic.com\/produto\/dp-duo\/#breadcrumb"},"inLanguage":"en-US","potentialAction":[{"@type":"ReadAction","target":["https:\/\/ps-sonic.com\/produto\/dp-duo\/"]}]},{"@type":"BreadcrumbList","@id":"https:\/\/ps-sonic.com\/produto\/dp-duo\/#breadcrumb","itemListElement":[{"@type":"ListItem","position":1,"name":"In\u00edcio","item":"https:\/\/ps-sonic.com\/"},{"@type":"ListItem","position":2,"name":"Produkt","item":"https:\/\/ps-sonic.com\/produkt\/"},{"@type":"ListItem","position":3,"name":"DP Duo"}]}]}},"_links":{"self":[{"href":"https:\/\/ps-sonic.com\/en\/wp-json\/wp\/v2\/product\/765"}],"collection":[{"href":"https:\/\/ps-sonic.com\/en\/wp-json\/wp\/v2\/product"}],"about":[{"href":"https:\/\/ps-sonic.com\/en\/wp-json\/wp\/v2\/types\/product"}],"replies":[{"embeddable":true,"href":"https:\/\/ps-sonic.com\/en\/wp-json\/wp\/v2\/comments?post=765"}],"wp:featuredmedia":[{"embeddable":true,"href":"https:\/\/ps-sonic.com\/en\/wp-json\/wp\/v2\/media\/959"}],"wp:attachment":[{"href":"https:\/\/ps-sonic.com\/en\/wp-json\/wp\/v2\/media?parent=765"}],"wp:term":[{"taxonomy":"product_cat","embeddable":true,"href":"https:\/\/ps-sonic.com\/en\/wp-json\/wp\/v2\/product_cat?post=765"},{"taxonomy":"product_tag","embeddable":true,"href":"https:\/\/ps-sonic.com\/en\/wp-json\/wp\/v2\/product_tag?post=765"}],"curies":[{"name":"wp","href":"https:\/\/api.w.org\/{rel}","templated":true}]}}