{"id":767,"date":"2022-05-11T17:41:31","date_gmt":"2022-05-11T16:41:31","guid":{"rendered":"https:\/\/ps-sonic.com\/?post_type=product&#038;p=767"},"modified":"2022-07-27T12:12:55","modified_gmt":"2022-07-27T11:12:55","slug":"raumsensor-rc02a","status":"publish","type":"product","link":"https:\/\/ps-sonic.com\/en\/produto\/raumsensor-rc02a\/","title":{"rendered":"Room sensor RC02A"},"content":{"rendered":"<table width=\"624\">\n<thead>\n<tr>\n<td colspan=\"3\" width=\"624\"><strong>Technical Data<\/strong><\/td>\n<\/tr>\n<\/thead>\n<tbody>\n<tr>\n<td width=\"189\">Measuring range CO<sub>2<\/sub><\/td>\n<td width=\"66\">ppm<\/td>\n<td width=\"369\">0 to 3000<\/td>\n<\/tr>\n<tr>\n<td width=\"189\">Measuring accuracy<\/td>\n<td width=\"66\">ppm<\/td>\n<td width=\"369\">\u00b130<\/td>\n<\/tr>\n<tr>\n<td width=\"189\">Temperature dependency CO<sub>2<\/sub><\/td>\n<td width=\"66\">ppm\/\u00b0C<\/td>\n<td width=\"369\">\u00b15<\/td>\n<\/tr>\n<tr>\n<td width=\"189\">Pressure dependency<\/td>\n<td width=\"66\">%\/mm<\/td>\n<td width=\"369\">\u00b10,13<\/td>\n<\/tr>\n<tr>\n<td width=\"189\">Gas exchange<\/td>\n<td width=\"66\"><\/td>\n<td width=\"369\">Diffusion<\/td>\n<\/tr>\n<tr>\n<td width=\"189\">Running-in period<\/td>\n<td width=\"66\">h<\/td>\n<td width=\"369\">ca. 1<\/td>\n<\/tr>\n<tr>\n<td width=\"189\">Response time<\/td>\n<td width=\"66\">min<\/td>\n<td width=\"369\">&lt; 2<\/td>\n<\/tr>\n<tr>\n<td width=\"189\">Circuit type<\/td>\n<td width=\"66\"><\/td>\n<td width=\"369\">2-wire circuit (no reverse polarity protection!)<\/td>\n<\/tr>\n<tr>\n<td width=\"189\">Ambient temperature<\/td>\n<td width=\"66\">\u00b0C<\/td>\n<td width=\"369\">0 to +50<\/td>\n<\/tr>\n<tr>\n<td width=\"189\">Sensor<\/td>\n<td width=\"66\"><\/td>\n<td width=\"369\">optical NDIR sensor (non-dispersive infrared technology),<br \/>\nwith manual calibration (via zero button), with automatic calibration (can be switched off via DIP switch)<\/td>\n<\/tr>\n<tr>\n<td width=\"189\">Housing<\/td>\n<td width=\"66\"><\/td>\n<td width=\"369\">Plastic, material ABS,\ncolor pure white (similar to RAL 9010)<br \/>\nFarbe Reinwei\u00df (\u00e4hnlich RAL 9010)<\/td>\n<\/tr>\n<tr>\n<td width=\"189\">Dimensions<\/td>\n<td width=\"66\">mm<\/td>\n<td width=\"369\">85 x 85 x 27<\/td>\n<\/tr>\n<tr>\n<td width=\"189\">Long-term stability<\/td>\n<td width=\"66\">%<\/td>\n<td width=\"369\">&lt; 2<\/td>\n<\/tr>\n<tr>\n<td width=\"189\">Protection class<\/td>\n<td width=\"66\"><\/td>\n<td width=\"369\">III (acc. EN 60730)<\/td>\n<\/tr>\n<tr>\n<td width=\"189\">Degree of protection<\/td>\n<td width=\"66\">IP<\/td>\n<td width=\"369\">30 (acc. EN 60529)<\/td>\n<\/tr>\n<\/tbody>\n<\/table>","protected":false},"excerpt":{"rendered":"<p>The room sensor RC02A is a maintenance-free CO<sub>2<\/sub>air quality sensor with traffic light display and acoustic signal, self-calibrating, for determining the CO<sub>2<\/sub>content of the room air. The transmitter converts the measured variable into a standard signal, which is visually displayed directly via colored LEDs (traffic light display) in five stages.<\/p>\n<p>&nbsp;<\/p>\n<p>Features:<\/p>\n<ul>\n<li>mobile version ready for immediate use<\/li>\n<li>5 LEDs in three colors and graduated luminosity for clear indication of the CO<sub>2<\/sub>concentration in the room<\/li>\n<li>self-calibrating and maintenance-free<\/li>\n<li>incl. stainless steel stand<\/li>\n<\/ul>","protected":false},"featured_media":969,"comment_status":"open","ping_status":"closed","template":"","meta":[],"product_cat":[40,20],"product_tag":[],"yoast_head":"<!-- This site is optimized with the Yoast SEO plugin v18.6 - https:\/\/yoast.com\/wordpress\/plugins\/seo\/ -->\n<title>Raumsensor RC02A - Supersonic<\/title>\n<meta name=\"robots\" content=\"index, follow, max-snippet:-1, max-image-preview:large, max-video-preview:-1\" \/>\n<link rel=\"canonical\" href=\"https:\/\/ps-sonic.com\/en\/produto\/raumsensor-rc02a\/\" \/>\n<meta property=\"og:locale\" content=\"en_US\" \/>\n<meta property=\"og:type\" content=\"article\" \/>\n<meta property=\"og:title\" content=\"Raumsensor RC02A - Supersonic\" \/>\n<meta property=\"og:description\" content=\"Der Raumsensor RC02A ist ein wartungsfreier CO2-Luftqualit\u00e4tsf\u00fchler mit Ampelanzeige und akustischem Signal, selbstkalibrierend, zur Ermittlung des CO2-Gehalts der Raumluft. Der Messumformer wandelt die Messgr\u00f6\u00dfe in ein Normsignal, welches unmittelbar \u00fcber farbige LEDs (Ampelanzeige) in f\u00fcnf Stufen optisch dargestellt wird.  &nbsp;  Eigenschaften:   Sofort betriebsbereite mobile Ausf\u00fchrung  5 LEDs in drei Farben und abgestufter Leuchtst\u00e4rke zur klaren Anzeige der CO2-Konzentration im Raum  Selbstkalibrierend und wartungsfrei  Standhalter aus Edelstahl\" \/>\n<meta property=\"og:url\" content=\"https:\/\/ps-sonic.com\/en\/produto\/raumsensor-rc02a\/\" \/>\n<meta property=\"og:site_name\" content=\"Supersonic\" \/>\n<meta property=\"article:modified_time\" content=\"2022-07-27T11:12:55+00:00\" \/>\n<meta property=\"og:image\" content=\"https:\/\/ps-sonic.com\/wp-content\/uploads\/2022\/05\/RCO2-A-UP-NT__baldur1_maxi-mL_rgb.jpg\" \/>\n\t<meta property=\"og:image:width\" content=\"2107\" \/>\n\t<meta property=\"og:image:height\" content=\"2471\" \/>\n\t<meta property=\"og:image:type\" content=\"image\/jpeg\" \/>\n<meta name=\"twitter:card\" content=\"summary_large_image\" \/>\n<meta name=\"twitter:label1\" content=\"Est. reading time\" \/>\n\t<meta name=\"twitter:data1\" content=\"1 minute\" \/>\n<script type=\"application\/ld+json\" class=\"yoast-schema-graph\">{\"@context\":\"https:\/\/schema.org\",\"@graph\":[{\"@type\":\"WebSite\",\"@id\":\"https:\/\/ps-sonic.com\/#website\",\"url\":\"https:\/\/ps-sonic.com\/\",\"name\":\"Supersonic\",\"description\":\"Supersonic - A Arte da Humidifica\u00e7\u00e3o\",\"potentialAction\":[{\"@type\":\"SearchAction\",\"target\":{\"@type\":\"EntryPoint\",\"urlTemplate\":\"https:\/\/ps-sonic.com\/?s={search_term_string}\"},\"query-input\":\"required name=search_term_string\"}],\"inLanguage\":\"en-US\"},{\"@type\":\"ImageObject\",\"@id\":\"https:\/\/ps-sonic.com\/produto\/raumsensor-rc02a\/#primaryimage\",\"inLanguage\":\"en-US\",\"url\":\"https:\/\/ps-sonic.com\/wp-content\/uploads\/2022\/05\/RCO2-A-UP-NT__baldur1_maxi-mL_rgb.jpg\",\"contentUrl\":\"https:\/\/ps-sonic.com\/wp-content\/uploads\/2022\/05\/RCO2-A-UP-NT__baldur1_maxi-mL_rgb.jpg\",\"width\":2107,\"height\":2471},{\"@type\":\"WebPage\",\"@id\":\"https:\/\/ps-sonic.com\/produto\/raumsensor-rc02a\/#webpage\",\"url\":\"https:\/\/ps-sonic.com\/produto\/raumsensor-rc02a\/\",\"name\":\"Raumsensor RC02A - Supersonic\",\"isPartOf\":{\"@id\":\"https:\/\/ps-sonic.com\/#website\"},\"primaryImageOfPage\":{\"@id\":\"https:\/\/ps-sonic.com\/produto\/raumsensor-rc02a\/#primaryimage\"},\"datePublished\":\"2022-05-11T16:41:31+00:00\",\"dateModified\":\"2022-07-27T11:12:55+00:00\",\"breadcrumb\":{\"@id\":\"https:\/\/ps-sonic.com\/produto\/raumsensor-rc02a\/#breadcrumb\"},\"inLanguage\":\"en-US\",\"potentialAction\":[{\"@type\":\"ReadAction\",\"target\":[\"https:\/\/ps-sonic.com\/produto\/raumsensor-rc02a\/\"]}]},{\"@type\":\"BreadcrumbList\",\"@id\":\"https:\/\/ps-sonic.com\/produto\/raumsensor-rc02a\/#breadcrumb\",\"itemListElement\":[{\"@type\":\"ListItem\",\"position\":1,\"name\":\"In\u00edcio\",\"item\":\"https:\/\/ps-sonic.com\/\"},{\"@type\":\"ListItem\",\"position\":2,\"name\":\"Produkt\",\"item\":\"https:\/\/ps-sonic.com\/produkt\/\"},{\"@type\":\"ListItem\",\"position\":3,\"name\":\"Raumsensor RC02A\"}]}]}<\/script>\n<!-- \/ Yoast SEO plugin. -->","yoast_head_json":{"title":"Raumsensor RC02A - Supersonic","robots":{"index":"index","follow":"follow","max-snippet":"max-snippet:-1","max-image-preview":"max-image-preview:large","max-video-preview":"max-video-preview:-1"},"canonical":"https:\/\/ps-sonic.com\/en\/produto\/raumsensor-rc02a\/","og_locale":"en_US","og_type":"article","og_title":"Raumsensor RC02A - Supersonic","og_description":"Der Raumsensor RC02A ist ein wartungsfreier CO2-Luftqualit\u00e4tsf\u00fchler mit Ampelanzeige und akustischem Signal, selbstkalibrierend, zur Ermittlung des CO2-Gehalts der Raumluft. Der Messumformer wandelt die Messgr\u00f6\u00dfe in ein Normsignal, welches unmittelbar \u00fcber farbige LEDs (Ampelanzeige) in f\u00fcnf Stufen optisch dargestellt wird.  &nbsp;  Eigenschaften:   Sofort betriebsbereite mobile Ausf\u00fchrung  5 LEDs in drei Farben und abgestufter Leuchtst\u00e4rke zur klaren Anzeige der CO2-Konzentration im Raum  Selbstkalibrierend und wartungsfrei  Standhalter aus Edelstahl","og_url":"https:\/\/ps-sonic.com\/en\/produto\/raumsensor-rc02a\/","og_site_name":"Supersonic","article_modified_time":"2022-07-27T11:12:55+00:00","og_image":[{"width":2107,"height":2471,"url":"https:\/\/ps-sonic.com\/wp-content\/uploads\/2022\/05\/RCO2-A-UP-NT__baldur1_maxi-mL_rgb.jpg","type":"image\/jpeg"}],"twitter_card":"summary_large_image","twitter_misc":{"Est. reading time":"1 minute"},"schema":{"@context":"https:\/\/schema.org","@graph":[{"@type":"WebSite","@id":"https:\/\/ps-sonic.com\/#website","url":"https:\/\/ps-sonic.com\/","name":"Supersonic","description":"Supersonic - A Arte da Humidifica\u00e7\u00e3o","potentialAction":[{"@type":"SearchAction","target":{"@type":"EntryPoint","urlTemplate":"https:\/\/ps-sonic.com\/?s={search_term_string}"},"query-input":"required name=search_term_string"}],"inLanguage":"en-US"},{"@type":"ImageObject","@id":"https:\/\/ps-sonic.com\/produto\/raumsensor-rc02a\/#primaryimage","inLanguage":"en-US","url":"https:\/\/ps-sonic.com\/wp-content\/uploads\/2022\/05\/RCO2-A-UP-NT__baldur1_maxi-mL_rgb.jpg","contentUrl":"https:\/\/ps-sonic.com\/wp-content\/uploads\/2022\/05\/RCO2-A-UP-NT__baldur1_maxi-mL_rgb.jpg","width":2107,"height":2471},{"@type":"WebPage","@id":"https:\/\/ps-sonic.com\/produto\/raumsensor-rc02a\/#webpage","url":"https:\/\/ps-sonic.com\/produto\/raumsensor-rc02a\/","name":"Raumsensor RC02A - Supersonic","isPartOf":{"@id":"https:\/\/ps-sonic.com\/#website"},"primaryImageOfPage":{"@id":"https:\/\/ps-sonic.com\/produto\/raumsensor-rc02a\/#primaryimage"},"datePublished":"2022-05-11T16:41:31+00:00","dateModified":"2022-07-27T11:12:55+00:00","breadcrumb":{"@id":"https:\/\/ps-sonic.com\/produto\/raumsensor-rc02a\/#breadcrumb"},"inLanguage":"en-US","potentialAction":[{"@type":"ReadAction","target":["https:\/\/ps-sonic.com\/produto\/raumsensor-rc02a\/"]}]},{"@type":"BreadcrumbList","@id":"https:\/\/ps-sonic.com\/produto\/raumsensor-rc02a\/#breadcrumb","itemListElement":[{"@type":"ListItem","position":1,"name":"In\u00edcio","item":"https:\/\/ps-sonic.com\/"},{"@type":"ListItem","position":2,"name":"Produkt","item":"https:\/\/ps-sonic.com\/produkt\/"},{"@type":"ListItem","position":3,"name":"Raumsensor RC02A"}]}]}},"_links":{"self":[{"href":"https:\/\/ps-sonic.com\/en\/wp-json\/wp\/v2\/product\/767"}],"collection":[{"href":"https:\/\/ps-sonic.com\/en\/wp-json\/wp\/v2\/product"}],"about":[{"href":"https:\/\/ps-sonic.com\/en\/wp-json\/wp\/v2\/types\/product"}],"replies":[{"embeddable":true,"href":"https:\/\/ps-sonic.com\/en\/wp-json\/wp\/v2\/comments?post=767"}],"wp:featuredmedia":[{"embeddable":true,"href":"https:\/\/ps-sonic.com\/en\/wp-json\/wp\/v2\/media\/969"}],"wp:attachment":[{"href":"https:\/\/ps-sonic.com\/en\/wp-json\/wp\/v2\/media?parent=767"}],"wp:term":[{"taxonomy":"product_cat","embeddable":true,"href":"https:\/\/ps-sonic.com\/en\/wp-json\/wp\/v2\/product_cat?post=767"},{"taxonomy":"product_tag","embeddable":true,"href":"https:\/\/ps-sonic.com\/en\/wp-json\/wp\/v2\/product_tag?post=767"}],"curies":[{"name":"wp","href":"https:\/\/api.w.org\/{rel}","templated":true}]}}