{"id":768,"date":"2022-05-11T17:43:22","date_gmt":"2022-05-11T16:43:22","guid":{"rendered":"https:\/\/ps-sonic.com\/?post_type=product&#038;p=768"},"modified":"2023-08-21T15:24:02","modified_gmt":"2023-08-21T14:24:02","slug":"raumfeuchtesensor-digital-mini-u","status":"publish","type":"product","link":"https:\/\/ps-sonic.com\/en\/produto\/raumfeuchtesensor-digital-mini-u\/","title":{"rendered":"Room humidity sensor Digital Mini-U"},"content":{"rendered":"","protected":false},"excerpt":{"rendered":"<p>The humidity sensor is a compact relative humidity sensor and was developed for industrial refrigeration. The sensor contains a capacitive humidity sensor and special analog and digital circuits controlled from a microcontroller. The housing is mounted on a stainless steel plate (70 x 40 mm). The stainless steel plate has two 5 mm holes to mount the humidity sensor on the wall.<\/p>\n<p>&nbsp;<\/p>\n<p>Features:<\/p>\n<ul>\n<li>Long-term stability<\/li>\n<li>Accuracy 2 %<\/li>\n<li>Operating range from -40 \u00b0C to +125 \u00b0C<\/li>\n<li>Power supply 5 to 32 V DC<\/li>\n<li>RoHS compliant<\/li>\n<li>5 meter long connection cable<\/li>\n<li>IP class 67<\/li>\n<\/ul>","protected":false},"featured_media":1076,"comment_status":"open","ping_status":"closed","template":"","meta":[],"product_cat":[41,20],"product_tag":[],"yoast_head":"<!-- This site is optimized with the Yoast SEO plugin v18.6 - https:\/\/yoast.com\/wordpress\/plugins\/seo\/ -->\n<title>Raumfeuchtesensor Digital Mini-U - Supersonic<\/title>\n<meta name=\"robots\" content=\"index, follow, max-snippet:-1, max-image-preview:large, max-video-preview:-1\" \/>\n<link rel=\"canonical\" href=\"https:\/\/ps-sonic.com\/en\/produto\/raumfeuchtesensor-digital-mini-u\/\" \/>\n<meta property=\"og:locale\" content=\"en_US\" \/>\n<meta property=\"og:type\" content=\"article\" \/>\n<meta property=\"og:title\" content=\"Raumfeuchtesensor Digital Mini-U - Supersonic\" \/>\n<meta property=\"og:description\" content=\"Der Feuchtesensor ist ein kompakter relativer Feuchtesensor und wurde f\u00fcr die Industriek\u00e4lte entwickelt. Der Sensor enth\u00e4lt einen kapazitiven Feuchtesensor und spezielle analoge und digitale Schaltungen, die von einem Mikrocontroller aus gesteuert werden. Das Geh\u00e4use ist auf einer Edelstahlplatte (70 x 40 mm) montiert. Die Edelstahlplatte besitzt zwei 5-mm-Bohrungen, um den Feuchtesensor an der Wand zu befestigen.  &nbsp;  Eigenschaften:   Langzeitstabilit\u00e4t  Genauigkeit 2 %  Einsatzbereich von -40 \u00b0C bis +125 \u00b0C  Spannungsversorgung 5 bis 32 V DC  RoHS-konform  5 Meter langes Anschlusskabel  IP-Klasse 67\" \/>\n<meta property=\"og:url\" content=\"https:\/\/ps-sonic.com\/en\/produto\/raumfeuchtesensor-digital-mini-u\/\" \/>\n<meta property=\"og:site_name\" content=\"Supersonic\" \/>\n<meta property=\"article:modified_time\" content=\"2023-08-21T14:24:02+00:00\" \/>\n<meta property=\"og:image\" content=\"https:\/\/ps-sonic.com\/wp-content\/uploads\/2022\/05\/SE-HU-21-0000-00_KDM_WH.png\" \/>\n\t<meta property=\"og:image:width\" content=\"2317\" \/>\n\t<meta property=\"og:image:height\" content=\"1208\" \/>\n\t<meta property=\"og:image:type\" content=\"image\/png\" \/>\n<meta name=\"twitter:card\" content=\"summary_large_image\" \/>\n<script type=\"application\/ld+json\" class=\"yoast-schema-graph\">{\"@context\":\"https:\/\/schema.org\",\"@graph\":[{\"@type\":\"WebSite\",\"@id\":\"https:\/\/ps-sonic.com\/#website\",\"url\":\"https:\/\/ps-sonic.com\/\",\"name\":\"Supersonic\",\"description\":\"Supersonic - A Arte da Humidifica\u00e7\u00e3o\",\"potentialAction\":[{\"@type\":\"SearchAction\",\"target\":{\"@type\":\"EntryPoint\",\"urlTemplate\":\"https:\/\/ps-sonic.com\/?s={search_term_string}\"},\"query-input\":\"required name=search_term_string\"}],\"inLanguage\":\"en-US\"},{\"@type\":\"ImageObject\",\"@id\":\"https:\/\/ps-sonic.com\/produto\/raumfeuchtesensor-digital-mini-u\/#primaryimage\",\"inLanguage\":\"en-US\",\"url\":\"https:\/\/ps-sonic.com\/wp-content\/uploads\/2022\/05\/SE-HU-21-0000-00_KDM_WH.png\",\"contentUrl\":\"https:\/\/ps-sonic.com\/wp-content\/uploads\/2022\/05\/SE-HU-21-0000-00_KDM_WH.png\",\"width\":2317,\"height\":1208},{\"@type\":\"WebPage\",\"@id\":\"https:\/\/ps-sonic.com\/produto\/raumfeuchtesensor-digital-mini-u\/#webpage\",\"url\":\"https:\/\/ps-sonic.com\/produto\/raumfeuchtesensor-digital-mini-u\/\",\"name\":\"Raumfeuchtesensor Digital Mini-U - Supersonic\",\"isPartOf\":{\"@id\":\"https:\/\/ps-sonic.com\/#website\"},\"primaryImageOfPage\":{\"@id\":\"https:\/\/ps-sonic.com\/produto\/raumfeuchtesensor-digital-mini-u\/#primaryimage\"},\"datePublished\":\"2022-05-11T16:43:22+00:00\",\"dateModified\":\"2023-08-21T14:24:02+00:00\",\"breadcrumb\":{\"@id\":\"https:\/\/ps-sonic.com\/produto\/raumfeuchtesensor-digital-mini-u\/#breadcrumb\"},\"inLanguage\":\"en-US\",\"potentialAction\":[{\"@type\":\"ReadAction\",\"target\":[\"https:\/\/ps-sonic.com\/produto\/raumfeuchtesensor-digital-mini-u\/\"]}]},{\"@type\":\"BreadcrumbList\",\"@id\":\"https:\/\/ps-sonic.com\/produto\/raumfeuchtesensor-digital-mini-u\/#breadcrumb\",\"itemListElement\":[{\"@type\":\"ListItem\",\"position\":1,\"name\":\"In\u00edcio\",\"item\":\"https:\/\/ps-sonic.com\/\"},{\"@type\":\"ListItem\",\"position\":2,\"name\":\"Produkt\",\"item\":\"https:\/\/ps-sonic.com\/produkt\/\"},{\"@type\":\"ListItem\",\"position\":3,\"name\":\"Raumfeuchtesensor Digital Mini-U\"}]}]}<\/script>\n<!-- \/ Yoast SEO plugin. -->","yoast_head_json":{"title":"Raumfeuchtesensor Digital Mini-U - Supersonic","robots":{"index":"index","follow":"follow","max-snippet":"max-snippet:-1","max-image-preview":"max-image-preview:large","max-video-preview":"max-video-preview:-1"},"canonical":"https:\/\/ps-sonic.com\/en\/produto\/raumfeuchtesensor-digital-mini-u\/","og_locale":"en_US","og_type":"article","og_title":"Raumfeuchtesensor Digital Mini-U - Supersonic","og_description":"Der Feuchtesensor ist ein kompakter relativer Feuchtesensor und wurde f\u00fcr die Industriek\u00e4lte entwickelt. Der Sensor enth\u00e4lt einen kapazitiven Feuchtesensor und spezielle analoge und digitale Schaltungen, die von einem Mikrocontroller aus gesteuert werden. Das Geh\u00e4use ist auf einer Edelstahlplatte (70 x 40 mm) montiert. Die Edelstahlplatte besitzt zwei 5-mm-Bohrungen, um den Feuchtesensor an der Wand zu befestigen.  &nbsp;  Eigenschaften:   Langzeitstabilit\u00e4t  Genauigkeit 2 %  Einsatzbereich von -40 \u00b0C bis +125 \u00b0C  Spannungsversorgung 5 bis 32 V DC  RoHS-konform  5 Meter langes Anschlusskabel  IP-Klasse 67","og_url":"https:\/\/ps-sonic.com\/en\/produto\/raumfeuchtesensor-digital-mini-u\/","og_site_name":"Supersonic","article_modified_time":"2023-08-21T14:24:02+00:00","og_image":[{"width":2317,"height":1208,"url":"https:\/\/ps-sonic.com\/wp-content\/uploads\/2022\/05\/SE-HU-21-0000-00_KDM_WH.png","type":"image\/png"}],"twitter_card":"summary_large_image","schema":{"@context":"https:\/\/schema.org","@graph":[{"@type":"WebSite","@id":"https:\/\/ps-sonic.com\/#website","url":"https:\/\/ps-sonic.com\/","name":"Supersonic","description":"Supersonic - A Arte da Humidifica\u00e7\u00e3o","potentialAction":[{"@type":"SearchAction","target":{"@type":"EntryPoint","urlTemplate":"https:\/\/ps-sonic.com\/?s={search_term_string}"},"query-input":"required name=search_term_string"}],"inLanguage":"en-US"},{"@type":"ImageObject","@id":"https:\/\/ps-sonic.com\/produto\/raumfeuchtesensor-digital-mini-u\/#primaryimage","inLanguage":"en-US","url":"https:\/\/ps-sonic.com\/wp-content\/uploads\/2022\/05\/SE-HU-21-0000-00_KDM_WH.png","contentUrl":"https:\/\/ps-sonic.com\/wp-content\/uploads\/2022\/05\/SE-HU-21-0000-00_KDM_WH.png","width":2317,"height":1208},{"@type":"WebPage","@id":"https:\/\/ps-sonic.com\/produto\/raumfeuchtesensor-digital-mini-u\/#webpage","url":"https:\/\/ps-sonic.com\/produto\/raumfeuchtesensor-digital-mini-u\/","name":"Raumfeuchtesensor Digital Mini-U - Supersonic","isPartOf":{"@id":"https:\/\/ps-sonic.com\/#website"},"primaryImageOfPage":{"@id":"https:\/\/ps-sonic.com\/produto\/raumfeuchtesensor-digital-mini-u\/#primaryimage"},"datePublished":"2022-05-11T16:43:22+00:00","dateModified":"2023-08-21T14:24:02+00:00","breadcrumb":{"@id":"https:\/\/ps-sonic.com\/produto\/raumfeuchtesensor-digital-mini-u\/#breadcrumb"},"inLanguage":"en-US","potentialAction":[{"@type":"ReadAction","target":["https:\/\/ps-sonic.com\/produto\/raumfeuchtesensor-digital-mini-u\/"]}]},{"@type":"BreadcrumbList","@id":"https:\/\/ps-sonic.com\/produto\/raumfeuchtesensor-digital-mini-u\/#breadcrumb","itemListElement":[{"@type":"ListItem","position":1,"name":"In\u00edcio","item":"https:\/\/ps-sonic.com\/"},{"@type":"ListItem","position":2,"name":"Produkt","item":"https:\/\/ps-sonic.com\/produkt\/"},{"@type":"ListItem","position":3,"name":"Raumfeuchtesensor Digital Mini-U"}]}]}},"_links":{"self":[{"href":"https:\/\/ps-sonic.com\/en\/wp-json\/wp\/v2\/product\/768"}],"collection":[{"href":"https:\/\/ps-sonic.com\/en\/wp-json\/wp\/v2\/product"}],"about":[{"href":"https:\/\/ps-sonic.com\/en\/wp-json\/wp\/v2\/types\/product"}],"replies":[{"embeddable":true,"href":"https:\/\/ps-sonic.com\/en\/wp-json\/wp\/v2\/comments?post=768"}],"wp:featuredmedia":[{"embeddable":true,"href":"https:\/\/ps-sonic.com\/en\/wp-json\/wp\/v2\/media\/1076"}],"wp:attachment":[{"href":"https:\/\/ps-sonic.com\/en\/wp-json\/wp\/v2\/media?parent=768"}],"wp:term":[{"taxonomy":"product_cat","embeddable":true,"href":"https:\/\/ps-sonic.com\/en\/wp-json\/wp\/v2\/product_cat?post=768"},{"taxonomy":"product_tag","embeddable":true,"href":"https:\/\/ps-sonic.com\/en\/wp-json\/wp\/v2\/product_tag?post=768"}],"curies":[{"name":"wp","href":"https:\/\/api.w.org\/{rel}","templated":true}]}}