{"id":770,"date":"2022-05-11T17:48:06","date_gmt":"2022-05-11T16:48:06","guid":{"rendered":"https:\/\/ps-sonic.com\/?post_type=product&#038;p=770"},"modified":"2025-06-03T14:52:23","modified_gmt":"2025-06-03T13:52:23","slug":"geblaeseeinheit-ge01","status":"publish","type":"product","link":"https:\/\/ps-sonic.com\/en\/produto\/geblaeseeinheit-ge01\/","title":{"rendered":"Fan unit GE01"},"content":{"rendered":"<table>\n<tbody>\n<tr>\n<td colspan=\"3\" width=\"444\"><strong>Technical Data<\/strong><\/td>\n<\/tr>\n<tr>\n<td width=\"196\">Power consumption<\/td>\n<td width=\"71\">W<\/td>\n<td width=\"177\">3<\/td>\n<\/tr>\n<tr>\n<td width=\"196\">Dimension (HxBxT)<\/td>\n<td width=\"71\">mm<\/td>\n<td width=\"177\">55 x 55 x 117<\/td>\n<\/tr>\n<tr>\n<td width=\"196\">Weight<\/td>\n<td width=\"71\">kg<\/td>\n<td width=\"177\">0,2<\/td>\n<\/tr>\n<tr>\n<td width=\"196\">Air volume<\/td>\n<td width=\"71\">m\u00b3\/h<\/td>\n<td width=\"177\">15<\/td>\n<\/tr>\n<tr>\n<td width=\"196\">Sound pressure level<\/td>\n<td width=\"71\">db (A)<\/td>\n<td width=\"177\">42<\/td>\n<\/tr>\n<tr>\n<td width=\"196\">Power supply<\/td>\n<td width=\"71\">V\/Ph\/Hz<\/td>\n<td width=\"177\">48\/1\/50 to 60<\/td>\n<\/tr>\n<tr>\n<td width=\"196\">Ambient temperature<\/td>\n<td width=\"71\">\u00b0C<\/td>\n<td width=\"177\">+1 to +50<\/td>\n<\/tr>\n<tr>\n<td width=\"196\">Relative humidity<\/td>\n<td width=\"71\">r. F.<\/td>\n<td width=\"177\">100<\/td>\n<\/tr>\n<\/tbody>\n<\/table>","protected":false},"excerpt":{"rendered":"<p>The compact blower GE01 with a housing made of POM has an integrated axial fan for ultrasonic humidifiers of the FM, FQ and FX series. The axial fan is designed according to protection class IP68. Depending on the selected ultrasonic humidifier, the GE01 blower unit can be controlled via the ultrasonic humidifier.<\/p>\n<p>&nbsp;<\/p>\n<p>Characteristics<\/p>\n<ul>\n<li>POM housing<\/li>\n<li>protection class IP68<\/li>\n<li>connection leads 300 mm long<\/li>\n<\/ul>","protected":false},"featured_media":1073,"comment_status":"open","ping_status":"closed","template":"","meta":[],"product_cat":[43,36],"product_tag":[],"yoast_head":"<!-- This site is optimized with the Yoast SEO plugin v18.6 - https:\/\/yoast.com\/wordpress\/plugins\/seo\/ -->\n<title>Gebl\u00e4seeinheit GE01 - Supersonic<\/title>\n<meta name=\"robots\" content=\"index, follow, max-snippet:-1, max-image-preview:large, max-video-preview:-1\" \/>\n<link rel=\"canonical\" href=\"https:\/\/ps-sonic.com\/en\/produto\/geblaeseeinheit-ge01\/\" \/>\n<meta property=\"og:locale\" content=\"en_US\" \/>\n<meta property=\"og:type\" content=\"article\" \/>\n<meta property=\"og:title\" content=\"Gebl\u00e4seeinheit GE01 - Supersonic\" \/>\n<meta property=\"og:description\" content=\"Das kompakte Gebl\u00e4se GE01 mit einem aus POM gefertigtem Geh\u00e4use besitzt einen integrierten Axialventilator f\u00fcr Ultraschallbefeuchter der Serien FM, FQ und FX. Der Axialventilator ist nach Schutzart IP68 ausgef\u00fchrt. Je nach gew\u00e4hltem Ultraschallbefeuchter kann die Gebl\u00e4seeinheit GE01 \u00fcber den Ultraschallbefeuchter gesteuert werden.  &nbsp;  Eigenschaften   POM-Geh\u00e4use  Schutzart IP68  Anschlusslitzen 300 mm lang\" \/>\n<meta property=\"og:url\" content=\"https:\/\/ps-sonic.com\/en\/produto\/geblaeseeinheit-ge01\/\" \/>\n<meta property=\"og:site_name\" content=\"Supersonic\" \/>\n<meta property=\"article:modified_time\" content=\"2025-06-03T13:52:23+00:00\" \/>\n<meta property=\"og:image\" content=\"https:\/\/ps-sonic.com\/wp-content\/uploads\/2023\/08\/US-GE-21-1000-01_WH.png\" \/>\n\t<meta property=\"og:image:width\" content=\"1609\" \/>\n\t<meta property=\"og:image:height\" content=\"848\" \/>\n\t<meta property=\"og:image:type\" content=\"image\/png\" \/>\n<meta name=\"twitter:card\" content=\"summary_large_image\" \/>\n<meta name=\"twitter:label1\" content=\"Est. reading time\" \/>\n\t<meta name=\"twitter:data1\" content=\"1 minute\" \/>\n<script type=\"application\/ld+json\" class=\"yoast-schema-graph\">{\"@context\":\"https:\/\/schema.org\",\"@graph\":[{\"@type\":\"WebSite\",\"@id\":\"https:\/\/ps-sonic.com\/#website\",\"url\":\"https:\/\/ps-sonic.com\/\",\"name\":\"Supersonic\",\"description\":\"Supersonic - A Arte da Humidifica\u00e7\u00e3o\",\"potentialAction\":[{\"@type\":\"SearchAction\",\"target\":{\"@type\":\"EntryPoint\",\"urlTemplate\":\"https:\/\/ps-sonic.com\/?s={search_term_string}\"},\"query-input\":\"required name=search_term_string\"}],\"inLanguage\":\"en-US\"},{\"@type\":\"ImageObject\",\"@id\":\"https:\/\/ps-sonic.com\/produto\/geblaeseeinheit-ge01\/#primaryimage\",\"inLanguage\":\"en-US\",\"url\":\"https:\/\/ps-sonic.com\/wp-content\/uploads\/2023\/08\/US-GE-21-1000-01_WH.png\",\"contentUrl\":\"https:\/\/ps-sonic.com\/wp-content\/uploads\/2023\/08\/US-GE-21-1000-01_WH.png\",\"width\":1609,\"height\":848},{\"@type\":\"WebPage\",\"@id\":\"https:\/\/ps-sonic.com\/produto\/geblaeseeinheit-ge01\/#webpage\",\"url\":\"https:\/\/ps-sonic.com\/produto\/geblaeseeinheit-ge01\/\",\"name\":\"Gebl\u00e4seeinheit GE01 - Supersonic\",\"isPartOf\":{\"@id\":\"https:\/\/ps-sonic.com\/#website\"},\"primaryImageOfPage\":{\"@id\":\"https:\/\/ps-sonic.com\/produto\/geblaeseeinheit-ge01\/#primaryimage\"},\"datePublished\":\"2022-05-11T16:48:06+00:00\",\"dateModified\":\"2025-06-03T13:52:23+00:00\",\"breadcrumb\":{\"@id\":\"https:\/\/ps-sonic.com\/produto\/geblaeseeinheit-ge01\/#breadcrumb\"},\"inLanguage\":\"en-US\",\"potentialAction\":[{\"@type\":\"ReadAction\",\"target\":[\"https:\/\/ps-sonic.com\/produto\/geblaeseeinheit-ge01\/\"]}]},{\"@type\":\"BreadcrumbList\",\"@id\":\"https:\/\/ps-sonic.com\/produto\/geblaeseeinheit-ge01\/#breadcrumb\",\"itemListElement\":[{\"@type\":\"ListItem\",\"position\":1,\"name\":\"In\u00edcio\",\"item\":\"https:\/\/ps-sonic.com\/\"},{\"@type\":\"ListItem\",\"position\":2,\"name\":\"Produkt\",\"item\":\"https:\/\/ps-sonic.com\/produkt\/\"},{\"@type\":\"ListItem\",\"position\":3,\"name\":\"Gebl\u00e4seeinheit GE01\"}]}]}<\/script>\n<!-- \/ Yoast SEO plugin. -->","yoast_head_json":{"title":"Gebl\u00e4seeinheit GE01 - Supersonic","robots":{"index":"index","follow":"follow","max-snippet":"max-snippet:-1","max-image-preview":"max-image-preview:large","max-video-preview":"max-video-preview:-1"},"canonical":"https:\/\/ps-sonic.com\/en\/produto\/geblaeseeinheit-ge01\/","og_locale":"en_US","og_type":"article","og_title":"Gebl\u00e4seeinheit GE01 - Supersonic","og_description":"Das kompakte Gebl\u00e4se GE01 mit einem aus POM gefertigtem Geh\u00e4use besitzt einen integrierten Axialventilator f\u00fcr Ultraschallbefeuchter der Serien FM, FQ und FX. Der Axialventilator ist nach Schutzart IP68 ausgef\u00fchrt. Je nach gew\u00e4hltem Ultraschallbefeuchter kann die Gebl\u00e4seeinheit GE01 \u00fcber den Ultraschallbefeuchter gesteuert werden.  &nbsp;  Eigenschaften   POM-Geh\u00e4use  Schutzart IP68  Anschlusslitzen 300 mm lang","og_url":"https:\/\/ps-sonic.com\/en\/produto\/geblaeseeinheit-ge01\/","og_site_name":"Supersonic","article_modified_time":"2025-06-03T13:52:23+00:00","og_image":[{"width":1609,"height":848,"url":"https:\/\/ps-sonic.com\/wp-content\/uploads\/2023\/08\/US-GE-21-1000-01_WH.png","type":"image\/png"}],"twitter_card":"summary_large_image","twitter_misc":{"Est. reading time":"1 minute"},"schema":{"@context":"https:\/\/schema.org","@graph":[{"@type":"WebSite","@id":"https:\/\/ps-sonic.com\/#website","url":"https:\/\/ps-sonic.com\/","name":"Supersonic","description":"Supersonic - A Arte da Humidifica\u00e7\u00e3o","potentialAction":[{"@type":"SearchAction","target":{"@type":"EntryPoint","urlTemplate":"https:\/\/ps-sonic.com\/?s={search_term_string}"},"query-input":"required name=search_term_string"}],"inLanguage":"en-US"},{"@type":"ImageObject","@id":"https:\/\/ps-sonic.com\/produto\/geblaeseeinheit-ge01\/#primaryimage","inLanguage":"en-US","url":"https:\/\/ps-sonic.com\/wp-content\/uploads\/2023\/08\/US-GE-21-1000-01_WH.png","contentUrl":"https:\/\/ps-sonic.com\/wp-content\/uploads\/2023\/08\/US-GE-21-1000-01_WH.png","width":1609,"height":848},{"@type":"WebPage","@id":"https:\/\/ps-sonic.com\/produto\/geblaeseeinheit-ge01\/#webpage","url":"https:\/\/ps-sonic.com\/produto\/geblaeseeinheit-ge01\/","name":"Gebl\u00e4seeinheit GE01 - Supersonic","isPartOf":{"@id":"https:\/\/ps-sonic.com\/#website"},"primaryImageOfPage":{"@id":"https:\/\/ps-sonic.com\/produto\/geblaeseeinheit-ge01\/#primaryimage"},"datePublished":"2022-05-11T16:48:06+00:00","dateModified":"2025-06-03T13:52:23+00:00","breadcrumb":{"@id":"https:\/\/ps-sonic.com\/produto\/geblaeseeinheit-ge01\/#breadcrumb"},"inLanguage":"en-US","potentialAction":[{"@type":"ReadAction","target":["https:\/\/ps-sonic.com\/produto\/geblaeseeinheit-ge01\/"]}]},{"@type":"BreadcrumbList","@id":"https:\/\/ps-sonic.com\/produto\/geblaeseeinheit-ge01\/#breadcrumb","itemListElement":[{"@type":"ListItem","position":1,"name":"In\u00edcio","item":"https:\/\/ps-sonic.com\/"},{"@type":"ListItem","position":2,"name":"Produkt","item":"https:\/\/ps-sonic.com\/produkt\/"},{"@type":"ListItem","position":3,"name":"Gebl\u00e4seeinheit GE01"}]}]}},"_links":{"self":[{"href":"https:\/\/ps-sonic.com\/en\/wp-json\/wp\/v2\/product\/770"}],"collection":[{"href":"https:\/\/ps-sonic.com\/en\/wp-json\/wp\/v2\/product"}],"about":[{"href":"https:\/\/ps-sonic.com\/en\/wp-json\/wp\/v2\/types\/product"}],"replies":[{"embeddable":true,"href":"https:\/\/ps-sonic.com\/en\/wp-json\/wp\/v2\/comments?post=770"}],"wp:featuredmedia":[{"embeddable":true,"href":"https:\/\/ps-sonic.com\/en\/wp-json\/wp\/v2\/media\/1073"}],"wp:attachment":[{"href":"https:\/\/ps-sonic.com\/en\/wp-json\/wp\/v2\/media?parent=770"}],"wp:term":[{"taxonomy":"product_cat","embeddable":true,"href":"https:\/\/ps-sonic.com\/en\/wp-json\/wp\/v2\/product_cat?post=770"},{"taxonomy":"product_tag","embeddable":true,"href":"https:\/\/ps-sonic.com\/en\/wp-json\/wp\/v2\/product_tag?post=770"}],"curies":[{"name":"wp","href":"https:\/\/api.w.org\/{rel}","templated":true}]}}