{"id":883,"date":"2022-07-08T10:48:17","date_gmt":"2022-07-08T09:48:17","guid":{"rendered":"https:\/\/ps-sonic.com\/?post_type=product&#038;p=883"},"modified":"2024-07-08T13:44:41","modified_gmt":"2024-07-08T12:44:41","slug":"ultraschallbefeuchter-adh7-2","status":"publish","type":"product","link":"https:\/\/ps-sonic.com\/en\/produto\/ultraschallbefeuchter-adh7-2\/","title":{"rendered":"Ultrasonic humidifier ADH7.2"},"content":{"rendered":"<table width=\"444\">\n<thead>\n<tr>\n<td colspan=\"3\" width=\"444\"><strong>Technical Data<\/strong><\/td>\n<\/tr>\n<\/thead>\n<tbody>\n<tr>\n<td width=\"196\">Capacity<\/td>\n<td width=\"71\">kg\/h<\/td>\n<td width=\"177\">7,2<\/td>\n<\/tr>\n<tr>\n<td width=\"196\">Power consumption<\/td>\n<td width=\"71\">W<\/td>\n<td width=\"177\">375<\/td>\n<\/tr>\n<tr>\n<td width=\"196\">Dimension (HxBxT)<\/td>\n<td width=\"71\">mm<\/td>\n<td width=\"177\">168 x 420 x 270<\/td>\n<\/tr>\n<tr>\n<td width=\"196\">Unladen weight<\/td>\n<td width=\"71\">kg<\/td>\n<td width=\"177\"><\/td>\n<\/tr>\n<tr>\n<td width=\"196\">Operating weight<\/td>\n<td width=\"71\">kg<\/td>\n<td width=\"177\"><\/td>\n<\/tr>\n<tr>\n<td width=\"196\">Power supply<\/td>\n<td width=\"71\">V\/Ph\/Hz<\/td>\n<td width=\"177\">48\/1\/50 to 60<\/td>\n<\/tr>\n<tr>\n<td width=\"196\">Operating current<\/td>\n<td width=\"71\">A<\/td>\n<td width=\"177\">7,8<\/td>\n<\/tr>\n<tr>\n<td width=\"196\">Cable cross section, min.<\/td>\n<td width=\"71\">mm\u00b2<\/td>\n<td width=\"177\">2x 1,5<\/td>\n<\/tr>\n<tr>\n<td width=\"196\">Ambient temperature<\/td>\n<td width=\"71\">\u00b0C<\/td>\n<td width=\"177\">+1 to +40<\/td>\n<\/tr>\n<tr>\n<td width=\"196\">Relative humidity<\/td>\n<td width=\"71\">r.F.<\/td>\n<td width=\"177\">&lt; 90<\/td>\n<\/tr>\n<tr>\n<td width=\"196\">Feedwater temperature<\/td>\n<td width=\"71\">\u00b0C<\/td>\n<td width=\"177\">+5 bis +35<\/td>\n<\/tr>\n<tr>\n<td width=\"196\">Water inlet pressure<\/td>\n<td width=\"71\">bar<\/td>\n<td width=\"177\">0,2 to 4<\/td>\n<\/tr>\n<tr>\n<td width=\"196\">Water conductivity<\/td>\n<td width=\"71\">\u00b5S\/cm<\/td>\n<td width=\"177\">&lt; 80, briefly 100<\/td>\n<\/tr>\n<tr>\n<td width=\"196\">Hardness of water<\/td>\n<td width=\"71\">\u00b0dH<\/td>\n<td width=\"177\">&lt; 1<\/td>\n<\/tr>\n<\/tbody>\n<\/table>","protected":false},"excerpt":{"rendered":"<p>The ultrasonic humidifier ADH7.2 is an air duct humidifier of the ADH series with a humidifying capacity of 7.2 kg\/h. It has its own control board including a 7-segment display and a pushbutton for parameterization. As standard, a drain valve for flushing or draining the ultrasonic humidifier is integrated.<\/p>\n<ul>\n<li>continuous fog production by application of an on-site voltage signal.<\/li>\n<li>operating and alarm messages via potential-free contacts for connection to the building control system.<\/li>\n<\/ul>\n<p>Advantages:<\/p>\n<ul>\n<li>specially shaped mist guide elements<\/li>\n<li>double row structure of the vibration modules<\/li>\n<li>humidity production without distortion<\/li>\n<li>optional fan control<\/li>\n<li>integrated drain valve<\/li>\n<li>operating and alarm signal<\/li>\n<\/ul>","protected":false},"featured_media":943,"comment_status":"open","ping_status":"closed","template":"","meta":[],"product_cat":[21,34],"product_tag":[],"yoast_head":"<!-- This site is optimized with the Yoast SEO plugin v18.6 - https:\/\/yoast.com\/wordpress\/plugins\/seo\/ -->\n<title>Ultraschallbefeuchter ADH7.2 - Supersonic<\/title>\n<meta name=\"robots\" content=\"index, follow, max-snippet:-1, max-image-preview:large, max-video-preview:-1\" \/>\n<link rel=\"canonical\" href=\"https:\/\/ps-sonic.com\/en\/produto\/ultraschallbefeuchter-adh7-2\/\" \/>\n<meta property=\"og:locale\" content=\"en_US\" \/>\n<meta property=\"og:type\" content=\"article\" \/>\n<meta property=\"og:title\" content=\"Ultraschallbefeuchter ADH7.2 - Supersonic\" \/>\n<meta property=\"og:description\" content=\"Der Ultraschallbefeuchter ADH7.2 ist ein Luftkanalbefeuchter der ADH-Serie mit einer Befeuchterleistung von 7,2 kg\/h. Er besitzt eine eigene Steuerungsplatine inklusive einer 7-Segment-Anzeige und einem Taster zur Parametrierung. Standardm\u00e4\u00dfig ist ein Ablassventil zur Sp\u00fclung oder Entleerung des Ultraschallbefeuchters integriert.   Stetige Nebelproduktion durch Anliegen eines bauseitigen Spannungssignals.  Betriebs- sowie Alarmmeldung \u00fcber potentialfreie Kontakte f\u00fcr den Anschluss an die Geb\u00e4udeleittechnik.  Vorteile:   Speziell geformte Nebelf\u00fchrungselemente  Zweireihiger Aufbau der Schwingmodule  Feuchteproduktion ohne Verzug  Optionale L\u00fcftersteuerung  Integriertes Ablassventil  Betriebs- und Alarmmeldung\" \/>\n<meta property=\"og:url\" content=\"https:\/\/ps-sonic.com\/en\/produto\/ultraschallbefeuchter-adh7-2\/\" \/>\n<meta property=\"og:site_name\" content=\"Supersonic\" \/>\n<meta property=\"article:modified_time\" content=\"2024-07-08T12:44:41+00:00\" \/>\n<meta property=\"og:image\" content=\"https:\/\/ps-sonic.com\/wp-content\/uploads\/2022\/07\/ADH7.2.png\" \/>\n\t<meta property=\"og:image:width\" content=\"2000\" \/>\n\t<meta property=\"og:image:height\" content=\"2000\" \/>\n\t<meta property=\"og:image:type\" content=\"image\/png\" \/>\n<meta name=\"twitter:card\" content=\"summary_large_image\" \/>\n<meta name=\"twitter:label1\" content=\"Est. reading time\" \/>\n\t<meta name=\"twitter:data1\" content=\"1 minute\" \/>\n<script type=\"application\/ld+json\" class=\"yoast-schema-graph\">{\"@context\":\"https:\/\/schema.org\",\"@graph\":[{\"@type\":\"WebSite\",\"@id\":\"https:\/\/ps-sonic.com\/#website\",\"url\":\"https:\/\/ps-sonic.com\/\",\"name\":\"Supersonic\",\"description\":\"Supersonic - A Arte da Humidifica\u00e7\u00e3o\",\"potentialAction\":[{\"@type\":\"SearchAction\",\"target\":{\"@type\":\"EntryPoint\",\"urlTemplate\":\"https:\/\/ps-sonic.com\/?s={search_term_string}\"},\"query-input\":\"required name=search_term_string\"}],\"inLanguage\":\"en-US\"},{\"@type\":\"ImageObject\",\"@id\":\"https:\/\/ps-sonic.com\/produto\/ultraschallbefeuchter-adh7-2\/#primaryimage\",\"inLanguage\":\"en-US\",\"url\":\"https:\/\/ps-sonic.com\/wp-content\/uploads\/2022\/07\/ADH7.2.png\",\"contentUrl\":\"https:\/\/ps-sonic.com\/wp-content\/uploads\/2022\/07\/ADH7.2.png\",\"width\":2000,\"height\":2000},{\"@type\":\"WebPage\",\"@id\":\"https:\/\/ps-sonic.com\/produto\/ultraschallbefeuchter-adh7-2\/#webpage\",\"url\":\"https:\/\/ps-sonic.com\/produto\/ultraschallbefeuchter-adh7-2\/\",\"name\":\"Ultraschallbefeuchter ADH7.2 - Supersonic\",\"isPartOf\":{\"@id\":\"https:\/\/ps-sonic.com\/#website\"},\"primaryImageOfPage\":{\"@id\":\"https:\/\/ps-sonic.com\/produto\/ultraschallbefeuchter-adh7-2\/#primaryimage\"},\"datePublished\":\"2022-07-08T09:48:17+00:00\",\"dateModified\":\"2024-07-08T12:44:41+00:00\",\"breadcrumb\":{\"@id\":\"https:\/\/ps-sonic.com\/produto\/ultraschallbefeuchter-adh7-2\/#breadcrumb\"},\"inLanguage\":\"en-US\",\"potentialAction\":[{\"@type\":\"ReadAction\",\"target\":[\"https:\/\/ps-sonic.com\/produto\/ultraschallbefeuchter-adh7-2\/\"]}]},{\"@type\":\"BreadcrumbList\",\"@id\":\"https:\/\/ps-sonic.com\/produto\/ultraschallbefeuchter-adh7-2\/#breadcrumb\",\"itemListElement\":[{\"@type\":\"ListItem\",\"position\":1,\"name\":\"In\u00edcio\",\"item\":\"https:\/\/ps-sonic.com\/\"},{\"@type\":\"ListItem\",\"position\":2,\"name\":\"Produkt\",\"item\":\"https:\/\/ps-sonic.com\/produkt\/\"},{\"@type\":\"ListItem\",\"position\":3,\"name\":\"Ultraschallbefeuchter ADH7.2\"}]}]}<\/script>\n<!-- \/ Yoast SEO plugin. -->","yoast_head_json":{"title":"Ultraschallbefeuchter ADH7.2 - Supersonic","robots":{"index":"index","follow":"follow","max-snippet":"max-snippet:-1","max-image-preview":"max-image-preview:large","max-video-preview":"max-video-preview:-1"},"canonical":"https:\/\/ps-sonic.com\/en\/produto\/ultraschallbefeuchter-adh7-2\/","og_locale":"en_US","og_type":"article","og_title":"Ultraschallbefeuchter ADH7.2 - Supersonic","og_description":"Der Ultraschallbefeuchter ADH7.2 ist ein Luftkanalbefeuchter der ADH-Serie mit einer Befeuchterleistung von 7,2 kg\/h. Er besitzt eine eigene Steuerungsplatine inklusive einer 7-Segment-Anzeige und einem Taster zur Parametrierung. Standardm\u00e4\u00dfig ist ein Ablassventil zur Sp\u00fclung oder Entleerung des Ultraschallbefeuchters integriert.   Stetige Nebelproduktion durch Anliegen eines bauseitigen Spannungssignals.  Betriebs- sowie Alarmmeldung \u00fcber potentialfreie Kontakte f\u00fcr den Anschluss an die Geb\u00e4udeleittechnik.  Vorteile:   Speziell geformte Nebelf\u00fchrungselemente  Zweireihiger Aufbau der Schwingmodule  Feuchteproduktion ohne Verzug  Optionale L\u00fcftersteuerung  Integriertes Ablassventil  Betriebs- und Alarmmeldung","og_url":"https:\/\/ps-sonic.com\/en\/produto\/ultraschallbefeuchter-adh7-2\/","og_site_name":"Supersonic","article_modified_time":"2024-07-08T12:44:41+00:00","og_image":[{"width":2000,"height":2000,"url":"https:\/\/ps-sonic.com\/wp-content\/uploads\/2022\/07\/ADH7.2.png","type":"image\/png"}],"twitter_card":"summary_large_image","twitter_misc":{"Est. reading time":"1 minute"},"schema":{"@context":"https:\/\/schema.org","@graph":[{"@type":"WebSite","@id":"https:\/\/ps-sonic.com\/#website","url":"https:\/\/ps-sonic.com\/","name":"Supersonic","description":"Supersonic - A Arte da Humidifica\u00e7\u00e3o","potentialAction":[{"@type":"SearchAction","target":{"@type":"EntryPoint","urlTemplate":"https:\/\/ps-sonic.com\/?s={search_term_string}"},"query-input":"required name=search_term_string"}],"inLanguage":"en-US"},{"@type":"ImageObject","@id":"https:\/\/ps-sonic.com\/produto\/ultraschallbefeuchter-adh7-2\/#primaryimage","inLanguage":"en-US","url":"https:\/\/ps-sonic.com\/wp-content\/uploads\/2022\/07\/ADH7.2.png","contentUrl":"https:\/\/ps-sonic.com\/wp-content\/uploads\/2022\/07\/ADH7.2.png","width":2000,"height":2000},{"@type":"WebPage","@id":"https:\/\/ps-sonic.com\/produto\/ultraschallbefeuchter-adh7-2\/#webpage","url":"https:\/\/ps-sonic.com\/produto\/ultraschallbefeuchter-adh7-2\/","name":"Ultraschallbefeuchter ADH7.2 - Supersonic","isPartOf":{"@id":"https:\/\/ps-sonic.com\/#website"},"primaryImageOfPage":{"@id":"https:\/\/ps-sonic.com\/produto\/ultraschallbefeuchter-adh7-2\/#primaryimage"},"datePublished":"2022-07-08T09:48:17+00:00","dateModified":"2024-07-08T12:44:41+00:00","breadcrumb":{"@id":"https:\/\/ps-sonic.com\/produto\/ultraschallbefeuchter-adh7-2\/#breadcrumb"},"inLanguage":"en-US","potentialAction":[{"@type":"ReadAction","target":["https:\/\/ps-sonic.com\/produto\/ultraschallbefeuchter-adh7-2\/"]}]},{"@type":"BreadcrumbList","@id":"https:\/\/ps-sonic.com\/produto\/ultraschallbefeuchter-adh7-2\/#breadcrumb","itemListElement":[{"@type":"ListItem","position":1,"name":"In\u00edcio","item":"https:\/\/ps-sonic.com\/"},{"@type":"ListItem","position":2,"name":"Produkt","item":"https:\/\/ps-sonic.com\/produkt\/"},{"@type":"ListItem","position":3,"name":"Ultraschallbefeuchter ADH7.2"}]}]}},"_links":{"self":[{"href":"https:\/\/ps-sonic.com\/en\/wp-json\/wp\/v2\/product\/883"}],"collection":[{"href":"https:\/\/ps-sonic.com\/en\/wp-json\/wp\/v2\/product"}],"about":[{"href":"https:\/\/ps-sonic.com\/en\/wp-json\/wp\/v2\/types\/product"}],"replies":[{"embeddable":true,"href":"https:\/\/ps-sonic.com\/en\/wp-json\/wp\/v2\/comments?post=883"}],"wp:featuredmedia":[{"embeddable":true,"href":"https:\/\/ps-sonic.com\/en\/wp-json\/wp\/v2\/media\/943"}],"wp:attachment":[{"href":"https:\/\/ps-sonic.com\/en\/wp-json\/wp\/v2\/media?parent=883"}],"wp:term":[{"taxonomy":"product_cat","embeddable":true,"href":"https:\/\/ps-sonic.com\/en\/wp-json\/wp\/v2\/product_cat?post=883"},{"taxonomy":"product_tag","embeddable":true,"href":"https:\/\/ps-sonic.com\/en\/wp-json\/wp\/v2\/product_tag?post=883"}],"curies":[{"name":"wp","href":"https:\/\/api.w.org\/{rel}","templated":true}]}}