{"id":891,"date":"2022-07-08T11:00:39","date_gmt":"2022-07-08T10:00:39","guid":{"rendered":"https:\/\/ps-sonic.com\/?post_type=product&#038;p=891"},"modified":"2025-11-15T00:11:38","modified_gmt":"2025-11-15T00:11:38","slug":"ultraschallbefeuchter-lrp8-0","status":"publish","type":"product","link":"https:\/\/ps-sonic.com\/en\/produto\/ultraschallbefeuchter-lrp8-0\/","title":{"rendered":"Ultrasonic humidifier LRP8.0"},"content":{"rendered":"<table style=\"height: 1043px;\" width=\"1968\">\n<thead>\n<tr>\n<td colspan=\"3\" width=\"444\">\n<h4><strong>Technical Data<\/strong><\/h4>\n<\/td>\n<\/tr>\n<\/thead>\n<tbody>\n<tr>\n<td width=\"196\">Capacity<\/td>\n<td width=\"71\">kg\/h<\/td>\n<td width=\"177\">8,0<\/td>\n<\/tr>\n<tr>\n<td width=\"196\">Power consumption<\/td>\n<td width=\"71\">VA<\/td>\n<td width=\"177\">596<\/td>\n<\/tr>\n<tr>\n<td width=\"196\">Dimension (HxBxT)<\/td>\n<td width=\"71\">mm<\/td>\n<td width=\"177\">211 x 890,5 x 218 mm<\/td>\n<\/tr>\n<tr>\n<td width=\"196\">Unladen weight<\/td>\n<td width=\"71\">kg<\/td>\n<td width=\"177\">15,3<\/td>\n<\/tr>\n<tr>\n<td width=\"196\">Operating weight<\/td>\n<td width=\"71\">kg<\/td>\n<td width=\"177\">16,3<\/td>\n<\/tr>\n<tr>\n<td width=\"196\">Power supply<\/td>\n<td width=\"71\">V\/Ph\/Hz<\/td>\n<td width=\"177\">48\/1\/50 to 60<\/td>\n<\/tr>\n<tr>\n<td width=\"196\">Operating current<\/td>\n<td width=\"71\">A<\/td>\n<td width=\"177\">12,4<\/td>\n<\/tr>\n<tr>\n<td width=\"196\">Cable cross section, min.<\/td>\n<td width=\"71\">mm\u00b2<\/td>\n<td width=\"177\">2x 1,5<\/td>\n<\/tr>\n<tr>\n<td width=\"196\">Ambient temperature<\/td>\n<td width=\"71\">\u00b0C<\/td>\n<td width=\"177\">\u00a0+5 bis +40<\/td>\n<\/tr>\n<tr>\n<td width=\"196\">Relative humidity<\/td>\n<td width=\"71\">r. F.<\/td>\n<td width=\"177\">&lt; 90<\/td>\n<\/tr>\n<tr>\n<td width=\"196\">Feedwater temperature<\/td>\n<td width=\"71\">\u00b0C<\/td>\n<td width=\"177\">+5 bis +35<\/td>\n<\/tr>\n<tr>\n<td width=\"196\">Water inlet pressure<\/td>\n<td width=\"71\">bar<\/td>\n<td width=\"177\">0,2 to 4<\/td>\n<\/tr>\n<tr>\n<td width=\"196\">Water conductivity<\/td>\n<td width=\"71\">\u00b5m\/cm<\/td>\n<td width=\"177\">&lt; 80<\/td>\n<\/tr>\n<tr>\n<td width=\"196\">Hardness of water<\/td>\n<td width=\"71\">\u00b0dH<\/td>\n<td width=\"177\">&lt; 1<\/td>\n<\/tr>\n<\/tbody>\n<\/table>","protected":false},"excerpt":{"rendered":"<p>The ultrasonic humidifier LRP8.0 is a room humidifier of the LRP series with a humidifying capacity of 8.0 kg\/h. It has its own control board including a 7-segment display and a pushbutton for parameterization. As standard a drain valve for flushing or draining the ultrasonic humidifier is integrated.<\/p>\n<ul>\n<li>cross-flow fans for optimum distribution of humidity.<\/li>\n<li>continuous fog production by application of an on-site voltage signal.<\/li>\n<li>operating and alarm messages via potential-free contacts for connection to the building control system.<\/li>\n<\/ul>\n<p>Advantages:<\/p>\n<ul>\n<li>fog guide elements with drip ring<\/li>\n<li>cross-flow fans for optimal throwing distance<\/li>\n<li>humidity production without distortion<\/li>\n<li>integrated drain valve<\/li>\n<li>operating and alarm signal<\/li>\n<\/ul>","protected":false},"featured_media":954,"comment_status":"open","ping_status":"closed","template":"","meta":[],"product_cat":[21,35],"product_tag":[],"yoast_head":"<!-- This site is optimized with the Yoast SEO plugin v18.6 - https:\/\/yoast.com\/wordpress\/plugins\/seo\/ -->\n<title>Ultraschallbefeuchter LRP8.0 - Supersonic<\/title>\n<meta name=\"robots\" content=\"index, follow, max-snippet:-1, max-image-preview:large, max-video-preview:-1\" \/>\n<link rel=\"canonical\" href=\"https:\/\/ps-sonic.com\/en\/produto\/ultraschallbefeuchter-lrp8-0\/\" \/>\n<meta property=\"og:locale\" content=\"en_US\" \/>\n<meta property=\"og:type\" content=\"article\" \/>\n<meta property=\"og:title\" content=\"Ultraschallbefeuchter LRP8.0 - Supersonic\" \/>\n<meta property=\"og:description\" content=\"Der Ultraschallbefeuchter LRP8.0 ist ein Ramluftbefeuchter der LRP-Serie mit einer Befeuchterleistung von 8,0 kg\/h. Er besitzt eine eigene Steuerungsplatine inklusive einer 7-Segment-Anzeige und einem Taster zur Parametrierung. Standardm\u00e4\u00dfig ist ein Ablassventil zur Sp\u00fclung oder Entleerung des Ultraschallbefeuchters integriert.   Querstromventilatoren f\u00fcr eine optimale Verteilung der Feuchte.  Stetige Nebelproduktion durch Anliegen eines bauseitigen Spannungssignals.  Betriebs- sowie Alarmmeldung \u00fcber potentialfreie Kontakte f\u00fcr den Anschluss an die Geb\u00e4udeleittechnik.  Vorteile:   Nebelf\u00fchrungselemente mit Abtropfring  Querstromventilatoren f\u00fcr eine optimale Wurfweite  Feuchteproduktion ohne Verzug  Integriertes Ablassventil  Betriebs- und Alarmmeldung\" \/>\n<meta property=\"og:url\" content=\"https:\/\/ps-sonic.com\/en\/produto\/ultraschallbefeuchter-lrp8-0\/\" \/>\n<meta property=\"og:site_name\" content=\"Supersonic\" \/>\n<meta property=\"article:modified_time\" content=\"2025-11-15T00:11:38+00:00\" \/>\n<meta property=\"og:image\" content=\"https:\/\/ps-sonic.com\/wp-content\/uploads\/2022\/07\/LRP8.0.png\" \/>\n\t<meta property=\"og:image:width\" content=\"2000\" \/>\n\t<meta property=\"og:image:height\" content=\"2000\" \/>\n\t<meta property=\"og:image:type\" content=\"image\/png\" \/>\n<meta name=\"twitter:card\" content=\"summary_large_image\" \/>\n<meta name=\"twitter:label1\" content=\"Est. reading time\" \/>\n\t<meta name=\"twitter:data1\" content=\"1 minute\" \/>\n<script type=\"application\/ld+json\" class=\"yoast-schema-graph\">{\"@context\":\"https:\/\/schema.org\",\"@graph\":[{\"@type\":\"WebSite\",\"@id\":\"https:\/\/ps-sonic.com\/#website\",\"url\":\"https:\/\/ps-sonic.com\/\",\"name\":\"Supersonic\",\"description\":\"Supersonic - A Arte da Humidifica\u00e7\u00e3o\",\"potentialAction\":[{\"@type\":\"SearchAction\",\"target\":{\"@type\":\"EntryPoint\",\"urlTemplate\":\"https:\/\/ps-sonic.com\/?s={search_term_string}\"},\"query-input\":\"required name=search_term_string\"}],\"inLanguage\":\"en-US\"},{\"@type\":\"ImageObject\",\"@id\":\"https:\/\/ps-sonic.com\/produto\/ultraschallbefeuchter-lrp8-0\/#primaryimage\",\"inLanguage\":\"en-US\",\"url\":\"https:\/\/ps-sonic.com\/wp-content\/uploads\/2022\/07\/LRP8.0.png\",\"contentUrl\":\"https:\/\/ps-sonic.com\/wp-content\/uploads\/2022\/07\/LRP8.0.png\",\"width\":2000,\"height\":2000},{\"@type\":\"WebPage\",\"@id\":\"https:\/\/ps-sonic.com\/produto\/ultraschallbefeuchter-lrp8-0\/#webpage\",\"url\":\"https:\/\/ps-sonic.com\/produto\/ultraschallbefeuchter-lrp8-0\/\",\"name\":\"Ultraschallbefeuchter LRP8.0 - Supersonic\",\"isPartOf\":{\"@id\":\"https:\/\/ps-sonic.com\/#website\"},\"primaryImageOfPage\":{\"@id\":\"https:\/\/ps-sonic.com\/produto\/ultraschallbefeuchter-lrp8-0\/#primaryimage\"},\"datePublished\":\"2022-07-08T10:00:39+00:00\",\"dateModified\":\"2025-11-15T00:11:38+00:00\",\"breadcrumb\":{\"@id\":\"https:\/\/ps-sonic.com\/produto\/ultraschallbefeuchter-lrp8-0\/#breadcrumb\"},\"inLanguage\":\"en-US\",\"potentialAction\":[{\"@type\":\"ReadAction\",\"target\":[\"https:\/\/ps-sonic.com\/produto\/ultraschallbefeuchter-lrp8-0\/\"]}]},{\"@type\":\"BreadcrumbList\",\"@id\":\"https:\/\/ps-sonic.com\/produto\/ultraschallbefeuchter-lrp8-0\/#breadcrumb\",\"itemListElement\":[{\"@type\":\"ListItem\",\"position\":1,\"name\":\"In\u00edcio\",\"item\":\"https:\/\/ps-sonic.com\/\"},{\"@type\":\"ListItem\",\"position\":2,\"name\":\"Produkt\",\"item\":\"https:\/\/ps-sonic.com\/produkt\/\"},{\"@type\":\"ListItem\",\"position\":3,\"name\":\"Ultraschallbefeuchter LRP8.0\"}]}]}<\/script>\n<!-- \/ Yoast SEO plugin. -->","yoast_head_json":{"title":"Ultraschallbefeuchter LRP8.0 - Supersonic","robots":{"index":"index","follow":"follow","max-snippet":"max-snippet:-1","max-image-preview":"max-image-preview:large","max-video-preview":"max-video-preview:-1"},"canonical":"https:\/\/ps-sonic.com\/en\/produto\/ultraschallbefeuchter-lrp8-0\/","og_locale":"en_US","og_type":"article","og_title":"Ultraschallbefeuchter LRP8.0 - Supersonic","og_description":"Der Ultraschallbefeuchter LRP8.0 ist ein Ramluftbefeuchter der LRP-Serie mit einer Befeuchterleistung von 8,0 kg\/h. Er besitzt eine eigene Steuerungsplatine inklusive einer 7-Segment-Anzeige und einem Taster zur Parametrierung. Standardm\u00e4\u00dfig ist ein Ablassventil zur Sp\u00fclung oder Entleerung des Ultraschallbefeuchters integriert.   Querstromventilatoren f\u00fcr eine optimale Verteilung der Feuchte.  Stetige Nebelproduktion durch Anliegen eines bauseitigen Spannungssignals.  Betriebs- sowie Alarmmeldung \u00fcber potentialfreie Kontakte f\u00fcr den Anschluss an die Geb\u00e4udeleittechnik.  Vorteile:   Nebelf\u00fchrungselemente mit Abtropfring  Querstromventilatoren f\u00fcr eine optimale Wurfweite  Feuchteproduktion ohne Verzug  Integriertes Ablassventil  Betriebs- und Alarmmeldung","og_url":"https:\/\/ps-sonic.com\/en\/produto\/ultraschallbefeuchter-lrp8-0\/","og_site_name":"Supersonic","article_modified_time":"2025-11-15T00:11:38+00:00","og_image":[{"width":2000,"height":2000,"url":"https:\/\/ps-sonic.com\/wp-content\/uploads\/2022\/07\/LRP8.0.png","type":"image\/png"}],"twitter_card":"summary_large_image","twitter_misc":{"Est. reading time":"1 minute"},"schema":{"@context":"https:\/\/schema.org","@graph":[{"@type":"WebSite","@id":"https:\/\/ps-sonic.com\/#website","url":"https:\/\/ps-sonic.com\/","name":"Supersonic","description":"Supersonic - A Arte da Humidifica\u00e7\u00e3o","potentialAction":[{"@type":"SearchAction","target":{"@type":"EntryPoint","urlTemplate":"https:\/\/ps-sonic.com\/?s={search_term_string}"},"query-input":"required name=search_term_string"}],"inLanguage":"en-US"},{"@type":"ImageObject","@id":"https:\/\/ps-sonic.com\/produto\/ultraschallbefeuchter-lrp8-0\/#primaryimage","inLanguage":"en-US","url":"https:\/\/ps-sonic.com\/wp-content\/uploads\/2022\/07\/LRP8.0.png","contentUrl":"https:\/\/ps-sonic.com\/wp-content\/uploads\/2022\/07\/LRP8.0.png","width":2000,"height":2000},{"@type":"WebPage","@id":"https:\/\/ps-sonic.com\/produto\/ultraschallbefeuchter-lrp8-0\/#webpage","url":"https:\/\/ps-sonic.com\/produto\/ultraschallbefeuchter-lrp8-0\/","name":"Ultraschallbefeuchter LRP8.0 - Supersonic","isPartOf":{"@id":"https:\/\/ps-sonic.com\/#website"},"primaryImageOfPage":{"@id":"https:\/\/ps-sonic.com\/produto\/ultraschallbefeuchter-lrp8-0\/#primaryimage"},"datePublished":"2022-07-08T10:00:39+00:00","dateModified":"2025-11-15T00:11:38+00:00","breadcrumb":{"@id":"https:\/\/ps-sonic.com\/produto\/ultraschallbefeuchter-lrp8-0\/#breadcrumb"},"inLanguage":"en-US","potentialAction":[{"@type":"ReadAction","target":["https:\/\/ps-sonic.com\/produto\/ultraschallbefeuchter-lrp8-0\/"]}]},{"@type":"BreadcrumbList","@id":"https:\/\/ps-sonic.com\/produto\/ultraschallbefeuchter-lrp8-0\/#breadcrumb","itemListElement":[{"@type":"ListItem","position":1,"name":"In\u00edcio","item":"https:\/\/ps-sonic.com\/"},{"@type":"ListItem","position":2,"name":"Produkt","item":"https:\/\/ps-sonic.com\/produkt\/"},{"@type":"ListItem","position":3,"name":"Ultraschallbefeuchter LRP8.0"}]}]}},"_links":{"self":[{"href":"https:\/\/ps-sonic.com\/en\/wp-json\/wp\/v2\/product\/891"}],"collection":[{"href":"https:\/\/ps-sonic.com\/en\/wp-json\/wp\/v2\/product"}],"about":[{"href":"https:\/\/ps-sonic.com\/en\/wp-json\/wp\/v2\/types\/product"}],"replies":[{"embeddable":true,"href":"https:\/\/ps-sonic.com\/en\/wp-json\/wp\/v2\/comments?post=891"}],"wp:featuredmedia":[{"embeddable":true,"href":"https:\/\/ps-sonic.com\/en\/wp-json\/wp\/v2\/media\/954"}],"wp:attachment":[{"href":"https:\/\/ps-sonic.com\/en\/wp-json\/wp\/v2\/media?parent=891"}],"wp:term":[{"taxonomy":"product_cat","embeddable":true,"href":"https:\/\/ps-sonic.com\/en\/wp-json\/wp\/v2\/product_cat?post=891"},{"taxonomy":"product_tag","embeddable":true,"href":"https:\/\/ps-sonic.com\/en\/wp-json\/wp\/v2\/product_tag?post=891"}],"curies":[{"name":"wp","href":"https:\/\/api.w.org\/{rel}","templated":true}]}}