{"id":893,"date":"2022-07-08T14:51:40","date_gmt":"2022-07-08T13:51:40","guid":{"rendered":"https:\/\/ps-sonic.com\/?post_type=product&#038;p=893"},"modified":"2025-04-11T23:44:53","modified_gmt":"2025-04-11T22:44:53","slug":"hygrostat-rh-2","status":"publish","type":"product","link":"https:\/\/ps-sonic.com\/en\/produto\/hygrostat-rh-2\/","title":{"rendered":"Hygrostat RH-2"},"content":{"rendered":"<table width=\"632\">\n<tbody>\n<tr>\n<td colspan=\"3\" width=\"632\"><strong>Technical Data<\/strong><\/td>\n<\/tr>\n<tr>\n<td width=\"161\">Switching capacity<\/td>\n<td width=\"76\">V AC\/DC<\/td>\n<td width=\"396\">24<\/td>\n<\/tr>\n<tr>\n<td width=\"161\">Contact load, max.<\/td>\n<td width=\"76\">A<\/td>\n<td width=\"396\">dehumidify: 5 (0,2), humidify: 3 (0,2)<\/td>\n<\/tr>\n<tr>\n<td width=\"161\">Contact load, min.<\/td>\n<td width=\"76\">mA<\/td>\n<td width=\"396\">min. 100<\/td>\n<\/tr>\n<tr>\n<td width=\"161\">Switching difference<\/td>\n<td width=\"76\">%<\/td>\n<td width=\"396\">ca. 4<\/td>\n<\/tr>\n<tr>\n<td width=\"161\">Contact<\/td>\n<td width=\"76\">&nbsp;<\/td>\n<td width=\"396\">1 changeoverr, (potential free)<\/td>\n<\/tr>\n<tr>\n<td width=\"161\">Adjustment range<\/td>\n<td width=\"76\">%<\/td>\n<td width=\"396\">25 to 95<\/td>\n<\/tr>\n<tr>\n<td width=\"161\">Sensor element<\/td>\n<td width=\"76\">&nbsp;<\/td>\n<td width=\"396\">plastic fibre<\/td>\n<\/tr>\n<tr>\n<td width=\"161\">Electrical connection<\/td>\n<td width=\"76\">mm\u00b2<\/td>\n<td width=\"396\">0,14 to 2,5 via screw terminals on PCB<\/td>\n<\/tr>\n<tr>\n<td width=\"161\">Housing<\/td>\n<td width=\"76\">&nbsp;<\/td>\n<td width=\"396\">synthetic material, material ABS, Colour pure white (similar to RAL 9010)<\/td>\n<\/tr>\n<tr>\n<td width=\"161\">Housing temperature<\/td>\n<td width=\"76\">\u00b0C<\/td>\n<td width=\"396\">0 to +40<\/td>\n<\/tr>\n<tr>\n<td width=\"161\">Dimensions<\/td>\n<td width=\"76\">mm<\/td>\n<td width=\"396\">98 x 98 x 39 (Baldur 2, with Poti)<\/td>\n<\/tr>\n<tr>\n<td width=\"161\">Assembly<\/td>\n<td width=\"76\">&nbsp;<\/td>\n<td width=\"396\">Wall mounting or on flush-mounted box, \u00d8 55 mm,<br \/>\nbase part with 4 holes, for mounting on vertically or horizontally installed flush-mounted boxes for cable entry at rear, with predetermined breaking point for cable entry at top\/bottom with surface-mounted box<\/td>\n<\/tr>\n<tr>\n<td width=\"161\">Tolerance<\/td>\n<td width=\"76\">%<\/td>\n<td width=\"396\">max. 3<\/td>\n<\/tr>\n<tr>\n<td width=\"161\">Protection class<\/td>\n<td width=\"76\">&nbsp;<\/td>\n<td width=\"396\">III (acc. EN 60730)<\/td>\n<\/tr>\n<tr>\n<td width=\"161\">Degree of protection<\/td>\n<td width=\"76\">IP<\/td>\n<td width=\"396\">30 (acc. EN 60529)<\/td>\n<\/tr>\n<\/tbody>\n<\/table>","protected":false},"excerpt":{"rendered":"<p>The mechanical room hygrostat RH-2 with switching output, works without external voltage, but with humidity measuring element for switching point adjustment. The housing is made of plastic ABS, the lower part has a 4-hole fixing for mounting on vertically or horizontally installed flush-mounted boxes incl. predetermined breaking point for surface connection.<\/p>\n<p>&nbsp;<\/p>\n<p>Characteristics<\/p>\n<ul>\n<li>Color pure white (similar to RAL9010)<\/li>\n<li>1 changeover contact<\/li>\n<li>Setpoint adjuster 30 to 95 % r. h.<\/li>\n<li>Square shape<\/li>\n<\/ul>","protected":false},"featured_media":0,"comment_status":"open","ping_status":"closed","template":"","meta":[],"product_cat":[41,20],"product_tag":[],"yoast_head":"<!-- This site is optimized with the Yoast SEO plugin v18.6 - https:\/\/yoast.com\/wordpress\/plugins\/seo\/ -->\n<title>Hygrostat RH-2 - Supersonic<\/title>\n<meta name=\"robots\" content=\"index, follow, max-snippet:-1, max-image-preview:large, max-video-preview:-1\" \/>\n<link rel=\"canonical\" href=\"https:\/\/ps-sonic.com\/en\/produto\/hygrostat-rh-2\/\" \/>\n<meta property=\"og:locale\" content=\"en_US\" \/>\n<meta property=\"og:type\" content=\"article\" \/>\n<meta property=\"og:title\" content=\"Hygrostat RH-2 - Supersonic\" \/>\n<meta property=\"og:description\" content=\"Das mechanische Raumhygrostat RH-2 mit schaltendem Ausgang, arbeitet ohne Fremdspannung, aber mit Feuchtemesselement f\u00fcr die Schaltpunkteinstellung. Das Geh\u00e4use ist aus Kunststoff-ABS, das Unterteil besitzt eine 4-Lochbefestigung f\u00fcr die Montage auf senkrecht oder waagerecht installierten Unterputzdosen inkl. Sollbruchstelle f\u00fcr den Aufputzanschluss.  &nbsp;  Eigenschaften   Farbe Reinwei\u00df (\u00e4hnlich RAL9010)  1-Wechslerkontakt  Sollwertsteller 30 bis 95 % r. F.  Quadratische Form\" \/>\n<meta property=\"og:url\" content=\"https:\/\/ps-sonic.com\/en\/produto\/hygrostat-rh-2\/\" \/>\n<meta property=\"og:site_name\" content=\"Supersonic\" \/>\n<meta property=\"article:modified_time\" content=\"2025-04-11T22:44:53+00:00\" \/>\n<meta name=\"twitter:card\" content=\"summary_large_image\" \/>\n<script type=\"application\/ld+json\" class=\"yoast-schema-graph\">{\"@context\":\"https:\/\/schema.org\",\"@graph\":[{\"@type\":\"WebSite\",\"@id\":\"https:\/\/ps-sonic.com\/#website\",\"url\":\"https:\/\/ps-sonic.com\/\",\"name\":\"Supersonic\",\"description\":\"Supersonic - A Arte da Humidifica\u00e7\u00e3o\",\"potentialAction\":[{\"@type\":\"SearchAction\",\"target\":{\"@type\":\"EntryPoint\",\"urlTemplate\":\"https:\/\/ps-sonic.com\/?s={search_term_string}\"},\"query-input\":\"required name=search_term_string\"}],\"inLanguage\":\"en-US\"},{\"@type\":\"WebPage\",\"@id\":\"https:\/\/ps-sonic.com\/produto\/hygrostat-rh-2\/#webpage\",\"url\":\"https:\/\/ps-sonic.com\/produto\/hygrostat-rh-2\/\",\"name\":\"Hygrostat RH-2 - Supersonic\",\"isPartOf\":{\"@id\":\"https:\/\/ps-sonic.com\/#website\"},\"datePublished\":\"2022-07-08T13:51:40+00:00\",\"dateModified\":\"2025-04-11T22:44:53+00:00\",\"breadcrumb\":{\"@id\":\"https:\/\/ps-sonic.com\/produto\/hygrostat-rh-2\/#breadcrumb\"},\"inLanguage\":\"en-US\",\"potentialAction\":[{\"@type\":\"ReadAction\",\"target\":[\"https:\/\/ps-sonic.com\/produto\/hygrostat-rh-2\/\"]}]},{\"@type\":\"BreadcrumbList\",\"@id\":\"https:\/\/ps-sonic.com\/produto\/hygrostat-rh-2\/#breadcrumb\",\"itemListElement\":[{\"@type\":\"ListItem\",\"position\":1,\"name\":\"In\u00edcio\",\"item\":\"https:\/\/ps-sonic.com\/\"},{\"@type\":\"ListItem\",\"position\":2,\"name\":\"Produkt\",\"item\":\"https:\/\/ps-sonic.com\/produkt\/\"},{\"@type\":\"ListItem\",\"position\":3,\"name\":\"Hygrostat RH-2\"}]}]}<\/script>\n<!-- \/ Yoast SEO plugin. -->","yoast_head_json":{"title":"Hygrostat RH-2 - Supersonic","robots":{"index":"index","follow":"follow","max-snippet":"max-snippet:-1","max-image-preview":"max-image-preview:large","max-video-preview":"max-video-preview:-1"},"canonical":"https:\/\/ps-sonic.com\/en\/produto\/hygrostat-rh-2\/","og_locale":"en_US","og_type":"article","og_title":"Hygrostat RH-2 - Supersonic","og_description":"Das mechanische Raumhygrostat RH-2 mit schaltendem Ausgang, arbeitet ohne Fremdspannung, aber mit Feuchtemesselement f\u00fcr die Schaltpunkteinstellung. Das Geh\u00e4use ist aus Kunststoff-ABS, das Unterteil besitzt eine 4-Lochbefestigung f\u00fcr die Montage auf senkrecht oder waagerecht installierten Unterputzdosen inkl. Sollbruchstelle f\u00fcr den Aufputzanschluss.  &nbsp;  Eigenschaften   Farbe Reinwei\u00df (\u00e4hnlich RAL9010)  1-Wechslerkontakt  Sollwertsteller 30 bis 95 % r. F.  Quadratische Form","og_url":"https:\/\/ps-sonic.com\/en\/produto\/hygrostat-rh-2\/","og_site_name":"Supersonic","article_modified_time":"2025-04-11T22:44:53+00:00","twitter_card":"summary_large_image","schema":{"@context":"https:\/\/schema.org","@graph":[{"@type":"WebSite","@id":"https:\/\/ps-sonic.com\/#website","url":"https:\/\/ps-sonic.com\/","name":"Supersonic","description":"Supersonic - A Arte da Humidifica\u00e7\u00e3o","potentialAction":[{"@type":"SearchAction","target":{"@type":"EntryPoint","urlTemplate":"https:\/\/ps-sonic.com\/?s={search_term_string}"},"query-input":"required name=search_term_string"}],"inLanguage":"en-US"},{"@type":"WebPage","@id":"https:\/\/ps-sonic.com\/produto\/hygrostat-rh-2\/#webpage","url":"https:\/\/ps-sonic.com\/produto\/hygrostat-rh-2\/","name":"Hygrostat RH-2 - Supersonic","isPartOf":{"@id":"https:\/\/ps-sonic.com\/#website"},"datePublished":"2022-07-08T13:51:40+00:00","dateModified":"2025-04-11T22:44:53+00:00","breadcrumb":{"@id":"https:\/\/ps-sonic.com\/produto\/hygrostat-rh-2\/#breadcrumb"},"inLanguage":"en-US","potentialAction":[{"@type":"ReadAction","target":["https:\/\/ps-sonic.com\/produto\/hygrostat-rh-2\/"]}]},{"@type":"BreadcrumbList","@id":"https:\/\/ps-sonic.com\/produto\/hygrostat-rh-2\/#breadcrumb","itemListElement":[{"@type":"ListItem","position":1,"name":"In\u00edcio","item":"https:\/\/ps-sonic.com\/"},{"@type":"ListItem","position":2,"name":"Produkt","item":"https:\/\/ps-sonic.com\/produkt\/"},{"@type":"ListItem","position":3,"name":"Hygrostat RH-2"}]}]}},"_links":{"self":[{"href":"https:\/\/ps-sonic.com\/en\/wp-json\/wp\/v2\/product\/893"}],"collection":[{"href":"https:\/\/ps-sonic.com\/en\/wp-json\/wp\/v2\/product"}],"about":[{"href":"https:\/\/ps-sonic.com\/en\/wp-json\/wp\/v2\/types\/product"}],"replies":[{"embeddable":true,"href":"https:\/\/ps-sonic.com\/en\/wp-json\/wp\/v2\/comments?post=893"}],"wp:attachment":[{"href":"https:\/\/ps-sonic.com\/en\/wp-json\/wp\/v2\/media?parent=893"}],"wp:term":[{"taxonomy":"product_cat","embeddable":true,"href":"https:\/\/ps-sonic.com\/en\/wp-json\/wp\/v2\/product_cat?post=893"},{"taxonomy":"product_tag","embeddable":true,"href":"https:\/\/ps-sonic.com\/en\/wp-json\/wp\/v2\/product_tag?post=893"}],"curies":[{"name":"wp","href":"https:\/\/api.w.org\/{rel}","templated":true}]}}