{"id":896,"date":"2022-07-08T14:59:52","date_gmt":"2022-07-08T13:59:52","guid":{"rendered":"https:\/\/ps-sonic.com\/?post_type=product&#038;p=896"},"modified":"2025-06-04T00:22:31","modified_gmt":"2025-06-03T23:22:31","slug":"wandkonsole-lrp","status":"publish","type":"product","link":"https:\/\/ps-sonic.com\/en\/produto\/wandkonsole-lrp\/","title":{"rendered":"Wandkonsole LRP"},"content":{"rendered":"","protected":false},"excerpt":{"rendered":"<p>The wall bracket is a practical product consisting of two sturdy stainless steel brackets. It comes with mounting screws for the LRP ultrasonic humidifier and enables secure wall mounting.<\/p>","protected":false},"featured_media":1074,"comment_status":"open","ping_status":"closed","template":"","meta":[],"product_cat":[36],"product_tag":[],"yoast_head":"<!-- This site is optimized with the Yoast SEO plugin v18.6 - https:\/\/yoast.com\/wordpress\/plugins\/seo\/ -->\n<title>Wandkonsole LRP - Supersonic<\/title>\n<meta name=\"robots\" content=\"index, follow, max-snippet:-1, max-image-preview:large, max-video-preview:-1\" \/>\n<link rel=\"canonical\" href=\"https:\/\/ps-sonic.com\/en\/produto\/wandkonsole-lrp\/\" \/>\n<meta property=\"og:locale\" content=\"en_US\" \/>\n<meta property=\"og:type\" content=\"article\" \/>\n<meta property=\"og:title\" content=\"Wandkonsole LRP - Supersonic\" \/>\n<meta property=\"og:description\" content=\"Die Wandkonsole ist ein n\u00fctzliches Produkt, das aus zwei robusten Edelstahlkonsolen besteht. Diese Konsolen werden mit Befestigungsschrauben f\u00fcr den LRP Ultraschallbefeuchter geliefert, um eine sichere Wandbefestigung zu erm\u00f6glichen.\" \/>\n<meta property=\"og:url\" content=\"https:\/\/ps-sonic.com\/en\/produto\/wandkonsole-lrp\/\" \/>\n<meta property=\"og:site_name\" content=\"Supersonic\" \/>\n<meta property=\"article:modified_time\" content=\"2025-06-03T23:22:31+00:00\" \/>\n<meta property=\"og:image\" content=\"https:\/\/ps-sonic.com\/wp-content\/uploads\/2022\/07\/LRP-Wandkonsole_WH.png\" \/>\n\t<meta property=\"og:image:width\" content=\"1609\" \/>\n\t<meta property=\"og:image:height\" content=\"848\" \/>\n\t<meta property=\"og:image:type\" content=\"image\/png\" \/>\n<meta name=\"twitter:card\" content=\"summary_large_image\" \/>\n<script type=\"application\/ld+json\" class=\"yoast-schema-graph\">{\"@context\":\"https:\/\/schema.org\",\"@graph\":[{\"@type\":\"WebSite\",\"@id\":\"https:\/\/ps-sonic.com\/#website\",\"url\":\"https:\/\/ps-sonic.com\/\",\"name\":\"Supersonic\",\"description\":\"Supersonic - A Arte da Humidifica\u00e7\u00e3o\",\"potentialAction\":[{\"@type\":\"SearchAction\",\"target\":{\"@type\":\"EntryPoint\",\"urlTemplate\":\"https:\/\/ps-sonic.com\/?s={search_term_string}\"},\"query-input\":\"required name=search_term_string\"}],\"inLanguage\":\"en-US\"},{\"@type\":\"ImageObject\",\"@id\":\"https:\/\/ps-sonic.com\/produto\/wandkonsole-lrp\/#primaryimage\",\"inLanguage\":\"en-US\",\"url\":\"https:\/\/ps-sonic.com\/wp-content\/uploads\/2022\/07\/LRP-Wandkonsole_WH.png\",\"contentUrl\":\"https:\/\/ps-sonic.com\/wp-content\/uploads\/2022\/07\/LRP-Wandkonsole_WH.png\",\"width\":1609,\"height\":848},{\"@type\":\"WebPage\",\"@id\":\"https:\/\/ps-sonic.com\/produto\/wandkonsole-lrp\/#webpage\",\"url\":\"https:\/\/ps-sonic.com\/produto\/wandkonsole-lrp\/\",\"name\":\"Wandkonsole LRP - Supersonic\",\"isPartOf\":{\"@id\":\"https:\/\/ps-sonic.com\/#website\"},\"primaryImageOfPage\":{\"@id\":\"https:\/\/ps-sonic.com\/produto\/wandkonsole-lrp\/#primaryimage\"},\"datePublished\":\"2022-07-08T13:59:52+00:00\",\"dateModified\":\"2025-06-03T23:22:31+00:00\",\"breadcrumb\":{\"@id\":\"https:\/\/ps-sonic.com\/produto\/wandkonsole-lrp\/#breadcrumb\"},\"inLanguage\":\"en-US\",\"potentialAction\":[{\"@type\":\"ReadAction\",\"target\":[\"https:\/\/ps-sonic.com\/produto\/wandkonsole-lrp\/\"]}]},{\"@type\":\"BreadcrumbList\",\"@id\":\"https:\/\/ps-sonic.com\/produto\/wandkonsole-lrp\/#breadcrumb\",\"itemListElement\":[{\"@type\":\"ListItem\",\"position\":1,\"name\":\"In\u00edcio\",\"item\":\"https:\/\/ps-sonic.com\/\"},{\"@type\":\"ListItem\",\"position\":2,\"name\":\"Produkt\",\"item\":\"https:\/\/ps-sonic.com\/produkt\/\"},{\"@type\":\"ListItem\",\"position\":3,\"name\":\"Wandkonsole LRP\"}]}]}<\/script>\n<!-- \/ Yoast SEO plugin. -->","yoast_head_json":{"title":"Wandkonsole LRP - Supersonic","robots":{"index":"index","follow":"follow","max-snippet":"max-snippet:-1","max-image-preview":"max-image-preview:large","max-video-preview":"max-video-preview:-1"},"canonical":"https:\/\/ps-sonic.com\/en\/produto\/wandkonsole-lrp\/","og_locale":"en_US","og_type":"article","og_title":"Wandkonsole LRP - Supersonic","og_description":"Die Wandkonsole ist ein n\u00fctzliches Produkt, das aus zwei robusten Edelstahlkonsolen besteht. Diese Konsolen werden mit Befestigungsschrauben f\u00fcr den LRP Ultraschallbefeuchter geliefert, um eine sichere Wandbefestigung zu erm\u00f6glichen.","og_url":"https:\/\/ps-sonic.com\/en\/produto\/wandkonsole-lrp\/","og_site_name":"Supersonic","article_modified_time":"2025-06-03T23:22:31+00:00","og_image":[{"width":1609,"height":848,"url":"https:\/\/ps-sonic.com\/wp-content\/uploads\/2022\/07\/LRP-Wandkonsole_WH.png","type":"image\/png"}],"twitter_card":"summary_large_image","schema":{"@context":"https:\/\/schema.org","@graph":[{"@type":"WebSite","@id":"https:\/\/ps-sonic.com\/#website","url":"https:\/\/ps-sonic.com\/","name":"Supersonic","description":"Supersonic - A Arte da Humidifica\u00e7\u00e3o","potentialAction":[{"@type":"SearchAction","target":{"@type":"EntryPoint","urlTemplate":"https:\/\/ps-sonic.com\/?s={search_term_string}"},"query-input":"required name=search_term_string"}],"inLanguage":"en-US"},{"@type":"ImageObject","@id":"https:\/\/ps-sonic.com\/produto\/wandkonsole-lrp\/#primaryimage","inLanguage":"en-US","url":"https:\/\/ps-sonic.com\/wp-content\/uploads\/2022\/07\/LRP-Wandkonsole_WH.png","contentUrl":"https:\/\/ps-sonic.com\/wp-content\/uploads\/2022\/07\/LRP-Wandkonsole_WH.png","width":1609,"height":848},{"@type":"WebPage","@id":"https:\/\/ps-sonic.com\/produto\/wandkonsole-lrp\/#webpage","url":"https:\/\/ps-sonic.com\/produto\/wandkonsole-lrp\/","name":"Wandkonsole LRP - Supersonic","isPartOf":{"@id":"https:\/\/ps-sonic.com\/#website"},"primaryImageOfPage":{"@id":"https:\/\/ps-sonic.com\/produto\/wandkonsole-lrp\/#primaryimage"},"datePublished":"2022-07-08T13:59:52+00:00","dateModified":"2025-06-03T23:22:31+00:00","breadcrumb":{"@id":"https:\/\/ps-sonic.com\/produto\/wandkonsole-lrp\/#breadcrumb"},"inLanguage":"en-US","potentialAction":[{"@type":"ReadAction","target":["https:\/\/ps-sonic.com\/produto\/wandkonsole-lrp\/"]}]},{"@type":"BreadcrumbList","@id":"https:\/\/ps-sonic.com\/produto\/wandkonsole-lrp\/#breadcrumb","itemListElement":[{"@type":"ListItem","position":1,"name":"In\u00edcio","item":"https:\/\/ps-sonic.com\/"},{"@type":"ListItem","position":2,"name":"Produkt","item":"https:\/\/ps-sonic.com\/produkt\/"},{"@type":"ListItem","position":3,"name":"Wandkonsole LRP"}]}]}},"_links":{"self":[{"href":"https:\/\/ps-sonic.com\/en\/wp-json\/wp\/v2\/product\/896"}],"collection":[{"href":"https:\/\/ps-sonic.com\/en\/wp-json\/wp\/v2\/product"}],"about":[{"href":"https:\/\/ps-sonic.com\/en\/wp-json\/wp\/v2\/types\/product"}],"replies":[{"embeddable":true,"href":"https:\/\/ps-sonic.com\/en\/wp-json\/wp\/v2\/comments?post=896"}],"wp:featuredmedia":[{"embeddable":true,"href":"https:\/\/ps-sonic.com\/en\/wp-json\/wp\/v2\/media\/1074"}],"wp:attachment":[{"href":"https:\/\/ps-sonic.com\/en\/wp-json\/wp\/v2\/media?parent=896"}],"wp:term":[{"taxonomy":"product_cat","embeddable":true,"href":"https:\/\/ps-sonic.com\/en\/wp-json\/wp\/v2\/product_cat?post=896"},{"taxonomy":"product_tag","embeddable":true,"href":"https:\/\/ps-sonic.com\/en\/wp-json\/wp\/v2\/product_tag?post=896"}],"curies":[{"name":"wp","href":"https:\/\/api.w.org\/{rel}","templated":true}]}}