{"id":1085,"date":"2024-07-23T02:52:42","date_gmt":"2024-07-23T01:52:42","guid":{"rendered":"https:\/\/ps-sonic.com\/?page_id=1085"},"modified":"2024-07-24T22:36:17","modified_gmt":"2024-07-24T21:36:17","slug":"allgemeine-geschaeftsbedingungen","status":"publish","type":"page","link":"https:\/\/ps-sonic.com\/pt\/allgemeine-geschaeftsbedingungen\/","title":{"rendered":"Termos e Condi\u00e7\u00f5es Gerais"},"content":{"rendered":"<p><strong>\u00c2mbito de Aplica\u00e7\u00e3o<\/strong><\/p>\n\n\n\n<p>Fornecemos aos nossos parceiros contratuais (doravante \"Compradores\") exclusivamente com base nestas condi\u00e7\u00f5es de fornecimento. N\u00e3o reconhecemos condi\u00e7\u00f5es contr\u00e1rias, divergentes ou adicionais do Comprador, mesmo que n\u00e3o nos oponhamos a elas em casos individuais. Estas condi\u00e7\u00f5es tamb\u00e9m se aplicam se, sabendo das condi\u00e7\u00f5es contr\u00e1rias, divergentes ou adicionais do Comprador, realizarmos a entrega sem reservas.<\/p>\n\n\n\n<p>Para encomendas, aplicam-se exclusivamente as condi\u00e7\u00f5es de fornecimento e presta\u00e7\u00e3o de servi\u00e7os da Pintosupersonic Lda.<\/p>\n\n\n\n<p>Estas condi\u00e7\u00f5es de entrega aplicam-se a todos os neg\u00f3cios futuros com o Comprador, mesmo que a sua aplica\u00e7\u00e3o n\u00e3o tenha sido expressamente acordada novamente.<\/p>\n\n\n\n<p><strong>Ofertas, Escopo de nossas entregas, Detalhes do produto<\/strong><\/p>\n\n\n\n<p>Nossas ofertas s\u00e3o n\u00e3o vinculativas e sujeitas a altera\u00e7\u00f5es. Reservamo-nos todos os direitos de propriedade e direitos autorais sobre nossas ofertas, or\u00e7amentos, c\u00e1lculos e todos os outros documentos fornecidos por n\u00f3s ou terceiros. Isso inclui ferramentas, aux\u00edlios, desenhos, amostras, prot\u00f3tipos, imagens, descri\u00e7\u00f5es, modelos, c\u00e1lculos e outros documentos. Sem nosso consentimento, o comprador n\u00e3o pode disponibilizar esses materiais a terceiros, divulg\u00e1-los, us\u00e1-los por conta pr\u00f3pria ou permitir seu uso por terceiros. Ele tamb\u00e9m n\u00e3o pode copi\u00e1-los. O comprador deve devolver esses materiais e quaisquer c\u00f3pias a nosso pedido se n\u00e3o forem mais necess\u00e1rios no curso normal dos neg\u00f3cios ou se as negocia\u00e7\u00f5es n\u00e3o resultarem na conclus\u00e3o de um contrato.<\/p>\n\n\n\n<p>A apresenta\u00e7\u00e3o de nossos produtos em nosso livro de pre\u00e7os n\u00e3o constitui uma oferta vinculativa para a conclus\u00e3o de um contrato de compra. O pedido de produtos pelo comprador \u00e9 uma oferta vinculativa. O comprador receber\u00e1 uma confirma\u00e7\u00e3o de seu pedido feito por telefone, fax, e-mail ou loja online. Esta confirma\u00e7\u00e3o ainda n\u00e3o representa a aceita\u00e7\u00e3o de sua oferta, a menos que a aceita\u00e7\u00e3o seja declarada ao mesmo tempo. Um contrato s\u00f3 \u00e9 conclu\u00eddo com nossa confirma\u00e7\u00e3o de pedido ou entrega dos produtos encomendados. Uma altera\u00e7\u00e3o ap\u00f3s a coloca\u00e7\u00e3o do pedido ou um cancelamento \u00e9 poss\u00edvel at\u00e9 nossa confirma\u00e7\u00e3o de pedido. Se a entrega do produto encomendado n\u00e3o for poss\u00edvel, por exemplo, porque o produto correspondente n\u00e3o est\u00e1 em estoque, n\u00f3s nos abstemos de declarar aceita\u00e7\u00e3o. Nesse caso, um contrato n\u00e3o \u00e9 conclu\u00eddo. Informaremos o comprador imediatamente e reembolsaremos quaisquer contrapresta\u00e7\u00f5es j\u00e1 recebidas imediatamente.<\/p>\n\n\n\n<p>Documentos e informa\u00e7\u00f5es fornecidos por n\u00f3s, como imagens, desenhos, pesos e medidas, s\u00f3 s\u00e3o vinculativos na medida em que os listamos explicitamente como parte do contrato ou nos referimos explicitamente a eles no contrato, a menos que a usabilidade para o prop\u00f3sito contratualmente previsto requeira uma correspond\u00eancia exata.<\/p>\n\n\n\n<p>Todas as informa\u00e7\u00f5es sobre adequa\u00e7\u00e3o, processamento e aplica\u00e7\u00e3o de nossos produtos, qualquer consultoria t\u00e9cnica e outras informa\u00e7\u00f5es s\u00e3o fornecidas com o melhor de nosso conhecimento, mas n\u00e3o isentam o comprador de seus pr\u00f3prios testes e investiga\u00e7\u00f5es.<\/p>\n\n\n\n<p>N\u00e3o temos a obriga\u00e7\u00e3o de verificar o pedido do comprador, especialmente em rela\u00e7\u00e3o \u00e0 compatibilidade dos produtos ou a uma obriga\u00e7\u00e3o correspondente de aviso. Se em um caso individual apontarmos ao comprador inconsist\u00eancias em seu pedido, isso n\u00e3o implica uma obriga\u00e7\u00e3o de faz\u00ea-lo no futuro.<\/p>\n\n\n\n<p>Nossas descri\u00e7\u00f5es e informa\u00e7\u00f5es de produtos n\u00e3o representam uma garantia de qualidade ou durabilidade, a menos que tenhamos assumido explicitamente uma garantia por escrito a esse respeito.<\/p>\n\n\n\n<p><strong>Pre\u00e7os, Pagamento<\/strong><\/p>\n\n\n\n<p>Os nossos pre\u00e7os s\u00e3o pre\u00e7os l\u00edquidos, DAP, dentro de Portugal. Salvo disposi\u00e7\u00e3o legal em contr\u00e1rio, ser\u00e3o adicionados o IVA \u00e0 taxa atual no momento da incid\u00eancia do imposto, direitos aduaneiros, taxas, outros encargos p\u00fablicos, custos de embalagem e carregamento, bem como seguro de transporte.<\/p>\n\n\n\n<p>As entregas que o comprador desejar num determinado intervalo de tempo ou como entrega acelerada requerem a nossa confirma\u00e7\u00e3o e ser\u00e3o realizadas apenas mediante um custo adicional.<\/p>\n\n\n\n<p>Para as entregas que ocorram mais de quatro meses ap\u00f3s a conclus\u00e3o do contrato, conforme acordado, reservamo-nos o direito de faturar quaisquer aumentos de sal\u00e1rios e\/ou pre\u00e7os de materiais que ocorram ap\u00f3s a apresenta\u00e7\u00e3o da proposta, com uma sobretaxa habitual.<\/p>\n\n\n\n<p>O pagamento \u00e9 feito por adiantamento ou ap\u00f3s a entrega, conforme acordado.<\/p>\n\n\n\n<p>Se tivermos acordado um desconto com o comprador, o prazo para o desconto come\u00e7a com a rece\u00e7\u00e3o da fatura.<\/p>\n\n\n\n<p>O comprador s\u00f3 tem direito de reten\u00e7\u00e3o se as suas reivindica\u00e7\u00f5es contr\u00e1rias foram legalmente estabelecidas ou s\u00e3o incontestadas e baseiam-se na mesma rela\u00e7\u00e3o contratual. Ele s\u00f3 pode exercer direitos de compensa\u00e7\u00e3o se as suas reivindica\u00e7\u00f5es contr\u00e1rias foram legalmente estabelecidas ou s\u00e3o incontestadas e t\u00eam uma rela\u00e7\u00e3o de reciprocidade estreita com a nossa reivindica\u00e7\u00e3o (por exemplo, em caso de reivindica\u00e7\u00f5es de defeitos na mesma rela\u00e7\u00e3o contratual).<\/p>\n\n\n\n<p><strong>Reserva de propriedade<\/strong><\/p>\n\n\n\n<p>Reservamos a propriedade de todos os itens entregues por n\u00f3s at\u00e9 o pagamento de todas as reivindica\u00e7\u00f5es resultantes da rela\u00e7\u00e3o comercial. Em caso de viola\u00e7\u00f5es de deveres por parte do comprador, especialmente em caso de atraso no pagamento, temos o direito de rescindir o contrato ap\u00f3s um prazo razo\u00e1vel e exigir a devolu\u00e7\u00e3o dos bens reservados.<\/p>\n\n\n\n<p class=\" translation-block\">Enquanto a propriedade nos for reservada, o comprador deve realizar os trabalhos necess\u00e1rios e usuais de inspe\u00e7\u00e3o, manuten\u00e7\u00e3o e conserva\u00e7\u00e3o \u00e0 sua custa e segurar adequadamente os bens reservados contra danos causados por fogo, \u00e1gua e roubo ao custo de reposi\u00e7\u00e3o. Ele aqui cede seus respectivos direitos em caso de danos a n\u00f3s. N\u00f3s aceitamos a cess\u00e3o. Durante o per\u00edodo de reserva de propriedade, o comprador n\u00e3o pode penhorar nem transferir a propriedade dos bens reservados como garantia. Qualquer acesso de terceiros aos bens reservados, bem como danos ou destrui\u00e7\u00e3o, devem ser imediatamente comunicados por escrito. O comprador deve suportar todos os custos necess\u00e1rios para eliminar o acesso e para a reposi\u00e7\u00e3o dos bens reservados, que o terceiro n\u00e3o pode reembolsar.<\/p>\n\n\n\n<p>O comprador tem o direito de revender os bens reservados no curso normal dos neg\u00f3cios; no entanto, ele j\u00e1 nos cede todas as reivindica\u00e7\u00f5es, incluindo todas as reivindica\u00e7\u00f5es de saldo de corrente cont\u00ednua, no valor do pre\u00e7o de compra acordado entre n\u00f3s e o comprador (incl. imposto sobre vendas) incluindo cheques de troca e compensa\u00e7\u00e3o que surgem da revenda para seu cliente ou terceiros, independentemente de os bens reservados terem sido revendidos sem ou ap\u00f3s processamento. Aceitamos a cess\u00e3o.<\/p>\n\n\n\n<p>O comprador est\u00e1 autorizado a cobrar as reivindica\u00e7\u00f5es cedidas a n\u00f3s mesmo ap\u00f3s a cess\u00e3o. Nossa autoridade para cobrar a reivindica\u00e7\u00e3o n\u00f3s mesmos permanece inalterada por isso. No entanto, nos comprometemos a n\u00e3o cobrar as reivindica\u00e7\u00f5es, desde que o comprador cumpra corretamente suas obriga\u00e7\u00f5es de pagamento. Especialmente em caso de atraso no pagamento, interrup\u00e7\u00e3o de pagamento, abertura de um processo de fal\u00eancia ou protesto de cheque, temos o direito de revogar a autoridade de cobran\u00e7a do comprador. Nesse caso, podemos exigir que o comprador nos informe as reivindica\u00e7\u00f5es cedidas e seus devedores, forne\u00e7a todas as informa\u00e7\u00f5es necess\u00e1rias para a cobran\u00e7a, entregue os documentos relacionados e informe os devedores (terceiros) sobre a cess\u00e3o.<\/p>\n\n\n\n<p>O processamento ou transforma\u00e7\u00e3o dos bens reservados pelo comprador \u00e9 sempre feito para n\u00f3s. Se os bens reservados forem processados, combinados ou indissoluvelmente misturados com outros itens que n\u00e3o nos pertencem, adquirimos a co-propriedade do novo item na propor\u00e7\u00e3o do valor dos itens reservados (valor final da fatura, incl. imposto sobre vendas) para os outros itens processados, combinados ou misturados no momento do processamento, combina\u00e7\u00e3o ou mistura. Se a combina\u00e7\u00e3o ou mistura for tal que o item do comprador seja considerado o item principal, ser\u00e1 considerado acordado que o comprador nos transfere a co-propriedade proporcionalmente. O comprador guarda a propriedade exclusiva ou co-propriedade que surgiu do processamento, transforma\u00e7\u00e3o, combina\u00e7\u00e3o ou mistura para n\u00f3s. O mesmo se aplica ao item resultante do processamento, combina\u00e7\u00e3o, transforma\u00e7\u00e3o ou mistura, como se aplica ao item entregue sob reserva.<\/p>\n\n\n\n<p>O comprador nos cede tamb\u00e9m as reivindica\u00e7\u00f5es que surgem da combina\u00e7\u00e3o dos bens reservados com um im\u00f3vel contra um terceiro, para garantir nossas reivindica\u00e7\u00f5es contra ele. Aceitamos a cess\u00e3o.<\/p>\n\n\n\n<p>Comprometemo-nos a liberar as garantias a que temos direito a pedido do comprador, na medida em que o valor realiz\u00e1vel de nossas garantias exceda as reivindica\u00e7\u00f5es a serem garantidas em mais de 10%. A sele\u00e7\u00e3o das garantias a serem liberadas \u00e9 de nossa responsabilidade.<\/p>\n\n\n\n<p>Na medida em que a validade da reserva de propriedade no pa\u00eds de destino esteja vinculada a requisitos especiais ou formalidades especiais, o comprador deve se responsabilizar por seu cumprimento.<\/p>\n\n\n\n<p><strong>Execu\u00e7\u00e3o das entregas, prazos, atrasos<\/strong><\/p>\n\n\n\n<p>Entregas parciais s\u00e3o permitidas se forem \u00fateis para o comprador no \u00e2mbito do prop\u00f3sito contratual, a entrega das restantes mercadorias encomendadas \u00e9 garantida e o comprador n\u00e3o incorre em custos significativos ou adicionais, a menos que estejamos dispostos a assumir esses custos.<\/p>\n\n\n\n<p>Os prazos de entrega acordados n\u00e3o come\u00e7am antes de todos os detalhes t\u00e9cnicos serem esclarecidos, a entrega dos documentos a serem providenciados pelo comprador, autoriza\u00e7\u00f5es e libera\u00e7\u00f5es, bem como o recebimento de um pagamento acordado.<\/p>\n\n\n\n<p>Se o n\u00e3o cumprimento dos prazos se deve a for\u00e7a maior, como mobiliza\u00e7\u00e3o, guerra, tumultos, epidemias ou pandemias, ou a eventos semelhantes, como greves, lockouts, atrasos na obten\u00e7\u00e3o de autoriza\u00e7\u00f5es governamentais ou outros eventos fora do nosso controle, os prazos s\u00e3o estendidos pela dura\u00e7\u00e3o da obstru\u00e7\u00e3o. Isso tamb\u00e9m se aplica se tais circunst\u00e2ncias ocorrerem com subcontratados ou fornecedores anteriores.<\/p>\n\n\n\n<p>Somos respons\u00e1veis por qualquer dano devido a atrasos no caso de atraso intencional na entrega. Em caso de neglig\u00eancia grave, nossa responsabilidade \u00e9 limitada ao dano previs\u00edvel e t\u00edpico. Caso contr\u00e1rio, nossa responsabilidade \u00e9 limitada a 1% do pre\u00e7o do contrato l\u00edquido.<\/p>\n\n\n\n<p>Se o envio for atrasado devido a circunst\u00e2ncias imput\u00e1veis ao comprador, o risco \u00e9 transferido para ele no dia da disponibilidade para envio. No entanto, somos obrigados a realizar os seguros que o comprador exige, a seu pedido e a seu custo.<\/p>\n\n\n\n<p><strong>Reclama\u00e7\u00f5es de defeitos<\/strong><\/p>\n\n\n\n<p>Em rela\u00e7\u00e3o \u00e0 qualidade da entrega, apenas a descri\u00e7\u00e3o do produto confirmada no pedido \u00e9 considerada acordada. Declara\u00e7\u00f5es p\u00fablicas, elogios ou nossa publicidade n\u00e3o representam uma descri\u00e7\u00e3o contratualmente vinculativa da entrega, a menos que tal seja expressamente acordada por escrito entre n\u00f3s e o comprador.<\/p>\n\n\n\n<p>Se formos obrigados a assumir a responsabilidade por defeitos, forneceremos gratuitamente uma pe\u00e7a de substitui\u00e7\u00e3o para o componente defeituoso. A instala\u00e7\u00e3o \u00e9 realizada pelo pr\u00f3prio comprador ou por terceiros. Sem consulta pr\u00e9via conosco, o comprador n\u00e3o tem o direito de instalar pe\u00e7as de reposi\u00e7\u00e3o ou terceiros para faz\u00ea-lo. Os custos decorrentes da retifica\u00e7\u00e3o do defeito, porque o produto foi levado a um local diferente do local de cumprimento, devem ser suportados pelo comprador.<\/p>\n\n\n\n<p>Contrariamente \u00e0s disposi\u00e7\u00f5es acima da se\u00e7\u00e3o VI, somos respons\u00e1veis de acordo com as disposi\u00e7\u00f5es legais, desde que tenhamos assumido uma garantia de qualidade ou um defeito tenha sido fraudulentamente ocultado por n\u00f3s ou desde que o comprador tenha nos responsabilizado pela defici\u00eancia de um produto que n\u00f3s fornecemos ao comprador, o qual foi revendido a um consumidor.<\/p>\n\n\n\n<p>Se, como resultado de uma investiga\u00e7\u00e3o realizada em decorr\u00eancia de uma reclama\u00e7\u00e3o da entrega que fornecemos ou do retorno de mercadorias, for constatado que a reclama\u00e7\u00e3o do comprador \u00e9 injustificada, temos o direito de exigir do comprador tanto os custos de envio quanto uma compensa\u00e7\u00e3o adequada pela inspe\u00e7\u00e3o da mercadoria.<\/p>\n\n\n\n<p>As pe\u00e7as substitu\u00eddas como parte da retifica\u00e7\u00e3o do defeito devem ser entregues a n\u00f3s a nosso pedido e a propriedade delas deve ser transferida para n\u00f3s.<\/p>\n\n\n\n<p class=\" translation-block\">N\u00e3o assumimos nenhuma garantia nos seguintes casos: uso inadequado ou impr\u00f3prio, montagem ou comissionamento incorretos pelo comprador ou terceiros, n\u00e3o cumprimento das condi\u00e7\u00f5es de uso e ambiente descritas na documenta\u00e7\u00e3o t\u00e9cnica, desgaste natural, manipula\u00e7\u00e3o incorreta ou negligente, manuten\u00e7\u00e3o inadequada, meios de opera\u00e7\u00e3o inadequados, fornecimento de energia incorreto ou inadequado, opera\u00e7\u00e3o com tipo ou tens\u00e3o de energia errada, opera\u00e7\u00e3o sob m\u00eddias agressivas (\u00e1gua, ar, etc.), obras de constru\u00e7\u00e3o defeituosas, solo de constru\u00e7\u00e3o inadequado, influ\u00eancias qu\u00edmicas, eletroqu\u00edmicas ou el\u00e9tricas, a menos que sejam de nossa responsabilidade.<\/p>\n\n\n\n<p>Qualquer responsabilidade de nossa parte n\u00e3o \u00e9 exclu\u00edda por altera\u00e7\u00f5es ou reparos indevidos realizados pelo comprador ou terceiros sem nossa aprova\u00e7\u00e3o pr\u00e9via.<\/p>\n\n\n\n<p>N\u00e3o assumimos nenhuma responsabilidade por medidas de suporte de vendas gratuitas (consultoria t\u00e9cnica, elabora\u00e7\u00e3o de planos, designs e c\u00e1lculos, etc.).<\/p>\n\n\n\n<p><strong>Indeniza\u00e7\u00e3o, Responsabilidade<\/strong><\/p>\n\n\n\n<p>Somos respons\u00e1veis de acordo com as disposi\u00e7\u00f5es legais, se o comprador reivindicar indeniza\u00e7\u00e3o por danos que se baseiam em dolo ou neglig\u00eancia grave, incluindo dolo e neglig\u00eancia grave de nossos representantes ou auxiliares de execu\u00e7\u00e3o, ou se violarmos de forma culpada uma obriga\u00e7\u00e3o contratual essencial. Obriga\u00e7\u00f5es contratuais essenciais s\u00e3o aquelas cujo cumprimento permite a execu\u00e7\u00e3o adequada do contrato e em cuja observ\u00e2ncia o parceiro contratual confia e pode confiar regularmente. Se n\u00e3o formos acusados de viola\u00e7\u00e3o deliberada do contrato, a responsabilidade por danos nos casos mencionados neste par\u00e1grafo \u00e9 nula para o dano previs\u00edvel e t\u00edpico.<\/p>\n\n\n\n<p>A responsabilidade por danos culposos \u00e0 vida, ao corpo ou \u00e0 sa\u00fade permanece inalterada; isto tamb\u00e9m se aplica \u00e0 responsabilidade obrigat\u00f3ria sob a Lei de Responsabilidade do Produto.<\/p>\n\n\n\n<p>Reivindica\u00e7\u00f5es de indeniza\u00e7\u00e3o al\u00e9m das mencionadas nos par\u00e1grafos 1 e 2 est\u00e3o exclu\u00eddas. Essa limita\u00e7\u00e3o de responsabilidade tamb\u00e9m se aplica se o comprador exigir compensa\u00e7\u00e3o por despesas in\u00fateis em vez de uma reivindica\u00e7\u00e3o por danos em vez de desempenho.<\/p>\n\n\n\n<p>Na medida em que a responsabilidade por danos contra n\u00f3s \u00e9 exclu\u00edda ou limitada, isso tamb\u00e9m se aplica \u00e0 responsabilidade pessoal por danos de nossos funcion\u00e1rios, empregados, trabalhadores, representantes e auxiliares de execu\u00e7\u00e3o.<\/p>\n\n\n\n<p>N\u00e3o nos responsabilizamos nem assumimos responsabilidade por interrup\u00e7\u00f5es de produ\u00e7\u00e3o que possam ocorrer no comprador ou em terceiros. Isso inclui quaisquer interrup\u00e7\u00f5es, atrasos ou falhas na produ\u00e7\u00e3o resultantes do uso de nossos produtos.<\/p>\n\n\n\n<p><strong>Disposi\u00e7\u00f5es finais<\/strong><\/p>\n\n\n\n<p>A cess\u00e3o de todas as reivindica\u00e7\u00f5es decorrentes do contrato, incluindo reivindica\u00e7\u00f5es de defeitos, \u00e9 permitida apenas com o nosso consentimento.<\/p>\n\n\n\n<p>\u00c9 importante notar que a rescis\u00e3o de um contrato deve ser feita por escrito. Isso significa que voc\u00ea deve criar um documento oficial e envi\u00e1-lo a tempo para a outra parte, para garantir que sua inten\u00e7\u00e3o de rescindir o contrato seja clara e legalmente reconhecida.<\/p>\n\n\n\n<p>Se o comprador for um comerciante, uma pessoa jur\u00eddica de direito p\u00fablico ou uma entidade de patrim\u00f4nio p\u00fablico especial, o tribunal respons\u00e1vel por nossa sede corporativa ter\u00e1 jurisdi\u00e7\u00e3o exclusiva. No entanto, reservamo-nos o direito de processar o comprador em seu local de jurisdi\u00e7\u00e3o geral.<\/p>\n\n\n\n<p>O Comprador concorda que podemos mencion\u00e1-lo em nossa publicidade como refer\u00eancia.<\/p>\n\n\n\n<p>Caso uma disposi\u00e7\u00e3o destas condi\u00e7\u00f5es ou parte de uma disposi\u00e7\u00e3o seja ou se torne inv\u00e1lida, as restantes disposi\u00e7\u00f5es ou a parte restante da disposi\u00e7\u00e3o permanecer\u00e3o em vigor.<\/p>\n\n\n\n<p>Aplica-se exclusivamente a lei portuguesa, excluindo a Conven\u00e7\u00e3o das Na\u00e7\u00f5es Unidas sobre Contratos de Compra e Venda Internacional de Mercadorias de 11 de abril de 1980.<\/p>","protected":false},"excerpt":{"rendered":"<p>Anwendungsbereich Wir liefern an unsere Vertragspartner (nachfolgend \u201eBesteller\u201c) ausschlie\u00dflich auf Grundlage dieser Lieferbedingungen. Entgegenstehende, abweichende oder erg\u00e4nzende Bedingungen des Bestellers erkennen wir nicht an, selbst wenn wir diesen im Einzelfall nicht gesondert widersprechen. Diese Bedingungen gelten auch, wenn wir in Kenntnis entgegenstehender, abweichender oder erg\u00e4nzender Bedingungen des Bestellers die Lieferung ohne Vorbehalt ausf\u00fchren. F\u00fcr Bestellungen [&hellip;]<\/p>","protected":false},"author":1,"featured_media":0,"parent":0,"menu_order":0,"comment_status":"closed","ping_status":"closed","template":"","meta":[],"yoast_head":"<!-- This site is optimized with the Yoast SEO plugin v18.6 - https:\/\/yoast.com\/wordpress\/plugins\/seo\/ -->\n<title>Allgemeine Gesch\u00e4ftsbedingungen - Supersonic<\/title>\n<meta name=\"robots\" content=\"index, follow, max-snippet:-1, max-image-preview:large, max-video-preview:-1\" \/>\n<link rel=\"canonical\" href=\"https:\/\/ps-sonic.com\/pt\/allgemeine-geschaeftsbedingungen\/\" \/>\n<meta property=\"og:locale\" content=\"pt_PT\" \/>\n<meta property=\"og:type\" content=\"article\" \/>\n<meta property=\"og:title\" content=\"Allgemeine Gesch\u00e4ftsbedingungen - Supersonic\" \/>\n<meta property=\"og:description\" content=\"Anwendungsbereich Wir liefern an unsere Vertragspartner (nachfolgend \u201eBesteller\u201c) ausschlie\u00dflich auf Grundlage dieser Lieferbedingungen. Entgegenstehende, abweichende oder erg\u00e4nzende Bedingungen des Bestellers erkennen wir nicht an, selbst wenn wir diesen im Einzelfall nicht gesondert widersprechen. Diese Bedingungen gelten auch, wenn wir in Kenntnis entgegenstehender, abweichender oder erg\u00e4nzender Bedingungen des Bestellers die Lieferung ohne Vorbehalt ausf\u00fchren. F\u00fcr Bestellungen [&hellip;]\" \/>\n<meta property=\"og:url\" content=\"https:\/\/ps-sonic.com\/pt\/allgemeine-geschaeftsbedingungen\/\" \/>\n<meta property=\"og:site_name\" content=\"Supersonic\" \/>\n<meta property=\"article:modified_time\" content=\"2024-07-24T21:36:17+00:00\" \/>\n<meta name=\"twitter:card\" content=\"summary_large_image\" \/>\n<meta name=\"twitter:label1\" content=\"Tempo estimado de leitura\" \/>\n\t<meta name=\"twitter:data1\" content=\"10 minutos\" \/>\n<script type=\"application\/ld+json\" class=\"yoast-schema-graph\">{\"@context\":\"https:\/\/schema.org\",\"@graph\":[{\"@type\":\"WebSite\",\"@id\":\"https:\/\/ps-sonic.com\/#website\",\"url\":\"https:\/\/ps-sonic.com\/\",\"name\":\"Supersonic\",\"description\":\"Supersonic - A Arte da Humidifica\u00e7\u00e3o\",\"potentialAction\":[{\"@type\":\"SearchAction\",\"target\":{\"@type\":\"EntryPoint\",\"urlTemplate\":\"https:\/\/ps-sonic.com\/?s={search_term_string}\"},\"query-input\":\"required name=search_term_string\"}],\"inLanguage\":\"pt-PT\"},{\"@type\":\"WebPage\",\"@id\":\"https:\/\/ps-sonic.com\/allgemeine-geschaeftsbedingungen\/#webpage\",\"url\":\"https:\/\/ps-sonic.com\/allgemeine-geschaeftsbedingungen\/\",\"name\":\"Allgemeine Gesch\u00e4ftsbedingungen - Supersonic\",\"isPartOf\":{\"@id\":\"https:\/\/ps-sonic.com\/#website\"},\"datePublished\":\"2024-07-23T01:52:42+00:00\",\"dateModified\":\"2024-07-24T21:36:17+00:00\",\"breadcrumb\":{\"@id\":\"https:\/\/ps-sonic.com\/allgemeine-geschaeftsbedingungen\/#breadcrumb\"},\"inLanguage\":\"pt-PT\",\"potentialAction\":[{\"@type\":\"ReadAction\",\"target\":[\"https:\/\/ps-sonic.com\/allgemeine-geschaeftsbedingungen\/\"]}]},{\"@type\":\"BreadcrumbList\",\"@id\":\"https:\/\/ps-sonic.com\/allgemeine-geschaeftsbedingungen\/#breadcrumb\",\"itemListElement\":[{\"@type\":\"ListItem\",\"position\":1,\"name\":\"In\u00edcio\",\"item\":\"https:\/\/ps-sonic.com\/\"},{\"@type\":\"ListItem\",\"position\":2,\"name\":\"Allgemeine Gesch\u00e4ftsbedingungen\"}]}]}<\/script>\n<!-- \/ Yoast SEO plugin. -->","yoast_head_json":{"title":"Allgemeine Gesch\u00e4ftsbedingungen - Supersonic","robots":{"index":"index","follow":"follow","max-snippet":"max-snippet:-1","max-image-preview":"max-image-preview:large","max-video-preview":"max-video-preview:-1"},"canonical":"https:\/\/ps-sonic.com\/pt\/allgemeine-geschaeftsbedingungen\/","og_locale":"pt_PT","og_type":"article","og_title":"Allgemeine Gesch\u00e4ftsbedingungen - Supersonic","og_description":"Anwendungsbereich Wir liefern an unsere Vertragspartner (nachfolgend \u201eBesteller\u201c) ausschlie\u00dflich auf Grundlage dieser Lieferbedingungen. Entgegenstehende, abweichende oder erg\u00e4nzende Bedingungen des Bestellers erkennen wir nicht an, selbst wenn wir diesen im Einzelfall nicht gesondert widersprechen. Diese Bedingungen gelten auch, wenn wir in Kenntnis entgegenstehender, abweichender oder erg\u00e4nzender Bedingungen des Bestellers die Lieferung ohne Vorbehalt ausf\u00fchren. F\u00fcr Bestellungen [&hellip;]","og_url":"https:\/\/ps-sonic.com\/pt\/allgemeine-geschaeftsbedingungen\/","og_site_name":"Supersonic","article_modified_time":"2024-07-24T21:36:17+00:00","twitter_card":"summary_large_image","twitter_misc":{"Tempo estimado de leitura":"10 minutos"},"schema":{"@context":"https:\/\/schema.org","@graph":[{"@type":"WebSite","@id":"https:\/\/ps-sonic.com\/#website","url":"https:\/\/ps-sonic.com\/","name":"Supersonic","description":"Supersonic - A Arte da Humidifica\u00e7\u00e3o","potentialAction":[{"@type":"SearchAction","target":{"@type":"EntryPoint","urlTemplate":"https:\/\/ps-sonic.com\/?s={search_term_string}"},"query-input":"required name=search_term_string"}],"inLanguage":"pt-PT"},{"@type":"WebPage","@id":"https:\/\/ps-sonic.com\/allgemeine-geschaeftsbedingungen\/#webpage","url":"https:\/\/ps-sonic.com\/allgemeine-geschaeftsbedingungen\/","name":"Allgemeine Gesch\u00e4ftsbedingungen - Supersonic","isPartOf":{"@id":"https:\/\/ps-sonic.com\/#website"},"datePublished":"2024-07-23T01:52:42+00:00","dateModified":"2024-07-24T21:36:17+00:00","breadcrumb":{"@id":"https:\/\/ps-sonic.com\/allgemeine-geschaeftsbedingungen\/#breadcrumb"},"inLanguage":"pt-PT","potentialAction":[{"@type":"ReadAction","target":["https:\/\/ps-sonic.com\/allgemeine-geschaeftsbedingungen\/"]}]},{"@type":"BreadcrumbList","@id":"https:\/\/ps-sonic.com\/allgemeine-geschaeftsbedingungen\/#breadcrumb","itemListElement":[{"@type":"ListItem","position":1,"name":"In\u00edcio","item":"https:\/\/ps-sonic.com\/"},{"@type":"ListItem","position":2,"name":"Allgemeine Gesch\u00e4ftsbedingungen"}]}]}},"_links":{"self":[{"href":"https:\/\/ps-sonic.com\/pt\/wp-json\/wp\/v2\/pages\/1085"}],"collection":[{"href":"https:\/\/ps-sonic.com\/pt\/wp-json\/wp\/v2\/pages"}],"about":[{"href":"https:\/\/ps-sonic.com\/pt\/wp-json\/wp\/v2\/types\/page"}],"author":[{"embeddable":true,"href":"https:\/\/ps-sonic.com\/pt\/wp-json\/wp\/v2\/users\/1"}],"replies":[{"embeddable":true,"href":"https:\/\/ps-sonic.com\/pt\/wp-json\/wp\/v2\/comments?post=1085"}],"version-history":[{"count":2,"href":"https:\/\/ps-sonic.com\/pt\/wp-json\/wp\/v2\/pages\/1085\/revisions"}],"predecessor-version":[{"id":1098,"href":"https:\/\/ps-sonic.com\/pt\/wp-json\/wp\/v2\/pages\/1085\/revisions\/1098"}],"wp:attachment":[{"href":"https:\/\/ps-sonic.com\/pt\/wp-json\/wp\/v2\/media?parent=1085"}],"curies":[{"name":"wp","href":"https:\/\/api.w.org\/{rel}","templated":true}]}}