{"id":1088,"date":"2024-07-24T21:22:59","date_gmt":"2024-07-24T20:22:59","guid":{"rendered":"https:\/\/ps-sonic.com\/?page_id=1088"},"modified":"2024-07-25T22:18:15","modified_gmt":"2024-07-25T21:18:15","slug":"datenschutz-und-nutzungsbedingungen-unserer-website","status":"publish","type":"page","link":"https:\/\/ps-sonic.com\/pt\/datenschutz-und-nutzungsbedingungen-unserer-website\/","title":{"rendered":"Pol\u00edtica de Privacidade e termos de utiliza\u00e7\u00e3o do nosso website"},"content":{"rendered":"<p class=\" translation-block\">A Pintosupersonic Unipessoal Lda. respeita a privacidade dos visitantes do site www.ps-sonic.com e empreendem todos os cuidados para proteger as respetivas informa\u00e7\u00f5es.<\/p>\n\n\n\n<p>Esta pol\u00edtica de privacidade, consiste em prestar as informa\u00e7\u00f5es que recolhemos e da forma como a podemos utilizar bem como das normas de seguran\u00e7a adotadas para proteger a sua identidade e dados pessoais.<\/p>\n\n\n\n<p><strong>A raz\u00e3o de ser e a publicita\u00e7\u00e3o desta Pol\u00edtica de Privacidade<\/strong><\/p>\n\n\n\n<p>Para al\u00e9m de a implementar nos seus processos organizativos, a Pintosupersonic Unipessoal Lda redigiu a presente Pol\u00edtica de Privacidade com o objetivo de disponibilizar, dar a conhecer e publicitar instrumento explicativo das regras gerais de privacidade e tratamento dos dados pessoais que recolhe, sempre no estrito cumprimento da Legisla\u00e7\u00e3o atinente.<\/p>\n\n\n\n<p>Para o efeito, o texto da presente pol\u00edtica de privacidade estar\u00e1 dispon\u00edvel em suporte de papel afixado em local vis\u00edvel e em suporte digital no website www.ps-sonic.com.<\/p>\n\n\n\n<p>O prescrito nesta Pol\u00edtica de privacidade complementa o estipulado na mesma mat\u00e9ria nos contratos, formais ou informais, que os visados celebram com a Pintosupersonic Unipessoal Lda.<\/p>\n\n\n\n<p>Solicitamos-lhe que leia por favor esta Pol\u00edtica de Privacidade com aten\u00e7\u00e3o, pois, ao disponibilizar os seus dados pessoais, seja pessoalmente, seja aquando do acesso aos referidos Websites, implica que conhece e aceita as condi\u00e7\u00f5es aqui constantes e o tratamento deles para os fins l\u00edcitos e leg\u00edtimos previstos por Lei.<\/p>\n\n\n\n<p>A Pintosupersonic Unipessoal Lda reserva-se expressamente ao direito de, a todo o tempo, alterar a presente pol\u00edtica de privacidade, sendo o resultado delas devidamente publicitada pelos mesmos meios.<\/p>\n\n\n\n<p><strong>Que tipo de informa\u00e7\u00f5es recolhemos<\/strong><\/p>\n\n\n\n<p>Podem ser solicitadas informa\u00e7\u00f5es pessoais, como o seu nome, morada e endere\u00e7o de correio eletr\u00f3nico, entre outros.<\/p>\n\n\n\n<p>As informa\u00e7\u00f5es supra podem ser solicitadas quando se inscreve ou preenche formul\u00e1rio de contacto quer como trabalhador, candidato a emprego, formando, formador, cliente, fornecedor, visitante, etc., e ou quando recebe ou envia mensagens de correio eletr\u00f3nico e para servi\u00e7os que exigem um registo ou uma subscri\u00e7\u00e3o.<\/p>\n\n\n\n<p>Utilizamos \u201ccookies\u201d para recolher informa\u00e7\u00f5es acerca das suas visitas ao nosso Web site e para melhorar a sua experi\u00eancia. Pode encontrar mais informa\u00e7\u00f5es acerca da forma como utilizamos cookies na sec\u00e7\u00e3o infra \u201cUtiliza\u00e7\u00e3o de cookies\u201d.<\/p>\n\n\n\n<p>Quando visita o nosso Web site, recolhemos dados conhecidos como \u201cpercurso de cliques\u201d (endere\u00e7o do servidor, nome de dom\u00ednio, etc.).<\/p>\n\n\n\n<p>Estes elementos s\u00e3o armazenados de forma an\u00f3nima e servem apenas para an\u00e1lise estat\u00edstica generalizada, web-mining, com o objetivo de melhorar os nossos servi\u00e7os.<\/p>\n\n\n\n<p><strong>Utiliza\u00e7\u00e3o das informa\u00e7\u00f5es dos visitantes<\/strong><\/p>\n\n\n\n<p>Todas as informa\u00e7\u00f5es pessoais que obtemos ser\u00e3o registadas, utilizadas e protegidas em conformidade com legisla\u00e7\u00e3o comunit\u00e1ria vigente em mat\u00e9ria de prote\u00e7\u00e3o de dados e com esta pol\u00edtica de privacidade.<\/p>\n\n\n\n<p>As informa\u00e7\u00f5es recolhidas, t\u00eam como finalidade o envio de informa\u00e7\u00f5es acerca dos nossos produtos e servi\u00e7os.<\/p>\n\n\n\n<p>O envio das informa\u00e7\u00f5es apenas ocorre, quando o titular dos dados, tiver expressamente optado por receber mensagens de correio eletr\u00f3nico a Empresa Pintosupersonic Unipessoal Lda. Caso n\u00e3o pretenda receber mais mensagens de correio eletr\u00f3nico, entre em contacto connosco atrav\u00e9s de email ou carta para a nossa morada.<\/p>\n\n\n\n<p><strong>Prote\u00e7\u00e3o das informa\u00e7\u00f5es dos visitantes<\/strong><\/p>\n\n\n\n<p>As informa\u00e7\u00f5es que nos fornece ao visitar o nosso Web site, est\u00e3o protegidas no \u00e2mbito da implementa\u00e7\u00e3o das v\u00e1rias medidas de seguran\u00e7a, nomeadamente atrav\u00e9s de acesso condicionado, e de salvaguardada confidencialidade das informa\u00e7\u00f5es.<\/p>\n\n\n\n<p>Alertamos, contudo, que ao fornecer informa\u00e7\u00f5es pessoais online, existe um risco de terceiros poderem intercetar e utilizar estas informa\u00e7\u00f5es, pelo que em termos de seguran\u00e7a de qualquer informa\u00e7\u00e3o que divulgue online f\u00e1-lo-\u00e1 por sua pr\u00f3pria conta e risco.<\/p>\n\n\n\n<p><strong>Privacidade de menores<\/strong><\/p>\n\n\n\n<p>A Pintosupersonic Unipessoal Lda est\u00e1 empenhada em proteger a privacidade de crian\u00e7as e n\u00e3o pretende recolher dados pessoais de menores com idade inferior a 13 anos (A idade legalmente definida em termos de lei nacional no \u00e2mbito do RGPD). Se o utilizador for uma crian\u00e7a com idade inferior a 13 anos e tentar enviar o seu registo, o mesmo ser\u00e1 rejeitado e a crian\u00e7a ser\u00e1 informada de que n\u00e3o aceitamos registos provenientes de crian\u00e7as com idade inferior a 13 anos. Incentivamos os pais e os respons\u00e1veis por menores com idade inferior a 13 anos a controlarem e supervisionarem regularmente a utiliza\u00e7\u00e3o do correio eletr\u00f3nico e as outras atividades online das crian\u00e7as.<\/p>\n\n\n\n<p><strong>Cookies<\/strong><\/p>\n\n\n\n<p>\u201cCookies\u201d s\u00e3o pequenas etiquetas de software que s\u00e3o armazenadas no seu computador atrav\u00e9s do navegador (browser), que por regra ret\u00eam apenas informa\u00e7\u00e3o relacionada com as suas prefer\u00eancias, n\u00e3o incluindo, como tal, dados pessoais que sejam alvo de tratamento pelo Pintosupersonic Unipessoal Lda.<\/p>\n\n\n\n<p>Sempre que eventualmente n\u00e3o seja o caso, ao utilizador ser\u00e1 sempre solicitado consentimento para os fornecer, nos termos legais.<\/p>\n\n\n\n<p>Caso pretenda poder\u00e1 desativar todos os cookies, caso prefira n\u00e3o os receber. Tamb\u00e9m pode fazer com que o seu computador o avise da utiliza\u00e7\u00e3o de cookies. Em ambos os casos, tem de ajustar as defini\u00e7\u00f5es do seu navegador (como o Internet Explorer).<\/p>\n\n\n\n<p><strong>Retifica\u00e7\u00e3o, elimina\u00e7\u00e3o ou modifica\u00e7\u00e3o ou atualiza\u00e7\u00e3o de informa\u00e7\u00f5es pessoais<\/strong><\/p>\n\n\n\n<p>Caso pretenda, pode cancelar o seu registo ou utiliza\u00e7\u00e3o em qualquer altura e pode optar por n\u00e3o receber quaisquer mensagens de correio eletr\u00f3nico e pode tamb\u00e9m optar por eliminar todas as suas informa\u00e7\u00f5es pessoais da nossa base de dados.<\/p>\n\n\n\n<p>Se pretender pode tamb\u00e9m anular subscri\u00e7\u00f5es, eliminar ou modificar as suas informa\u00e7\u00f5es pessoais.<\/p>\n\n\n\n<p>Caso considere pertinente, pode apresentar reclama\u00e7\u00e3o junto da\u00a0Comiss\u00e3o Nacional de Prote\u00e7\u00e3o de Dados\u00a0\u2013 Av. D. Carlos I, 134 \u2013 1.\u00ba\u00a0 1200-651 Lisboa \u2013 Tel.: +351 213928400 \u2013 Fax: +351 213976832 \u2013 e-mail:\u00a0geral@cnpd.pt <a href=\"https:\/\/www.cnpd.pt\/\">Nationalen Datenschutzkommission<\/a> einreichen &#8211; Av. D. Carlos I, 134 &#8211; 1.\u00ba 1200-651 Lissabon &#8211; Tel.: +351 213928400 &#8211; Fax: +351 213976832 &#8211; E-Mail: <a href=\"mailto:geral@cnpd.pt\">geral@cnpd.pt<\/a><\/p>\n\n\n\n<p><strong>Nosso contacto<\/strong><\/p>\n\n\n\n<p>Se tiver quaisquer perguntas ou coment\u00e1rios relativamente ao nosso Web site e\/ou \u00e0 nossa pol\u00edtica de privacidade, escreva-os para o endere\u00e7o presente no nosso website.<\/p>\n\n\n\n<p><strong>O consentimento do titular dos dados<\/strong><\/p>\n\n\n\n<p>Ao utilizar o nosso Web site confirma que aceita os termos desta Pol\u00edtica de Privacidade, assim como os nossos Termos e Condi\u00e7\u00f5es. Caso n\u00e3o concorde com os termos da nossa Pol\u00edtica de Privacidade e os nossos Termos e Condi\u00e7\u00f5es, solicita-se que n\u00e3o nos forne\u00e7a informa\u00e7\u00f5es pessoais e cesse a utiliza\u00e7\u00e3o no nosso Web site.<\/p>\n\n\n\n<p><strong>Direito do titular dos dados ao acesso \u00e0s suas informa\u00e7\u00f5es pessoais<\/strong><\/p>\n\n\n\n<p>O titular dos dados tem o direito de receber uma c\u00f3pia das suas informa\u00e7\u00f5es pessoais em nosso poder.<\/p>\n\n\n\n<p>A empresa reserva-se o direito de cobrar uma pequena taxa para custos administrativos e inform\u00e1ticos de qualquer pedido efetuado.<\/p>\n\n\n\n<p><strong>Direito do titular dos dados \u00e0 elimina\u00e7\u00e3o de dados pessoais<\/strong><\/p>\n\n\n\n<p>Caso seja utilizador do nosso website atrav\u00e9s do processo de registo de utilizador, os seus dados estar\u00e3o armazenados numa base de dados espec\u00edfica de controlo de utilizadores.<\/p>\n\n\n\n<p>Por\u00e9m o Titular dos Dados poder\u00e1 requer a sua elimina\u00e7\u00e3o sempre que pretender, atrav\u00e9s do pedido por escrito para a nossa morada oficial presente no website.<\/p>\n\n\n\n<p><strong>Pol\u00edtica de privacidade<\/strong><\/p>\n\n\n\n<p>A pol\u00edtica de privacidade online aplica-se apenas \u00e0s informa\u00e7\u00f5es recolhidas atrav\u00e9s do nosso Web site e n\u00e3o \u00e0s informa\u00e7\u00f5es recolhidas offline.<\/p>","protected":false},"excerpt":{"rendered":"<p>Die Pintosupersonic Unipessoal Lda. respektiert die Privatsph\u00e4re der Besucher der Website www.ps-sonic.com und ist verpflichtet, deren Informationen zu sch\u00fctzen. Diese Datenschutzrichtlinie besteht aus der Bereitstellung der Informationen, die wir sammeln und wie wir sie verwenden k\u00f6nnen, sowie den angenommenen Sicherheitsstandards zum Schutz Ihrer Identit\u00e4t und personenbezogenen Daten. Der Grund f\u00fcr das Bestehen und die Ver\u00f6ffentlichung [&hellip;]<\/p>","protected":false},"author":1,"featured_media":0,"parent":0,"menu_order":0,"comment_status":"closed","ping_status":"closed","template":"","meta":[],"yoast_head":"<!-- This site is optimized with the Yoast SEO plugin v18.6 - https:\/\/yoast.com\/wordpress\/plugins\/seo\/ -->\n<title>Datenschutz und Nutzungsbedingungen unserer Website - Supersonic<\/title>\n<meta name=\"robots\" content=\"index, follow, max-snippet:-1, max-image-preview:large, max-video-preview:-1\" \/>\n<link rel=\"canonical\" href=\"https:\/\/ps-sonic.com\/pt\/datenschutz-und-nutzungsbedingungen-unserer-website\/\" \/>\n<meta property=\"og:locale\" content=\"pt_PT\" \/>\n<meta property=\"og:type\" content=\"article\" \/>\n<meta property=\"og:title\" content=\"Datenschutz und Nutzungsbedingungen unserer Website - Supersonic\" \/>\n<meta property=\"og:description\" content=\"Die Pintosupersonic Unipessoal Lda. respektiert die Privatsph\u00e4re der Besucher der Website www.ps-sonic.com und ist verpflichtet, deren Informationen zu sch\u00fctzen. Diese Datenschutzrichtlinie besteht aus der Bereitstellung der Informationen, die wir sammeln und wie wir sie verwenden k\u00f6nnen, sowie den angenommenen Sicherheitsstandards zum Schutz Ihrer Identit\u00e4t und personenbezogenen Daten. Der Grund f\u00fcr das Bestehen und die Ver\u00f6ffentlichung [&hellip;]\" \/>\n<meta property=\"og:url\" content=\"https:\/\/ps-sonic.com\/pt\/datenschutz-und-nutzungsbedingungen-unserer-website\/\" \/>\n<meta property=\"og:site_name\" content=\"Supersonic\" \/>\n<meta property=\"article:modified_time\" content=\"2024-07-25T21:18:15+00:00\" \/>\n<meta name=\"twitter:card\" content=\"summary_large_image\" \/>\n<meta name=\"twitter:label1\" content=\"Tempo estimado de leitura\" \/>\n\t<meta name=\"twitter:data1\" content=\"5 minutos\" \/>\n<script type=\"application\/ld+json\" class=\"yoast-schema-graph\">{\"@context\":\"https:\/\/schema.org\",\"@graph\":[{\"@type\":\"WebSite\",\"@id\":\"https:\/\/ps-sonic.com\/#website\",\"url\":\"https:\/\/ps-sonic.com\/\",\"name\":\"Supersonic\",\"description\":\"Supersonic - A Arte da Humidifica\u00e7\u00e3o\",\"potentialAction\":[{\"@type\":\"SearchAction\",\"target\":{\"@type\":\"EntryPoint\",\"urlTemplate\":\"https:\/\/ps-sonic.com\/?s={search_term_string}\"},\"query-input\":\"required name=search_term_string\"}],\"inLanguage\":\"pt-PT\"},{\"@type\":\"WebPage\",\"@id\":\"https:\/\/ps-sonic.com\/datenschutz-und-nutzungsbedingungen-unserer-website\/#webpage\",\"url\":\"https:\/\/ps-sonic.com\/datenschutz-und-nutzungsbedingungen-unserer-website\/\",\"name\":\"Datenschutz und Nutzungsbedingungen unserer Website - Supersonic\",\"isPartOf\":{\"@id\":\"https:\/\/ps-sonic.com\/#website\"},\"datePublished\":\"2024-07-24T20:22:59+00:00\",\"dateModified\":\"2024-07-25T21:18:15+00:00\",\"breadcrumb\":{\"@id\":\"https:\/\/ps-sonic.com\/datenschutz-und-nutzungsbedingungen-unserer-website\/#breadcrumb\"},\"inLanguage\":\"pt-PT\",\"potentialAction\":[{\"@type\":\"ReadAction\",\"target\":[\"https:\/\/ps-sonic.com\/datenschutz-und-nutzungsbedingungen-unserer-website\/\"]}]},{\"@type\":\"BreadcrumbList\",\"@id\":\"https:\/\/ps-sonic.com\/datenschutz-und-nutzungsbedingungen-unserer-website\/#breadcrumb\",\"itemListElement\":[{\"@type\":\"ListItem\",\"position\":1,\"name\":\"In\u00edcio\",\"item\":\"https:\/\/ps-sonic.com\/\"},{\"@type\":\"ListItem\",\"position\":2,\"name\":\"Datenschutz und Nutzungsbedingungen unserer Website\"}]}]}<\/script>\n<!-- \/ Yoast SEO plugin. -->","yoast_head_json":{"title":"Datenschutz und Nutzungsbedingungen unserer Website - Supersonic","robots":{"index":"index","follow":"follow","max-snippet":"max-snippet:-1","max-image-preview":"max-image-preview:large","max-video-preview":"max-video-preview:-1"},"canonical":"https:\/\/ps-sonic.com\/pt\/datenschutz-und-nutzungsbedingungen-unserer-website\/","og_locale":"pt_PT","og_type":"article","og_title":"Datenschutz und Nutzungsbedingungen unserer Website - Supersonic","og_description":"Die Pintosupersonic Unipessoal Lda. respektiert die Privatsph\u00e4re der Besucher der Website www.ps-sonic.com und ist verpflichtet, deren Informationen zu sch\u00fctzen. Diese Datenschutzrichtlinie besteht aus der Bereitstellung der Informationen, die wir sammeln und wie wir sie verwenden k\u00f6nnen, sowie den angenommenen Sicherheitsstandards zum Schutz Ihrer Identit\u00e4t und personenbezogenen Daten. Der Grund f\u00fcr das Bestehen und die Ver\u00f6ffentlichung [&hellip;]","og_url":"https:\/\/ps-sonic.com\/pt\/datenschutz-und-nutzungsbedingungen-unserer-website\/","og_site_name":"Supersonic","article_modified_time":"2024-07-25T21:18:15+00:00","twitter_card":"summary_large_image","twitter_misc":{"Tempo estimado de leitura":"5 minutos"},"schema":{"@context":"https:\/\/schema.org","@graph":[{"@type":"WebSite","@id":"https:\/\/ps-sonic.com\/#website","url":"https:\/\/ps-sonic.com\/","name":"Supersonic","description":"Supersonic - A Arte da Humidifica\u00e7\u00e3o","potentialAction":[{"@type":"SearchAction","target":{"@type":"EntryPoint","urlTemplate":"https:\/\/ps-sonic.com\/?s={search_term_string}"},"query-input":"required name=search_term_string"}],"inLanguage":"pt-PT"},{"@type":"WebPage","@id":"https:\/\/ps-sonic.com\/datenschutz-und-nutzungsbedingungen-unserer-website\/#webpage","url":"https:\/\/ps-sonic.com\/datenschutz-und-nutzungsbedingungen-unserer-website\/","name":"Datenschutz und Nutzungsbedingungen unserer Website - Supersonic","isPartOf":{"@id":"https:\/\/ps-sonic.com\/#website"},"datePublished":"2024-07-24T20:22:59+00:00","dateModified":"2024-07-25T21:18:15+00:00","breadcrumb":{"@id":"https:\/\/ps-sonic.com\/datenschutz-und-nutzungsbedingungen-unserer-website\/#breadcrumb"},"inLanguage":"pt-PT","potentialAction":[{"@type":"ReadAction","target":["https:\/\/ps-sonic.com\/datenschutz-und-nutzungsbedingungen-unserer-website\/"]}]},{"@type":"BreadcrumbList","@id":"https:\/\/ps-sonic.com\/datenschutz-und-nutzungsbedingungen-unserer-website\/#breadcrumb","itemListElement":[{"@type":"ListItem","position":1,"name":"In\u00edcio","item":"https:\/\/ps-sonic.com\/"},{"@type":"ListItem","position":2,"name":"Datenschutz und Nutzungsbedingungen unserer Website"}]}]}},"_links":{"self":[{"href":"https:\/\/ps-sonic.com\/pt\/wp-json\/wp\/v2\/pages\/1088"}],"collection":[{"href":"https:\/\/ps-sonic.com\/pt\/wp-json\/wp\/v2\/pages"}],"about":[{"href":"https:\/\/ps-sonic.com\/pt\/wp-json\/wp\/v2\/types\/page"}],"author":[{"embeddable":true,"href":"https:\/\/ps-sonic.com\/pt\/wp-json\/wp\/v2\/users\/1"}],"replies":[{"embeddable":true,"href":"https:\/\/ps-sonic.com\/pt\/wp-json\/wp\/v2\/comments?post=1088"}],"version-history":[{"count":4,"href":"https:\/\/ps-sonic.com\/pt\/wp-json\/wp\/v2\/pages\/1088\/revisions"}],"predecessor-version":[{"id":1104,"href":"https:\/\/ps-sonic.com\/pt\/wp-json\/wp\/v2\/pages\/1088\/revisions\/1104"}],"wp:attachment":[{"href":"https:\/\/ps-sonic.com\/pt\/wp-json\/wp\/v2\/media?parent=1088"}],"curies":[{"name":"wp","href":"https:\/\/api.w.org\/{rel}","templated":true}]}}