{"id":1092,"date":"2024-07-24T22:32:21","date_gmt":"2024-07-24T21:32:21","guid":{"rendered":"https:\/\/ps-sonic.com\/?page_id=1092"},"modified":"2024-07-24T22:32:22","modified_gmt":"2024-07-24T21:32:22","slug":"impressum","status":"publish","type":"page","link":"https:\/\/ps-sonic.com\/pt\/impressum\/","title":{"rendered":"Impressum"},"content":{"rendered":"<p>Pintosupersonic, Unipessoal Lda<br>Rua de Sao Miguel 22<br>44740-181 Curvos<\/p>\n\n\n\n<p>Telefon: +351&nbsp;253 720359<br>E-Mail: info@ps-sonic.com<\/p>\n\n\n\n<p>Vorstand<br>Marcel Pinto Vilas Boas<\/p>\n\n\n\n<p>C.R.C<br>Lisboa<\/p>\n\n\n\n<p>VAT-ID:<br>PT516340670<\/p>\n\n\n\n<p>A Comiss\u00e3o Europeia oferece uma plataforma para resolu\u00e7\u00e3o de disputas online. Voc\u00ea pode encontr\u00e1-la em https:\/\/ec.europa.eu\/consumers\/odr\/. Pintosupersonic Unipessoal Lda n\u00e3o est\u00e1 nem disposta nem obrigada a participar de um procedimento de resolu\u00e7\u00e3o de disputas perante uma entidade de resolu\u00e7\u00e3o de disputas do consumidor.<\/p>","protected":false},"excerpt":{"rendered":"<p>Pintosupersonic, Unipessoal LdaRua de Sao Miguel 2244740-181 Curvos Telefon: +351&nbsp;253 720359E-Mail: info@ps-sonic.com VorstandMarcel Pinto Vilas Boas C.R.CLisboa VAT-ID:PT516340670 Die EU-Kommission bietet eine Plattform f\u00fcr die Online-Streitbeilegung an. Diese finden Sie unter https:\/\/ec.europa.eu\/consumers\/odr\/. Pintosupersonic Unipessoal Lda ist weder bereit noch verpflichtet, an einem Streitbeilegungsverfahren vor einer Verbraucherschlichtungsstelle teilzunehmen.<\/p>","protected":false},"author":1,"featured_media":0,"parent":0,"menu_order":0,"comment_status":"closed","ping_status":"closed","template":"","meta":[],"yoast_head":"<!-- This site is optimized with the Yoast SEO plugin v18.6 - https:\/\/yoast.com\/wordpress\/plugins\/seo\/ -->\n<title>Impressum - Supersonic<\/title>\n<meta name=\"robots\" content=\"index, follow, max-snippet:-1, max-image-preview:large, max-video-preview:-1\" \/>\n<link rel=\"canonical\" href=\"https:\/\/ps-sonic.com\/pt\/impressum\/\" \/>\n<meta property=\"og:locale\" content=\"pt_PT\" \/>\n<meta property=\"og:type\" content=\"article\" \/>\n<meta property=\"og:title\" content=\"Impressum - Supersonic\" \/>\n<meta property=\"og:description\" content=\"Pintosupersonic, Unipessoal LdaRua de Sao Miguel 2244740-181 Curvos Telefon: +351&nbsp;253 720359E-Mail: info@ps-sonic.com VorstandMarcel Pinto Vilas Boas C.R.CLisboa VAT-ID:PT516340670 Die EU-Kommission bietet eine Plattform f\u00fcr die Online-Streitbeilegung an. Diese finden Sie unter https:\/\/ec.europa.eu\/consumers\/odr\/. Pintosupersonic Unipessoal Lda ist weder bereit noch verpflichtet, an einem Streitbeilegungsverfahren vor einer Verbraucherschlichtungsstelle teilzunehmen.\" \/>\n<meta property=\"og:url\" content=\"https:\/\/ps-sonic.com\/pt\/impressum\/\" \/>\n<meta property=\"og:site_name\" content=\"Supersonic\" \/>\n<meta property=\"article:modified_time\" content=\"2024-07-24T21:32:22+00:00\" \/>\n<meta name=\"twitter:card\" content=\"summary_large_image\" \/>\n<meta name=\"twitter:label1\" content=\"Tempo estimado de leitura\" \/>\n\t<meta name=\"twitter:data1\" content=\"1 minuto\" \/>\n<script type=\"application\/ld+json\" class=\"yoast-schema-graph\">{\"@context\":\"https:\/\/schema.org\",\"@graph\":[{\"@type\":\"WebSite\",\"@id\":\"https:\/\/ps-sonic.com\/#website\",\"url\":\"https:\/\/ps-sonic.com\/\",\"name\":\"Supersonic\",\"description\":\"Supersonic - A Arte da Humidifica\u00e7\u00e3o\",\"potentialAction\":[{\"@type\":\"SearchAction\",\"target\":{\"@type\":\"EntryPoint\",\"urlTemplate\":\"https:\/\/ps-sonic.com\/?s={search_term_string}\"},\"query-input\":\"required name=search_term_string\"}],\"inLanguage\":\"pt-PT\"},{\"@type\":\"WebPage\",\"@id\":\"https:\/\/ps-sonic.com\/impressum\/#webpage\",\"url\":\"https:\/\/ps-sonic.com\/impressum\/\",\"name\":\"Impressum - Supersonic\",\"isPartOf\":{\"@id\":\"https:\/\/ps-sonic.com\/#website\"},\"datePublished\":\"2024-07-24T21:32:21+00:00\",\"dateModified\":\"2024-07-24T21:32:22+00:00\",\"breadcrumb\":{\"@id\":\"https:\/\/ps-sonic.com\/impressum\/#breadcrumb\"},\"inLanguage\":\"pt-PT\",\"potentialAction\":[{\"@type\":\"ReadAction\",\"target\":[\"https:\/\/ps-sonic.com\/impressum\/\"]}]},{\"@type\":\"BreadcrumbList\",\"@id\":\"https:\/\/ps-sonic.com\/impressum\/#breadcrumb\",\"itemListElement\":[{\"@type\":\"ListItem\",\"position\":1,\"name\":\"In\u00edcio\",\"item\":\"https:\/\/ps-sonic.com\/\"},{\"@type\":\"ListItem\",\"position\":2,\"name\":\"Impressum\"}]}]}<\/script>\n<!-- \/ Yoast SEO plugin. -->","yoast_head_json":{"title":"Impressum - Supersonic","robots":{"index":"index","follow":"follow","max-snippet":"max-snippet:-1","max-image-preview":"max-image-preview:large","max-video-preview":"max-video-preview:-1"},"canonical":"https:\/\/ps-sonic.com\/pt\/impressum\/","og_locale":"pt_PT","og_type":"article","og_title":"Impressum - Supersonic","og_description":"Pintosupersonic, Unipessoal LdaRua de Sao Miguel 2244740-181 Curvos Telefon: +351&nbsp;253 720359E-Mail: info@ps-sonic.com VorstandMarcel Pinto Vilas Boas C.R.CLisboa VAT-ID:PT516340670 Die EU-Kommission bietet eine Plattform f\u00fcr die Online-Streitbeilegung an. Diese finden Sie unter https:\/\/ec.europa.eu\/consumers\/odr\/. Pintosupersonic Unipessoal Lda ist weder bereit noch verpflichtet, an einem Streitbeilegungsverfahren vor einer Verbraucherschlichtungsstelle teilzunehmen.","og_url":"https:\/\/ps-sonic.com\/pt\/impressum\/","og_site_name":"Supersonic","article_modified_time":"2024-07-24T21:32:22+00:00","twitter_card":"summary_large_image","twitter_misc":{"Tempo estimado de leitura":"1 minuto"},"schema":{"@context":"https:\/\/schema.org","@graph":[{"@type":"WebSite","@id":"https:\/\/ps-sonic.com\/#website","url":"https:\/\/ps-sonic.com\/","name":"Supersonic","description":"Supersonic - A Arte da Humidifica\u00e7\u00e3o","potentialAction":[{"@type":"SearchAction","target":{"@type":"EntryPoint","urlTemplate":"https:\/\/ps-sonic.com\/?s={search_term_string}"},"query-input":"required name=search_term_string"}],"inLanguage":"pt-PT"},{"@type":"WebPage","@id":"https:\/\/ps-sonic.com\/impressum\/#webpage","url":"https:\/\/ps-sonic.com\/impressum\/","name":"Impressum - Supersonic","isPartOf":{"@id":"https:\/\/ps-sonic.com\/#website"},"datePublished":"2024-07-24T21:32:21+00:00","dateModified":"2024-07-24T21:32:22+00:00","breadcrumb":{"@id":"https:\/\/ps-sonic.com\/impressum\/#breadcrumb"},"inLanguage":"pt-PT","potentialAction":[{"@type":"ReadAction","target":["https:\/\/ps-sonic.com\/impressum\/"]}]},{"@type":"BreadcrumbList","@id":"https:\/\/ps-sonic.com\/impressum\/#breadcrumb","itemListElement":[{"@type":"ListItem","position":1,"name":"In\u00edcio","item":"https:\/\/ps-sonic.com\/"},{"@type":"ListItem","position":2,"name":"Impressum"}]}]}},"_links":{"self":[{"href":"https:\/\/ps-sonic.com\/pt\/wp-json\/wp\/v2\/pages\/1092"}],"collection":[{"href":"https:\/\/ps-sonic.com\/pt\/wp-json\/wp\/v2\/pages"}],"about":[{"href":"https:\/\/ps-sonic.com\/pt\/wp-json\/wp\/v2\/types\/page"}],"author":[{"embeddable":true,"href":"https:\/\/ps-sonic.com\/pt\/wp-json\/wp\/v2\/users\/1"}],"replies":[{"embeddable":true,"href":"https:\/\/ps-sonic.com\/pt\/wp-json\/wp\/v2\/comments?post=1092"}],"version-history":[{"count":2,"href":"https:\/\/ps-sonic.com\/pt\/wp-json\/wp\/v2\/pages\/1092\/revisions"}],"predecessor-version":[{"id":1094,"href":"https:\/\/ps-sonic.com\/pt\/wp-json\/wp\/v2\/pages\/1092\/revisions\/1094"}],"wp:attachment":[{"href":"https:\/\/ps-sonic.com\/pt\/wp-json\/wp\/v2\/media?parent=1092"}],"curies":[{"name":"wp","href":"https:\/\/api.w.org\/{rel}","templated":true}]}}