{"id":11,"date":"2021-10-30T15:17:30","date_gmt":"2021-10-30T14:17:30","guid":{"rendered":"http:\/\/ps-sonic.com\/?page_id=11"},"modified":"2022-07-08T15:31:43","modified_gmt":"2022-07-08T14:31:43","slug":"ueber-uns","status":"publish","type":"page","link":"https:\/\/ps-sonic.com\/pt\/ueber-uns\/","title":{"rendered":"Sobre N\u00f3s"},"content":{"rendered":"<h3><strong>Especialistas em humidifica\u00e7\u00e3o baseada e fabricada em Portugal.<\/strong><\/h3>\n\n\n\n<p>Os nossos humidificadores ultrass\u00f3nicos combinam tradi\u00e7\u00e3o e modernidade.<\/p>\n\n\n\n<p>A Supersonic est\u00e1 ao seu lado com solu\u00e7\u00f5es individuais e uma equipa experiente que o acompanha e apoia desde a fase de planeamento e conce\u00e7\u00e3o de um projeto.<\/p>\n\n\n\n<p>O nosso foco est\u00e1 nos humidificadores ultrass\u00f3nicos higi\u00e9nicos e energeticamente eficientes, que exportamos para todo o mundo.<\/p>\n\n\n\n<p><\/p>\n\n\n\n<p><\/p>","protected":false},"excerpt":{"rendered":"<p>Kompetenz im Bereich Befeuchtung mit Sitz und Fertigung in Portugal Unsere Ultraschallbefeuchter vereinen Tradition und Moderne. Supersonic steht Ihnen mit individuellen L\u00f6sungen und einem erfahrenen Team zur Seite, das Sie bereits in der Planungs- und Auslegungsphase eines Projektes begleitet und unterst\u00fctzt. Unser Schwerpunkt liegt auf hygienischen und energieeffizienten Ultraschallbefeuchtern, die wir in die ganze Welt [&hellip;]<\/p>","protected":false},"author":1,"featured_media":736,"parent":0,"menu_order":0,"comment_status":"closed","ping_status":"closed","template":"","meta":[],"yoast_head":"<!-- This site is optimized with the Yoast SEO plugin v18.6 - https:\/\/yoast.com\/wordpress\/plugins\/seo\/ -->\n<title>\u00dcber uns - Supersonic<\/title>\n<meta name=\"robots\" content=\"index, follow, max-snippet:-1, max-image-preview:large, max-video-preview:-1\" \/>\n<link rel=\"canonical\" href=\"https:\/\/ps-sonic.com\/pt\/ueber-uns\/\" \/>\n<meta property=\"og:locale\" content=\"pt_PT\" \/>\n<meta property=\"og:type\" content=\"article\" \/>\n<meta property=\"og:title\" content=\"\u00dcber uns - Supersonic\" \/>\n<meta property=\"og:description\" content=\"Kompetenz im Bereich Befeuchtung mit Sitz und Fertigung in Portugal Unsere Ultraschallbefeuchter vereinen Tradition und Moderne. Supersonic steht Ihnen mit individuellen L\u00f6sungen und einem erfahrenen Team zur Seite, das Sie bereits in der Planungs- und Auslegungsphase eines Projektes begleitet und unterst\u00fctzt. Unser Schwerpunkt liegt auf hygienischen und energieeffizienten Ultraschallbefeuchtern, die wir in die ganze Welt [&hellip;]\" \/>\n<meta property=\"og:url\" content=\"https:\/\/ps-sonic.com\/pt\/ueber-uns\/\" \/>\n<meta property=\"og:site_name\" content=\"Supersonic\" \/>\n<meta property=\"article:modified_time\" content=\"2022-07-08T14:31:43+00:00\" \/>\n<meta property=\"og:image\" content=\"https:\/\/ps-sonic.com\/wp-content\/uploads\/2021\/11\/slider-min.jpg\" \/>\n\t<meta property=\"og:image:width\" content=\"1440\" \/>\n\t<meta property=\"og:image:height\" content=\"620\" \/>\n\t<meta property=\"og:image:type\" content=\"image\/jpeg\" \/>\n<meta name=\"twitter:card\" content=\"summary_large_image\" \/>\n<meta name=\"twitter:label1\" content=\"Tempo estimado de leitura\" \/>\n\t<meta name=\"twitter:data1\" content=\"1 minuto\" \/>\n<script type=\"application\/ld+json\" class=\"yoast-schema-graph\">{\"@context\":\"https:\/\/schema.org\",\"@graph\":[{\"@type\":\"WebSite\",\"@id\":\"https:\/\/ps-sonic.com\/#website\",\"url\":\"https:\/\/ps-sonic.com\/\",\"name\":\"Supersonic\",\"description\":\"Supersonic - A Arte da Humidifica\u00e7\u00e3o\",\"potentialAction\":[{\"@type\":\"SearchAction\",\"target\":{\"@type\":\"EntryPoint\",\"urlTemplate\":\"https:\/\/ps-sonic.com\/?s={search_term_string}\"},\"query-input\":\"required name=search_term_string\"}],\"inLanguage\":\"pt-PT\"},{\"@type\":\"ImageObject\",\"@id\":\"https:\/\/ps-sonic.com\/ueber-uns\/#primaryimage\",\"inLanguage\":\"pt-PT\",\"url\":\"https:\/\/ps-sonic.com\/wp-content\/uploads\/2021\/11\/slider-min.jpg\",\"contentUrl\":\"https:\/\/ps-sonic.com\/wp-content\/uploads\/2021\/11\/slider-min.jpg\",\"width\":1440,\"height\":620},{\"@type\":\"WebPage\",\"@id\":\"https:\/\/ps-sonic.com\/ueber-uns\/#webpage\",\"url\":\"https:\/\/ps-sonic.com\/ueber-uns\/\",\"name\":\"\u00dcber uns - Supersonic\",\"isPartOf\":{\"@id\":\"https:\/\/ps-sonic.com\/#website\"},\"primaryImageOfPage\":{\"@id\":\"https:\/\/ps-sonic.com\/ueber-uns\/#primaryimage\"},\"datePublished\":\"2021-10-30T14:17:30+00:00\",\"dateModified\":\"2022-07-08T14:31:43+00:00\",\"breadcrumb\":{\"@id\":\"https:\/\/ps-sonic.com\/ueber-uns\/#breadcrumb\"},\"inLanguage\":\"pt-PT\",\"potentialAction\":[{\"@type\":\"ReadAction\",\"target\":[\"https:\/\/ps-sonic.com\/ueber-uns\/\"]}]},{\"@type\":\"BreadcrumbList\",\"@id\":\"https:\/\/ps-sonic.com\/ueber-uns\/#breadcrumb\",\"itemListElement\":[{\"@type\":\"ListItem\",\"position\":1,\"name\":\"In\u00edcio\",\"item\":\"https:\/\/ps-sonic.com\/\"},{\"@type\":\"ListItem\",\"position\":2,\"name\":\"\u00dcber uns\"}]}]}<\/script>\n<!-- \/ Yoast SEO plugin. -->","yoast_head_json":{"title":"\u00dcber uns - Supersonic","robots":{"index":"index","follow":"follow","max-snippet":"max-snippet:-1","max-image-preview":"max-image-preview:large","max-video-preview":"max-video-preview:-1"},"canonical":"https:\/\/ps-sonic.com\/pt\/ueber-uns\/","og_locale":"pt_PT","og_type":"article","og_title":"\u00dcber uns - Supersonic","og_description":"Kompetenz im Bereich Befeuchtung mit Sitz und Fertigung in Portugal Unsere Ultraschallbefeuchter vereinen Tradition und Moderne. Supersonic steht Ihnen mit individuellen L\u00f6sungen und einem erfahrenen Team zur Seite, das Sie bereits in der Planungs- und Auslegungsphase eines Projektes begleitet und unterst\u00fctzt. Unser Schwerpunkt liegt auf hygienischen und energieeffizienten Ultraschallbefeuchtern, die wir in die ganze Welt [&hellip;]","og_url":"https:\/\/ps-sonic.com\/pt\/ueber-uns\/","og_site_name":"Supersonic","article_modified_time":"2022-07-08T14:31:43+00:00","og_image":[{"width":1440,"height":620,"url":"https:\/\/ps-sonic.com\/wp-content\/uploads\/2021\/11\/slider-min.jpg","type":"image\/jpeg"}],"twitter_card":"summary_large_image","twitter_misc":{"Tempo estimado de leitura":"1 minuto"},"schema":{"@context":"https:\/\/schema.org","@graph":[{"@type":"WebSite","@id":"https:\/\/ps-sonic.com\/#website","url":"https:\/\/ps-sonic.com\/","name":"Supersonic","description":"Supersonic - A Arte da Humidifica\u00e7\u00e3o","potentialAction":[{"@type":"SearchAction","target":{"@type":"EntryPoint","urlTemplate":"https:\/\/ps-sonic.com\/?s={search_term_string}"},"query-input":"required name=search_term_string"}],"inLanguage":"pt-PT"},{"@type":"ImageObject","@id":"https:\/\/ps-sonic.com\/ueber-uns\/#primaryimage","inLanguage":"pt-PT","url":"https:\/\/ps-sonic.com\/wp-content\/uploads\/2021\/11\/slider-min.jpg","contentUrl":"https:\/\/ps-sonic.com\/wp-content\/uploads\/2021\/11\/slider-min.jpg","width":1440,"height":620},{"@type":"WebPage","@id":"https:\/\/ps-sonic.com\/ueber-uns\/#webpage","url":"https:\/\/ps-sonic.com\/ueber-uns\/","name":"\u00dcber uns - Supersonic","isPartOf":{"@id":"https:\/\/ps-sonic.com\/#website"},"primaryImageOfPage":{"@id":"https:\/\/ps-sonic.com\/ueber-uns\/#primaryimage"},"datePublished":"2021-10-30T14:17:30+00:00","dateModified":"2022-07-08T14:31:43+00:00","breadcrumb":{"@id":"https:\/\/ps-sonic.com\/ueber-uns\/#breadcrumb"},"inLanguage":"pt-PT","potentialAction":[{"@type":"ReadAction","target":["https:\/\/ps-sonic.com\/ueber-uns\/"]}]},{"@type":"BreadcrumbList","@id":"https:\/\/ps-sonic.com\/ueber-uns\/#breadcrumb","itemListElement":[{"@type":"ListItem","position":1,"name":"In\u00edcio","item":"https:\/\/ps-sonic.com\/"},{"@type":"ListItem","position":2,"name":"\u00dcber uns"}]}]}},"_links":{"self":[{"href":"https:\/\/ps-sonic.com\/pt\/wp-json\/wp\/v2\/pages\/11"}],"collection":[{"href":"https:\/\/ps-sonic.com\/pt\/wp-json\/wp\/v2\/pages"}],"about":[{"href":"https:\/\/ps-sonic.com\/pt\/wp-json\/wp\/v2\/types\/page"}],"author":[{"embeddable":true,"href":"https:\/\/ps-sonic.com\/pt\/wp-json\/wp\/v2\/users\/1"}],"replies":[{"embeddable":true,"href":"https:\/\/ps-sonic.com\/pt\/wp-json\/wp\/v2\/comments?post=11"}],"version-history":[{"count":3,"href":"https:\/\/ps-sonic.com\/pt\/wp-json\/wp\/v2\/pages\/11\/revisions"}],"predecessor-version":[{"id":926,"href":"https:\/\/ps-sonic.com\/pt\/wp-json\/wp\/v2\/pages\/11\/revisions\/926"}],"wp:featuredmedia":[{"embeddable":true,"href":"https:\/\/ps-sonic.com\/pt\/wp-json\/wp\/v2\/media\/736"}],"wp:attachment":[{"href":"https:\/\/ps-sonic.com\/pt\/wp-json\/wp\/v2\/media?parent=11"}],"curies":[{"name":"wp","href":"https:\/\/api.w.org\/{rel}","templated":true}]}}