{"id":244,"date":"2021-12-01T17:06:03","date_gmt":"2021-12-01T17:06:03","guid":{"rendered":"http:\/\/ps-sonic.com\/?page_id=244"},"modified":"2022-07-29T15:16:13","modified_gmt":"2022-07-29T14:16:13","slug":"fachwissen","status":"publish","type":"page","link":"https:\/\/ps-sonic.com\/pt\/fachwissen\/","title":{"rendered":"Assist\u00eancia"},"content":{"rendered":"<div class=\"wp-block-columns\">\n<div class=\"wp-block-column\" style=\"flex-basis:50%\">\n<p>Atuamos nas \u00e1reas de servi\u00e7os, incluindo solu\u00e7\u00f5es customizadas, instala\u00e7\u00f5es, manuten\u00e7\u00e3o e passamos pelas \u00e1reas de sa\u00fade e \u00e1reas de aplica\u00e7\u00f5es espec\u00edficas. Veja mais e entre em contato connosco para saber como podemos ajudar.<\/p>\n<\/div>\n<\/div>\n\n\n\n<div class=\"wp-block-columns pag-atuacao\">\n<div class=\"wp-block-column\" style=\"flex-basis:40%\">\n<div class=\"wp-block-cover\" style=\"min-height:228px\"><span aria-hidden=\"true\" class=\"wp-block-cover__gradient-background has-background-dim\"><\/span><img loading=\"lazy\" width=\"948\" height=\"711\" class=\"wp-block-cover__image-background wp-image-845\" alt=\"\" src=\"https:\/\/ps-sonic.com\/wp-content\/uploads\/2022\/05\/servicos-1.png\" data-object-fit=\"cover\"\/><div class=\"wp-block-cover__inner-container\">\n<p class=\"has-text-align-center has-large-font-size\">Solu\u00e7\u00f5es \u00e0 medida<\/p>\n<\/div><\/div>\n\n\n\n<p><\/p>\n<\/div>\n\n\n\n<div class=\"wp-block-column padding-top-1\" style=\"flex-basis:60%\">\n<p>Desenvolvemos solu\u00e7\u00f5es personalizadas, realizamos instala\u00e7\u00f5es e manuten\u00e7\u00e3o para aplica\u00e7\u00f5es espec\u00edficas, bem como no setor da sa\u00fade.<\/p>\n\n\n\n<p>Independentemente de se tratar de um sistema existente ou de uma nova instala\u00e7\u00e3o, coloca\u00e7\u00e3o em funcionamento ou manuten\u00e7\u00e3o, substitui\u00e7\u00e3o ou entrega de pe\u00e7as sobressalentes: o nosso servi\u00e7o inclui o pacote completo para cada tipo de aplica\u00e7\u00e3o no campo dos sistemas de humidifica\u00e7\u00e3o e qualidade da \u00e1gua.\nGostaria de saber mais? N\u00e3o hesite em contactar-nos.&nbsp;<\/p>\n\n\n\n<div class=\"wp-block-columns\">\n<div class=\"wp-block-column area-atuacao-list\">\n<ul class=\"has-text-color\" style=\"color:#3d4043\"><li><a href=\"https:\/\/ps-sonic.com\/pt\/fachwissen\/service\/sonderloesungen\/\">Solu\u00e7\u00f5es \u00e0 medida<\/a><\/li><li><a href=\"https:\/\/ps-sonic.com\/pt\/fachwissen\/service\/montage-installation\/\">Montagem e instala\u00e7\u00e3o<\/a><\/li><li><a href=\"https:\/\/ps-sonic.com\/pt\/fachwissen\/service\/wartung\/\">Manuten\u00e7\u00e3o<\/a><\/li><li><a href=\"https:\/\/ps-sonic.com\/pt\/fachwissen\/service\/ersatzteile\/\">Pe\u00e7as sobressalentes<\/a><\/li><\/ul>\n<\/div>\n\n\n\n<div class=\"wp-block-column\">\n<ul><li>Acess\u00f3rios<\/li><li>Avalia\u00e7\u00e3o de higiene<\/li><\/ul>\n<\/div>\n<\/div>\n<\/div>\n<\/div>\n\n\n\n<div class=\"wp-block-columns pag-atuacao\">\n<div class=\"wp-block-column\" style=\"flex-basis:40%\">\n<div class=\"wp-block-cover is-light\" style=\"min-height:228px\"><span aria-hidden=\"true\" class=\"wp-block-cover__gradient-background has-background-dim\"><\/span><img class=\"wp-block-cover__image-background wp-image-846\" alt=\"\" src=\"https:\/\/ps-sonic.com\/wp-content\/uploads\/2022\/05\/saude.png\" data-object-fit=\"cover\"\/><div class=\"wp-block-cover__inner-container\">\n<p class=\"has-text-align-center has-large-font-size\">Sa\u00fade<\/p>\n<\/div><\/div>\n\n\n\n<p><\/p>\n<\/div>\n\n\n\n<div class=\"wp-block-column padding-top-1\" style=\"flex-basis:60%\">\n<p>O ar h\u00famido desempenha um papel importante nas nossas vidas, especialmente para a nossa sa\u00fade.<\/p>\n\n\n\n<div class=\"wp-block-columns\">\n<div class=\"wp-block-column area-atuacao-list\">\n<ul class=\"has-text-color\" style=\"color:#3d4043\"><li><a href=\"https:\/\/ps-sonic.com\/pt\/fachwissen\/gesundheit\/verbesserte-lebensqualitaet-durch-luftfeuchtigkeit\/\">Melhoria da qualidade de vida devido \u00e0 humidade<\/a><\/li><li><a href=\"https:\/\/ps-sonic.com\/pt\/fachwissen\/gesundheit\/trockene-luft\/\">Ar seco<\/a><\/li><li><a href=\"https:\/\/ps-sonic.com\/pt\/fachwissen\/gesundheit\/menschlicher-koerper\/\">O corpo humano<\/a><\/li><li><a href=\"https:\/\/ps-sonic.com\/pt\/fachwissen\/gesundheit\/infektionsminimierung-luftfeuchte-40-60\/\">Minimiza\u00e7\u00e3o da infe\u00e7\u00e3o<\/a><\/li><\/ul>\n<\/div>\n\n\n\n<div class=\"wp-block-column\"><\/div>\n<\/div>\n<\/div>\n<\/div>\n\n\n\n<div class=\"wp-block-columns pag-atuacao\">\n<div class=\"wp-block-column\" style=\"flex-basis:40%\">\n<div class=\"wp-block-cover is-light\" style=\"min-height:228px\"><span aria-hidden=\"true\" class=\"wp-block-cover__gradient-background has-background-dim\"><\/span><img loading=\"lazy\" width=\"948\" height=\"711\" class=\"wp-block-cover__image-background wp-image-847\" alt=\"\" src=\"https:\/\/ps-sonic.com\/wp-content\/uploads\/2022\/05\/aplica.png\" data-object-fit=\"cover\"\/><div class=\"wp-block-cover__inner-container\">\n<p class=\"has-text-align-center has-large-font-size\">Campos de aplica\u00e7\u00e3o<\/p>\n<\/div><\/div>\n\n\n\n<p><\/p>\n<\/div>\n\n\n\n<div class=\"wp-block-column padding-top-1\" style=\"flex-basis:60%\">\n<p>A humidifica\u00e7\u00e3o do ar \u00e9 usada em todo o mundo. \u00c9 feita uma distin\u00e7\u00e3o entre aplica\u00e7\u00f5es t\u00e9cnicas e de conforto.<\/p>\n\n\n\n<div class=\"wp-block-columns\">\n<div class=\"wp-block-column area-atuacao-list\">\n<ul class=\"has-text-color\" style=\"color:#3d4043\"><li><a href=\"https:\/\/ps-sonic.com\/pt\/fachwissen\/anwendungsbereiche\/elektroindustrie\/\">Ind\u00fastria el\u00e9trica<\/a><\/li><li><a href=\"https:\/\/ps-sonic.com\/pt\/fachwissen\/anwendungsbereiche\/druckerei\/\">Unidade de impress\u00e3o<\/a><\/li><li><a href=\"https:\/\/ps-sonic.com\/pt\/fachwissen\/anwendungsbereiche\/rechenzentren\/\">Centros de dados<\/a><\/li><li><a href=\"https:\/\/ps-sonic.com\/pt\/fachwissen\/anwendungsbereiche\/lagerhaltung\/\">Armazenamento<\/a><\/li><li><a href=\"https:\/\/ps-sonic.com\/pt\/fachwissen\/anwendungsbereiche\/textilindustrie\/\">Ind\u00fastria t\u00eaxtil<\/a><\/li><\/ul>\n<\/div>\n\n\n\n<div class=\"wp-block-column\">\n<ul><li><a href=\"https:\/\/ps-sonic.com\/pt\/fachwissen\/anwendungsbereiche\/tabakwaren\/\">Produtos de tabaco<\/a><\/li><li><a href=\"https:\/\/ps-sonic.com\/pt\/fachwissen\/anwendungsbereiche\/kaeserei\/\">Queijarias<\/a><\/li><li><a href=\"https:\/\/ps-sonic.com\/pt\/fachwissen\/anwendungsbereiche\/pilzzucht\/\">Cultivo de cogumelos<\/a><\/li><\/ul>\n<\/div>\n<\/div>\n<\/div>\n<\/div>\n\n\n\n<p><\/p>","protected":false},"excerpt":{"rendered":"<p>Wir arbeiten in den Bereichen Dienstleistungen, unter anderem mit kundenspezifischen L\u00f6sungen, Installationen, Wartungen und durchlaufen die Bereiche Gesundheit und Bereiche spezifischer Anwendungen. Sehen Sie mehr und kontaktieren Sie uns, um herauszufinden, wie wir Ihnen helfen k\u00f6nnen. Wir erarbeiten kundenspezifische L\u00f6sungen, f\u00fchren Installationen und Wartungen durch f\u00fcr spezifische Anwendungen als auch im Gesundheitsbereich. Sei es Ihre [&hellip;]<\/p>","protected":false},"author":1,"featured_media":0,"parent":0,"menu_order":0,"comment_status":"closed","ping_status":"closed","template":"","meta":[],"yoast_head":"<!-- This site is optimized with the Yoast SEO plugin v18.6 - https:\/\/yoast.com\/wordpress\/plugins\/seo\/ -->\n<title>Service - Supersonic<\/title>\n<meta name=\"robots\" content=\"index, follow, max-snippet:-1, max-image-preview:large, max-video-preview:-1\" \/>\n<link rel=\"canonical\" href=\"https:\/\/ps-sonic.com\/pt\/fachwissen\/\" \/>\n<meta property=\"og:locale\" content=\"pt_PT\" \/>\n<meta property=\"og:type\" content=\"article\" \/>\n<meta property=\"og:title\" content=\"Service - Supersonic\" \/>\n<meta property=\"og:description\" content=\"Wir arbeiten in den Bereichen Dienstleistungen, unter anderem mit kundenspezifischen L\u00f6sungen, Installationen, Wartungen und durchlaufen die Bereiche Gesundheit und Bereiche spezifischer Anwendungen. Sehen Sie mehr und kontaktieren Sie uns, um herauszufinden, wie wir Ihnen helfen k\u00f6nnen. Wir erarbeiten kundenspezifische L\u00f6sungen, f\u00fchren Installationen und Wartungen durch f\u00fcr spezifische Anwendungen als auch im Gesundheitsbereich. Sei es Ihre [&hellip;]\" \/>\n<meta property=\"og:url\" content=\"https:\/\/ps-sonic.com\/pt\/fachwissen\/\" \/>\n<meta property=\"og:site_name\" content=\"Supersonic\" \/>\n<meta property=\"article:modified_time\" content=\"2022-07-29T14:16:13+00:00\" \/>\n<meta property=\"og:image\" content=\"https:\/\/ps-sonic.com\/wp-content\/uploads\/2022\/05\/servicos-1.png\" \/>\n<meta name=\"twitter:card\" content=\"summary_large_image\" \/>\n<meta name=\"twitter:label1\" content=\"Tempo estimado de leitura\" \/>\n\t<meta name=\"twitter:data1\" content=\"2 minutos\" \/>\n<script type=\"application\/ld+json\" class=\"yoast-schema-graph\">{\"@context\":\"https:\/\/schema.org\",\"@graph\":[{\"@type\":\"WebSite\",\"@id\":\"https:\/\/ps-sonic.com\/#website\",\"url\":\"https:\/\/ps-sonic.com\/\",\"name\":\"Supersonic\",\"description\":\"Supersonic - A Arte da Humidifica\u00e7\u00e3o\",\"potentialAction\":[{\"@type\":\"SearchAction\",\"target\":{\"@type\":\"EntryPoint\",\"urlTemplate\":\"https:\/\/ps-sonic.com\/?s={search_term_string}\"},\"query-input\":\"required name=search_term_string\"}],\"inLanguage\":\"pt-PT\"},{\"@type\":\"ImageObject\",\"@id\":\"https:\/\/ps-sonic.com\/fachwissen\/#primaryimage\",\"inLanguage\":\"pt-PT\",\"url\":\"https:\/\/ps-sonic.com\/wp-content\/uploads\/2022\/05\/servicos-1.png\",\"contentUrl\":\"https:\/\/ps-sonic.com\/wp-content\/uploads\/2022\/05\/servicos-1.png\",\"width\":948,\"height\":711},{\"@type\":\"WebPage\",\"@id\":\"https:\/\/ps-sonic.com\/fachwissen\/#webpage\",\"url\":\"https:\/\/ps-sonic.com\/fachwissen\/\",\"name\":\"Service - Supersonic\",\"isPartOf\":{\"@id\":\"https:\/\/ps-sonic.com\/#website\"},\"primaryImageOfPage\":{\"@id\":\"https:\/\/ps-sonic.com\/fachwissen\/#primaryimage\"},\"datePublished\":\"2021-12-01T17:06:03+00:00\",\"dateModified\":\"2022-07-29T14:16:13+00:00\",\"breadcrumb\":{\"@id\":\"https:\/\/ps-sonic.com\/fachwissen\/#breadcrumb\"},\"inLanguage\":\"pt-PT\",\"potentialAction\":[{\"@type\":\"ReadAction\",\"target\":[\"https:\/\/ps-sonic.com\/fachwissen\/\"]}]},{\"@type\":\"BreadcrumbList\",\"@id\":\"https:\/\/ps-sonic.com\/fachwissen\/#breadcrumb\",\"itemListElement\":[{\"@type\":\"ListItem\",\"position\":1,\"name\":\"In\u00edcio\",\"item\":\"https:\/\/ps-sonic.com\/\"},{\"@type\":\"ListItem\",\"position\":2,\"name\":\"Service\"}]}]}<\/script>\n<!-- \/ Yoast SEO plugin. -->","yoast_head_json":{"title":"Service - Supersonic","robots":{"index":"index","follow":"follow","max-snippet":"max-snippet:-1","max-image-preview":"max-image-preview:large","max-video-preview":"max-video-preview:-1"},"canonical":"https:\/\/ps-sonic.com\/pt\/fachwissen\/","og_locale":"pt_PT","og_type":"article","og_title":"Service - Supersonic","og_description":"Wir arbeiten in den Bereichen Dienstleistungen, unter anderem mit kundenspezifischen L\u00f6sungen, Installationen, Wartungen und durchlaufen die Bereiche Gesundheit und Bereiche spezifischer Anwendungen. Sehen Sie mehr und kontaktieren Sie uns, um herauszufinden, wie wir Ihnen helfen k\u00f6nnen. Wir erarbeiten kundenspezifische L\u00f6sungen, f\u00fchren Installationen und Wartungen durch f\u00fcr spezifische Anwendungen als auch im Gesundheitsbereich. Sei es Ihre [&hellip;]","og_url":"https:\/\/ps-sonic.com\/pt\/fachwissen\/","og_site_name":"Supersonic","article_modified_time":"2022-07-29T14:16:13+00:00","og_image":[{"url":"https:\/\/ps-sonic.com\/wp-content\/uploads\/2022\/05\/servicos-1.png"}],"twitter_card":"summary_large_image","twitter_misc":{"Tempo estimado de leitura":"2 minutos"},"schema":{"@context":"https:\/\/schema.org","@graph":[{"@type":"WebSite","@id":"https:\/\/ps-sonic.com\/#website","url":"https:\/\/ps-sonic.com\/","name":"Supersonic","description":"Supersonic - A Arte da Humidifica\u00e7\u00e3o","potentialAction":[{"@type":"SearchAction","target":{"@type":"EntryPoint","urlTemplate":"https:\/\/ps-sonic.com\/?s={search_term_string}"},"query-input":"required name=search_term_string"}],"inLanguage":"pt-PT"},{"@type":"ImageObject","@id":"https:\/\/ps-sonic.com\/fachwissen\/#primaryimage","inLanguage":"pt-PT","url":"https:\/\/ps-sonic.com\/wp-content\/uploads\/2022\/05\/servicos-1.png","contentUrl":"https:\/\/ps-sonic.com\/wp-content\/uploads\/2022\/05\/servicos-1.png","width":948,"height":711},{"@type":"WebPage","@id":"https:\/\/ps-sonic.com\/fachwissen\/#webpage","url":"https:\/\/ps-sonic.com\/fachwissen\/","name":"Service - Supersonic","isPartOf":{"@id":"https:\/\/ps-sonic.com\/#website"},"primaryImageOfPage":{"@id":"https:\/\/ps-sonic.com\/fachwissen\/#primaryimage"},"datePublished":"2021-12-01T17:06:03+00:00","dateModified":"2022-07-29T14:16:13+00:00","breadcrumb":{"@id":"https:\/\/ps-sonic.com\/fachwissen\/#breadcrumb"},"inLanguage":"pt-PT","potentialAction":[{"@type":"ReadAction","target":["https:\/\/ps-sonic.com\/fachwissen\/"]}]},{"@type":"BreadcrumbList","@id":"https:\/\/ps-sonic.com\/fachwissen\/#breadcrumb","itemListElement":[{"@type":"ListItem","position":1,"name":"In\u00edcio","item":"https:\/\/ps-sonic.com\/"},{"@type":"ListItem","position":2,"name":"Service"}]}]}},"_links":{"self":[{"href":"https:\/\/ps-sonic.com\/pt\/wp-json\/wp\/v2\/pages\/244"}],"collection":[{"href":"https:\/\/ps-sonic.com\/pt\/wp-json\/wp\/v2\/pages"}],"about":[{"href":"https:\/\/ps-sonic.com\/pt\/wp-json\/wp\/v2\/types\/page"}],"author":[{"embeddable":true,"href":"https:\/\/ps-sonic.com\/pt\/wp-json\/wp\/v2\/users\/1"}],"replies":[{"embeddable":true,"href":"https:\/\/ps-sonic.com\/pt\/wp-json\/wp\/v2\/comments?post=244"}],"version-history":[{"count":45,"href":"https:\/\/ps-sonic.com\/pt\/wp-json\/wp\/v2\/pages\/244\/revisions"}],"predecessor-version":[{"id":986,"href":"https:\/\/ps-sonic.com\/pt\/wp-json\/wp\/v2\/pages\/244\/revisions\/986"}],"wp:attachment":[{"href":"https:\/\/ps-sonic.com\/pt\/wp-json\/wp\/v2\/media?parent=244"}],"curies":[{"name":"wp","href":"https:\/\/api.w.org\/{rel}","templated":true}]}}