{"id":651,"date":"2022-05-06T18:43:07","date_gmt":"2022-05-06T17:43:07","guid":{"rendered":"http:\/\/supersonic.inflightit.com\/?page_id=651"},"modified":"2022-07-29T15:41:28","modified_gmt":"2022-07-29T14:41:28","slug":"service","status":"publish","type":"page","link":"https:\/\/ps-sonic.com\/pt\/fachwissen\/service\/","title":{"rendered":"Solu\u00e7\u00f5es \u00e0 medida"},"content":{"rendered":"<div class=\"wp-block-columns pag-atuacao\">\n<div class=\"wp-block-column\" style=\"flex-basis:40%\">\n<div class=\"wp-block-cover\" style=\"min-height:228px\"><span aria-hidden=\"true\" class=\"wp-block-cover__gradient-background has-background-dim\"><\/span><img loading=\"lazy\" width=\"948\" height=\"711\" class=\"wp-block-cover__image-background wp-image-845\" alt=\"\" src=\"https:\/\/ps-sonic.com\/wp-content\/uploads\/2022\/05\/servicos-1.png\" data-object-fit=\"cover\"\/><div class=\"wp-block-cover__inner-container\">\n<p class=\"has-text-align-center has-large-font-size\">Solu\u00e7\u00f5es \u00e0 medida<\/p>\n<\/div><\/div>\n\n\n\n<p><\/p>\n<\/div>\n\n\n\n<div class=\"wp-block-column padding-top-1\" style=\"flex-basis:60%\">\n<p>Desenvolvemos solu\u00e7\u00f5es personalizadas, realizamos instala\u00e7\u00f5es e manuten\u00e7\u00e3o para aplica\u00e7\u00f5es espec\u00edficas, bem como no setor da sa\u00fade.<\/p>\n\n\n\n<p>Independentemente de se tratar de um sistema existente ou de uma nova instala\u00e7\u00e3o, coloca\u00e7\u00e3o em funcionamento ou manuten\u00e7\u00e3o, substitui\u00e7\u00e3o ou entrega de pe\u00e7as sobressalentes: o nosso servi\u00e7o inclui o pacote completo para cada tipo de aplica\u00e7\u00e3o no campo dos sistemas de humidifica\u00e7\u00e3o e qualidade da \u00e1gua.\nGostaria de saber mais? N\u00e3o hesite em contactar-nos.&nbsp;<\/p>\n\n\n\n<div class=\"wp-block-columns\">\n<div class=\"wp-block-column area-atuacao-list\">\n<ul class=\"has-text-color\" style=\"color:#3d4043\"><li><a href=\"https:\/\/ps-sonic.com\/pt\/fachwissen\/service\/sonderloesungen\/\">Solu\u00e7\u00f5es \u00e0 medida<\/a><\/li><li><a href=\"https:\/\/ps-sonic.com\/pt\/fachwissen\/service\/montage-installation\/\">Montagem e instala\u00e7\u00e3o<\/a><\/li><li><a href=\"https:\/\/ps-sonic.com\/pt\/fachwissen\/service\/wartung\/\">Manuten\u00e7\u00e3o<\/a><\/li><li><a href=\"https:\/\/ps-sonic.com\/pt\/fachwissen\/service\/ersatzteile\/\">Pe\u00e7as sobressalentes<\/a><\/li><\/ul>\n<\/div>\n\n\n\n<div class=\"wp-block-column\">\n<ul><li>Acess\u00f3rios<\/li><li>Avalia\u00e7\u00e3o de higiene<\/li><\/ul>\n<\/div>\n<\/div>\n<\/div>\n<\/div>","protected":false},"excerpt":{"rendered":"<p>Wir erarbeiten kundenspezifische L\u00f6sungen, f\u00fchren Installationen und Wartungen durch f\u00fcr spezifische Anwendungen als auch im Gesundheitsbereich. Sei es Ihre Bestandsanlage oder Neu-Installation, Inbetriebnahme oder Wartung, Austausch oder Lieferung von Ersatzteilen: Unser Service umfasst das Komplettpaket f\u00fcr jede Art Ihrer Anwendung im Bereich Befeuchtungssysteme und Wasserqualit\u00e4t. M\u00f6chten Sie mehr erfahren? Dann kontaktieren Sie uns gerne.&nbsp; Sonderl\u00f6sungen [&hellip;]<\/p>","protected":false},"author":1,"featured_media":0,"parent":244,"menu_order":0,"comment_status":"closed","ping_status":"closed","template":"","meta":[],"yoast_head":"<!-- This site is optimized with the Yoast SEO plugin v18.6 - https:\/\/yoast.com\/wordpress\/plugins\/seo\/ -->\n<title>Leistungen - Supersonic<\/title>\n<meta name=\"robots\" content=\"index, follow, max-snippet:-1, max-image-preview:large, max-video-preview:-1\" \/>\n<link rel=\"canonical\" href=\"https:\/\/ps-sonic.com\/pt\/fachwissen\/service\/\" \/>\n<meta property=\"og:locale\" content=\"pt_PT\" \/>\n<meta property=\"og:type\" content=\"article\" \/>\n<meta property=\"og:title\" content=\"Leistungen - Supersonic\" \/>\n<meta property=\"og:description\" content=\"Wir erarbeiten kundenspezifische L\u00f6sungen, f\u00fchren Installationen und Wartungen durch f\u00fcr spezifische Anwendungen als auch im Gesundheitsbereich. Sei es Ihre Bestandsanlage oder Neu-Installation, Inbetriebnahme oder Wartung, Austausch oder Lieferung von Ersatzteilen: Unser Service umfasst das Komplettpaket f\u00fcr jede Art Ihrer Anwendung im Bereich Befeuchtungssysteme und Wasserqualit\u00e4t. M\u00f6chten Sie mehr erfahren? Dann kontaktieren Sie uns gerne.&nbsp; Sonderl\u00f6sungen [&hellip;]\" \/>\n<meta property=\"og:url\" content=\"https:\/\/ps-sonic.com\/pt\/fachwissen\/service\/\" \/>\n<meta property=\"og:site_name\" content=\"Supersonic\" \/>\n<meta property=\"article:modified_time\" content=\"2022-07-29T14:41:28+00:00\" \/>\n<meta property=\"og:image\" content=\"https:\/\/ps-sonic.com\/wp-content\/uploads\/2022\/05\/servicos-1.png\" \/>\n<meta name=\"twitter:card\" content=\"summary_large_image\" \/>\n<meta name=\"twitter:label1\" content=\"Tempo estimado de leitura\" \/>\n\t<meta name=\"twitter:data1\" content=\"1 minuto\" \/>\n<script type=\"application\/ld+json\" class=\"yoast-schema-graph\">{\"@context\":\"https:\/\/schema.org\",\"@graph\":[{\"@type\":\"WebSite\",\"@id\":\"https:\/\/ps-sonic.com\/#website\",\"url\":\"https:\/\/ps-sonic.com\/\",\"name\":\"Supersonic\",\"description\":\"Supersonic - A Arte da Humidifica\u00e7\u00e3o\",\"potentialAction\":[{\"@type\":\"SearchAction\",\"target\":{\"@type\":\"EntryPoint\",\"urlTemplate\":\"https:\/\/ps-sonic.com\/?s={search_term_string}\"},\"query-input\":\"required name=search_term_string\"}],\"inLanguage\":\"pt-PT\"},{\"@type\":\"ImageObject\",\"@id\":\"https:\/\/ps-sonic.com\/fachwissen\/service\/#primaryimage\",\"inLanguage\":\"pt-PT\",\"url\":\"https:\/\/ps-sonic.com\/wp-content\/uploads\/2022\/05\/servicos-1.png\",\"contentUrl\":\"https:\/\/ps-sonic.com\/wp-content\/uploads\/2022\/05\/servicos-1.png\",\"width\":948,\"height\":711},{\"@type\":\"WebPage\",\"@id\":\"https:\/\/ps-sonic.com\/fachwissen\/service\/#webpage\",\"url\":\"https:\/\/ps-sonic.com\/fachwissen\/service\/\",\"name\":\"Leistungen - Supersonic\",\"isPartOf\":{\"@id\":\"https:\/\/ps-sonic.com\/#website\"},\"primaryImageOfPage\":{\"@id\":\"https:\/\/ps-sonic.com\/fachwissen\/service\/#primaryimage\"},\"datePublished\":\"2022-05-06T17:43:07+00:00\",\"dateModified\":\"2022-07-29T14:41:28+00:00\",\"breadcrumb\":{\"@id\":\"https:\/\/ps-sonic.com\/fachwissen\/service\/#breadcrumb\"},\"inLanguage\":\"pt-PT\",\"potentialAction\":[{\"@type\":\"ReadAction\",\"target\":[\"https:\/\/ps-sonic.com\/fachwissen\/service\/\"]}]},{\"@type\":\"BreadcrumbList\",\"@id\":\"https:\/\/ps-sonic.com\/fachwissen\/service\/#breadcrumb\",\"itemListElement\":[{\"@type\":\"ListItem\",\"position\":1,\"name\":\"In\u00edcio\",\"item\":\"https:\/\/ps-sonic.com\/\"},{\"@type\":\"ListItem\",\"position\":2,\"name\":\"Service\",\"item\":\"https:\/\/ps-sonic.com\/fachwissen\/\"},{\"@type\":\"ListItem\",\"position\":3,\"name\":\"Leistungen\"}]}]}<\/script>\n<!-- \/ Yoast SEO plugin. -->","yoast_head_json":{"title":"Leistungen - Supersonic","robots":{"index":"index","follow":"follow","max-snippet":"max-snippet:-1","max-image-preview":"max-image-preview:large","max-video-preview":"max-video-preview:-1"},"canonical":"https:\/\/ps-sonic.com\/pt\/fachwissen\/service\/","og_locale":"pt_PT","og_type":"article","og_title":"Leistungen - Supersonic","og_description":"Wir erarbeiten kundenspezifische L\u00f6sungen, f\u00fchren Installationen und Wartungen durch f\u00fcr spezifische Anwendungen als auch im Gesundheitsbereich. Sei es Ihre Bestandsanlage oder Neu-Installation, Inbetriebnahme oder Wartung, Austausch oder Lieferung von Ersatzteilen: Unser Service umfasst das Komplettpaket f\u00fcr jede Art Ihrer Anwendung im Bereich Befeuchtungssysteme und Wasserqualit\u00e4t. M\u00f6chten Sie mehr erfahren? Dann kontaktieren Sie uns gerne.&nbsp; Sonderl\u00f6sungen [&hellip;]","og_url":"https:\/\/ps-sonic.com\/pt\/fachwissen\/service\/","og_site_name":"Supersonic","article_modified_time":"2022-07-29T14:41:28+00:00","og_image":[{"url":"https:\/\/ps-sonic.com\/wp-content\/uploads\/2022\/05\/servicos-1.png"}],"twitter_card":"summary_large_image","twitter_misc":{"Tempo estimado de leitura":"1 minuto"},"schema":{"@context":"https:\/\/schema.org","@graph":[{"@type":"WebSite","@id":"https:\/\/ps-sonic.com\/#website","url":"https:\/\/ps-sonic.com\/","name":"Supersonic","description":"Supersonic - A Arte da Humidifica\u00e7\u00e3o","potentialAction":[{"@type":"SearchAction","target":{"@type":"EntryPoint","urlTemplate":"https:\/\/ps-sonic.com\/?s={search_term_string}"},"query-input":"required name=search_term_string"}],"inLanguage":"pt-PT"},{"@type":"ImageObject","@id":"https:\/\/ps-sonic.com\/fachwissen\/service\/#primaryimage","inLanguage":"pt-PT","url":"https:\/\/ps-sonic.com\/wp-content\/uploads\/2022\/05\/servicos-1.png","contentUrl":"https:\/\/ps-sonic.com\/wp-content\/uploads\/2022\/05\/servicos-1.png","width":948,"height":711},{"@type":"WebPage","@id":"https:\/\/ps-sonic.com\/fachwissen\/service\/#webpage","url":"https:\/\/ps-sonic.com\/fachwissen\/service\/","name":"Leistungen - Supersonic","isPartOf":{"@id":"https:\/\/ps-sonic.com\/#website"},"primaryImageOfPage":{"@id":"https:\/\/ps-sonic.com\/fachwissen\/service\/#primaryimage"},"datePublished":"2022-05-06T17:43:07+00:00","dateModified":"2022-07-29T14:41:28+00:00","breadcrumb":{"@id":"https:\/\/ps-sonic.com\/fachwissen\/service\/#breadcrumb"},"inLanguage":"pt-PT","potentialAction":[{"@type":"ReadAction","target":["https:\/\/ps-sonic.com\/fachwissen\/service\/"]}]},{"@type":"BreadcrumbList","@id":"https:\/\/ps-sonic.com\/fachwissen\/service\/#breadcrumb","itemListElement":[{"@type":"ListItem","position":1,"name":"In\u00edcio","item":"https:\/\/ps-sonic.com\/"},{"@type":"ListItem","position":2,"name":"Service","item":"https:\/\/ps-sonic.com\/fachwissen\/"},{"@type":"ListItem","position":3,"name":"Leistungen"}]}]}},"_links":{"self":[{"href":"https:\/\/ps-sonic.com\/pt\/wp-json\/wp\/v2\/pages\/651"}],"collection":[{"href":"https:\/\/ps-sonic.com\/pt\/wp-json\/wp\/v2\/pages"}],"about":[{"href":"https:\/\/ps-sonic.com\/pt\/wp-json\/wp\/v2\/types\/page"}],"author":[{"embeddable":true,"href":"https:\/\/ps-sonic.com\/pt\/wp-json\/wp\/v2\/users\/1"}],"replies":[{"embeddable":true,"href":"https:\/\/ps-sonic.com\/pt\/wp-json\/wp\/v2\/comments?post=651"}],"version-history":[{"count":4,"href":"https:\/\/ps-sonic.com\/pt\/wp-json\/wp\/v2\/pages\/651\/revisions"}],"predecessor-version":[{"id":988,"href":"https:\/\/ps-sonic.com\/pt\/wp-json\/wp\/v2\/pages\/651\/revisions\/988"}],"up":[{"embeddable":true,"href":"https:\/\/ps-sonic.com\/pt\/wp-json\/wp\/v2\/pages\/244"}],"wp:attachment":[{"href":"https:\/\/ps-sonic.com\/pt\/wp-json\/wp\/v2\/media?parent=651"}],"curies":[{"name":"wp","href":"https:\/\/api.w.org\/{rel}","templated":true}]}}