{"id":655,"date":"2022-05-06T18:49:59","date_gmt":"2022-05-06T17:49:59","guid":{"rendered":"http:\/\/supersonic.inflightit.com\/?page_id=655"},"modified":"2022-07-08T15:11:21","modified_gmt":"2022-07-08T14:11:21","slug":"sonderloesungen","status":"publish","type":"page","link":"https:\/\/ps-sonic.com\/pt\/fachwissen\/service\/sonderloesungen\/","title":{"rendered":"Solu\u00e7\u00f5es \u00e0 medida"},"content":{"rendered":"<p>Quando a gama normalizada de servi\u00e7os atinge os seus limites, a Supersonic entra em a\u00e7\u00e3o. A Supersonic n\u00e3o s\u00f3 produz solu\u00e7\u00f5es padr\u00e3o, mas tamb\u00e9m se adapta individualmente \u00e0s exig\u00eancias do cliente. Quando se trata de tarefas espec\u00edficas do cliente, a dimens\u00e3o da nossa experi\u00eancia torna-se evidente: orienta\u00e7\u00e3o para o cliente e compet\u00eancia de desenvolvimento.<\/p>\n\n\n\n<p>Acompanhamos os nossos clientes ao longo de todo o projeto, desde a consultoria e prepara\u00e7\u00e3o de or\u00e7amentos, passando pela an\u00e1lise de viabilidade e desenvolvimento, at\u00e9 \u00e0 produ\u00e7\u00e3o em s\u00e9rie da solu\u00e7\u00e3o personalizada.<\/p>\n\n\n\n<p><strong>Compet\u00eancias de produ\u00e7\u00e3o<\/strong><\/p>\n\n\n\n<p>A Supersonic produz solu\u00e7\u00f5es personalizadas na sua unidade de produ\u00e7\u00e3o em Portugal. O nosso departamento de I&amp;D assegura a implementa\u00e7\u00e3o profissional de projetos espec\u00edficos do cliente. A produ\u00e7\u00e3o tem lugar em esta\u00e7\u00f5es de montagem flex\u00edveis e modernas.<\/p>\n\n\n\n<p>As vantagens para o cliente s\u00e3o \u00f3bvias:<\/p>\n\n\n\n<ul><li>a mais alta qualidade,<\/li><li>flexibilidade orientada para o cliente e<\/li><li>disponibilidade dentro do prazo previsto.<\/li><\/ul>\n\n\n\n<p>&nbsp;&nbsp;&nbsp;&nbsp;&nbsp;&nbsp; Isto aplica-se \u00e0 constru\u00e7\u00e3o de prot\u00f3tipos, bem como \u00e0 produ\u00e7\u00e3o em s\u00e9rie.<\/p>","protected":false},"excerpt":{"rendered":"<p>Wenn das standardisierte Leistungsspektrum an seine Grenzen st\u00f6\u00dft, kommt Supersonic ins Spiel. Supersonic produziert nicht nur Standard, sondern passt sich individuell den Anforderungen des Kunden an. Bei kundenspezifischen Aufgaben zeigt sich die Dimension unserer Erfahrung: Kundenorientierung und Entwicklungskompetenz. Unsere Kunden begleiten wir w\u00e4hrend des gesamten Projekts \u2013 von der Beratung und Angebotserstellung, \u00fcber die Machbarkeitsanalyse [&hellip;]<\/p>","protected":false},"author":1,"featured_media":0,"parent":651,"menu_order":0,"comment_status":"closed","ping_status":"closed","template":"","meta":[],"yoast_head":"<!-- This site is optimized with the Yoast SEO plugin v18.6 - https:\/\/yoast.com\/wordpress\/plugins\/seo\/ -->\n<title>Sonderl\u00f6sungen - Supersonic<\/title>\n<meta name=\"robots\" content=\"index, follow, max-snippet:-1, max-image-preview:large, max-video-preview:-1\" \/>\n<link rel=\"canonical\" href=\"https:\/\/ps-sonic.com\/pt\/fachwissen\/service\/sonderloesungen\/\" \/>\n<meta property=\"og:locale\" content=\"pt_PT\" \/>\n<meta property=\"og:type\" content=\"article\" \/>\n<meta property=\"og:title\" content=\"Sonderl\u00f6sungen - Supersonic\" \/>\n<meta property=\"og:description\" content=\"Wenn das standardisierte Leistungsspektrum an seine Grenzen st\u00f6\u00dft, kommt Supersonic ins Spiel. Supersonic produziert nicht nur Standard, sondern passt sich individuell den Anforderungen des Kunden an. Bei kundenspezifischen Aufgaben zeigt sich die Dimension unserer Erfahrung: Kundenorientierung und Entwicklungskompetenz. Unsere Kunden begleiten wir w\u00e4hrend des gesamten Projekts \u2013 von der Beratung und Angebotserstellung, \u00fcber die Machbarkeitsanalyse [&hellip;]\" \/>\n<meta property=\"og:url\" content=\"https:\/\/ps-sonic.com\/pt\/fachwissen\/service\/sonderloesungen\/\" \/>\n<meta property=\"og:site_name\" content=\"Supersonic\" \/>\n<meta property=\"article:modified_time\" content=\"2022-07-08T14:11:21+00:00\" \/>\n<meta name=\"twitter:card\" content=\"summary_large_image\" \/>\n<meta name=\"twitter:label1\" content=\"Tempo estimado de leitura\" \/>\n\t<meta name=\"twitter:data1\" content=\"1 minuto\" \/>\n<script type=\"application\/ld+json\" class=\"yoast-schema-graph\">{\"@context\":\"https:\/\/schema.org\",\"@graph\":[{\"@type\":\"WebSite\",\"@id\":\"https:\/\/ps-sonic.com\/#website\",\"url\":\"https:\/\/ps-sonic.com\/\",\"name\":\"Supersonic\",\"description\":\"Supersonic - A Arte da Humidifica\u00e7\u00e3o\",\"potentialAction\":[{\"@type\":\"SearchAction\",\"target\":{\"@type\":\"EntryPoint\",\"urlTemplate\":\"https:\/\/ps-sonic.com\/?s={search_term_string}\"},\"query-input\":\"required name=search_term_string\"}],\"inLanguage\":\"pt-PT\"},{\"@type\":\"WebPage\",\"@id\":\"https:\/\/ps-sonic.com\/fachwissen\/service\/sonderloesungen\/#webpage\",\"url\":\"https:\/\/ps-sonic.com\/fachwissen\/service\/sonderloesungen\/\",\"name\":\"Sonderl\u00f6sungen - Supersonic\",\"isPartOf\":{\"@id\":\"https:\/\/ps-sonic.com\/#website\"},\"datePublished\":\"2022-05-06T17:49:59+00:00\",\"dateModified\":\"2022-07-08T14:11:21+00:00\",\"breadcrumb\":{\"@id\":\"https:\/\/ps-sonic.com\/fachwissen\/service\/sonderloesungen\/#breadcrumb\"},\"inLanguage\":\"pt-PT\",\"potentialAction\":[{\"@type\":\"ReadAction\",\"target\":[\"https:\/\/ps-sonic.com\/fachwissen\/service\/sonderloesungen\/\"]}]},{\"@type\":\"BreadcrumbList\",\"@id\":\"https:\/\/ps-sonic.com\/fachwissen\/service\/sonderloesungen\/#breadcrumb\",\"itemListElement\":[{\"@type\":\"ListItem\",\"position\":1,\"name\":\"In\u00edcio\",\"item\":\"https:\/\/ps-sonic.com\/\"},{\"@type\":\"ListItem\",\"position\":2,\"name\":\"Service\",\"item\":\"https:\/\/ps-sonic.com\/fachwissen\/\"},{\"@type\":\"ListItem\",\"position\":3,\"name\":\"Leistungen\",\"item\":\"https:\/\/ps-sonic.com\/fachwissen\/service\/\"},{\"@type\":\"ListItem\",\"position\":4,\"name\":\"Sonderl\u00f6sungen\"}]}]}<\/script>\n<!-- \/ Yoast SEO plugin. -->","yoast_head_json":{"title":"Sonderl\u00f6sungen - Supersonic","robots":{"index":"index","follow":"follow","max-snippet":"max-snippet:-1","max-image-preview":"max-image-preview:large","max-video-preview":"max-video-preview:-1"},"canonical":"https:\/\/ps-sonic.com\/pt\/fachwissen\/service\/sonderloesungen\/","og_locale":"pt_PT","og_type":"article","og_title":"Sonderl\u00f6sungen - Supersonic","og_description":"Wenn das standardisierte Leistungsspektrum an seine Grenzen st\u00f6\u00dft, kommt Supersonic ins Spiel. Supersonic produziert nicht nur Standard, sondern passt sich individuell den Anforderungen des Kunden an. Bei kundenspezifischen Aufgaben zeigt sich die Dimension unserer Erfahrung: Kundenorientierung und Entwicklungskompetenz. Unsere Kunden begleiten wir w\u00e4hrend des gesamten Projekts \u2013 von der Beratung und Angebotserstellung, \u00fcber die Machbarkeitsanalyse [&hellip;]","og_url":"https:\/\/ps-sonic.com\/pt\/fachwissen\/service\/sonderloesungen\/","og_site_name":"Supersonic","article_modified_time":"2022-07-08T14:11:21+00:00","twitter_card":"summary_large_image","twitter_misc":{"Tempo estimado de leitura":"1 minuto"},"schema":{"@context":"https:\/\/schema.org","@graph":[{"@type":"WebSite","@id":"https:\/\/ps-sonic.com\/#website","url":"https:\/\/ps-sonic.com\/","name":"Supersonic","description":"Supersonic - A Arte da Humidifica\u00e7\u00e3o","potentialAction":[{"@type":"SearchAction","target":{"@type":"EntryPoint","urlTemplate":"https:\/\/ps-sonic.com\/?s={search_term_string}"},"query-input":"required name=search_term_string"}],"inLanguage":"pt-PT"},{"@type":"WebPage","@id":"https:\/\/ps-sonic.com\/fachwissen\/service\/sonderloesungen\/#webpage","url":"https:\/\/ps-sonic.com\/fachwissen\/service\/sonderloesungen\/","name":"Sonderl\u00f6sungen - Supersonic","isPartOf":{"@id":"https:\/\/ps-sonic.com\/#website"},"datePublished":"2022-05-06T17:49:59+00:00","dateModified":"2022-07-08T14:11:21+00:00","breadcrumb":{"@id":"https:\/\/ps-sonic.com\/fachwissen\/service\/sonderloesungen\/#breadcrumb"},"inLanguage":"pt-PT","potentialAction":[{"@type":"ReadAction","target":["https:\/\/ps-sonic.com\/fachwissen\/service\/sonderloesungen\/"]}]},{"@type":"BreadcrumbList","@id":"https:\/\/ps-sonic.com\/fachwissen\/service\/sonderloesungen\/#breadcrumb","itemListElement":[{"@type":"ListItem","position":1,"name":"In\u00edcio","item":"https:\/\/ps-sonic.com\/"},{"@type":"ListItem","position":2,"name":"Service","item":"https:\/\/ps-sonic.com\/fachwissen\/"},{"@type":"ListItem","position":3,"name":"Leistungen","item":"https:\/\/ps-sonic.com\/fachwissen\/service\/"},{"@type":"ListItem","position":4,"name":"Sonderl\u00f6sungen"}]}]}},"_links":{"self":[{"href":"https:\/\/ps-sonic.com\/pt\/wp-json\/wp\/v2\/pages\/655"}],"collection":[{"href":"https:\/\/ps-sonic.com\/pt\/wp-json\/wp\/v2\/pages"}],"about":[{"href":"https:\/\/ps-sonic.com\/pt\/wp-json\/wp\/v2\/types\/page"}],"author":[{"embeddable":true,"href":"https:\/\/ps-sonic.com\/pt\/wp-json\/wp\/v2\/users\/1"}],"replies":[{"embeddable":true,"href":"https:\/\/ps-sonic.com\/pt\/wp-json\/wp\/v2\/comments?post=655"}],"version-history":[{"count":6,"href":"https:\/\/ps-sonic.com\/pt\/wp-json\/wp\/v2\/pages\/655\/revisions"}],"predecessor-version":[{"id":899,"href":"https:\/\/ps-sonic.com\/pt\/wp-json\/wp\/v2\/pages\/655\/revisions\/899"}],"up":[{"embeddable":true,"href":"https:\/\/ps-sonic.com\/pt\/wp-json\/wp\/v2\/pages\/651"}],"wp:attachment":[{"href":"https:\/\/ps-sonic.com\/pt\/wp-json\/wp\/v2\/media?parent=655"}],"curies":[{"name":"wp","href":"https:\/\/api.w.org\/{rel}","templated":true}]}}