{"id":656,"date":"2022-05-06T18:50:12","date_gmt":"2022-05-06T17:50:12","guid":{"rendered":"http:\/\/supersonic.inflightit.com\/?page_id=656"},"modified":"2022-07-08T15:12:55","modified_gmt":"2022-07-08T14:12:55","slug":"wartung","status":"publish","type":"page","link":"https:\/\/ps-sonic.com\/pt\/fachwissen\/service\/wartung\/","title":{"rendered":"Manuten\u00e7\u00e3o"},"content":{"rendered":"<p>A manuten\u00e7\u00e3o regular \u00e9 necess\u00e1ria e recomend\u00e1vel n\u00e3o s\u00f3 para novos sistemas, mas tamb\u00e9m para os seus sistemas de humidifica\u00e7\u00e3o existentes.<\/p>\n\n\n\n<p>Cada sistema de humidifica\u00e7\u00e3o \u00e9 apenas t\u00e3o seguro, higi\u00e9nico e economicamente rent\u00e1vel como o conceito de manuten\u00e7\u00e3o por detr\u00e1s dele.<\/p>\n\n\n\n<p>Avalia\u00e7\u00e3o da higiene<\/p>\n\n\n\n<p>Realizamos automaticamente uma avalia\u00e7\u00e3o de higiene durante a manuten\u00e7\u00e3o como parte de um contrato de manuten\u00e7\u00e3o. Naturalmente, pode tamb\u00e9m encomendar-nos uma avalia\u00e7\u00e3o de higiene em qualquer altura sem um contrato de manuten\u00e7\u00e3o existente.<\/p>\n\n\n\n<p><\/p>","protected":false},"excerpt":{"rendered":"<p>Nicht nur f\u00fcr Neuanlagen, sondern auch f\u00fcr Ihre Bestands-Befeuchtungsanlagen ist eine regelm\u00e4\u00dfige Wartung erforderlich und sinnvoll. Jede Luftbefeuchtungsanlage ist nur so sicher, hygienisch und wirtschaftlich rentabel, wie das dahinterstehende Wartungskonzept. Hygienebeurteilung Automatisch f\u00fchren wir bei der Wartung im Rahmen eines Wartungsvertrags eine Hygienebeurteilung durch. Selbstverst\u00e4ndlich k\u00f6nnen Sie auch ohne bestehenden Wartungsvertrag jederzeit eine Hygienebeurteilung bei [&hellip;]<\/p>","protected":false},"author":1,"featured_media":0,"parent":651,"menu_order":0,"comment_status":"closed","ping_status":"closed","template":"","meta":[],"yoast_head":"<!-- This site is optimized with the Yoast SEO plugin v18.6 - https:\/\/yoast.com\/wordpress\/plugins\/seo\/ -->\n<title>Wartung - Supersonic<\/title>\n<meta name=\"robots\" content=\"index, follow, max-snippet:-1, max-image-preview:large, max-video-preview:-1\" \/>\n<link rel=\"canonical\" href=\"https:\/\/ps-sonic.com\/pt\/fachwissen\/service\/wartung\/\" \/>\n<meta property=\"og:locale\" content=\"pt_PT\" \/>\n<meta property=\"og:type\" content=\"article\" \/>\n<meta property=\"og:title\" content=\"Wartung - Supersonic\" \/>\n<meta property=\"og:description\" content=\"Nicht nur f\u00fcr Neuanlagen, sondern auch f\u00fcr Ihre Bestands-Befeuchtungsanlagen ist eine regelm\u00e4\u00dfige Wartung erforderlich und sinnvoll. Jede Luftbefeuchtungsanlage ist nur so sicher, hygienisch und wirtschaftlich rentabel, wie das dahinterstehende Wartungskonzept. Hygienebeurteilung Automatisch f\u00fchren wir bei der Wartung im Rahmen eines Wartungsvertrags eine Hygienebeurteilung durch. Selbstverst\u00e4ndlich k\u00f6nnen Sie auch ohne bestehenden Wartungsvertrag jederzeit eine Hygienebeurteilung bei [&hellip;]\" \/>\n<meta property=\"og:url\" content=\"https:\/\/ps-sonic.com\/pt\/fachwissen\/service\/wartung\/\" \/>\n<meta property=\"og:site_name\" content=\"Supersonic\" \/>\n<meta property=\"article:modified_time\" content=\"2022-07-08T14:12:55+00:00\" \/>\n<meta name=\"twitter:card\" content=\"summary_large_image\" \/>\n<meta name=\"twitter:label1\" content=\"Tempo estimado de leitura\" \/>\n\t<meta name=\"twitter:data1\" content=\"1 minuto\" \/>\n<script type=\"application\/ld+json\" class=\"yoast-schema-graph\">{\"@context\":\"https:\/\/schema.org\",\"@graph\":[{\"@type\":\"WebSite\",\"@id\":\"https:\/\/ps-sonic.com\/#website\",\"url\":\"https:\/\/ps-sonic.com\/\",\"name\":\"Supersonic\",\"description\":\"Supersonic - A Arte da Humidifica\u00e7\u00e3o\",\"potentialAction\":[{\"@type\":\"SearchAction\",\"target\":{\"@type\":\"EntryPoint\",\"urlTemplate\":\"https:\/\/ps-sonic.com\/?s={search_term_string}\"},\"query-input\":\"required name=search_term_string\"}],\"inLanguage\":\"pt-PT\"},{\"@type\":\"WebPage\",\"@id\":\"https:\/\/ps-sonic.com\/fachwissen\/service\/wartung\/#webpage\",\"url\":\"https:\/\/ps-sonic.com\/fachwissen\/service\/wartung\/\",\"name\":\"Wartung - Supersonic\",\"isPartOf\":{\"@id\":\"https:\/\/ps-sonic.com\/#website\"},\"datePublished\":\"2022-05-06T17:50:12+00:00\",\"dateModified\":\"2022-07-08T14:12:55+00:00\",\"breadcrumb\":{\"@id\":\"https:\/\/ps-sonic.com\/fachwissen\/service\/wartung\/#breadcrumb\"},\"inLanguage\":\"pt-PT\",\"potentialAction\":[{\"@type\":\"ReadAction\",\"target\":[\"https:\/\/ps-sonic.com\/fachwissen\/service\/wartung\/\"]}]},{\"@type\":\"BreadcrumbList\",\"@id\":\"https:\/\/ps-sonic.com\/fachwissen\/service\/wartung\/#breadcrumb\",\"itemListElement\":[{\"@type\":\"ListItem\",\"position\":1,\"name\":\"In\u00edcio\",\"item\":\"https:\/\/ps-sonic.com\/\"},{\"@type\":\"ListItem\",\"position\":2,\"name\":\"Service\",\"item\":\"https:\/\/ps-sonic.com\/fachwissen\/\"},{\"@type\":\"ListItem\",\"position\":3,\"name\":\"Leistungen\",\"item\":\"https:\/\/ps-sonic.com\/fachwissen\/service\/\"},{\"@type\":\"ListItem\",\"position\":4,\"name\":\"Wartung\"}]}]}<\/script>\n<!-- \/ Yoast SEO plugin. -->","yoast_head_json":{"title":"Wartung - Supersonic","robots":{"index":"index","follow":"follow","max-snippet":"max-snippet:-1","max-image-preview":"max-image-preview:large","max-video-preview":"max-video-preview:-1"},"canonical":"https:\/\/ps-sonic.com\/pt\/fachwissen\/service\/wartung\/","og_locale":"pt_PT","og_type":"article","og_title":"Wartung - Supersonic","og_description":"Nicht nur f\u00fcr Neuanlagen, sondern auch f\u00fcr Ihre Bestands-Befeuchtungsanlagen ist eine regelm\u00e4\u00dfige Wartung erforderlich und sinnvoll. Jede Luftbefeuchtungsanlage ist nur so sicher, hygienisch und wirtschaftlich rentabel, wie das dahinterstehende Wartungskonzept. Hygienebeurteilung Automatisch f\u00fchren wir bei der Wartung im Rahmen eines Wartungsvertrags eine Hygienebeurteilung durch. Selbstverst\u00e4ndlich k\u00f6nnen Sie auch ohne bestehenden Wartungsvertrag jederzeit eine Hygienebeurteilung bei [&hellip;]","og_url":"https:\/\/ps-sonic.com\/pt\/fachwissen\/service\/wartung\/","og_site_name":"Supersonic","article_modified_time":"2022-07-08T14:12:55+00:00","twitter_card":"summary_large_image","twitter_misc":{"Tempo estimado de leitura":"1 minuto"},"schema":{"@context":"https:\/\/schema.org","@graph":[{"@type":"WebSite","@id":"https:\/\/ps-sonic.com\/#website","url":"https:\/\/ps-sonic.com\/","name":"Supersonic","description":"Supersonic - A Arte da Humidifica\u00e7\u00e3o","potentialAction":[{"@type":"SearchAction","target":{"@type":"EntryPoint","urlTemplate":"https:\/\/ps-sonic.com\/?s={search_term_string}"},"query-input":"required name=search_term_string"}],"inLanguage":"pt-PT"},{"@type":"WebPage","@id":"https:\/\/ps-sonic.com\/fachwissen\/service\/wartung\/#webpage","url":"https:\/\/ps-sonic.com\/fachwissen\/service\/wartung\/","name":"Wartung - Supersonic","isPartOf":{"@id":"https:\/\/ps-sonic.com\/#website"},"datePublished":"2022-05-06T17:50:12+00:00","dateModified":"2022-07-08T14:12:55+00:00","breadcrumb":{"@id":"https:\/\/ps-sonic.com\/fachwissen\/service\/wartung\/#breadcrumb"},"inLanguage":"pt-PT","potentialAction":[{"@type":"ReadAction","target":["https:\/\/ps-sonic.com\/fachwissen\/service\/wartung\/"]}]},{"@type":"BreadcrumbList","@id":"https:\/\/ps-sonic.com\/fachwissen\/service\/wartung\/#breadcrumb","itemListElement":[{"@type":"ListItem","position":1,"name":"In\u00edcio","item":"https:\/\/ps-sonic.com\/"},{"@type":"ListItem","position":2,"name":"Service","item":"https:\/\/ps-sonic.com\/fachwissen\/"},{"@type":"ListItem","position":3,"name":"Leistungen","item":"https:\/\/ps-sonic.com\/fachwissen\/service\/"},{"@type":"ListItem","position":4,"name":"Wartung"}]}]}},"_links":{"self":[{"href":"https:\/\/ps-sonic.com\/pt\/wp-json\/wp\/v2\/pages\/656"}],"collection":[{"href":"https:\/\/ps-sonic.com\/pt\/wp-json\/wp\/v2\/pages"}],"about":[{"href":"https:\/\/ps-sonic.com\/pt\/wp-json\/wp\/v2\/types\/page"}],"author":[{"embeddable":true,"href":"https:\/\/ps-sonic.com\/pt\/wp-json\/wp\/v2\/users\/1"}],"replies":[{"embeddable":true,"href":"https:\/\/ps-sonic.com\/pt\/wp-json\/wp\/v2\/comments?post=656"}],"version-history":[{"count":5,"href":"https:\/\/ps-sonic.com\/pt\/wp-json\/wp\/v2\/pages\/656\/revisions"}],"predecessor-version":[{"id":901,"href":"https:\/\/ps-sonic.com\/pt\/wp-json\/wp\/v2\/pages\/656\/revisions\/901"}],"up":[{"embeddable":true,"href":"https:\/\/ps-sonic.com\/pt\/wp-json\/wp\/v2\/pages\/651"}],"wp:attachment":[{"href":"https:\/\/ps-sonic.com\/pt\/wp-json\/wp\/v2\/media?parent=656"}],"curies":[{"name":"wp","href":"https:\/\/api.w.org\/{rel}","templated":true}]}}