{"id":662,"date":"2022-05-06T18:50:53","date_gmt":"2022-05-06T17:50:53","guid":{"rendered":"http:\/\/supersonic.inflightit.com\/?page_id=662"},"modified":"2022-07-29T15:41:43","modified_gmt":"2022-07-29T14:41:43","slug":"gesundheit","status":"publish","type":"page","link":"https:\/\/ps-sonic.com\/pt\/fachwissen\/gesundheit\/","title":{"rendered":"Sa\u00fade"},"content":{"rendered":"<div class=\"wp-block-columns pag-atuacao\">\n<div class=\"wp-block-column\" style=\"flex-basis:40%\">\n<div class=\"wp-block-cover is-light\" style=\"min-height:228px\"><span aria-hidden=\"true\" class=\"wp-block-cover__gradient-background has-background-dim\"><\/span><img class=\"wp-block-cover__image-background wp-image-846\" alt=\"\" src=\"https:\/\/ps-sonic.com\/wp-content\/uploads\/2022\/05\/saude.png\" data-object-fit=\"cover\"\/><div class=\"wp-block-cover__inner-container\">\n<p class=\"has-text-align-center has-large-font-size\">Sa\u00fade<\/p>\n<\/div><\/div>\n\n\n\n<p><\/p>\n<\/div>\n\n\n\n<div class=\"wp-block-column padding-top-1\" style=\"flex-basis:60%\">\n<p>O ar h\u00famido desempenha um papel importante nas nossas vidas, especialmente para a nossa sa\u00fade.<\/p>\n\n\n\n<div class=\"wp-block-columns\">\n<div class=\"wp-block-column area-atuacao-list\">\n<ul class=\"has-text-color\" style=\"color:#3d4043\"><li><a href=\"https:\/\/ps-sonic.com\/pt\/fachwissen\/gesundheit\/verbesserte-lebensqualitaet-durch-luftfeuchtigkeit\/\">Melhoria da qualidade de vida devido \u00e0 humidade<\/a><\/li><li><a href=\"https:\/\/ps-sonic.com\/pt\/fachwissen\/gesundheit\/trockene-luft\/\">Ar seco<\/a><\/li><li><a href=\"https:\/\/ps-sonic.com\/pt\/fachwissen\/gesundheit\/menschlicher-koerper\/\">O corpo humano<\/a><\/li><li><a href=\"https:\/\/ps-sonic.com\/pt\/fachwissen\/gesundheit\/infektionsminimierung-luftfeuchte-40-60\/\">Minimiza\u00e7\u00e3o da infe\u00e7\u00e3o<\/a><\/li><\/ul>\n<\/div>\n\n\n\n<div class=\"wp-block-column\"><\/div>\n<\/div>\n<\/div>\n<\/div>","protected":false},"excerpt":{"rendered":"<p>Feuchte Luft spielt eine wichtige Rolle in unserem Leben, besonders f\u00fcr unsere Gesundheit. Verbesserte Lebensqualit\u00e4t durch Luftfeuchtigkeit Trockene Luft Menschlicher K\u00f6rper Infektionsminimierung<\/p>","protected":false},"author":1,"featured_media":0,"parent":244,"menu_order":0,"comment_status":"closed","ping_status":"closed","template":"","meta":[],"yoast_head":"<!-- This site is optimized with the Yoast SEO plugin v18.6 - https:\/\/yoast.com\/wordpress\/plugins\/seo\/ -->\n<title>Gesundheit - Supersonic<\/title>\n<meta name=\"robots\" content=\"index, follow, max-snippet:-1, max-image-preview:large, max-video-preview:-1\" \/>\n<link rel=\"canonical\" href=\"https:\/\/ps-sonic.com\/pt\/fachwissen\/gesundheit\/\" \/>\n<meta property=\"og:locale\" content=\"pt_PT\" \/>\n<meta property=\"og:type\" content=\"article\" \/>\n<meta property=\"og:title\" content=\"Gesundheit - Supersonic\" \/>\n<meta property=\"og:description\" content=\"Feuchte Luft spielt eine wichtige Rolle in unserem Leben, besonders f\u00fcr unsere Gesundheit. Verbesserte Lebensqualit\u00e4t durch Luftfeuchtigkeit Trockene Luft Menschlicher K\u00f6rper Infektionsminimierung\" \/>\n<meta property=\"og:url\" content=\"https:\/\/ps-sonic.com\/pt\/fachwissen\/gesundheit\/\" \/>\n<meta property=\"og:site_name\" content=\"Supersonic\" \/>\n<meta property=\"article:modified_time\" content=\"2022-07-29T14:41:43+00:00\" \/>\n<meta property=\"og:image\" content=\"https:\/\/ps-sonic.com\/wp-content\/uploads\/2022\/05\/saude.png\" \/>\n<meta name=\"twitter:card\" content=\"summary_large_image\" \/>\n<meta name=\"twitter:label1\" content=\"Tempo estimado de leitura\" \/>\n\t<meta name=\"twitter:data1\" content=\"1 minuto\" \/>\n<script type=\"application\/ld+json\" class=\"yoast-schema-graph\">{\"@context\":\"https:\/\/schema.org\",\"@graph\":[{\"@type\":\"WebSite\",\"@id\":\"https:\/\/ps-sonic.com\/#website\",\"url\":\"https:\/\/ps-sonic.com\/\",\"name\":\"Supersonic\",\"description\":\"Supersonic - A Arte da Humidifica\u00e7\u00e3o\",\"potentialAction\":[{\"@type\":\"SearchAction\",\"target\":{\"@type\":\"EntryPoint\",\"urlTemplate\":\"https:\/\/ps-sonic.com\/?s={search_term_string}\"},\"query-input\":\"required name=search_term_string\"}],\"inLanguage\":\"pt-PT\"},{\"@type\":\"ImageObject\",\"@id\":\"https:\/\/ps-sonic.com\/fachwissen\/gesundheit\/#primaryimage\",\"inLanguage\":\"pt-PT\",\"url\":\"https:\/\/ps-sonic.com\/wp-content\/uploads\/2022\/05\/saude.png\",\"contentUrl\":\"https:\/\/ps-sonic.com\/wp-content\/uploads\/2022\/05\/saude.png\",\"width\":948,\"height\":711},{\"@type\":\"WebPage\",\"@id\":\"https:\/\/ps-sonic.com\/fachwissen\/gesundheit\/#webpage\",\"url\":\"https:\/\/ps-sonic.com\/fachwissen\/gesundheit\/\",\"name\":\"Gesundheit - Supersonic\",\"isPartOf\":{\"@id\":\"https:\/\/ps-sonic.com\/#website\"},\"primaryImageOfPage\":{\"@id\":\"https:\/\/ps-sonic.com\/fachwissen\/gesundheit\/#primaryimage\"},\"datePublished\":\"2022-05-06T17:50:53+00:00\",\"dateModified\":\"2022-07-29T14:41:43+00:00\",\"breadcrumb\":{\"@id\":\"https:\/\/ps-sonic.com\/fachwissen\/gesundheit\/#breadcrumb\"},\"inLanguage\":\"pt-PT\",\"potentialAction\":[{\"@type\":\"ReadAction\",\"target\":[\"https:\/\/ps-sonic.com\/fachwissen\/gesundheit\/\"]}]},{\"@type\":\"BreadcrumbList\",\"@id\":\"https:\/\/ps-sonic.com\/fachwissen\/gesundheit\/#breadcrumb\",\"itemListElement\":[{\"@type\":\"ListItem\",\"position\":1,\"name\":\"In\u00edcio\",\"item\":\"https:\/\/ps-sonic.com\/\"},{\"@type\":\"ListItem\",\"position\":2,\"name\":\"Service\",\"item\":\"https:\/\/ps-sonic.com\/fachwissen\/\"},{\"@type\":\"ListItem\",\"position\":3,\"name\":\"Gesundheit\"}]}]}<\/script>\n<!-- \/ Yoast SEO plugin. -->","yoast_head_json":{"title":"Gesundheit - Supersonic","robots":{"index":"index","follow":"follow","max-snippet":"max-snippet:-1","max-image-preview":"max-image-preview:large","max-video-preview":"max-video-preview:-1"},"canonical":"https:\/\/ps-sonic.com\/pt\/fachwissen\/gesundheit\/","og_locale":"pt_PT","og_type":"article","og_title":"Gesundheit - Supersonic","og_description":"Feuchte Luft spielt eine wichtige Rolle in unserem Leben, besonders f\u00fcr unsere Gesundheit. Verbesserte Lebensqualit\u00e4t durch Luftfeuchtigkeit Trockene Luft Menschlicher K\u00f6rper Infektionsminimierung","og_url":"https:\/\/ps-sonic.com\/pt\/fachwissen\/gesundheit\/","og_site_name":"Supersonic","article_modified_time":"2022-07-29T14:41:43+00:00","og_image":[{"url":"https:\/\/ps-sonic.com\/wp-content\/uploads\/2022\/05\/saude.png"}],"twitter_card":"summary_large_image","twitter_misc":{"Tempo estimado de leitura":"1 minuto"},"schema":{"@context":"https:\/\/schema.org","@graph":[{"@type":"WebSite","@id":"https:\/\/ps-sonic.com\/#website","url":"https:\/\/ps-sonic.com\/","name":"Supersonic","description":"Supersonic - A Arte da Humidifica\u00e7\u00e3o","potentialAction":[{"@type":"SearchAction","target":{"@type":"EntryPoint","urlTemplate":"https:\/\/ps-sonic.com\/?s={search_term_string}"},"query-input":"required name=search_term_string"}],"inLanguage":"pt-PT"},{"@type":"ImageObject","@id":"https:\/\/ps-sonic.com\/fachwissen\/gesundheit\/#primaryimage","inLanguage":"pt-PT","url":"https:\/\/ps-sonic.com\/wp-content\/uploads\/2022\/05\/saude.png","contentUrl":"https:\/\/ps-sonic.com\/wp-content\/uploads\/2022\/05\/saude.png","width":948,"height":711},{"@type":"WebPage","@id":"https:\/\/ps-sonic.com\/fachwissen\/gesundheit\/#webpage","url":"https:\/\/ps-sonic.com\/fachwissen\/gesundheit\/","name":"Gesundheit - Supersonic","isPartOf":{"@id":"https:\/\/ps-sonic.com\/#website"},"primaryImageOfPage":{"@id":"https:\/\/ps-sonic.com\/fachwissen\/gesundheit\/#primaryimage"},"datePublished":"2022-05-06T17:50:53+00:00","dateModified":"2022-07-29T14:41:43+00:00","breadcrumb":{"@id":"https:\/\/ps-sonic.com\/fachwissen\/gesundheit\/#breadcrumb"},"inLanguage":"pt-PT","potentialAction":[{"@type":"ReadAction","target":["https:\/\/ps-sonic.com\/fachwissen\/gesundheit\/"]}]},{"@type":"BreadcrumbList","@id":"https:\/\/ps-sonic.com\/fachwissen\/gesundheit\/#breadcrumb","itemListElement":[{"@type":"ListItem","position":1,"name":"In\u00edcio","item":"https:\/\/ps-sonic.com\/"},{"@type":"ListItem","position":2,"name":"Service","item":"https:\/\/ps-sonic.com\/fachwissen\/"},{"@type":"ListItem","position":3,"name":"Gesundheit"}]}]}},"_links":{"self":[{"href":"https:\/\/ps-sonic.com\/pt\/wp-json\/wp\/v2\/pages\/662"}],"collection":[{"href":"https:\/\/ps-sonic.com\/pt\/wp-json\/wp\/v2\/pages"}],"about":[{"href":"https:\/\/ps-sonic.com\/pt\/wp-json\/wp\/v2\/types\/page"}],"author":[{"embeddable":true,"href":"https:\/\/ps-sonic.com\/pt\/wp-json\/wp\/v2\/users\/1"}],"replies":[{"embeddable":true,"href":"https:\/\/ps-sonic.com\/pt\/wp-json\/wp\/v2\/comments?post=662"}],"version-history":[{"count":3,"href":"https:\/\/ps-sonic.com\/pt\/wp-json\/wp\/v2\/pages\/662\/revisions"}],"predecessor-version":[{"id":989,"href":"https:\/\/ps-sonic.com\/pt\/wp-json\/wp\/v2\/pages\/662\/revisions\/989"}],"up":[{"embeddable":true,"href":"https:\/\/ps-sonic.com\/pt\/wp-json\/wp\/v2\/pages\/244"}],"wp:attachment":[{"href":"https:\/\/ps-sonic.com\/pt\/wp-json\/wp\/v2\/media?parent=662"}],"curies":[{"name":"wp","href":"https:\/\/api.w.org\/{rel}","templated":true}]}}