{"id":664,"date":"2022-05-06T18:51:34","date_gmt":"2022-05-06T17:51:34","guid":{"rendered":"http:\/\/supersonic.inflightit.com\/?page_id=664"},"modified":"2022-07-27T12:35:56","modified_gmt":"2022-07-27T11:35:56","slug":"menschlicher-koerper","status":"publish","type":"page","link":"https:\/\/ps-sonic.com\/pt\/fachwissen\/gesundheit\/menschlicher-koerper\/","title":{"rendered":"O corpo humano"},"content":{"rendered":"<p>O nosso corpo \u00e9 composto por um quarto de s\u00f3lidos e tr\u00eas quartos de \u00e1gua. Uma pessoa com 80 kg de peso cont\u00e9m cerca de 55 a 60 litros de \u00e1gua. O nosso corpo \u00e9 constru\u00eddo de tal forma que n\u00e3o pode armazenar \u00e1gua. N\u00e3o temos acesso a reservas quando h\u00e1 escassez de \u00e1gua. Se n\u00e3o consumirmos \u00e1gua regularmente, ficamos desidratados.<\/p>\n\n\n\n<p><\/p>\n\n\n\n<p>Portanto, \u00e9 importante beber sempre l\u00edquidos suficientes. O ambiente em que passamos o tempo tamb\u00e9m n\u00e3o deve ser ignorado. Quanto mais seco for o ar, mais o corpo humano perde \u00e1gua. Uma humidade entre 40 e 60% ajuda a manter o equil\u00edbrio com um aumento cont\u00ednuo dos l\u00edquidos.<\/p>","protected":false},"excerpt":{"rendered":"<p>Unser K\u00f6rper besteht zu einem Viertel aus Feststoffen und zu drei Vierteln aus Wasser. Ein 80 kg schwerer Mensch enth\u00e4lt ca. 55 bis 60 Liter Wasser. Unser K\u00f6rper ist so aufgebaut, dass er kein Wasser bevorraten kann. Wir haben kein Zugriff auf Reserven, wenn Wassermangel herrscht. Wenn wir nicht regelm\u00e4\u00dfig Wasser zu uns nehmen, trocknen [&hellip;]<\/p>","protected":false},"author":1,"featured_media":982,"parent":662,"menu_order":0,"comment_status":"closed","ping_status":"closed","template":"","meta":[],"yoast_head":"<!-- This site is optimized with the Yoast SEO plugin v18.6 - https:\/\/yoast.com\/wordpress\/plugins\/seo\/ -->\n<title>Der menschlicher K\u00f6rper - Supersonic<\/title>\n<meta name=\"robots\" content=\"index, follow, max-snippet:-1, max-image-preview:large, max-video-preview:-1\" \/>\n<link rel=\"canonical\" href=\"https:\/\/ps-sonic.com\/pt\/fachwissen\/gesundheit\/menschlicher-koerper\/\" \/>\n<meta property=\"og:locale\" content=\"pt_PT\" \/>\n<meta property=\"og:type\" content=\"article\" \/>\n<meta property=\"og:title\" content=\"Der menschlicher K\u00f6rper - Supersonic\" \/>\n<meta property=\"og:description\" content=\"Unser K\u00f6rper besteht zu einem Viertel aus Feststoffen und zu drei Vierteln aus Wasser. Ein 80 kg schwerer Mensch enth\u00e4lt ca. 55 bis 60 Liter Wasser. Unser K\u00f6rper ist so aufgebaut, dass er kein Wasser bevorraten kann. Wir haben kein Zugriff auf Reserven, wenn Wassermangel herrscht. Wenn wir nicht regelm\u00e4\u00dfig Wasser zu uns nehmen, trocknen [&hellip;]\" \/>\n<meta property=\"og:url\" content=\"https:\/\/ps-sonic.com\/pt\/fachwissen\/gesundheit\/menschlicher-koerper\/\" \/>\n<meta property=\"og:site_name\" content=\"Supersonic\" \/>\n<meta property=\"article:modified_time\" content=\"2022-07-27T11:35:56+00:00\" \/>\n<meta property=\"og:image\" content=\"https:\/\/ps-sonic.com\/wp-content\/uploads\/2022\/07\/iStock-1208575446.jpg\" \/>\n\t<meta property=\"og:image:width\" content=\"2500\" \/>\n\t<meta property=\"og:image:height\" content=\"1317\" \/>\n\t<meta property=\"og:image:type\" content=\"image\/jpeg\" \/>\n<meta name=\"twitter:card\" content=\"summary_large_image\" \/>\n<meta name=\"twitter:label1\" content=\"Tempo estimado de leitura\" \/>\n\t<meta name=\"twitter:data1\" content=\"1 minuto\" \/>\n<script type=\"application\/ld+json\" class=\"yoast-schema-graph\">{\"@context\":\"https:\/\/schema.org\",\"@graph\":[{\"@type\":\"WebSite\",\"@id\":\"https:\/\/ps-sonic.com\/#website\",\"url\":\"https:\/\/ps-sonic.com\/\",\"name\":\"Supersonic\",\"description\":\"Supersonic - A Arte da Humidifica\u00e7\u00e3o\",\"potentialAction\":[{\"@type\":\"SearchAction\",\"target\":{\"@type\":\"EntryPoint\",\"urlTemplate\":\"https:\/\/ps-sonic.com\/?s={search_term_string}\"},\"query-input\":\"required name=search_term_string\"}],\"inLanguage\":\"pt-PT\"},{\"@type\":\"ImageObject\",\"@id\":\"https:\/\/ps-sonic.com\/fachwissen\/gesundheit\/menschlicher-koerper\/#primaryimage\",\"inLanguage\":\"pt-PT\",\"url\":\"https:\/\/ps-sonic.com\/wp-content\/uploads\/2022\/07\/iStock-1208575446.jpg\",\"contentUrl\":\"https:\/\/ps-sonic.com\/wp-content\/uploads\/2022\/07\/iStock-1208575446.jpg\",\"width\":2500,\"height\":1317,\"caption\":\"Low angle shot of a senior man standing alone and drinking water after a workout in his back garden\"},{\"@type\":\"WebPage\",\"@id\":\"https:\/\/ps-sonic.com\/fachwissen\/gesundheit\/menschlicher-koerper\/#webpage\",\"url\":\"https:\/\/ps-sonic.com\/fachwissen\/gesundheit\/menschlicher-koerper\/\",\"name\":\"Der menschlicher K\u00f6rper - Supersonic\",\"isPartOf\":{\"@id\":\"https:\/\/ps-sonic.com\/#website\"},\"primaryImageOfPage\":{\"@id\":\"https:\/\/ps-sonic.com\/fachwissen\/gesundheit\/menschlicher-koerper\/#primaryimage\"},\"datePublished\":\"2022-05-06T17:51:34+00:00\",\"dateModified\":\"2022-07-27T11:35:56+00:00\",\"breadcrumb\":{\"@id\":\"https:\/\/ps-sonic.com\/fachwissen\/gesundheit\/menschlicher-koerper\/#breadcrumb\"},\"inLanguage\":\"pt-PT\",\"potentialAction\":[{\"@type\":\"ReadAction\",\"target\":[\"https:\/\/ps-sonic.com\/fachwissen\/gesundheit\/menschlicher-koerper\/\"]}]},{\"@type\":\"BreadcrumbList\",\"@id\":\"https:\/\/ps-sonic.com\/fachwissen\/gesundheit\/menschlicher-koerper\/#breadcrumb\",\"itemListElement\":[{\"@type\":\"ListItem\",\"position\":1,\"name\":\"In\u00edcio\",\"item\":\"https:\/\/ps-sonic.com\/\"},{\"@type\":\"ListItem\",\"position\":2,\"name\":\"Service\",\"item\":\"https:\/\/ps-sonic.com\/fachwissen\/\"},{\"@type\":\"ListItem\",\"position\":3,\"name\":\"Gesundheit\",\"item\":\"https:\/\/ps-sonic.com\/fachwissen\/gesundheit\/\"},{\"@type\":\"ListItem\",\"position\":4,\"name\":\"Der menschlicher K\u00f6rper\"}]}]}<\/script>\n<!-- \/ Yoast SEO plugin. -->","yoast_head_json":{"title":"Der menschlicher K\u00f6rper - Supersonic","robots":{"index":"index","follow":"follow","max-snippet":"max-snippet:-1","max-image-preview":"max-image-preview:large","max-video-preview":"max-video-preview:-1"},"canonical":"https:\/\/ps-sonic.com\/pt\/fachwissen\/gesundheit\/menschlicher-koerper\/","og_locale":"pt_PT","og_type":"article","og_title":"Der menschlicher K\u00f6rper - Supersonic","og_description":"Unser K\u00f6rper besteht zu einem Viertel aus Feststoffen und zu drei Vierteln aus Wasser. Ein 80 kg schwerer Mensch enth\u00e4lt ca. 55 bis 60 Liter Wasser. Unser K\u00f6rper ist so aufgebaut, dass er kein Wasser bevorraten kann. Wir haben kein Zugriff auf Reserven, wenn Wassermangel herrscht. Wenn wir nicht regelm\u00e4\u00dfig Wasser zu uns nehmen, trocknen [&hellip;]","og_url":"https:\/\/ps-sonic.com\/pt\/fachwissen\/gesundheit\/menschlicher-koerper\/","og_site_name":"Supersonic","article_modified_time":"2022-07-27T11:35:56+00:00","og_image":[{"width":2500,"height":1317,"url":"https:\/\/ps-sonic.com\/wp-content\/uploads\/2022\/07\/iStock-1208575446.jpg","type":"image\/jpeg"}],"twitter_card":"summary_large_image","twitter_misc":{"Tempo estimado de leitura":"1 minuto"},"schema":{"@context":"https:\/\/schema.org","@graph":[{"@type":"WebSite","@id":"https:\/\/ps-sonic.com\/#website","url":"https:\/\/ps-sonic.com\/","name":"Supersonic","description":"Supersonic - A Arte da Humidifica\u00e7\u00e3o","potentialAction":[{"@type":"SearchAction","target":{"@type":"EntryPoint","urlTemplate":"https:\/\/ps-sonic.com\/?s={search_term_string}"},"query-input":"required name=search_term_string"}],"inLanguage":"pt-PT"},{"@type":"ImageObject","@id":"https:\/\/ps-sonic.com\/fachwissen\/gesundheit\/menschlicher-koerper\/#primaryimage","inLanguage":"pt-PT","url":"https:\/\/ps-sonic.com\/wp-content\/uploads\/2022\/07\/iStock-1208575446.jpg","contentUrl":"https:\/\/ps-sonic.com\/wp-content\/uploads\/2022\/07\/iStock-1208575446.jpg","width":2500,"height":1317,"caption":"Low angle shot of a senior man standing alone and drinking water after a workout in his back garden"},{"@type":"WebPage","@id":"https:\/\/ps-sonic.com\/fachwissen\/gesundheit\/menschlicher-koerper\/#webpage","url":"https:\/\/ps-sonic.com\/fachwissen\/gesundheit\/menschlicher-koerper\/","name":"Der menschlicher K\u00f6rper - Supersonic","isPartOf":{"@id":"https:\/\/ps-sonic.com\/#website"},"primaryImageOfPage":{"@id":"https:\/\/ps-sonic.com\/fachwissen\/gesundheit\/menschlicher-koerper\/#primaryimage"},"datePublished":"2022-05-06T17:51:34+00:00","dateModified":"2022-07-27T11:35:56+00:00","breadcrumb":{"@id":"https:\/\/ps-sonic.com\/fachwissen\/gesundheit\/menschlicher-koerper\/#breadcrumb"},"inLanguage":"pt-PT","potentialAction":[{"@type":"ReadAction","target":["https:\/\/ps-sonic.com\/fachwissen\/gesundheit\/menschlicher-koerper\/"]}]},{"@type":"BreadcrumbList","@id":"https:\/\/ps-sonic.com\/fachwissen\/gesundheit\/menschlicher-koerper\/#breadcrumb","itemListElement":[{"@type":"ListItem","position":1,"name":"In\u00edcio","item":"https:\/\/ps-sonic.com\/"},{"@type":"ListItem","position":2,"name":"Service","item":"https:\/\/ps-sonic.com\/fachwissen\/"},{"@type":"ListItem","position":3,"name":"Gesundheit","item":"https:\/\/ps-sonic.com\/fachwissen\/gesundheit\/"},{"@type":"ListItem","position":4,"name":"Der menschlicher K\u00f6rper"}]}]}},"_links":{"self":[{"href":"https:\/\/ps-sonic.com\/pt\/wp-json\/wp\/v2\/pages\/664"}],"collection":[{"href":"https:\/\/ps-sonic.com\/pt\/wp-json\/wp\/v2\/pages"}],"about":[{"href":"https:\/\/ps-sonic.com\/pt\/wp-json\/wp\/v2\/types\/page"}],"author":[{"embeddable":true,"href":"https:\/\/ps-sonic.com\/pt\/wp-json\/wp\/v2\/users\/1"}],"replies":[{"embeddable":true,"href":"https:\/\/ps-sonic.com\/pt\/wp-json\/wp\/v2\/comments?post=664"}],"version-history":[{"count":5,"href":"https:\/\/ps-sonic.com\/pt\/wp-json\/wp\/v2\/pages\/664\/revisions"}],"predecessor-version":[{"id":909,"href":"https:\/\/ps-sonic.com\/pt\/wp-json\/wp\/v2\/pages\/664\/revisions\/909"}],"up":[{"embeddable":true,"href":"https:\/\/ps-sonic.com\/pt\/wp-json\/wp\/v2\/pages\/662"}],"wp:featuredmedia":[{"embeddable":true,"href":"https:\/\/ps-sonic.com\/pt\/wp-json\/wp\/v2\/media\/982"}],"wp:attachment":[{"href":"https:\/\/ps-sonic.com\/pt\/wp-json\/wp\/v2\/media?parent=664"}],"curies":[{"name":"wp","href":"https:\/\/api.w.org\/{rel}","templated":true}]}}