{"id":665,"date":"2022-05-06T18:51:46","date_gmt":"2022-05-06T17:51:46","guid":{"rendered":"http:\/\/supersonic.inflightit.com\/?page_id=665"},"modified":"2022-07-08T15:18:57","modified_gmt":"2022-07-08T14:18:57","slug":"infektionsminimierung-luftfeuchte-40-60","status":"publish","type":"page","link":"https:\/\/ps-sonic.com\/pt\/fachwissen\/gesundheit\/infektionsminimierung-luftfeuchte-40-60\/","title":{"rendered":"Humidade de 40 a 60% (minimiza\u00e7\u00e3o da infe\u00e7\u00e3o)"},"content":{"rendered":"<p>V\u00e1rios estudos t\u00eam demonstrado que o risco de infe\u00e7\u00e3o \u00e9 significativamente minimizado quando n\u00f3s humanos passamos tempo em \u00e1reas com uma humidade de 40 a 60% (a uma temperatura ambiente de +21 \u00b0C).<\/p>\n\n\n\n<p>A maioria dos v\u00edrus e\/ou micr\u00f3bios est\u00e3o inativos nesta faixa e representam um risco significativamente menor de infe\u00e7\u00e3o.<\/p>\n\n\n\n<p>As pessoas que s\u00e3o al\u00e9rgicas ao p\u00f3 podem beneficiar da humidade, porque as part\u00edculas que est\u00e3o no ar acumulam-se com as part\u00edculas de \u00e1gua, que se tornam mais pesadas e caem no ch\u00e3o como resultado. O mesmo se aplica aos v\u00edrus. Aqueles que sobrevivem t\u00eam muito menos probabilidades de permanecer na zona de respira\u00e7\u00e3o, uma vez que tamb\u00e9m caem ao ch\u00e3o.<\/p>\n\n\n\n<p><\/p>","protected":false},"excerpt":{"rendered":"<p>Diverse Studien haben ergeben, dass das Infektionsrisiko deutlich minimiert wird, wenn wir Menschen uns in Bereichen mit einer Luftfeuchte von 40 bis 60 % (bei einer Raumtemperatur von +21 \u00b0C) aufhalten. Die meisten Viren und\/oder Mikroben sind in diesem Bereich inaktiv und stellen eine deutlich geringeres Infektionsrisiko dar. Stauballergiker k\u00f6nnen von der Luftfeuchte profitieren, da [&hellip;]<\/p>","protected":false},"author":1,"featured_media":0,"parent":662,"menu_order":0,"comment_status":"closed","ping_status":"closed","template":"","meta":[],"yoast_head":"<!-- This site is optimized with the Yoast SEO plugin v18.6 - https:\/\/yoast.com\/wordpress\/plugins\/seo\/ -->\n<title>(Infektionsminimierung) Luftfeuchte 40-60 % - Supersonic<\/title>\n<meta name=\"robots\" content=\"index, follow, max-snippet:-1, max-image-preview:large, max-video-preview:-1\" \/>\n<link rel=\"canonical\" href=\"https:\/\/ps-sonic.com\/pt\/fachwissen\/gesundheit\/infektionsminimierung-luftfeuchte-40-60\/\" \/>\n<meta property=\"og:locale\" content=\"pt_PT\" \/>\n<meta property=\"og:type\" content=\"article\" \/>\n<meta property=\"og:title\" content=\"(Infektionsminimierung) Luftfeuchte 40-60 % - Supersonic\" \/>\n<meta property=\"og:description\" content=\"Diverse Studien haben ergeben, dass das Infektionsrisiko deutlich minimiert wird, wenn wir Menschen uns in Bereichen mit einer Luftfeuchte von 40 bis 60 % (bei einer Raumtemperatur von +21 \u00b0C) aufhalten. Die meisten Viren und\/oder Mikroben sind in diesem Bereich inaktiv und stellen eine deutlich geringeres Infektionsrisiko dar. Stauballergiker k\u00f6nnen von der Luftfeuchte profitieren, da [&hellip;]\" \/>\n<meta property=\"og:url\" content=\"https:\/\/ps-sonic.com\/pt\/fachwissen\/gesundheit\/infektionsminimierung-luftfeuchte-40-60\/\" \/>\n<meta property=\"og:site_name\" content=\"Supersonic\" \/>\n<meta property=\"article:modified_time\" content=\"2022-07-08T14:18:57+00:00\" \/>\n<meta name=\"twitter:card\" content=\"summary_large_image\" \/>\n<meta name=\"twitter:label1\" content=\"Tempo estimado de leitura\" \/>\n\t<meta name=\"twitter:data1\" content=\"1 minuto\" \/>\n<script type=\"application\/ld+json\" class=\"yoast-schema-graph\">{\"@context\":\"https:\/\/schema.org\",\"@graph\":[{\"@type\":\"WebSite\",\"@id\":\"https:\/\/ps-sonic.com\/#website\",\"url\":\"https:\/\/ps-sonic.com\/\",\"name\":\"Supersonic\",\"description\":\"Supersonic - A Arte da Humidifica\u00e7\u00e3o\",\"potentialAction\":[{\"@type\":\"SearchAction\",\"target\":{\"@type\":\"EntryPoint\",\"urlTemplate\":\"https:\/\/ps-sonic.com\/?s={search_term_string}\"},\"query-input\":\"required name=search_term_string\"}],\"inLanguage\":\"pt-PT\"},{\"@type\":\"WebPage\",\"@id\":\"https:\/\/ps-sonic.com\/fachwissen\/gesundheit\/infektionsminimierung-luftfeuchte-40-60\/#webpage\",\"url\":\"https:\/\/ps-sonic.com\/fachwissen\/gesundheit\/infektionsminimierung-luftfeuchte-40-60\/\",\"name\":\"(Infektionsminimierung) Luftfeuchte 40-60 % - Supersonic\",\"isPartOf\":{\"@id\":\"https:\/\/ps-sonic.com\/#website\"},\"datePublished\":\"2022-05-06T17:51:46+00:00\",\"dateModified\":\"2022-07-08T14:18:57+00:00\",\"breadcrumb\":{\"@id\":\"https:\/\/ps-sonic.com\/fachwissen\/gesundheit\/infektionsminimierung-luftfeuchte-40-60\/#breadcrumb\"},\"inLanguage\":\"pt-PT\",\"potentialAction\":[{\"@type\":\"ReadAction\",\"target\":[\"https:\/\/ps-sonic.com\/fachwissen\/gesundheit\/infektionsminimierung-luftfeuchte-40-60\/\"]}]},{\"@type\":\"BreadcrumbList\",\"@id\":\"https:\/\/ps-sonic.com\/fachwissen\/gesundheit\/infektionsminimierung-luftfeuchte-40-60\/#breadcrumb\",\"itemListElement\":[{\"@type\":\"ListItem\",\"position\":1,\"name\":\"In\u00edcio\",\"item\":\"https:\/\/ps-sonic.com\/\"},{\"@type\":\"ListItem\",\"position\":2,\"name\":\"Service\",\"item\":\"https:\/\/ps-sonic.com\/fachwissen\/\"},{\"@type\":\"ListItem\",\"position\":3,\"name\":\"Gesundheit\",\"item\":\"https:\/\/ps-sonic.com\/fachwissen\/gesundheit\/\"},{\"@type\":\"ListItem\",\"position\":4,\"name\":\"(Infektionsminimierung) Luftfeuchte 40-60 %\"}]}]}<\/script>\n<!-- \/ Yoast SEO plugin. -->","yoast_head_json":{"title":"(Infektionsminimierung) Luftfeuchte 40-60 % - Supersonic","robots":{"index":"index","follow":"follow","max-snippet":"max-snippet:-1","max-image-preview":"max-image-preview:large","max-video-preview":"max-video-preview:-1"},"canonical":"https:\/\/ps-sonic.com\/pt\/fachwissen\/gesundheit\/infektionsminimierung-luftfeuchte-40-60\/","og_locale":"pt_PT","og_type":"article","og_title":"(Infektionsminimierung) Luftfeuchte 40-60 % - Supersonic","og_description":"Diverse Studien haben ergeben, dass das Infektionsrisiko deutlich minimiert wird, wenn wir Menschen uns in Bereichen mit einer Luftfeuchte von 40 bis 60 % (bei einer Raumtemperatur von +21 \u00b0C) aufhalten. Die meisten Viren und\/oder Mikroben sind in diesem Bereich inaktiv und stellen eine deutlich geringeres Infektionsrisiko dar. Stauballergiker k\u00f6nnen von der Luftfeuchte profitieren, da [&hellip;]","og_url":"https:\/\/ps-sonic.com\/pt\/fachwissen\/gesundheit\/infektionsminimierung-luftfeuchte-40-60\/","og_site_name":"Supersonic","article_modified_time":"2022-07-08T14:18:57+00:00","twitter_card":"summary_large_image","twitter_misc":{"Tempo estimado de leitura":"1 minuto"},"schema":{"@context":"https:\/\/schema.org","@graph":[{"@type":"WebSite","@id":"https:\/\/ps-sonic.com\/#website","url":"https:\/\/ps-sonic.com\/","name":"Supersonic","description":"Supersonic - A Arte da Humidifica\u00e7\u00e3o","potentialAction":[{"@type":"SearchAction","target":{"@type":"EntryPoint","urlTemplate":"https:\/\/ps-sonic.com\/?s={search_term_string}"},"query-input":"required name=search_term_string"}],"inLanguage":"pt-PT"},{"@type":"WebPage","@id":"https:\/\/ps-sonic.com\/fachwissen\/gesundheit\/infektionsminimierung-luftfeuchte-40-60\/#webpage","url":"https:\/\/ps-sonic.com\/fachwissen\/gesundheit\/infektionsminimierung-luftfeuchte-40-60\/","name":"(Infektionsminimierung) Luftfeuchte 40-60 % - Supersonic","isPartOf":{"@id":"https:\/\/ps-sonic.com\/#website"},"datePublished":"2022-05-06T17:51:46+00:00","dateModified":"2022-07-08T14:18:57+00:00","breadcrumb":{"@id":"https:\/\/ps-sonic.com\/fachwissen\/gesundheit\/infektionsminimierung-luftfeuchte-40-60\/#breadcrumb"},"inLanguage":"pt-PT","potentialAction":[{"@type":"ReadAction","target":["https:\/\/ps-sonic.com\/fachwissen\/gesundheit\/infektionsminimierung-luftfeuchte-40-60\/"]}]},{"@type":"BreadcrumbList","@id":"https:\/\/ps-sonic.com\/fachwissen\/gesundheit\/infektionsminimierung-luftfeuchte-40-60\/#breadcrumb","itemListElement":[{"@type":"ListItem","position":1,"name":"In\u00edcio","item":"https:\/\/ps-sonic.com\/"},{"@type":"ListItem","position":2,"name":"Service","item":"https:\/\/ps-sonic.com\/fachwissen\/"},{"@type":"ListItem","position":3,"name":"Gesundheit","item":"https:\/\/ps-sonic.com\/fachwissen\/gesundheit\/"},{"@type":"ListItem","position":4,"name":"(Infektionsminimierung) Luftfeuchte 40-60 %"}]}]}},"_links":{"self":[{"href":"https:\/\/ps-sonic.com\/pt\/wp-json\/wp\/v2\/pages\/665"}],"collection":[{"href":"https:\/\/ps-sonic.com\/pt\/wp-json\/wp\/v2\/pages"}],"about":[{"href":"https:\/\/ps-sonic.com\/pt\/wp-json\/wp\/v2\/types\/page"}],"author":[{"embeddable":true,"href":"https:\/\/ps-sonic.com\/pt\/wp-json\/wp\/v2\/users\/1"}],"replies":[{"embeddable":true,"href":"https:\/\/ps-sonic.com\/pt\/wp-json\/wp\/v2\/comments?post=665"}],"version-history":[{"count":5,"href":"https:\/\/ps-sonic.com\/pt\/wp-json\/wp\/v2\/pages\/665\/revisions"}],"predecessor-version":[{"id":910,"href":"https:\/\/ps-sonic.com\/pt\/wp-json\/wp\/v2\/pages\/665\/revisions\/910"}],"up":[{"embeddable":true,"href":"https:\/\/ps-sonic.com\/pt\/wp-json\/wp\/v2\/pages\/662"}],"wp:attachment":[{"href":"https:\/\/ps-sonic.com\/pt\/wp-json\/wp\/v2\/media?parent=665"}],"curies":[{"name":"wp","href":"https:\/\/api.w.org\/{rel}","templated":true}]}}