{"id":672,"date":"2022-05-06T18:52:29","date_gmt":"2022-05-06T17:52:29","guid":{"rendered":"http:\/\/supersonic.inflightit.com\/?page_id=672"},"modified":"2022-07-29T15:41:58","modified_gmt":"2022-07-29T14:41:58","slug":"anwendungsbereiche","status":"publish","type":"page","link":"https:\/\/ps-sonic.com\/pt\/fachwissen\/anwendungsbereiche\/","title":{"rendered":"Campos de aplica\u00e7\u00e3o"},"content":{"rendered":"<div class=\"wp-block-columns pag-atuacao\">\n<div class=\"wp-block-column\" style=\"flex-basis:40%\">\n<div class=\"wp-block-cover is-light\" style=\"min-height:228px\"><span aria-hidden=\"true\" class=\"wp-block-cover__gradient-background has-background-dim\"><\/span><img loading=\"lazy\" width=\"948\" height=\"711\" class=\"wp-block-cover__image-background wp-image-847\" alt=\"\" src=\"https:\/\/ps-sonic.com\/wp-content\/uploads\/2022\/05\/aplica.png\" data-object-fit=\"cover\"\/><div class=\"wp-block-cover__inner-container\">\n<p class=\"has-text-align-center has-large-font-size\">Campos de aplica\u00e7\u00e3o<\/p>\n<\/div><\/div>\n\n\n\n<p><\/p>\n<\/div>\n\n\n\n<div class=\"wp-block-column padding-top-1\" style=\"flex-basis:60%\">\n<p>A humidifica\u00e7\u00e3o do ar \u00e9 usada em todo o mundo. \u00c9 feita uma distin\u00e7\u00e3o entre aplica\u00e7\u00f5es t\u00e9cnicas e de conforto.<\/p>\n\n\n\n<div class=\"wp-block-columns\">\n<div class=\"wp-block-column area-atuacao-list\">\n<ul class=\"has-text-color\" style=\"color:#3d4043\"><li><a href=\"https:\/\/ps-sonic.com\/pt\/fachwissen\/anwendungsbereiche\/elektroindustrie\/\">Ind\u00fastria el\u00e9trica<\/a><\/li><li><a href=\"https:\/\/ps-sonic.com\/pt\/fachwissen\/anwendungsbereiche\/druckerei\/\">Unidade de impress\u00e3o<\/a><\/li><li><a href=\"https:\/\/ps-sonic.com\/pt\/fachwissen\/anwendungsbereiche\/rechenzentren\/\">Centros de dados<\/a><\/li><li><a href=\"https:\/\/ps-sonic.com\/pt\/fachwissen\/anwendungsbereiche\/lagerhaltung\/\">Armazenamento<\/a><\/li><li><a href=\"https:\/\/ps-sonic.com\/pt\/fachwissen\/anwendungsbereiche\/textilindustrie\/\">Ind\u00fastria t\u00eaxtil<\/a><\/li><\/ul>\n<\/div>\n\n\n\n<div class=\"wp-block-column\">\n<ul><li><a href=\"https:\/\/ps-sonic.com\/pt\/fachwissen\/anwendungsbereiche\/tabakwaren\/\">Produtos de tabaco<\/a><\/li><li><a href=\"https:\/\/ps-sonic.com\/pt\/fachwissen\/anwendungsbereiche\/kaeserei\/\">Queijarias<\/a><\/li><li><a href=\"https:\/\/ps-sonic.com\/pt\/fachwissen\/anwendungsbereiche\/pilzzucht\/\">Cultivo de cogumelos<\/a><\/li><\/ul>\n<\/div>\n<\/div>\n<\/div>\n<\/div>","protected":false},"excerpt":{"rendered":"<p>Luftbefeuchtung wird \u00fcberall auf der Welt eingesetzt. Unterschieden werden technische und Komfortanwendungen. Elektroindustrie Druckerei Rechenzentren Lagerhaltung Textilindustrie Tabakwaren K\u00e4serei Pilzzucht<\/p>","protected":false},"author":1,"featured_media":0,"parent":244,"menu_order":0,"comment_status":"closed","ping_status":"closed","template":"","meta":[],"yoast_head":"<!-- This site is optimized with the Yoast SEO plugin v18.6 - https:\/\/yoast.com\/wordpress\/plugins\/seo\/ -->\n<title>Anwendungsbereiche - Supersonic<\/title>\n<meta name=\"robots\" content=\"index, follow, max-snippet:-1, max-image-preview:large, max-video-preview:-1\" \/>\n<link rel=\"canonical\" href=\"https:\/\/ps-sonic.com\/pt\/fachwissen\/anwendungsbereiche\/\" \/>\n<meta property=\"og:locale\" content=\"pt_PT\" \/>\n<meta property=\"og:type\" content=\"article\" \/>\n<meta property=\"og:title\" content=\"Anwendungsbereiche - Supersonic\" \/>\n<meta property=\"og:description\" content=\"Luftbefeuchtung wird \u00fcberall auf der Welt eingesetzt. Unterschieden werden technische und Komfortanwendungen. Elektroindustrie Druckerei Rechenzentren Lagerhaltung Textilindustrie Tabakwaren K\u00e4serei Pilzzucht\" \/>\n<meta property=\"og:url\" content=\"https:\/\/ps-sonic.com\/pt\/fachwissen\/anwendungsbereiche\/\" \/>\n<meta property=\"og:site_name\" content=\"Supersonic\" \/>\n<meta property=\"article:modified_time\" content=\"2022-07-29T14:41:58+00:00\" \/>\n<meta property=\"og:image\" content=\"https:\/\/ps-sonic.com\/wp-content\/uploads\/2022\/05\/aplica.png\" \/>\n<meta name=\"twitter:card\" content=\"summary_large_image\" \/>\n<meta name=\"twitter:label1\" content=\"Tempo estimado de leitura\" \/>\n\t<meta name=\"twitter:data1\" content=\"1 minuto\" \/>\n<script type=\"application\/ld+json\" class=\"yoast-schema-graph\">{\"@context\":\"https:\/\/schema.org\",\"@graph\":[{\"@type\":\"WebSite\",\"@id\":\"https:\/\/ps-sonic.com\/#website\",\"url\":\"https:\/\/ps-sonic.com\/\",\"name\":\"Supersonic\",\"description\":\"Supersonic - A Arte da Humidifica\u00e7\u00e3o\",\"potentialAction\":[{\"@type\":\"SearchAction\",\"target\":{\"@type\":\"EntryPoint\",\"urlTemplate\":\"https:\/\/ps-sonic.com\/?s={search_term_string}\"},\"query-input\":\"required name=search_term_string\"}],\"inLanguage\":\"pt-PT\"},{\"@type\":\"ImageObject\",\"@id\":\"https:\/\/ps-sonic.com\/fachwissen\/anwendungsbereiche\/#primaryimage\",\"inLanguage\":\"pt-PT\",\"url\":\"https:\/\/ps-sonic.com\/wp-content\/uploads\/2022\/05\/aplica.png\",\"contentUrl\":\"https:\/\/ps-sonic.com\/wp-content\/uploads\/2022\/05\/aplica.png\",\"width\":948,\"height\":711},{\"@type\":\"WebPage\",\"@id\":\"https:\/\/ps-sonic.com\/fachwissen\/anwendungsbereiche\/#webpage\",\"url\":\"https:\/\/ps-sonic.com\/fachwissen\/anwendungsbereiche\/\",\"name\":\"Anwendungsbereiche - Supersonic\",\"isPartOf\":{\"@id\":\"https:\/\/ps-sonic.com\/#website\"},\"primaryImageOfPage\":{\"@id\":\"https:\/\/ps-sonic.com\/fachwissen\/anwendungsbereiche\/#primaryimage\"},\"datePublished\":\"2022-05-06T17:52:29+00:00\",\"dateModified\":\"2022-07-29T14:41:58+00:00\",\"breadcrumb\":{\"@id\":\"https:\/\/ps-sonic.com\/fachwissen\/anwendungsbereiche\/#breadcrumb\"},\"inLanguage\":\"pt-PT\",\"potentialAction\":[{\"@type\":\"ReadAction\",\"target\":[\"https:\/\/ps-sonic.com\/fachwissen\/anwendungsbereiche\/\"]}]},{\"@type\":\"BreadcrumbList\",\"@id\":\"https:\/\/ps-sonic.com\/fachwissen\/anwendungsbereiche\/#breadcrumb\",\"itemListElement\":[{\"@type\":\"ListItem\",\"position\":1,\"name\":\"In\u00edcio\",\"item\":\"https:\/\/ps-sonic.com\/\"},{\"@type\":\"ListItem\",\"position\":2,\"name\":\"Service\",\"item\":\"https:\/\/ps-sonic.com\/fachwissen\/\"},{\"@type\":\"ListItem\",\"position\":3,\"name\":\"Anwendungsbereiche\"}]}]}<\/script>\n<!-- \/ Yoast SEO plugin. -->","yoast_head_json":{"title":"Anwendungsbereiche - Supersonic","robots":{"index":"index","follow":"follow","max-snippet":"max-snippet:-1","max-image-preview":"max-image-preview:large","max-video-preview":"max-video-preview:-1"},"canonical":"https:\/\/ps-sonic.com\/pt\/fachwissen\/anwendungsbereiche\/","og_locale":"pt_PT","og_type":"article","og_title":"Anwendungsbereiche - Supersonic","og_description":"Luftbefeuchtung wird \u00fcberall auf der Welt eingesetzt. Unterschieden werden technische und Komfortanwendungen. Elektroindustrie Druckerei Rechenzentren Lagerhaltung Textilindustrie Tabakwaren K\u00e4serei Pilzzucht","og_url":"https:\/\/ps-sonic.com\/pt\/fachwissen\/anwendungsbereiche\/","og_site_name":"Supersonic","article_modified_time":"2022-07-29T14:41:58+00:00","og_image":[{"url":"https:\/\/ps-sonic.com\/wp-content\/uploads\/2022\/05\/aplica.png"}],"twitter_card":"summary_large_image","twitter_misc":{"Tempo estimado de leitura":"1 minuto"},"schema":{"@context":"https:\/\/schema.org","@graph":[{"@type":"WebSite","@id":"https:\/\/ps-sonic.com\/#website","url":"https:\/\/ps-sonic.com\/","name":"Supersonic","description":"Supersonic - A Arte da Humidifica\u00e7\u00e3o","potentialAction":[{"@type":"SearchAction","target":{"@type":"EntryPoint","urlTemplate":"https:\/\/ps-sonic.com\/?s={search_term_string}"},"query-input":"required name=search_term_string"}],"inLanguage":"pt-PT"},{"@type":"ImageObject","@id":"https:\/\/ps-sonic.com\/fachwissen\/anwendungsbereiche\/#primaryimage","inLanguage":"pt-PT","url":"https:\/\/ps-sonic.com\/wp-content\/uploads\/2022\/05\/aplica.png","contentUrl":"https:\/\/ps-sonic.com\/wp-content\/uploads\/2022\/05\/aplica.png","width":948,"height":711},{"@type":"WebPage","@id":"https:\/\/ps-sonic.com\/fachwissen\/anwendungsbereiche\/#webpage","url":"https:\/\/ps-sonic.com\/fachwissen\/anwendungsbereiche\/","name":"Anwendungsbereiche - Supersonic","isPartOf":{"@id":"https:\/\/ps-sonic.com\/#website"},"primaryImageOfPage":{"@id":"https:\/\/ps-sonic.com\/fachwissen\/anwendungsbereiche\/#primaryimage"},"datePublished":"2022-05-06T17:52:29+00:00","dateModified":"2022-07-29T14:41:58+00:00","breadcrumb":{"@id":"https:\/\/ps-sonic.com\/fachwissen\/anwendungsbereiche\/#breadcrumb"},"inLanguage":"pt-PT","potentialAction":[{"@type":"ReadAction","target":["https:\/\/ps-sonic.com\/fachwissen\/anwendungsbereiche\/"]}]},{"@type":"BreadcrumbList","@id":"https:\/\/ps-sonic.com\/fachwissen\/anwendungsbereiche\/#breadcrumb","itemListElement":[{"@type":"ListItem","position":1,"name":"In\u00edcio","item":"https:\/\/ps-sonic.com\/"},{"@type":"ListItem","position":2,"name":"Service","item":"https:\/\/ps-sonic.com\/fachwissen\/"},{"@type":"ListItem","position":3,"name":"Anwendungsbereiche"}]}]}},"_links":{"self":[{"href":"https:\/\/ps-sonic.com\/pt\/wp-json\/wp\/v2\/pages\/672"}],"collection":[{"href":"https:\/\/ps-sonic.com\/pt\/wp-json\/wp\/v2\/pages"}],"about":[{"href":"https:\/\/ps-sonic.com\/pt\/wp-json\/wp\/v2\/types\/page"}],"author":[{"embeddable":true,"href":"https:\/\/ps-sonic.com\/pt\/wp-json\/wp\/v2\/users\/1"}],"replies":[{"embeddable":true,"href":"https:\/\/ps-sonic.com\/pt\/wp-json\/wp\/v2\/comments?post=672"}],"version-history":[{"count":4,"href":"https:\/\/ps-sonic.com\/pt\/wp-json\/wp\/v2\/pages\/672\/revisions"}],"predecessor-version":[{"id":990,"href":"https:\/\/ps-sonic.com\/pt\/wp-json\/wp\/v2\/pages\/672\/revisions\/990"}],"up":[{"embeddable":true,"href":"https:\/\/ps-sonic.com\/pt\/wp-json\/wp\/v2\/pages\/244"}],"wp:attachment":[{"href":"https:\/\/ps-sonic.com\/pt\/wp-json\/wp\/v2\/media?parent=672"}],"curies":[{"name":"wp","href":"https:\/\/api.w.org\/{rel}","templated":true}]}}