{"id":673,"date":"2022-05-06T18:52:59","date_gmt":"2022-05-06T17:52:59","guid":{"rendered":"http:\/\/supersonic.inflightit.com\/?page_id=673"},"modified":"2022-08-05T16:41:54","modified_gmt":"2022-08-05T15:41:54","slug":"elektroindustrie","status":"publish","type":"page","link":"https:\/\/ps-sonic.com\/pt\/fachwissen\/anwendungsbereiche\/elektroindustrie\/","title":{"rendered":"Ind\u00fastria el\u00e9trica"},"content":{"rendered":"<p><strong>Humidifica\u00e7\u00e3o do ar para a produ\u00e7\u00e3o de equipamentos eletr\u00f3nicos<\/strong><\/p>\n\n\n\n<p>Os movimentos e fric\u00e7\u00f5es criam cargas est\u00e1ticas no ar ambiente seco. As part\u00edculas de poeira turbilhonadas colidem umas com as outras e ficam estaticamente carregadas. Se as part\u00edculas de p\u00f3 entrarem em contacto com componentes condutores, ocorre uma descarga explosiva e invis\u00edvel.<\/p>\n\n\n\n<figure class=\"wp-block-image size-full\"><img loading=\"lazy\" width=\"1600\" height=\"1067\" src=\"https:\/\/ps-sonic.com\/wp-content\/uploads\/2022\/05\/Elektroindustrie-2.jpg\" alt=\"\" class=\"wp-image-821\"\/><\/figure>\n\n\n\n<p>N\u00e3o s\u00f3 as part\u00edculas de p\u00f3 s\u00e3o um fator de risco, mas tamb\u00e9m os pr\u00f3prios componentes eletr\u00f3nicos ficam estaticamente carregados. Bastam apenas 100 volts para destruir componentes eletr\u00f3nicos.<\/p>\n\n\n\n<p>A carga eletrost\u00e1tica pode ser significativamente reduzida atrav\u00e9s do aumento da humidade do ar. O aumento da humidade do ar assegura que as cargas el\u00e9tricas s\u00e3o dissipadas, o que evita a forma\u00e7\u00e3o de potenciais diferen\u00e7as.<\/p>\n\n\n\n<figure class=\"wp-block-image size-full\"><img loading=\"lazy\" width=\"1600\" height=\"1067\" src=\"https:\/\/ps-sonic.com\/wp-content\/uploads\/2022\/05\/Elektroindustrie.jpg\" alt=\"\" class=\"wp-image-823\"\/><\/figure>\n\n\n\n<p><\/p>","protected":false},"excerpt":{"rendered":"<p>Luftbefeuchtung f\u00fcr die Elektronikfertigung Bewegungen, Reibungen sorgen bei trockener Umgebungsluft f\u00fcr statische Aufladungen. Staubpartikel, die sich dadurch viel mehr in der Luft aufhalten sto\u00dfen einander und laden sich statisch auf. Kommen die Staubpartikel mit leitf\u00e4higen Komponenten in Ber\u00fchrung findet eine explosive nicht sichtbare Entladung statt. Nicht nur Staubpartikel sind ein Risikofaktor, sondern die elektronischen Bauteile [&hellip;]<\/p>","protected":false},"author":1,"featured_media":823,"parent":672,"menu_order":0,"comment_status":"closed","ping_status":"closed","template":"","meta":[],"yoast_head":"<!-- This site is optimized with the Yoast SEO plugin v18.6 - https:\/\/yoast.com\/wordpress\/plugins\/seo\/ -->\n<title>Elektroindustrie - Supersonic<\/title>\n<meta name=\"robots\" content=\"index, follow, max-snippet:-1, max-image-preview:large, max-video-preview:-1\" \/>\n<link rel=\"canonical\" href=\"https:\/\/ps-sonic.com\/pt\/fachwissen\/anwendungsbereiche\/elektroindustrie\/\" \/>\n<meta property=\"og:locale\" content=\"pt_PT\" \/>\n<meta property=\"og:type\" content=\"article\" \/>\n<meta property=\"og:title\" content=\"Elektroindustrie - Supersonic\" \/>\n<meta property=\"og:description\" content=\"Luftbefeuchtung f\u00fcr die Elektronikfertigung Bewegungen, Reibungen sorgen bei trockener Umgebungsluft f\u00fcr statische Aufladungen. Staubpartikel, die sich dadurch viel mehr in der Luft aufhalten sto\u00dfen einander und laden sich statisch auf. Kommen die Staubpartikel mit leitf\u00e4higen Komponenten in Ber\u00fchrung findet eine explosive nicht sichtbare Entladung statt. Nicht nur Staubpartikel sind ein Risikofaktor, sondern die elektronischen Bauteile [&hellip;]\" \/>\n<meta property=\"og:url\" content=\"https:\/\/ps-sonic.com\/pt\/fachwissen\/anwendungsbereiche\/elektroindustrie\/\" \/>\n<meta property=\"og:site_name\" content=\"Supersonic\" \/>\n<meta property=\"article:modified_time\" content=\"2022-08-05T15:41:54+00:00\" \/>\n<meta property=\"og:image\" content=\"https:\/\/ps-sonic.com\/wp-content\/uploads\/2022\/05\/Elektroindustrie.jpg\" \/>\n\t<meta property=\"og:image:width\" content=\"1600\" \/>\n\t<meta property=\"og:image:height\" content=\"1067\" \/>\n\t<meta property=\"og:image:type\" content=\"image\/jpeg\" \/>\n<meta name=\"twitter:card\" content=\"summary_large_image\" \/>\n<meta name=\"twitter:label1\" content=\"Tempo estimado de leitura\" \/>\n\t<meta name=\"twitter:data1\" content=\"1 minuto\" \/>\n<script type=\"application\/ld+json\" class=\"yoast-schema-graph\">{\"@context\":\"https:\/\/schema.org\",\"@graph\":[{\"@type\":\"WebSite\",\"@id\":\"https:\/\/ps-sonic.com\/#website\",\"url\":\"https:\/\/ps-sonic.com\/\",\"name\":\"Supersonic\",\"description\":\"Supersonic - A Arte da Humidifica\u00e7\u00e3o\",\"potentialAction\":[{\"@type\":\"SearchAction\",\"target\":{\"@type\":\"EntryPoint\",\"urlTemplate\":\"https:\/\/ps-sonic.com\/?s={search_term_string}\"},\"query-input\":\"required name=search_term_string\"}],\"inLanguage\":\"pt-PT\"},{\"@type\":\"ImageObject\",\"@id\":\"https:\/\/ps-sonic.com\/fachwissen\/anwendungsbereiche\/elektroindustrie\/#primaryimage\",\"inLanguage\":\"pt-PT\",\"url\":\"https:\/\/ps-sonic.com\/wp-content\/uploads\/2022\/05\/Elektroindustrie.jpg\",\"contentUrl\":\"https:\/\/ps-sonic.com\/wp-content\/uploads\/2022\/05\/Elektroindustrie.jpg\",\"width\":1600,\"height\":1067},{\"@type\":\"WebPage\",\"@id\":\"https:\/\/ps-sonic.com\/fachwissen\/anwendungsbereiche\/elektroindustrie\/#webpage\",\"url\":\"https:\/\/ps-sonic.com\/fachwissen\/anwendungsbereiche\/elektroindustrie\/\",\"name\":\"Elektroindustrie - Supersonic\",\"isPartOf\":{\"@id\":\"https:\/\/ps-sonic.com\/#website\"},\"primaryImageOfPage\":{\"@id\":\"https:\/\/ps-sonic.com\/fachwissen\/anwendungsbereiche\/elektroindustrie\/#primaryimage\"},\"datePublished\":\"2022-05-06T17:52:59+00:00\",\"dateModified\":\"2022-08-05T15:41:54+00:00\",\"breadcrumb\":{\"@id\":\"https:\/\/ps-sonic.com\/fachwissen\/anwendungsbereiche\/elektroindustrie\/#breadcrumb\"},\"inLanguage\":\"pt-PT\",\"potentialAction\":[{\"@type\":\"ReadAction\",\"target\":[\"https:\/\/ps-sonic.com\/fachwissen\/anwendungsbereiche\/elektroindustrie\/\"]}]},{\"@type\":\"BreadcrumbList\",\"@id\":\"https:\/\/ps-sonic.com\/fachwissen\/anwendungsbereiche\/elektroindustrie\/#breadcrumb\",\"itemListElement\":[{\"@type\":\"ListItem\",\"position\":1,\"name\":\"In\u00edcio\",\"item\":\"https:\/\/ps-sonic.com\/\"},{\"@type\":\"ListItem\",\"position\":2,\"name\":\"Service\",\"item\":\"https:\/\/ps-sonic.com\/fachwissen\/\"},{\"@type\":\"ListItem\",\"position\":3,\"name\":\"Anwendungsbereiche\",\"item\":\"https:\/\/ps-sonic.com\/fachwissen\/anwendungsbereiche\/\"},{\"@type\":\"ListItem\",\"position\":4,\"name\":\"Elektroindustrie\"}]}]}<\/script>\n<!-- \/ Yoast SEO plugin. -->","yoast_head_json":{"title":"Elektroindustrie - Supersonic","robots":{"index":"index","follow":"follow","max-snippet":"max-snippet:-1","max-image-preview":"max-image-preview:large","max-video-preview":"max-video-preview:-1"},"canonical":"https:\/\/ps-sonic.com\/pt\/fachwissen\/anwendungsbereiche\/elektroindustrie\/","og_locale":"pt_PT","og_type":"article","og_title":"Elektroindustrie - Supersonic","og_description":"Luftbefeuchtung f\u00fcr die Elektronikfertigung Bewegungen, Reibungen sorgen bei trockener Umgebungsluft f\u00fcr statische Aufladungen. Staubpartikel, die sich dadurch viel mehr in der Luft aufhalten sto\u00dfen einander und laden sich statisch auf. Kommen die Staubpartikel mit leitf\u00e4higen Komponenten in Ber\u00fchrung findet eine explosive nicht sichtbare Entladung statt. Nicht nur Staubpartikel sind ein Risikofaktor, sondern die elektronischen Bauteile [&hellip;]","og_url":"https:\/\/ps-sonic.com\/pt\/fachwissen\/anwendungsbereiche\/elektroindustrie\/","og_site_name":"Supersonic","article_modified_time":"2022-08-05T15:41:54+00:00","og_image":[{"width":1600,"height":1067,"url":"https:\/\/ps-sonic.com\/wp-content\/uploads\/2022\/05\/Elektroindustrie.jpg","type":"image\/jpeg"}],"twitter_card":"summary_large_image","twitter_misc":{"Tempo estimado de leitura":"1 minuto"},"schema":{"@context":"https:\/\/schema.org","@graph":[{"@type":"WebSite","@id":"https:\/\/ps-sonic.com\/#website","url":"https:\/\/ps-sonic.com\/","name":"Supersonic","description":"Supersonic - A Arte da Humidifica\u00e7\u00e3o","potentialAction":[{"@type":"SearchAction","target":{"@type":"EntryPoint","urlTemplate":"https:\/\/ps-sonic.com\/?s={search_term_string}"},"query-input":"required name=search_term_string"}],"inLanguage":"pt-PT"},{"@type":"ImageObject","@id":"https:\/\/ps-sonic.com\/fachwissen\/anwendungsbereiche\/elektroindustrie\/#primaryimage","inLanguage":"pt-PT","url":"https:\/\/ps-sonic.com\/wp-content\/uploads\/2022\/05\/Elektroindustrie.jpg","contentUrl":"https:\/\/ps-sonic.com\/wp-content\/uploads\/2022\/05\/Elektroindustrie.jpg","width":1600,"height":1067},{"@type":"WebPage","@id":"https:\/\/ps-sonic.com\/fachwissen\/anwendungsbereiche\/elektroindustrie\/#webpage","url":"https:\/\/ps-sonic.com\/fachwissen\/anwendungsbereiche\/elektroindustrie\/","name":"Elektroindustrie - Supersonic","isPartOf":{"@id":"https:\/\/ps-sonic.com\/#website"},"primaryImageOfPage":{"@id":"https:\/\/ps-sonic.com\/fachwissen\/anwendungsbereiche\/elektroindustrie\/#primaryimage"},"datePublished":"2022-05-06T17:52:59+00:00","dateModified":"2022-08-05T15:41:54+00:00","breadcrumb":{"@id":"https:\/\/ps-sonic.com\/fachwissen\/anwendungsbereiche\/elektroindustrie\/#breadcrumb"},"inLanguage":"pt-PT","potentialAction":[{"@type":"ReadAction","target":["https:\/\/ps-sonic.com\/fachwissen\/anwendungsbereiche\/elektroindustrie\/"]}]},{"@type":"BreadcrumbList","@id":"https:\/\/ps-sonic.com\/fachwissen\/anwendungsbereiche\/elektroindustrie\/#breadcrumb","itemListElement":[{"@type":"ListItem","position":1,"name":"In\u00edcio","item":"https:\/\/ps-sonic.com\/"},{"@type":"ListItem","position":2,"name":"Service","item":"https:\/\/ps-sonic.com\/fachwissen\/"},{"@type":"ListItem","position":3,"name":"Anwendungsbereiche","item":"https:\/\/ps-sonic.com\/fachwissen\/anwendungsbereiche\/"},{"@type":"ListItem","position":4,"name":"Elektroindustrie"}]}]}},"_links":{"self":[{"href":"https:\/\/ps-sonic.com\/pt\/wp-json\/wp\/v2\/pages\/673"}],"collection":[{"href":"https:\/\/ps-sonic.com\/pt\/wp-json\/wp\/v2\/pages"}],"about":[{"href":"https:\/\/ps-sonic.com\/pt\/wp-json\/wp\/v2\/types\/page"}],"author":[{"embeddable":true,"href":"https:\/\/ps-sonic.com\/pt\/wp-json\/wp\/v2\/users\/1"}],"replies":[{"embeddable":true,"href":"https:\/\/ps-sonic.com\/pt\/wp-json\/wp\/v2\/comments?post=673"}],"version-history":[{"count":7,"href":"https:\/\/ps-sonic.com\/pt\/wp-json\/wp\/v2\/pages\/673\/revisions"}],"predecessor-version":[{"id":993,"href":"https:\/\/ps-sonic.com\/pt\/wp-json\/wp\/v2\/pages\/673\/revisions\/993"}],"up":[{"embeddable":true,"href":"https:\/\/ps-sonic.com\/pt\/wp-json\/wp\/v2\/pages\/672"}],"wp:featuredmedia":[{"embeddable":true,"href":"https:\/\/ps-sonic.com\/pt\/wp-json\/wp\/v2\/media\/823"}],"wp:attachment":[{"href":"https:\/\/ps-sonic.com\/pt\/wp-json\/wp\/v2\/media?parent=673"}],"curies":[{"name":"wp","href":"https:\/\/api.w.org\/{rel}","templated":true}]}}