{"id":674,"date":"2022-05-06T18:53:48","date_gmt":"2022-05-06T17:53:48","guid":{"rendered":"http:\/\/supersonic.inflightit.com\/?page_id=674"},"modified":"2022-08-05T16:42:06","modified_gmt":"2022-08-05T15:42:06","slug":"druckerei","status":"publish","type":"page","link":"https:\/\/ps-sonic.com\/pt\/fachwissen\/anwendungsbereiche\/druckerei\/","title":{"rendered":"Unidade de impress\u00e3o"},"content":{"rendered":"<p><strong>Humidifica\u00e7\u00e3o do ar para unidades de impress\u00e3o<\/strong><\/p>\n\n\n\n<figure class=\"wp-block-image size-full\"><img loading=\"lazy\" width=\"1685\" height=\"1123\" src=\"https:\/\/ps-sonic.com\/wp-content\/uploads\/2022\/05\/Druckerei.jpg\" alt=\"\" class=\"wp-image-820\"\/><\/figure>\n\n\n\n<p>O papel \u2013 o material de impress\u00e3o \u00e9 uma das mat\u00e9rias-primas mais procuradas no nosso planeta, rasga quando est\u00e1 demasiado seco e enruga quando fica molhado. A impress\u00e3o em papel \u00e9 muito crucial para o produto final. Portanto, um ambiente ideal \u00e9 extremamente importante para processos de impress\u00e3o impec\u00e1veis.<\/p>\n\n\n\n<p>As condi\u00e7\u00f5es perfeitas para cada tipo de aplica\u00e7\u00e3o<\/p>\n\n\n\n<p><\/p>\n\n\n\n<figure class=\"wp-block-table\"><table><thead><tr><td><strong>Aplica\u00e7\u00e3o<\/strong><\/td><td><strong>Temperatura em \u00b0C<\/strong><\/td><td><strong>Humidade relativa em %<\/strong><\/td><\/tr><\/thead><tbody><tr><td>Armazenamento de papel n\u00e3o revestido<\/td><td>20 a 22<\/td><td>40 a 50<\/td><\/tr><tr><td>Impress\u00e3o de fotografias<\/td><td>20 a 25<\/td><td>50 a 60<\/td><\/tr><tr><td>Impress\u00e3o de telas<\/td><td>20 a 24<\/td><td>50 a 60<\/td><\/tr><\/tbody><\/table><\/figure>","protected":false},"excerpt":{"rendered":"<p>Luftbefeuchtung f\u00fcr Druckereien Das Papier, eins der gefragtesten Rohstoffe auf unseren Planeten, das Material der Druckereien. Papier \u2013 das Material der Druckereien und eines der gefragtesten Rohstoffe auf unseren Planeten \u2013 rei\u00dft, wenn es zu trocken ist und w\u00f6lbt sich, wenn es feucht wird. Wie der Name Druckerei schon sagt, ist der Aufdruck auf Papier [&hellip;]<\/p>","protected":false},"author":1,"featured_media":820,"parent":672,"menu_order":0,"comment_status":"closed","ping_status":"closed","template":"","meta":[],"yoast_head":"<!-- This site is optimized with the Yoast SEO plugin v18.6 - https:\/\/yoast.com\/wordpress\/plugins\/seo\/ -->\n<title>Druckerei - Supersonic<\/title>\n<meta name=\"robots\" content=\"index, follow, max-snippet:-1, max-image-preview:large, max-video-preview:-1\" \/>\n<link rel=\"canonical\" href=\"https:\/\/ps-sonic.com\/pt\/fachwissen\/anwendungsbereiche\/druckerei\/\" \/>\n<meta property=\"og:locale\" content=\"pt_PT\" \/>\n<meta property=\"og:type\" content=\"article\" \/>\n<meta property=\"og:title\" content=\"Druckerei - Supersonic\" \/>\n<meta property=\"og:description\" content=\"Luftbefeuchtung f\u00fcr Druckereien Das Papier, eins der gefragtesten Rohstoffe auf unseren Planeten, das Material der Druckereien. Papier \u2013 das Material der Druckereien und eines der gefragtesten Rohstoffe auf unseren Planeten \u2013 rei\u00dft, wenn es zu trocken ist und w\u00f6lbt sich, wenn es feucht wird. Wie der Name Druckerei schon sagt, ist der Aufdruck auf Papier [&hellip;]\" \/>\n<meta property=\"og:url\" content=\"https:\/\/ps-sonic.com\/pt\/fachwissen\/anwendungsbereiche\/druckerei\/\" \/>\n<meta property=\"og:site_name\" content=\"Supersonic\" \/>\n<meta property=\"article:modified_time\" content=\"2022-08-05T15:42:06+00:00\" \/>\n<meta property=\"og:image\" content=\"https:\/\/ps-sonic.com\/wp-content\/uploads\/2022\/05\/Druckerei.jpg\" \/>\n\t<meta property=\"og:image:width\" content=\"1685\" \/>\n\t<meta property=\"og:image:height\" content=\"1123\" \/>\n\t<meta property=\"og:image:type\" content=\"image\/jpeg\" \/>\n<meta name=\"twitter:card\" content=\"summary_large_image\" \/>\n<meta name=\"twitter:label1\" content=\"Tempo estimado de leitura\" \/>\n\t<meta name=\"twitter:data1\" content=\"1 minuto\" \/>\n<script type=\"application\/ld+json\" class=\"yoast-schema-graph\">{\"@context\":\"https:\/\/schema.org\",\"@graph\":[{\"@type\":\"WebSite\",\"@id\":\"https:\/\/ps-sonic.com\/#website\",\"url\":\"https:\/\/ps-sonic.com\/\",\"name\":\"Supersonic\",\"description\":\"Supersonic - A Arte da Humidifica\u00e7\u00e3o\",\"potentialAction\":[{\"@type\":\"SearchAction\",\"target\":{\"@type\":\"EntryPoint\",\"urlTemplate\":\"https:\/\/ps-sonic.com\/?s={search_term_string}\"},\"query-input\":\"required name=search_term_string\"}],\"inLanguage\":\"pt-PT\"},{\"@type\":\"ImageObject\",\"@id\":\"https:\/\/ps-sonic.com\/fachwissen\/anwendungsbereiche\/druckerei\/#primaryimage\",\"inLanguage\":\"pt-PT\",\"url\":\"https:\/\/ps-sonic.com\/wp-content\/uploads\/2022\/05\/Druckerei.jpg\",\"contentUrl\":\"https:\/\/ps-sonic.com\/wp-content\/uploads\/2022\/05\/Druckerei.jpg\",\"width\":1685,\"height\":1123,\"caption\":\"Offset printing machine\"},{\"@type\":\"WebPage\",\"@id\":\"https:\/\/ps-sonic.com\/fachwissen\/anwendungsbereiche\/druckerei\/#webpage\",\"url\":\"https:\/\/ps-sonic.com\/fachwissen\/anwendungsbereiche\/druckerei\/\",\"name\":\"Druckerei - Supersonic\",\"isPartOf\":{\"@id\":\"https:\/\/ps-sonic.com\/#website\"},\"primaryImageOfPage\":{\"@id\":\"https:\/\/ps-sonic.com\/fachwissen\/anwendungsbereiche\/druckerei\/#primaryimage\"},\"datePublished\":\"2022-05-06T17:53:48+00:00\",\"dateModified\":\"2022-08-05T15:42:06+00:00\",\"breadcrumb\":{\"@id\":\"https:\/\/ps-sonic.com\/fachwissen\/anwendungsbereiche\/druckerei\/#breadcrumb\"},\"inLanguage\":\"pt-PT\",\"potentialAction\":[{\"@type\":\"ReadAction\",\"target\":[\"https:\/\/ps-sonic.com\/fachwissen\/anwendungsbereiche\/druckerei\/\"]}]},{\"@type\":\"BreadcrumbList\",\"@id\":\"https:\/\/ps-sonic.com\/fachwissen\/anwendungsbereiche\/druckerei\/#breadcrumb\",\"itemListElement\":[{\"@type\":\"ListItem\",\"position\":1,\"name\":\"In\u00edcio\",\"item\":\"https:\/\/ps-sonic.com\/\"},{\"@type\":\"ListItem\",\"position\":2,\"name\":\"Service\",\"item\":\"https:\/\/ps-sonic.com\/fachwissen\/\"},{\"@type\":\"ListItem\",\"position\":3,\"name\":\"Anwendungsbereiche\",\"item\":\"https:\/\/ps-sonic.com\/fachwissen\/anwendungsbereiche\/\"},{\"@type\":\"ListItem\",\"position\":4,\"name\":\"Druckerei\"}]}]}<\/script>\n<!-- \/ Yoast SEO plugin. -->","yoast_head_json":{"title":"Druckerei - Supersonic","robots":{"index":"index","follow":"follow","max-snippet":"max-snippet:-1","max-image-preview":"max-image-preview:large","max-video-preview":"max-video-preview:-1"},"canonical":"https:\/\/ps-sonic.com\/pt\/fachwissen\/anwendungsbereiche\/druckerei\/","og_locale":"pt_PT","og_type":"article","og_title":"Druckerei - Supersonic","og_description":"Luftbefeuchtung f\u00fcr Druckereien Das Papier, eins der gefragtesten Rohstoffe auf unseren Planeten, das Material der Druckereien. Papier \u2013 das Material der Druckereien und eines der gefragtesten Rohstoffe auf unseren Planeten \u2013 rei\u00dft, wenn es zu trocken ist und w\u00f6lbt sich, wenn es feucht wird. Wie der Name Druckerei schon sagt, ist der Aufdruck auf Papier [&hellip;]","og_url":"https:\/\/ps-sonic.com\/pt\/fachwissen\/anwendungsbereiche\/druckerei\/","og_site_name":"Supersonic","article_modified_time":"2022-08-05T15:42:06+00:00","og_image":[{"width":1685,"height":1123,"url":"https:\/\/ps-sonic.com\/wp-content\/uploads\/2022\/05\/Druckerei.jpg","type":"image\/jpeg"}],"twitter_card":"summary_large_image","twitter_misc":{"Tempo estimado de leitura":"1 minuto"},"schema":{"@context":"https:\/\/schema.org","@graph":[{"@type":"WebSite","@id":"https:\/\/ps-sonic.com\/#website","url":"https:\/\/ps-sonic.com\/","name":"Supersonic","description":"Supersonic - A Arte da Humidifica\u00e7\u00e3o","potentialAction":[{"@type":"SearchAction","target":{"@type":"EntryPoint","urlTemplate":"https:\/\/ps-sonic.com\/?s={search_term_string}"},"query-input":"required name=search_term_string"}],"inLanguage":"pt-PT"},{"@type":"ImageObject","@id":"https:\/\/ps-sonic.com\/fachwissen\/anwendungsbereiche\/druckerei\/#primaryimage","inLanguage":"pt-PT","url":"https:\/\/ps-sonic.com\/wp-content\/uploads\/2022\/05\/Druckerei.jpg","contentUrl":"https:\/\/ps-sonic.com\/wp-content\/uploads\/2022\/05\/Druckerei.jpg","width":1685,"height":1123,"caption":"Offset printing machine"},{"@type":"WebPage","@id":"https:\/\/ps-sonic.com\/fachwissen\/anwendungsbereiche\/druckerei\/#webpage","url":"https:\/\/ps-sonic.com\/fachwissen\/anwendungsbereiche\/druckerei\/","name":"Druckerei - Supersonic","isPartOf":{"@id":"https:\/\/ps-sonic.com\/#website"},"primaryImageOfPage":{"@id":"https:\/\/ps-sonic.com\/fachwissen\/anwendungsbereiche\/druckerei\/#primaryimage"},"datePublished":"2022-05-06T17:53:48+00:00","dateModified":"2022-08-05T15:42:06+00:00","breadcrumb":{"@id":"https:\/\/ps-sonic.com\/fachwissen\/anwendungsbereiche\/druckerei\/#breadcrumb"},"inLanguage":"pt-PT","potentialAction":[{"@type":"ReadAction","target":["https:\/\/ps-sonic.com\/fachwissen\/anwendungsbereiche\/druckerei\/"]}]},{"@type":"BreadcrumbList","@id":"https:\/\/ps-sonic.com\/fachwissen\/anwendungsbereiche\/druckerei\/#breadcrumb","itemListElement":[{"@type":"ListItem","position":1,"name":"In\u00edcio","item":"https:\/\/ps-sonic.com\/"},{"@type":"ListItem","position":2,"name":"Service","item":"https:\/\/ps-sonic.com\/fachwissen\/"},{"@type":"ListItem","position":3,"name":"Anwendungsbereiche","item":"https:\/\/ps-sonic.com\/fachwissen\/anwendungsbereiche\/"},{"@type":"ListItem","position":4,"name":"Druckerei"}]}]}},"_links":{"self":[{"href":"https:\/\/ps-sonic.com\/pt\/wp-json\/wp\/v2\/pages\/674"}],"collection":[{"href":"https:\/\/ps-sonic.com\/pt\/wp-json\/wp\/v2\/pages"}],"about":[{"href":"https:\/\/ps-sonic.com\/pt\/wp-json\/wp\/v2\/types\/page"}],"author":[{"embeddable":true,"href":"https:\/\/ps-sonic.com\/pt\/wp-json\/wp\/v2\/users\/1"}],"replies":[{"embeddable":true,"href":"https:\/\/ps-sonic.com\/pt\/wp-json\/wp\/v2\/comments?post=674"}],"version-history":[{"count":10,"href":"https:\/\/ps-sonic.com\/pt\/wp-json\/wp\/v2\/pages\/674\/revisions"}],"predecessor-version":[{"id":994,"href":"https:\/\/ps-sonic.com\/pt\/wp-json\/wp\/v2\/pages\/674\/revisions\/994"}],"up":[{"embeddable":true,"href":"https:\/\/ps-sonic.com\/pt\/wp-json\/wp\/v2\/pages\/672"}],"wp:featuredmedia":[{"embeddable":true,"href":"https:\/\/ps-sonic.com\/pt\/wp-json\/wp\/v2\/media\/820"}],"wp:attachment":[{"href":"https:\/\/ps-sonic.com\/pt\/wp-json\/wp\/v2\/media?parent=674"}],"curies":[{"name":"wp","href":"https:\/\/api.w.org\/{rel}","templated":true}]}}