{"id":721,"date":"2022-05-06T20:26:50","date_gmt":"2022-05-06T19:26:50","guid":{"rendered":"http:\/\/supersonic.inflightit.com\/?page_id=721"},"modified":"2022-08-05T16:42:34","modified_gmt":"2022-08-05T15:42:34","slug":"textilindustrie","status":"publish","type":"page","link":"https:\/\/ps-sonic.com\/pt\/fachwissen\/anwendungsbereiche\/textilindustrie\/","title":{"rendered":"Ind\u00fastria t\u00eaxtil"},"content":{"rendered":"<p><strong>Humidifica\u00e7\u00e3o do ar para fios e tecidos<\/strong><\/p>\n\n\n\n<p>Os materiais muito sens\u00edveis reagem rapidamente ao ar seco ou excessivamente h\u00famido. As fibras tornam-se quebradi\u00e7as, os tecidos contraem-se ou expandem-se. Isto leva a uma consider\u00e1vel perda de qualidade j\u00e1 durante a produ\u00e7\u00e3o.<\/p>\n\n\n\n<figure class=\"wp-block-image size-full\"><img loading=\"lazy\" width=\"1600\" height=\"1068\" src=\"https:\/\/ps-sonic.com\/wp-content\/uploads\/2022\/05\/Textilindustrie.jpg\" alt=\"\" class=\"wp-image-831\"\/><\/figure>\n\n\n\n<p>Al\u00e9m disso, a carga est\u00e1tica tamb\u00e9m danifica o processamento posterior dos fios e tecidos, na medida em que as fibras carregadas se esfor\u00e7am \u00e0 parte, s\u00e3o dif\u00edceis de cardar ou pentear e colam-se aos ilh\u00f3s-guia.<\/p>\n\n\n\n<figure class=\"wp-block-table\"><table><thead><tr><td><strong>Material<\/strong><\/td><td><strong>Aplica\u00e7\u00e3o<\/strong><\/td><td><strong>Temperatura em \u00b0C<\/strong><\/td><td><strong>Humidade relativa em %<\/strong><\/td><\/tr><\/thead><tbody><tr><td>Seda<\/td><td>tecer<\/td><td>22 a 25<\/td><td>65 a 70<\/td><\/tr><tr><td>Seda<\/td><td>entran\u00e7ar<\/td><td>22 a 25<\/td><td>60 a 70<\/td><\/tr><tr><td>L\u00e3<\/td><td>cardar\/pentear<\/td><td>20 a 25<\/td><td>65 a 80<\/td><\/tr><tr><td>L\u00e3<\/td><td>primeira tecelagem<\/td><td>22 a 25<\/td><td>60 a 65<\/td><\/tr><tr><td>L\u00e3<\/td><td>tecelagem em anel<\/td><td>22 a 25<\/td><td>55 a 60<\/td><\/tr><tr><td>L\u00e3<\/td><td>entran\u00e7ar<\/td><td>22 a 25<\/td><td>55 a 65<\/td><\/tr><tr><td>Algod\u00e3o<\/td><td>pr\u00e9-tratamento<\/td><td>20 a 25<\/td><td>50 a 60<\/td><\/tr><tr><td>Algod\u00e3o<\/td><td>cardar<\/td><td>20 a 25<\/td><td>65 a 70<\/td><\/tr><tr><td>Algod\u00e3o<\/td><td>pentear<\/td><td>20 a 25<\/td><td>55 a 65<\/td><\/tr><tr><td>Algod\u00e3o<\/td><td>tecer<\/td><td>20 a 25<\/td><td>40 a 65<\/td><\/tr><tr><td>Algod\u00e3o<\/td><td>entran\u00e7ar<\/td><td>22 a 25<\/td><td>70 a 85<\/td><\/tr><tr><td>Algod\u00e3o<\/td><td>acabamento<\/td><td>20 a 25<\/td><td>65<\/td><\/tr><\/tbody><\/table><\/figure>","protected":false},"excerpt":{"rendered":"<p>Luftbefeuchtung f\u00fcr Garne und Stoffe Sehr sensibles Material reagiert schnell auf trockene oder zu feuchte Luft. Fasern werden spr\u00f6de, Textilstoffe ziehen sich zusammen oder dehnen sich aus. Das f\u00fchrt bereits w\u00e4hrend der Fertigung zu erheblichem Qualit\u00e4tsverlust. Zudem schadet auch die statische Aufladung der Weiterverarbeitung von Garnen und Stoffen, indem aufgeladene Fasern auseinanderstreben, sich schlecht kardieren [&hellip;]<\/p>","protected":false},"author":1,"featured_media":831,"parent":672,"menu_order":0,"comment_status":"closed","ping_status":"closed","template":"","meta":[],"yoast_head":"<!-- This site is optimized with the Yoast SEO plugin v18.6 - https:\/\/yoast.com\/wordpress\/plugins\/seo\/ -->\n<title>Textilindustrie - Supersonic<\/title>\n<meta name=\"robots\" content=\"index, follow, max-snippet:-1, max-image-preview:large, max-video-preview:-1\" \/>\n<link rel=\"canonical\" href=\"https:\/\/ps-sonic.com\/pt\/fachwissen\/anwendungsbereiche\/textilindustrie\/\" \/>\n<meta property=\"og:locale\" content=\"pt_PT\" \/>\n<meta property=\"og:type\" content=\"article\" \/>\n<meta property=\"og:title\" content=\"Textilindustrie - Supersonic\" \/>\n<meta property=\"og:description\" content=\"Luftbefeuchtung f\u00fcr Garne und Stoffe Sehr sensibles Material reagiert schnell auf trockene oder zu feuchte Luft. Fasern werden spr\u00f6de, Textilstoffe ziehen sich zusammen oder dehnen sich aus. Das f\u00fchrt bereits w\u00e4hrend der Fertigung zu erheblichem Qualit\u00e4tsverlust. Zudem schadet auch die statische Aufladung der Weiterverarbeitung von Garnen und Stoffen, indem aufgeladene Fasern auseinanderstreben, sich schlecht kardieren [&hellip;]\" \/>\n<meta property=\"og:url\" content=\"https:\/\/ps-sonic.com\/pt\/fachwissen\/anwendungsbereiche\/textilindustrie\/\" \/>\n<meta property=\"og:site_name\" content=\"Supersonic\" \/>\n<meta property=\"article:modified_time\" content=\"2022-08-05T15:42:34+00:00\" \/>\n<meta property=\"og:image\" content=\"https:\/\/ps-sonic.com\/wp-content\/uploads\/2022\/05\/Textilindustrie.jpg\" \/>\n\t<meta property=\"og:image:width\" content=\"1600\" \/>\n\t<meta property=\"og:image:height\" content=\"1068\" \/>\n\t<meta property=\"og:image:type\" content=\"image\/jpeg\" \/>\n<meta name=\"twitter:card\" content=\"summary_large_image\" \/>\n<meta name=\"twitter:label1\" content=\"Tempo estimado de leitura\" \/>\n\t<meta name=\"twitter:data1\" content=\"1 minuto\" \/>\n<script type=\"application\/ld+json\" class=\"yoast-schema-graph\">{\"@context\":\"https:\/\/schema.org\",\"@graph\":[{\"@type\":\"WebSite\",\"@id\":\"https:\/\/ps-sonic.com\/#website\",\"url\":\"https:\/\/ps-sonic.com\/\",\"name\":\"Supersonic\",\"description\":\"Supersonic - A Arte da Humidifica\u00e7\u00e3o\",\"potentialAction\":[{\"@type\":\"SearchAction\",\"target\":{\"@type\":\"EntryPoint\",\"urlTemplate\":\"https:\/\/ps-sonic.com\/?s={search_term_string}\"},\"query-input\":\"required name=search_term_string\"}],\"inLanguage\":\"pt-PT\"},{\"@type\":\"ImageObject\",\"@id\":\"https:\/\/ps-sonic.com\/fachwissen\/anwendungsbereiche\/textilindustrie\/#primaryimage\",\"inLanguage\":\"pt-PT\",\"url\":\"https:\/\/ps-sonic.com\/wp-content\/uploads\/2022\/05\/Textilindustrie.jpg\",\"contentUrl\":\"https:\/\/ps-sonic.com\/wp-content\/uploads\/2022\/05\/Textilindustrie.jpg\",\"width\":1600,\"height\":1068,\"caption\":\"Factory on manufacture of threads\"},{\"@type\":\"WebPage\",\"@id\":\"https:\/\/ps-sonic.com\/fachwissen\/anwendungsbereiche\/textilindustrie\/#webpage\",\"url\":\"https:\/\/ps-sonic.com\/fachwissen\/anwendungsbereiche\/textilindustrie\/\",\"name\":\"Textilindustrie - Supersonic\",\"isPartOf\":{\"@id\":\"https:\/\/ps-sonic.com\/#website\"},\"primaryImageOfPage\":{\"@id\":\"https:\/\/ps-sonic.com\/fachwissen\/anwendungsbereiche\/textilindustrie\/#primaryimage\"},\"datePublished\":\"2022-05-06T19:26:50+00:00\",\"dateModified\":\"2022-08-05T15:42:34+00:00\",\"breadcrumb\":{\"@id\":\"https:\/\/ps-sonic.com\/fachwissen\/anwendungsbereiche\/textilindustrie\/#breadcrumb\"},\"inLanguage\":\"pt-PT\",\"potentialAction\":[{\"@type\":\"ReadAction\",\"target\":[\"https:\/\/ps-sonic.com\/fachwissen\/anwendungsbereiche\/textilindustrie\/\"]}]},{\"@type\":\"BreadcrumbList\",\"@id\":\"https:\/\/ps-sonic.com\/fachwissen\/anwendungsbereiche\/textilindustrie\/#breadcrumb\",\"itemListElement\":[{\"@type\":\"ListItem\",\"position\":1,\"name\":\"In\u00edcio\",\"item\":\"https:\/\/ps-sonic.com\/\"},{\"@type\":\"ListItem\",\"position\":2,\"name\":\"Service\",\"item\":\"https:\/\/ps-sonic.com\/fachwissen\/\"},{\"@type\":\"ListItem\",\"position\":3,\"name\":\"Anwendungsbereiche\",\"item\":\"https:\/\/ps-sonic.com\/fachwissen\/anwendungsbereiche\/\"},{\"@type\":\"ListItem\",\"position\":4,\"name\":\"Textilindustrie\"}]}]}<\/script>\n<!-- \/ Yoast SEO plugin. -->","yoast_head_json":{"title":"Textilindustrie - Supersonic","robots":{"index":"index","follow":"follow","max-snippet":"max-snippet:-1","max-image-preview":"max-image-preview:large","max-video-preview":"max-video-preview:-1"},"canonical":"https:\/\/ps-sonic.com\/pt\/fachwissen\/anwendungsbereiche\/textilindustrie\/","og_locale":"pt_PT","og_type":"article","og_title":"Textilindustrie - Supersonic","og_description":"Luftbefeuchtung f\u00fcr Garne und Stoffe Sehr sensibles Material reagiert schnell auf trockene oder zu feuchte Luft. Fasern werden spr\u00f6de, Textilstoffe ziehen sich zusammen oder dehnen sich aus. Das f\u00fchrt bereits w\u00e4hrend der Fertigung zu erheblichem Qualit\u00e4tsverlust. Zudem schadet auch die statische Aufladung der Weiterverarbeitung von Garnen und Stoffen, indem aufgeladene Fasern auseinanderstreben, sich schlecht kardieren [&hellip;]","og_url":"https:\/\/ps-sonic.com\/pt\/fachwissen\/anwendungsbereiche\/textilindustrie\/","og_site_name":"Supersonic","article_modified_time":"2022-08-05T15:42:34+00:00","og_image":[{"width":1600,"height":1068,"url":"https:\/\/ps-sonic.com\/wp-content\/uploads\/2022\/05\/Textilindustrie.jpg","type":"image\/jpeg"}],"twitter_card":"summary_large_image","twitter_misc":{"Tempo estimado de leitura":"1 minuto"},"schema":{"@context":"https:\/\/schema.org","@graph":[{"@type":"WebSite","@id":"https:\/\/ps-sonic.com\/#website","url":"https:\/\/ps-sonic.com\/","name":"Supersonic","description":"Supersonic - A Arte da Humidifica\u00e7\u00e3o","potentialAction":[{"@type":"SearchAction","target":{"@type":"EntryPoint","urlTemplate":"https:\/\/ps-sonic.com\/?s={search_term_string}"},"query-input":"required name=search_term_string"}],"inLanguage":"pt-PT"},{"@type":"ImageObject","@id":"https:\/\/ps-sonic.com\/fachwissen\/anwendungsbereiche\/textilindustrie\/#primaryimage","inLanguage":"pt-PT","url":"https:\/\/ps-sonic.com\/wp-content\/uploads\/2022\/05\/Textilindustrie.jpg","contentUrl":"https:\/\/ps-sonic.com\/wp-content\/uploads\/2022\/05\/Textilindustrie.jpg","width":1600,"height":1068,"caption":"Factory on manufacture of threads"},{"@type":"WebPage","@id":"https:\/\/ps-sonic.com\/fachwissen\/anwendungsbereiche\/textilindustrie\/#webpage","url":"https:\/\/ps-sonic.com\/fachwissen\/anwendungsbereiche\/textilindustrie\/","name":"Textilindustrie - Supersonic","isPartOf":{"@id":"https:\/\/ps-sonic.com\/#website"},"primaryImageOfPage":{"@id":"https:\/\/ps-sonic.com\/fachwissen\/anwendungsbereiche\/textilindustrie\/#primaryimage"},"datePublished":"2022-05-06T19:26:50+00:00","dateModified":"2022-08-05T15:42:34+00:00","breadcrumb":{"@id":"https:\/\/ps-sonic.com\/fachwissen\/anwendungsbereiche\/textilindustrie\/#breadcrumb"},"inLanguage":"pt-PT","potentialAction":[{"@type":"ReadAction","target":["https:\/\/ps-sonic.com\/fachwissen\/anwendungsbereiche\/textilindustrie\/"]}]},{"@type":"BreadcrumbList","@id":"https:\/\/ps-sonic.com\/fachwissen\/anwendungsbereiche\/textilindustrie\/#breadcrumb","itemListElement":[{"@type":"ListItem","position":1,"name":"In\u00edcio","item":"https:\/\/ps-sonic.com\/"},{"@type":"ListItem","position":2,"name":"Service","item":"https:\/\/ps-sonic.com\/fachwissen\/"},{"@type":"ListItem","position":3,"name":"Anwendungsbereiche","item":"https:\/\/ps-sonic.com\/fachwissen\/anwendungsbereiche\/"},{"@type":"ListItem","position":4,"name":"Textilindustrie"}]}]}},"_links":{"self":[{"href":"https:\/\/ps-sonic.com\/pt\/wp-json\/wp\/v2\/pages\/721"}],"collection":[{"href":"https:\/\/ps-sonic.com\/pt\/wp-json\/wp\/v2\/pages"}],"about":[{"href":"https:\/\/ps-sonic.com\/pt\/wp-json\/wp\/v2\/types\/page"}],"author":[{"embeddable":true,"href":"https:\/\/ps-sonic.com\/pt\/wp-json\/wp\/v2\/users\/1"}],"replies":[{"embeddable":true,"href":"https:\/\/ps-sonic.com\/pt\/wp-json\/wp\/v2\/comments?post=721"}],"version-history":[{"count":6,"href":"https:\/\/ps-sonic.com\/pt\/wp-json\/wp\/v2\/pages\/721\/revisions"}],"predecessor-version":[{"id":997,"href":"https:\/\/ps-sonic.com\/pt\/wp-json\/wp\/v2\/pages\/721\/revisions\/997"}],"up":[{"embeddable":true,"href":"https:\/\/ps-sonic.com\/pt\/wp-json\/wp\/v2\/pages\/672"}],"wp:featuredmedia":[{"embeddable":true,"href":"https:\/\/ps-sonic.com\/pt\/wp-json\/wp\/v2\/media\/831"}],"wp:attachment":[{"href":"https:\/\/ps-sonic.com\/pt\/wp-json\/wp\/v2\/media?parent=721"}],"curies":[{"name":"wp","href":"https:\/\/api.w.org\/{rel}","templated":true}]}}