{"id":722,"date":"2022-05-06T20:28:09","date_gmt":"2022-05-06T19:28:09","guid":{"rendered":"http:\/\/supersonic.inflightit.com\/?page_id=722"},"modified":"2022-08-05T16:42:59","modified_gmt":"2022-08-05T15:42:59","slug":"pilzzucht","status":"publish","type":"page","link":"https:\/\/ps-sonic.com\/pt\/fachwissen\/anwendungsbereiche\/pilzzucht\/","title":{"rendered":"Cultivo de cogumelos"},"content":{"rendered":"<p><strong>Uma iguaria - o cogumelo shiitake<\/strong><\/p>\n\n\n\n<p>O n\u00famero 1 da cozinha japonesa: o cogumelo shiitake cont\u00e9m subst\u00e2ncias ativas farmacologicamente interessantes. \u00c9 origin\u00e1rio da \u00c1sia Oriental. \u00c9 tamb\u00e9m daqui que vem o seu nome ex\u00f3tico. \u201cShii\u201d significa \u201c\u00e1rvore passani\u201d em japon\u00eas e \u201ctake\u201d significa cogumelo. O cogumelo shiitake tem sido apreciado como um alimento desde o s\u00e9culo XIV.<\/p>\n\n\n\n<p><\/p>\n\n\n\n<figure class=\"wp-block-image size-full\"><img loading=\"lazy\" width=\"1600\" height=\"1067\" src=\"https:\/\/ps-sonic.com\/wp-content\/uploads\/2022\/05\/Pilzzucht.jpg\" alt=\"\" class=\"wp-image-828\"\/><\/figure>\n\n\n\n<p>O cogumelo shiitake \u00e9 particularmente rico em vitaminas B, bem como minerais como c\u00e1lcio, pot\u00e1ssio, ferro, s\u00f3dio, cobre e zinco. Tamb\u00e9m cont\u00e9m prote\u00ednas e vitaminas A, D e C. 100 gramas de cogumelo shiitake fresco fornecem 11% da vitamina B2 (riboflavina) necess\u00e1ria diariamente e at\u00e9 14% de \u00e1cido f\u00f3lico, uma vitamina frequentemente negligenciada. Vale a pena mencionar em particular o ergosterol nele contido, o precursor da vitamina D2.<\/p>\n\n\n\n<p>As melhores condi\u00e7\u00f5es de crescimento para os cogumelos s\u00e3o um ambiente h\u00famido e fresco, com temperaturas est\u00e1veis de 10 a 15 \u00b0C e elevada humidade.<\/p>","protected":false},"excerpt":{"rendered":"<p>Eine Delikatesse \u2013 der Shiitake-Pilz Die Nummer 1 in der japanischen K\u00fcche: Der Shiitake-Pilz enth\u00e4lt pharmakologisch interessante Wirkstoffe. Er stammt urspr\u00fcnglich aus Ostasien. Von dort kommt auch sein exotischer Name. \u201eShii\u201c bedeutet auf Japanisch \u201ePassanibaum\u201c und \u201etake\u201c hei\u00dft Pilz. Seit dem 14. Jahrhundert wird der Shiitake-Pilz als Lebensmittel gesch\u00e4tzt. Besonders reich ist der Shiitake-Pilz an [&hellip;]<\/p>","protected":false},"author":1,"featured_media":838,"parent":672,"menu_order":0,"comment_status":"closed","ping_status":"closed","template":"","meta":[],"yoast_head":"<!-- This site is optimized with the Yoast SEO plugin v18.6 - https:\/\/yoast.com\/wordpress\/plugins\/seo\/ -->\n<title>Pilzzucht - Supersonic<\/title>\n<meta name=\"robots\" content=\"index, follow, max-snippet:-1, max-image-preview:large, max-video-preview:-1\" \/>\n<link rel=\"canonical\" href=\"https:\/\/ps-sonic.com\/pt\/fachwissen\/anwendungsbereiche\/pilzzucht\/\" \/>\n<meta property=\"og:locale\" content=\"pt_PT\" \/>\n<meta property=\"og:type\" content=\"article\" \/>\n<meta property=\"og:title\" content=\"Pilzzucht - Supersonic\" \/>\n<meta property=\"og:description\" content=\"Eine Delikatesse \u2013 der Shiitake-Pilz Die Nummer 1 in der japanischen K\u00fcche: Der Shiitake-Pilz enth\u00e4lt pharmakologisch interessante Wirkstoffe. Er stammt urspr\u00fcnglich aus Ostasien. Von dort kommt auch sein exotischer Name. \u201eShii\u201c bedeutet auf Japanisch \u201ePassanibaum\u201c und \u201etake\u201c hei\u00dft Pilz. Seit dem 14. Jahrhundert wird der Shiitake-Pilz als Lebensmittel gesch\u00e4tzt. Besonders reich ist der Shiitake-Pilz an [&hellip;]\" \/>\n<meta property=\"og:url\" content=\"https:\/\/ps-sonic.com\/pt\/fachwissen\/anwendungsbereiche\/pilzzucht\/\" \/>\n<meta property=\"og:site_name\" content=\"Supersonic\" \/>\n<meta property=\"article:modified_time\" content=\"2022-08-05T15:42:59+00:00\" \/>\n<meta property=\"og:image\" content=\"https:\/\/ps-sonic.com\/wp-content\/uploads\/2022\/05\/Pilzzucht-banner.jpg\" \/>\n\t<meta property=\"og:image:width\" content=\"1600\" \/>\n\t<meta property=\"og:image:height\" content=\"591\" \/>\n\t<meta property=\"og:image:type\" content=\"image\/jpeg\" \/>\n<meta name=\"twitter:card\" content=\"summary_large_image\" \/>\n<meta name=\"twitter:label1\" content=\"Tempo estimado de leitura\" \/>\n\t<meta name=\"twitter:data1\" content=\"1 minuto\" \/>\n<script type=\"application\/ld+json\" class=\"yoast-schema-graph\">{\"@context\":\"https:\/\/schema.org\",\"@graph\":[{\"@type\":\"WebSite\",\"@id\":\"https:\/\/ps-sonic.com\/#website\",\"url\":\"https:\/\/ps-sonic.com\/\",\"name\":\"Supersonic\",\"description\":\"Supersonic - A Arte da Humidifica\u00e7\u00e3o\",\"potentialAction\":[{\"@type\":\"SearchAction\",\"target\":{\"@type\":\"EntryPoint\",\"urlTemplate\":\"https:\/\/ps-sonic.com\/?s={search_term_string}\"},\"query-input\":\"required name=search_term_string\"}],\"inLanguage\":\"pt-PT\"},{\"@type\":\"ImageObject\",\"@id\":\"https:\/\/ps-sonic.com\/fachwissen\/anwendungsbereiche\/pilzzucht\/#primaryimage\",\"inLanguage\":\"pt-PT\",\"url\":\"https:\/\/ps-sonic.com\/wp-content\/uploads\/2022\/05\/Pilzzucht-banner.jpg\",\"contentUrl\":\"https:\/\/ps-sonic.com\/wp-content\/uploads\/2022\/05\/Pilzzucht-banner.jpg\",\"width\":1600,\"height\":591,\"caption\":\"mushroom\"},{\"@type\":\"WebPage\",\"@id\":\"https:\/\/ps-sonic.com\/fachwissen\/anwendungsbereiche\/pilzzucht\/#webpage\",\"url\":\"https:\/\/ps-sonic.com\/fachwissen\/anwendungsbereiche\/pilzzucht\/\",\"name\":\"Pilzzucht - Supersonic\",\"isPartOf\":{\"@id\":\"https:\/\/ps-sonic.com\/#website\"},\"primaryImageOfPage\":{\"@id\":\"https:\/\/ps-sonic.com\/fachwissen\/anwendungsbereiche\/pilzzucht\/#primaryimage\"},\"datePublished\":\"2022-05-06T19:28:09+00:00\",\"dateModified\":\"2022-08-05T15:42:59+00:00\",\"breadcrumb\":{\"@id\":\"https:\/\/ps-sonic.com\/fachwissen\/anwendungsbereiche\/pilzzucht\/#breadcrumb\"},\"inLanguage\":\"pt-PT\",\"potentialAction\":[{\"@type\":\"ReadAction\",\"target\":[\"https:\/\/ps-sonic.com\/fachwissen\/anwendungsbereiche\/pilzzucht\/\"]}]},{\"@type\":\"BreadcrumbList\",\"@id\":\"https:\/\/ps-sonic.com\/fachwissen\/anwendungsbereiche\/pilzzucht\/#breadcrumb\",\"itemListElement\":[{\"@type\":\"ListItem\",\"position\":1,\"name\":\"In\u00edcio\",\"item\":\"https:\/\/ps-sonic.com\/\"},{\"@type\":\"ListItem\",\"position\":2,\"name\":\"Service\",\"item\":\"https:\/\/ps-sonic.com\/fachwissen\/\"},{\"@type\":\"ListItem\",\"position\":3,\"name\":\"Anwendungsbereiche\",\"item\":\"https:\/\/ps-sonic.com\/fachwissen\/anwendungsbereiche\/\"},{\"@type\":\"ListItem\",\"position\":4,\"name\":\"Pilzzucht\"}]}]}<\/script>\n<!-- \/ Yoast SEO plugin. -->","yoast_head_json":{"title":"Pilzzucht - Supersonic","robots":{"index":"index","follow":"follow","max-snippet":"max-snippet:-1","max-image-preview":"max-image-preview:large","max-video-preview":"max-video-preview:-1"},"canonical":"https:\/\/ps-sonic.com\/pt\/fachwissen\/anwendungsbereiche\/pilzzucht\/","og_locale":"pt_PT","og_type":"article","og_title":"Pilzzucht - Supersonic","og_description":"Eine Delikatesse \u2013 der Shiitake-Pilz Die Nummer 1 in der japanischen K\u00fcche: Der Shiitake-Pilz enth\u00e4lt pharmakologisch interessante Wirkstoffe. Er stammt urspr\u00fcnglich aus Ostasien. Von dort kommt auch sein exotischer Name. \u201eShii\u201c bedeutet auf Japanisch \u201ePassanibaum\u201c und \u201etake\u201c hei\u00dft Pilz. Seit dem 14. Jahrhundert wird der Shiitake-Pilz als Lebensmittel gesch\u00e4tzt. Besonders reich ist der Shiitake-Pilz an [&hellip;]","og_url":"https:\/\/ps-sonic.com\/pt\/fachwissen\/anwendungsbereiche\/pilzzucht\/","og_site_name":"Supersonic","article_modified_time":"2022-08-05T15:42:59+00:00","og_image":[{"width":1600,"height":591,"url":"https:\/\/ps-sonic.com\/wp-content\/uploads\/2022\/05\/Pilzzucht-banner.jpg","type":"image\/jpeg"}],"twitter_card":"summary_large_image","twitter_misc":{"Tempo estimado de leitura":"1 minuto"},"schema":{"@context":"https:\/\/schema.org","@graph":[{"@type":"WebSite","@id":"https:\/\/ps-sonic.com\/#website","url":"https:\/\/ps-sonic.com\/","name":"Supersonic","description":"Supersonic - A Arte da Humidifica\u00e7\u00e3o","potentialAction":[{"@type":"SearchAction","target":{"@type":"EntryPoint","urlTemplate":"https:\/\/ps-sonic.com\/?s={search_term_string}"},"query-input":"required name=search_term_string"}],"inLanguage":"pt-PT"},{"@type":"ImageObject","@id":"https:\/\/ps-sonic.com\/fachwissen\/anwendungsbereiche\/pilzzucht\/#primaryimage","inLanguage":"pt-PT","url":"https:\/\/ps-sonic.com\/wp-content\/uploads\/2022\/05\/Pilzzucht-banner.jpg","contentUrl":"https:\/\/ps-sonic.com\/wp-content\/uploads\/2022\/05\/Pilzzucht-banner.jpg","width":1600,"height":591,"caption":"mushroom"},{"@type":"WebPage","@id":"https:\/\/ps-sonic.com\/fachwissen\/anwendungsbereiche\/pilzzucht\/#webpage","url":"https:\/\/ps-sonic.com\/fachwissen\/anwendungsbereiche\/pilzzucht\/","name":"Pilzzucht - Supersonic","isPartOf":{"@id":"https:\/\/ps-sonic.com\/#website"},"primaryImageOfPage":{"@id":"https:\/\/ps-sonic.com\/fachwissen\/anwendungsbereiche\/pilzzucht\/#primaryimage"},"datePublished":"2022-05-06T19:28:09+00:00","dateModified":"2022-08-05T15:42:59+00:00","breadcrumb":{"@id":"https:\/\/ps-sonic.com\/fachwissen\/anwendungsbereiche\/pilzzucht\/#breadcrumb"},"inLanguage":"pt-PT","potentialAction":[{"@type":"ReadAction","target":["https:\/\/ps-sonic.com\/fachwissen\/anwendungsbereiche\/pilzzucht\/"]}]},{"@type":"BreadcrumbList","@id":"https:\/\/ps-sonic.com\/fachwissen\/anwendungsbereiche\/pilzzucht\/#breadcrumb","itemListElement":[{"@type":"ListItem","position":1,"name":"In\u00edcio","item":"https:\/\/ps-sonic.com\/"},{"@type":"ListItem","position":2,"name":"Service","item":"https:\/\/ps-sonic.com\/fachwissen\/"},{"@type":"ListItem","position":3,"name":"Anwendungsbereiche","item":"https:\/\/ps-sonic.com\/fachwissen\/anwendungsbereiche\/"},{"@type":"ListItem","position":4,"name":"Pilzzucht"}]}]}},"_links":{"self":[{"href":"https:\/\/ps-sonic.com\/pt\/wp-json\/wp\/v2\/pages\/722"}],"collection":[{"href":"https:\/\/ps-sonic.com\/pt\/wp-json\/wp\/v2\/pages"}],"about":[{"href":"https:\/\/ps-sonic.com\/pt\/wp-json\/wp\/v2\/types\/page"}],"author":[{"embeddable":true,"href":"https:\/\/ps-sonic.com\/pt\/wp-json\/wp\/v2\/users\/1"}],"replies":[{"embeddable":true,"href":"https:\/\/ps-sonic.com\/pt\/wp-json\/wp\/v2\/comments?post=722"}],"version-history":[{"count":5,"href":"https:\/\/ps-sonic.com\/pt\/wp-json\/wp\/v2\/pages\/722\/revisions"}],"predecessor-version":[{"id":1000,"href":"https:\/\/ps-sonic.com\/pt\/wp-json\/wp\/v2\/pages\/722\/revisions\/1000"}],"up":[{"embeddable":true,"href":"https:\/\/ps-sonic.com\/pt\/wp-json\/wp\/v2\/pages\/672"}],"wp:featuredmedia":[{"embeddable":true,"href":"https:\/\/ps-sonic.com\/pt\/wp-json\/wp\/v2\/media\/838"}],"wp:attachment":[{"href":"https:\/\/ps-sonic.com\/pt\/wp-json\/wp\/v2\/media?parent=722"}],"curies":[{"name":"wp","href":"https:\/\/api.w.org\/{rel}","templated":true}]}}