{"id":723,"date":"2022-05-06T20:27:22","date_gmt":"2022-05-06T19:27:22","guid":{"rendered":"http:\/\/supersonic.inflightit.com\/?page_id=723"},"modified":"2022-08-05T16:42:43","modified_gmt":"2022-08-05T15:42:43","slug":"tabakwaren","status":"publish","type":"page","link":"https:\/\/ps-sonic.com\/pt\/fachwissen\/anwendungsbereiche\/tabakwaren\/","title":{"rendered":"Produtos de tabaco"},"content":{"rendered":"<p><strong>Nada \u00e9 melhor do que um charuto cubano<\/strong><\/p>\n\n\n\n<p>O melhor sabor s\u00f3 \u00e9 obtido atrav\u00e9s de um clima ideal. O tabaco tem de secar sem pressa. Um processo de secagem sem pressa mant\u00e9m a vida celular do tabaco viva durante muito tempo, bem como os processos qu\u00edmicos nas suas pr\u00f3prias c\u00e9lulas foliares que s\u00e3o necess\u00e1rios para a fermenta\u00e7\u00e3o.<\/p>\n\n\n\n<figure class=\"wp-block-image size-large\"><img loading=\"lazy\" width=\"1024\" height=\"683\" src=\"https:\/\/ps-sonic.com\/wp-content\/uploads\/2022\/07\/Tabakwaren_middle_dentro-do-texto_2-1024x683.jpg\" alt=\"\" class=\"wp-image-974\" srcset=\"https:\/\/ps-sonic.com\/wp-content\/uploads\/2022\/07\/Tabakwaren_middle_dentro-do-texto_2-1024x683.jpg 1024w, https:\/\/ps-sonic.com\/wp-content\/uploads\/2022\/07\/Tabakwaren_middle_dentro-do-texto_2-300x200.jpg 300w, https:\/\/ps-sonic.com\/wp-content\/uploads\/2022\/07\/Tabakwaren_middle_dentro-do-texto_2-768x512.jpg 768w, https:\/\/ps-sonic.com\/wp-content\/uploads\/2022\/07\/Tabakwaren_middle_dentro-do-texto_2-18x12.jpg 18w, https:\/\/ps-sonic.com\/wp-content\/uploads\/2022\/07\/Tabakwaren_middle_dentro-do-texto_2-416x277.jpg 416w, https:\/\/ps-sonic.com\/wp-content\/uploads\/2022\/07\/Tabakwaren_middle_dentro-do-texto_2-64x43.jpg 64w, https:\/\/ps-sonic.com\/wp-content\/uploads\/2022\/07\/Tabakwaren_middle_dentro-do-texto_2.jpg 1348w\" sizes=\"(max-width: 1024px) 100vw, 1024px\" \/><\/figure>\n\n\n\n<p>Quando o tabaco em rama murcha, os ingredientes como amido, prote\u00ednas e corantes foliares decomp\u00f5em-se. Este processo de decomposi\u00e7\u00e3o deve ter lugar em grande parte nas folhas vivas, para n\u00e3o perder a qualidade dos sabores.<\/p>","protected":false},"excerpt":{"rendered":"<p>Nichts geht \u00fcber eine kubanische Zigarre Der beste Geschmack wird nur durch ein optimales Klima erreicht. Der Tabak muss gem\u00e4chlich trocknen. Durch einen gem\u00e4chlichen Trocknungsprozess bleibt das Zellleben im Tabak lange lebendig und ebenso die f\u00fcr die Fermentation notwendigen chemischen Prozesse in den eigenen Blattzellen. Beim Abwelken von Rohtabak zerfallen die Inhaltsstoffe wie St\u00e4rke, Eiwei\u00df [&hellip;]<\/p>","protected":false},"author":1,"featured_media":830,"parent":672,"menu_order":0,"comment_status":"closed","ping_status":"closed","template":"","meta":[],"yoast_head":"<!-- This site is optimized with the Yoast SEO plugin v18.6 - https:\/\/yoast.com\/wordpress\/plugins\/seo\/ -->\n<title>Tabakwaren - Supersonic<\/title>\n<meta name=\"robots\" content=\"index, follow, max-snippet:-1, max-image-preview:large, max-video-preview:-1\" \/>\n<link rel=\"canonical\" href=\"https:\/\/ps-sonic.com\/pt\/fachwissen\/anwendungsbereiche\/tabakwaren\/\" \/>\n<meta property=\"og:locale\" content=\"pt_PT\" \/>\n<meta property=\"og:type\" content=\"article\" \/>\n<meta property=\"og:title\" content=\"Tabakwaren - Supersonic\" \/>\n<meta property=\"og:description\" content=\"Nichts geht \u00fcber eine kubanische Zigarre Der beste Geschmack wird nur durch ein optimales Klima erreicht. Der Tabak muss gem\u00e4chlich trocknen. Durch einen gem\u00e4chlichen Trocknungsprozess bleibt das Zellleben im Tabak lange lebendig und ebenso die f\u00fcr die Fermentation notwendigen chemischen Prozesse in den eigenen Blattzellen. Beim Abwelken von Rohtabak zerfallen die Inhaltsstoffe wie St\u00e4rke, Eiwei\u00df [&hellip;]\" \/>\n<meta property=\"og:url\" content=\"https:\/\/ps-sonic.com\/pt\/fachwissen\/anwendungsbereiche\/tabakwaren\/\" \/>\n<meta property=\"og:site_name\" content=\"Supersonic\" \/>\n<meta property=\"article:modified_time\" content=\"2022-08-05T15:42:43+00:00\" \/>\n<meta property=\"og:image\" content=\"https:\/\/ps-sonic.com\/wp-content\/uploads\/2022\/05\/Tabakwaren.jpg\" \/>\n\t<meta property=\"og:image:width\" content=\"1685\" \/>\n\t<meta property=\"og:image:height\" content=\"1123\" \/>\n\t<meta property=\"og:image:type\" content=\"image\/jpeg\" \/>\n<meta name=\"twitter:card\" content=\"summary_large_image\" \/>\n<meta name=\"twitter:label1\" content=\"Tempo estimado de leitura\" \/>\n\t<meta name=\"twitter:data1\" content=\"1 minuto\" \/>\n<script type=\"application\/ld+json\" class=\"yoast-schema-graph\">{\"@context\":\"https:\/\/schema.org\",\"@graph\":[{\"@type\":\"WebSite\",\"@id\":\"https:\/\/ps-sonic.com\/#website\",\"url\":\"https:\/\/ps-sonic.com\/\",\"name\":\"Supersonic\",\"description\":\"Supersonic - A Arte da Humidifica\u00e7\u00e3o\",\"potentialAction\":[{\"@type\":\"SearchAction\",\"target\":{\"@type\":\"EntryPoint\",\"urlTemplate\":\"https:\/\/ps-sonic.com\/?s={search_term_string}\"},\"query-input\":\"required name=search_term_string\"}],\"inLanguage\":\"pt-PT\"},{\"@type\":\"ImageObject\",\"@id\":\"https:\/\/ps-sonic.com\/fachwissen\/anwendungsbereiche\/tabakwaren\/#primaryimage\",\"inLanguage\":\"pt-PT\",\"url\":\"https:\/\/ps-sonic.com\/wp-content\/uploads\/2022\/05\/Tabakwaren.jpg\",\"contentUrl\":\"https:\/\/ps-sonic.com\/wp-content\/uploads\/2022\/05\/Tabakwaren.jpg\",\"width\":1685,\"height\":1123,\"caption\":\"Cuban cigars close-up\"},{\"@type\":\"WebPage\",\"@id\":\"https:\/\/ps-sonic.com\/fachwissen\/anwendungsbereiche\/tabakwaren\/#webpage\",\"url\":\"https:\/\/ps-sonic.com\/fachwissen\/anwendungsbereiche\/tabakwaren\/\",\"name\":\"Tabakwaren - Supersonic\",\"isPartOf\":{\"@id\":\"https:\/\/ps-sonic.com\/#website\"},\"primaryImageOfPage\":{\"@id\":\"https:\/\/ps-sonic.com\/fachwissen\/anwendungsbereiche\/tabakwaren\/#primaryimage\"},\"datePublished\":\"2022-05-06T19:27:22+00:00\",\"dateModified\":\"2022-08-05T15:42:43+00:00\",\"breadcrumb\":{\"@id\":\"https:\/\/ps-sonic.com\/fachwissen\/anwendungsbereiche\/tabakwaren\/#breadcrumb\"},\"inLanguage\":\"pt-PT\",\"potentialAction\":[{\"@type\":\"ReadAction\",\"target\":[\"https:\/\/ps-sonic.com\/fachwissen\/anwendungsbereiche\/tabakwaren\/\"]}]},{\"@type\":\"BreadcrumbList\",\"@id\":\"https:\/\/ps-sonic.com\/fachwissen\/anwendungsbereiche\/tabakwaren\/#breadcrumb\",\"itemListElement\":[{\"@type\":\"ListItem\",\"position\":1,\"name\":\"In\u00edcio\",\"item\":\"https:\/\/ps-sonic.com\/\"},{\"@type\":\"ListItem\",\"position\":2,\"name\":\"Service\",\"item\":\"https:\/\/ps-sonic.com\/fachwissen\/\"},{\"@type\":\"ListItem\",\"position\":3,\"name\":\"Anwendungsbereiche\",\"item\":\"https:\/\/ps-sonic.com\/fachwissen\/anwendungsbereiche\/\"},{\"@type\":\"ListItem\",\"position\":4,\"name\":\"Tabakwaren\"}]}]}<\/script>\n<!-- \/ Yoast SEO plugin. -->","yoast_head_json":{"title":"Tabakwaren - Supersonic","robots":{"index":"index","follow":"follow","max-snippet":"max-snippet:-1","max-image-preview":"max-image-preview:large","max-video-preview":"max-video-preview:-1"},"canonical":"https:\/\/ps-sonic.com\/pt\/fachwissen\/anwendungsbereiche\/tabakwaren\/","og_locale":"pt_PT","og_type":"article","og_title":"Tabakwaren - Supersonic","og_description":"Nichts geht \u00fcber eine kubanische Zigarre Der beste Geschmack wird nur durch ein optimales Klima erreicht. Der Tabak muss gem\u00e4chlich trocknen. Durch einen gem\u00e4chlichen Trocknungsprozess bleibt das Zellleben im Tabak lange lebendig und ebenso die f\u00fcr die Fermentation notwendigen chemischen Prozesse in den eigenen Blattzellen. Beim Abwelken von Rohtabak zerfallen die Inhaltsstoffe wie St\u00e4rke, Eiwei\u00df [&hellip;]","og_url":"https:\/\/ps-sonic.com\/pt\/fachwissen\/anwendungsbereiche\/tabakwaren\/","og_site_name":"Supersonic","article_modified_time":"2022-08-05T15:42:43+00:00","og_image":[{"width":1685,"height":1123,"url":"https:\/\/ps-sonic.com\/wp-content\/uploads\/2022\/05\/Tabakwaren.jpg","type":"image\/jpeg"}],"twitter_card":"summary_large_image","twitter_misc":{"Tempo estimado de leitura":"1 minuto"},"schema":{"@context":"https:\/\/schema.org","@graph":[{"@type":"WebSite","@id":"https:\/\/ps-sonic.com\/#website","url":"https:\/\/ps-sonic.com\/","name":"Supersonic","description":"Supersonic - A Arte da Humidifica\u00e7\u00e3o","potentialAction":[{"@type":"SearchAction","target":{"@type":"EntryPoint","urlTemplate":"https:\/\/ps-sonic.com\/?s={search_term_string}"},"query-input":"required name=search_term_string"}],"inLanguage":"pt-PT"},{"@type":"ImageObject","@id":"https:\/\/ps-sonic.com\/fachwissen\/anwendungsbereiche\/tabakwaren\/#primaryimage","inLanguage":"pt-PT","url":"https:\/\/ps-sonic.com\/wp-content\/uploads\/2022\/05\/Tabakwaren.jpg","contentUrl":"https:\/\/ps-sonic.com\/wp-content\/uploads\/2022\/05\/Tabakwaren.jpg","width":1685,"height":1123,"caption":"Cuban cigars close-up"},{"@type":"WebPage","@id":"https:\/\/ps-sonic.com\/fachwissen\/anwendungsbereiche\/tabakwaren\/#webpage","url":"https:\/\/ps-sonic.com\/fachwissen\/anwendungsbereiche\/tabakwaren\/","name":"Tabakwaren - Supersonic","isPartOf":{"@id":"https:\/\/ps-sonic.com\/#website"},"primaryImageOfPage":{"@id":"https:\/\/ps-sonic.com\/fachwissen\/anwendungsbereiche\/tabakwaren\/#primaryimage"},"datePublished":"2022-05-06T19:27:22+00:00","dateModified":"2022-08-05T15:42:43+00:00","breadcrumb":{"@id":"https:\/\/ps-sonic.com\/fachwissen\/anwendungsbereiche\/tabakwaren\/#breadcrumb"},"inLanguage":"pt-PT","potentialAction":[{"@type":"ReadAction","target":["https:\/\/ps-sonic.com\/fachwissen\/anwendungsbereiche\/tabakwaren\/"]}]},{"@type":"BreadcrumbList","@id":"https:\/\/ps-sonic.com\/fachwissen\/anwendungsbereiche\/tabakwaren\/#breadcrumb","itemListElement":[{"@type":"ListItem","position":1,"name":"In\u00edcio","item":"https:\/\/ps-sonic.com\/"},{"@type":"ListItem","position":2,"name":"Service","item":"https:\/\/ps-sonic.com\/fachwissen\/"},{"@type":"ListItem","position":3,"name":"Anwendungsbereiche","item":"https:\/\/ps-sonic.com\/fachwissen\/anwendungsbereiche\/"},{"@type":"ListItem","position":4,"name":"Tabakwaren"}]}]}},"_links":{"self":[{"href":"https:\/\/ps-sonic.com\/pt\/wp-json\/wp\/v2\/pages\/723"}],"collection":[{"href":"https:\/\/ps-sonic.com\/pt\/wp-json\/wp\/v2\/pages"}],"about":[{"href":"https:\/\/ps-sonic.com\/pt\/wp-json\/wp\/v2\/types\/page"}],"author":[{"embeddable":true,"href":"https:\/\/ps-sonic.com\/pt\/wp-json\/wp\/v2\/users\/1"}],"replies":[{"embeddable":true,"href":"https:\/\/ps-sonic.com\/pt\/wp-json\/wp\/v2\/comments?post=723"}],"version-history":[{"count":6,"href":"https:\/\/ps-sonic.com\/pt\/wp-json\/wp\/v2\/pages\/723\/revisions"}],"predecessor-version":[{"id":998,"href":"https:\/\/ps-sonic.com\/pt\/wp-json\/wp\/v2\/pages\/723\/revisions\/998"}],"up":[{"embeddable":true,"href":"https:\/\/ps-sonic.com\/pt\/wp-json\/wp\/v2\/pages\/672"}],"wp:featuredmedia":[{"embeddable":true,"href":"https:\/\/ps-sonic.com\/pt\/wp-json\/wp\/v2\/media\/830"}],"wp:attachment":[{"href":"https:\/\/ps-sonic.com\/pt\/wp-json\/wp\/v2\/media?parent=723"}],"curies":[{"name":"wp","href":"https:\/\/api.w.org\/{rel}","templated":true}]}}