{"id":1117,"date":"2025-06-09T12:50:38","date_gmt":"2025-06-09T11:50:38","guid":{"rendered":"https:\/\/ps-sonic.com\/?post_type=product&#038;p=1117"},"modified":"2026-01-14T05:35:50","modified_gmt":"2026-01-14T05:35:50","slug":"ultraschallbefeuchter-uv01","status":"publish","type":"product","link":"https:\/\/ps-sonic.com\/pt\/produto\/ultraschallbefeuchter-uv01\/","title":{"rendered":"Humidificador ultrass\u00f3nico UV01"},"content":{"rendered":"<p>&nbsp;<\/p>\n<table width=\"444\">\n<tbody>\n<tr>\n<td colspan=\"3\" width=\"444\"><strong>Dados t\u00e9cnicos<\/strong><\/td>\n<\/tr>\n<tr>\n<td width=\"196\">Capacidade<\/td>\n<td width=\"71\">kg\/h<\/td>\n<td width=\"177\">0,7<\/td>\n<\/tr>\n<tr>\n<td width=\"196\">Consumo de energia<\/td>\n<td width=\"71\">W<\/td>\n<td width=\"177\">30<\/td>\n<\/tr>\n<tr>\n<td width=\"196\">Dimens\u00f5es (LxAxP)<\/td>\n<td width=\"71\">mm<\/td>\n<td width=\"177\">113 x 266 x 78<\/td>\n<\/tr>\n<tr>\n<td width=\"196\">Peso sem carga<\/td>\n<td width=\"71\">kg<\/td>\n<td width=\"177\">1,5<\/td>\n<\/tr>\n<tr>\n<td width=\"196\">Peso de funcionamento<\/td>\n<td width=\"71\">kg<\/td>\n<td width=\"177\">1,7<\/td>\n<\/tr>\n<tr>\n<td width=\"196\">Fonte de alimenta\u00e7\u00e3o<\/td>\n<td width=\"71\">VDC<\/td>\n<td width=\"177\">48<\/td>\n<\/tr>\n<tr>\n<td width=\"196\">Sec\u00e7\u00e3o transversal do cabo, m\u00edn.<\/td>\n<td width=\"71\">mm\u00b2<\/td>\n<td width=\"177\">2 x 0,5<\/td>\n<\/tr>\n<tr>\n<td width=\"196\">Ansteuerung<\/td>\n<td width=\"71\">VDC<\/td>\n<td width=\"177\">0-10<\/td>\n<\/tr>\n<tr>\n<td width=\"196\">Temperatura ambiente<\/td>\n<td width=\"71\">\u00b0C<\/td>\n<td width=\"177\">+1 a +45<\/td>\n<\/tr>\n<tr>\n<td width=\"196\">Humidade relativa<\/td>\n<td width=\"71\">r.F.<\/td>\n<td width=\"177\">&lt; 95<\/td>\n<\/tr>\n<tr>\n<td width=\"196\">Temperatura da \u00e1gua<\/td>\n<td width=\"71\">\u00b0C<\/td>\n<td width=\"177\">+1 a +40<\/td>\n<\/tr>\n<tr>\n<td width=\"196\">Press\u00e3o de entrada de \u00e1gua<\/td>\n<td width=\"71\">bar<\/td>\n<td width=\"177\">0,2 a 4<\/td>\n<\/tr>\n<tr>\n<td width=\"196\">Condutividade da \u00e1gua<\/td>\n<td width=\"71\">\u00b5S\/cm<\/td>\n<td width=\"177\">&lt; 80, a curto prazo 100<\/td>\n<\/tr>\n<tr>\n<td width=\"196\">Dureza da \u00e1gua<\/td>\n<td width=\"71\">\u00b0dH<\/td>\n<td width=\"177\">&lt; 1<\/td>\n<\/tr>\n<tr>\n<td width=\"196\">Valor<\/td>\n<td width=\"71\">&#8211;<\/td>\n<td width=\"177\">6-8<\/td>\n<\/tr>\n<\/tbody>\n<\/table>","protected":false},"excerpt":{"rendered":"<p>O humidificador ultrass\u00f4nico UV01 representa uma evolu\u00e7\u00e3o avan\u00e7ada da consagrada s\u00e9rie Standard FX e se destaca por sua capacidade precisa de humidifica\u00e7\u00e3o de 0,5 kg\/h. Na configura\u00e7\u00e3o padr\u00e3o, o UV01 vem equipado com v\u00e1rias fun\u00e7\u00f5es importantes: em primeiro lugar, possui uma conex\u00e3o confi\u00e1vel para transbordamento que garante a drenagem segura da \u00e1gua, e em segundo lugar, incorpora um moderno LED UV-C que se ativa automaticamente durante os per\u00edodos de inatividade do dispositivo para garantir uma higiene ideal. Como caracter\u00edstica especial, o UV01 tamb\u00e9m est\u00e1 equipado com uma placa de controle aprimorada que permite um monitoramento e regula\u00e7\u00e3o ainda mais precisos de todas as fun\u00e7\u00f5es.<\/p>\n<p>Vantagens:<\/p>\n<ul>\n<li>desenvolvido para os mais altos requisitos de precis\u00e3o<\/li>\n<li>implementa\u00e7\u00e3o em produtos pr\u00f3prios<\/li>\n<li>caixa em a\u00e7o inoxid\u00e1vel 1.4301<\/li>\n<li>produ\u00e7\u00e3o precisa de humidade sem distor\u00e7\u00e3o<\/li>\n<li>Integriertes Ablassventil und \u00dcberlaufanschluss<\/li>\n<li>UV-C LED<\/li>\n<\/ul>","protected":false},"featured_media":1118,"comment_status":"open","ping_status":"closed","template":"","meta":[],"product_cat":[21,100],"product_tag":[],"yoast_head":"<!-- This site is optimized with the Yoast SEO plugin v18.6 - https:\/\/yoast.com\/wordpress\/plugins\/seo\/ -->\n<title>Ultraschallbefeuchter UV01 - Supersonic<\/title>\n<meta name=\"robots\" content=\"index, follow, max-snippet:-1, max-image-preview:large, max-video-preview:-1\" \/>\n<link rel=\"canonical\" href=\"https:\/\/ps-sonic.com\/pt\/produto\/ultraschallbefeuchter-uv01\/\" \/>\n<meta property=\"og:locale\" content=\"pt_PT\" \/>\n<meta property=\"og:type\" content=\"article\" \/>\n<meta property=\"og:title\" content=\"Ultraschallbefeuchter UV01 - Supersonic\" \/>\n<meta property=\"og:description\" content=\"Der Ultraschallbefeuchter UV01 stellt eine fortschrittliche Weiterentwicklung der bew\u00e4hrten Standard FX-Serie dar und zeichnet sich durch eine pr\u00e4zise Befeuchterleistung von 0,7 kg\/h aus. In der Standardausf\u00fchrung ist der UV01 mit mehreren wichtigen Funktionen ausgestattet: Zum einen verf\u00fcgt er \u00fcber einen zuverl\u00e4ssigen \u00dcberlaufanschluss zur sicheren Wasserableitung, zum anderen ist eine moderne UV-C-LED integriert, die sich w\u00e4hrend der Stillstandszeiten des Ger\u00e4ts automatisch aktiviert und so f\u00fcr optimale Hygiene sorgt. Als besonderes Merkmal ist der UV01 dar\u00fcber hinaus mit einer erweiterten Steuerungsplatine ausger\u00fcstet, die eine noch pr\u00e4zisere Kontrolle und Regelung aller Funktionen erm\u00f6glicht.  Vorteile:   Entwickelt f\u00fcr h\u00f6chste Pr\u00e4zisionsanspr\u00fcche  Implementierung in eigene Produkte  Geh\u00e4use aus Edelstahl 1.4301  Pr\u00e4zise Feuchteproduktion ohne Verzug  Integriertes Ablassventil und \u00dcberlaufanschluss  UV-C LED\" \/>\n<meta property=\"og:url\" content=\"https:\/\/ps-sonic.com\/pt\/produto\/ultraschallbefeuchter-uv01\/\" \/>\n<meta property=\"og:site_name\" content=\"Supersonic\" \/>\n<meta property=\"article:modified_time\" content=\"2026-01-14T05:35:50+00:00\" \/>\n<meta property=\"og:image\" content=\"https:\/\/ps-sonic.com\/wp-content\/uploads\/2025\/06\/US_UV_24_1000_2c_1000x1000px.png\" \/>\n\t<meta property=\"og:image:width\" content=\"1000\" \/>\n\t<meta property=\"og:image:height\" content=\"1000\" \/>\n\t<meta property=\"og:image:type\" content=\"image\/png\" \/>\n<meta name=\"twitter:card\" content=\"summary_large_image\" \/>\n<meta name=\"twitter:label1\" content=\"Tempo estimado de leitura\" \/>\n\t<meta name=\"twitter:data1\" content=\"1 minuto\" \/>\n<script type=\"application\/ld+json\" class=\"yoast-schema-graph\">{\"@context\":\"https:\/\/schema.org\",\"@graph\":[{\"@type\":\"WebSite\",\"@id\":\"https:\/\/ps-sonic.com\/#website\",\"url\":\"https:\/\/ps-sonic.com\/\",\"name\":\"Supersonic\",\"description\":\"Supersonic - A Arte da Humidifica\u00e7\u00e3o\",\"potentialAction\":[{\"@type\":\"SearchAction\",\"target\":{\"@type\":\"EntryPoint\",\"urlTemplate\":\"https:\/\/ps-sonic.com\/?s={search_term_string}\"},\"query-input\":\"required name=search_term_string\"}],\"inLanguage\":\"pt-PT\"},{\"@type\":\"ImageObject\",\"@id\":\"https:\/\/ps-sonic.com\/produto\/ultraschallbefeuchter-uv01\/#primaryimage\",\"inLanguage\":\"pt-PT\",\"url\":\"https:\/\/ps-sonic.com\/wp-content\/uploads\/2025\/06\/US_UV_24_1000_2c_1000x1000px.png\",\"contentUrl\":\"https:\/\/ps-sonic.com\/wp-content\/uploads\/2025\/06\/US_UV_24_1000_2c_1000x1000px.png\",\"width\":1000,\"height\":1000},{\"@type\":\"WebPage\",\"@id\":\"https:\/\/ps-sonic.com\/produto\/ultraschallbefeuchter-uv01\/#webpage\",\"url\":\"https:\/\/ps-sonic.com\/produto\/ultraschallbefeuchter-uv01\/\",\"name\":\"Ultraschallbefeuchter UV01 - Supersonic\",\"isPartOf\":{\"@id\":\"https:\/\/ps-sonic.com\/#website\"},\"primaryImageOfPage\":{\"@id\":\"https:\/\/ps-sonic.com\/produto\/ultraschallbefeuchter-uv01\/#primaryimage\"},\"datePublished\":\"2025-06-09T11:50:38+00:00\",\"dateModified\":\"2026-01-14T05:35:50+00:00\",\"breadcrumb\":{\"@id\":\"https:\/\/ps-sonic.com\/produto\/ultraschallbefeuchter-uv01\/#breadcrumb\"},\"inLanguage\":\"pt-PT\",\"potentialAction\":[{\"@type\":\"ReadAction\",\"target\":[\"https:\/\/ps-sonic.com\/produto\/ultraschallbefeuchter-uv01\/\"]}]},{\"@type\":\"BreadcrumbList\",\"@id\":\"https:\/\/ps-sonic.com\/produto\/ultraschallbefeuchter-uv01\/#breadcrumb\",\"itemListElement\":[{\"@type\":\"ListItem\",\"position\":1,\"name\":\"In\u00edcio\",\"item\":\"https:\/\/ps-sonic.com\/\"},{\"@type\":\"ListItem\",\"position\":2,\"name\":\"Produkt\",\"item\":\"https:\/\/ps-sonic.com\/produkt\/\"},{\"@type\":\"ListItem\",\"position\":3,\"name\":\"Ultraschallbefeuchter UV01\"}]}]}<\/script>\n<!-- \/ Yoast SEO plugin. -->","yoast_head_json":{"title":"Ultraschallbefeuchter UV01 - Supersonic","robots":{"index":"index","follow":"follow","max-snippet":"max-snippet:-1","max-image-preview":"max-image-preview:large","max-video-preview":"max-video-preview:-1"},"canonical":"https:\/\/ps-sonic.com\/pt\/produto\/ultraschallbefeuchter-uv01\/","og_locale":"pt_PT","og_type":"article","og_title":"Ultraschallbefeuchter UV01 - Supersonic","og_description":"Der Ultraschallbefeuchter UV01 stellt eine fortschrittliche Weiterentwicklung der bew\u00e4hrten Standard FX-Serie dar und zeichnet sich durch eine pr\u00e4zise Befeuchterleistung von 0,7 kg\/h aus. In der Standardausf\u00fchrung ist der UV01 mit mehreren wichtigen Funktionen ausgestattet: Zum einen verf\u00fcgt er \u00fcber einen zuverl\u00e4ssigen \u00dcberlaufanschluss zur sicheren Wasserableitung, zum anderen ist eine moderne UV-C-LED integriert, die sich w\u00e4hrend der Stillstandszeiten des Ger\u00e4ts automatisch aktiviert und so f\u00fcr optimale Hygiene sorgt. Als besonderes Merkmal ist der UV01 dar\u00fcber hinaus mit einer erweiterten Steuerungsplatine ausger\u00fcstet, die eine noch pr\u00e4zisere Kontrolle und Regelung aller Funktionen erm\u00f6glicht.  Vorteile:   Entwickelt f\u00fcr h\u00f6chste Pr\u00e4zisionsanspr\u00fcche  Implementierung in eigene Produkte  Geh\u00e4use aus Edelstahl 1.4301  Pr\u00e4zise Feuchteproduktion ohne Verzug  Integriertes Ablassventil und \u00dcberlaufanschluss  UV-C LED","og_url":"https:\/\/ps-sonic.com\/pt\/produto\/ultraschallbefeuchter-uv01\/","og_site_name":"Supersonic","article_modified_time":"2026-01-14T05:35:50+00:00","og_image":[{"width":1000,"height":1000,"url":"https:\/\/ps-sonic.com\/wp-content\/uploads\/2025\/06\/US_UV_24_1000_2c_1000x1000px.png","type":"image\/png"}],"twitter_card":"summary_large_image","twitter_misc":{"Tempo estimado de leitura":"1 minuto"},"schema":{"@context":"https:\/\/schema.org","@graph":[{"@type":"WebSite","@id":"https:\/\/ps-sonic.com\/#website","url":"https:\/\/ps-sonic.com\/","name":"Supersonic","description":"Supersonic - A Arte da Humidifica\u00e7\u00e3o","potentialAction":[{"@type":"SearchAction","target":{"@type":"EntryPoint","urlTemplate":"https:\/\/ps-sonic.com\/?s={search_term_string}"},"query-input":"required name=search_term_string"}],"inLanguage":"pt-PT"},{"@type":"ImageObject","@id":"https:\/\/ps-sonic.com\/produto\/ultraschallbefeuchter-uv01\/#primaryimage","inLanguage":"pt-PT","url":"https:\/\/ps-sonic.com\/wp-content\/uploads\/2025\/06\/US_UV_24_1000_2c_1000x1000px.png","contentUrl":"https:\/\/ps-sonic.com\/wp-content\/uploads\/2025\/06\/US_UV_24_1000_2c_1000x1000px.png","width":1000,"height":1000},{"@type":"WebPage","@id":"https:\/\/ps-sonic.com\/produto\/ultraschallbefeuchter-uv01\/#webpage","url":"https:\/\/ps-sonic.com\/produto\/ultraschallbefeuchter-uv01\/","name":"Ultraschallbefeuchter UV01 - Supersonic","isPartOf":{"@id":"https:\/\/ps-sonic.com\/#website"},"primaryImageOfPage":{"@id":"https:\/\/ps-sonic.com\/produto\/ultraschallbefeuchter-uv01\/#primaryimage"},"datePublished":"2025-06-09T11:50:38+00:00","dateModified":"2026-01-14T05:35:50+00:00","breadcrumb":{"@id":"https:\/\/ps-sonic.com\/produto\/ultraschallbefeuchter-uv01\/#breadcrumb"},"inLanguage":"pt-PT","potentialAction":[{"@type":"ReadAction","target":["https:\/\/ps-sonic.com\/produto\/ultraschallbefeuchter-uv01\/"]}]},{"@type":"BreadcrumbList","@id":"https:\/\/ps-sonic.com\/produto\/ultraschallbefeuchter-uv01\/#breadcrumb","itemListElement":[{"@type":"ListItem","position":1,"name":"In\u00edcio","item":"https:\/\/ps-sonic.com\/"},{"@type":"ListItem","position":2,"name":"Produkt","item":"https:\/\/ps-sonic.com\/produkt\/"},{"@type":"ListItem","position":3,"name":"Ultraschallbefeuchter UV01"}]}]}},"_links":{"self":[{"href":"https:\/\/ps-sonic.com\/pt\/wp-json\/wp\/v2\/product\/1117"}],"collection":[{"href":"https:\/\/ps-sonic.com\/pt\/wp-json\/wp\/v2\/product"}],"about":[{"href":"https:\/\/ps-sonic.com\/pt\/wp-json\/wp\/v2\/types\/product"}],"replies":[{"embeddable":true,"href":"https:\/\/ps-sonic.com\/pt\/wp-json\/wp\/v2\/comments?post=1117"}],"wp:featuredmedia":[{"embeddable":true,"href":"https:\/\/ps-sonic.com\/pt\/wp-json\/wp\/v2\/media\/1118"}],"wp:attachment":[{"href":"https:\/\/ps-sonic.com\/pt\/wp-json\/wp\/v2\/media?parent=1117"}],"wp:term":[{"taxonomy":"product_cat","embeddable":true,"href":"https:\/\/ps-sonic.com\/pt\/wp-json\/wp\/v2\/product_cat?post=1117"},{"taxonomy":"product_tag","embeddable":true,"href":"https:\/\/ps-sonic.com\/pt\/wp-json\/wp\/v2\/product_tag?post=1117"}],"curies":[{"name":"wp","href":"https:\/\/api.w.org\/{rel}","templated":true}]}}