{"id":761,"date":"2022-05-11T17:23:00","date_gmt":"2022-05-11T16:23:00","guid":{"rendered":"https:\/\/ps-sonic.com\/?post_type=product&#038;p=761"},"modified":"2023-05-26T17:09:33","modified_gmt":"2023-05-26T16:09:33","slug":"ultraschallbefeuchter-fm01d","status":"publish","type":"product","link":"https:\/\/ps-sonic.com\/pt\/produto\/ultraschallbefeuchter-fm01d\/","title":{"rendered":"Humidificador ultrass\u00f3nico FM01D"},"content":{"rendered":"<table width=\"444\">\n<tbody>\n<tr>\n<td colspan=\"3\" width=\"444\"><strong>Dados t\u00e9cnicos<\/strong><\/td>\n<\/tr>\n<tr>\n<td width=\"196\">Capacidade<\/td>\n<td width=\"71\">kg\/h<\/td>\n<td width=\"177\">0,5<\/td>\n<\/tr>\n<tr>\n<td width=\"196\">Consumo de energia<\/td>\n<td width=\"71\">VA<\/td>\n<td width=\"177\">35<\/td>\n<\/tr>\n<tr>\n<td width=\"196\">Dimens\u00f5es (LxAxP)<\/td>\n<td width=\"71\">mm<\/td>\n<td width=\"177\">98 x 151 x 74<\/td>\n<\/tr>\n<tr>\n<td width=\"196\">Peso sem carga<\/td>\n<td width=\"71\">kg<\/td>\n<td width=\"177\">0,7<\/td>\n<\/tr>\n<tr>\n<td width=\"196\">Peso de funcionamento<\/td>\n<td width=\"71\">kg<\/td>\n<td width=\"177\">1,0<\/td>\n<\/tr>\n<tr>\n<td width=\"196\">Fonte de alimenta\u00e7\u00e3o<\/td>\n<td width=\"71\">V\/Ph\/Hz<\/td>\n<td width=\"177\">48\/1\/50 a 60<\/td>\n<\/tr>\n<tr>\n<td width=\"196\">Corrente de funcionamento<\/td>\n<td width=\"71\">A<\/td>\n<td width=\"177\">0,73<\/td>\n<\/tr>\n<tr>\n<td width=\"196\">Sec\u00e7\u00e3o transversal do cabo, m\u00edn.<\/td>\n<td width=\"71\">mm\u00b2<\/td>\n<td width=\"177\">2 x 0,5<\/td>\n<\/tr>\n<tr>\n<td width=\"196\">Proporcional<\/td>\n<td width=\"71\"><\/td>\n<td width=\"177\">Sim (0 bis 10 V DC)<\/td>\n<\/tr>\n<tr>\n<td width=\"196\">Higr\u00f3stato<\/td>\n<td width=\"71\"><\/td>\n<td width=\"177\">sim (ON-OFF)<\/td>\n<\/tr>\n<tr>\n<td width=\"196\">Temperatura ambiente<\/td>\n<td width=\"71\">\u00b0C<\/td>\n<td width=\"177\">+1 a +45<\/td>\n<\/tr>\n<tr>\n<td width=\"196\">Humidade relativa<\/td>\n<td width=\"71\">r.F.<\/td>\n<td width=\"177\">&lt; 90<\/td>\n<\/tr>\n<tr>\n<td width=\"196\">Temperatura da \u00e1gua<\/td>\n<td width=\"71\">\u00b0C<\/td>\n<td width=\"177\">+1 a +40<\/td>\n<\/tr>\n<tr>\n<td width=\"196\">Press\u00e3o de entrada de \u00e1gua<\/td>\n<td width=\"71\">bar<\/td>\n<td width=\"177\">0,2 a 4<\/td>\n<\/tr>\n<tr>\n<td width=\"196\">Condutividade da \u00e1gua<\/td>\n<td width=\"71\">\u00b5S\/cm<\/td>\n<td width=\"177\">&lt; 80<\/td>\n<\/tr>\n<tr>\n<td width=\"196\">Dureza da \u00e1gua<\/td>\n<td width=\"71\">\u00b0dH<\/td>\n<td width=\"177\">&lt; 1<\/td>\n<\/tr>\n<\/tbody>\n<\/table>","protected":false},"excerpt":{"rendered":"<p>O humidificador ultrass\u00f3nico FM01D, com uma capacidade de 0,5 kg\/h, \u00e9 o \u00fanico do seu tipo feito de pl\u00e1stico resistente de alta qualidade. O FM01D impressiona pelo seu design aberto e foi especialmente desenvolvido para instala\u00e7\u00e3o em produtos pr\u00f3prios, contribuindo assim para a minimiza\u00e7\u00e3o de custos. O FM01D cont\u00e9m a placa de controlo b\u00e1sica e a simples liga\u00e7\u00e3o de drenagem. A produ\u00e7\u00e3o de n\u00e9voa \u00e9 obtida atrav\u00e9s da aplica\u00e7\u00e3o de um sinal de tens\u00e3o no local ou de um controlo ON-OFF atrav\u00e9s de um higr\u00f3stato de humidade externa por meio de uma comuta\u00e7\u00e3o de jumper.<\/p>\n<p>Vantagens:<\/p>\n<ul>\n<li>concebido para a minimiza\u00e7\u00e3o dos custos de investimento mais elevados<\/li>\n<li>implementa\u00e7\u00e3o em produtos pr\u00f3prios<\/li>\n<li>caixa em pl\u00e1stico moldado por inje\u00e7\u00e3o<\/li>\n<li>produ\u00e7\u00e3o precisa de humidade sem distor\u00e7\u00e3o<\/li>\n<\/ul>","protected":false},"featured_media":956,"comment_status":"open","ping_status":"closed","template":"","meta":[],"product_cat":[21,33],"product_tag":[],"yoast_head":"<!-- This site is optimized with the Yoast SEO plugin v18.6 - https:\/\/yoast.com\/wordpress\/plugins\/seo\/ -->\n<title>Ultraschallbefeuchter FM01D - Supersonic<\/title>\n<meta name=\"robots\" content=\"index, follow, max-snippet:-1, max-image-preview:large, max-video-preview:-1\" \/>\n<link rel=\"canonical\" href=\"https:\/\/ps-sonic.com\/pt\/produto\/ultraschallbefeuchter-fm01d\/\" \/>\n<meta property=\"og:locale\" content=\"pt_PT\" \/>\n<meta property=\"og:type\" content=\"article\" \/>\n<meta property=\"og:title\" content=\"Ultraschallbefeuchter FM01D - Supersonic\" \/>\n<meta property=\"og:description\" content=\"Der Ultraschallbefeuchter FM01D, mit einer Leistung von 0,5 kg\/h, ist der einzige seiner Art, der aus hochwertigem resistentem Kunststoff gefertigt wird. Der FM01D besticht durch seine offene Bauweise und wurde speziell f\u00fcr den Einbau in eigene Produkte entwickelt und tr\u00e4gt so zur Kostenminimierung bei. Der FM01D enth\u00e4lt die Basissteuerungsplatine und den einfachen Ablaufanschluss. Die Nebelproduktion erfolgt durch das Anliegen eines bauseitigen Spannungssignals oder einer ON-OFF-Steuerung \u00fcber einen externen Feuchtehygrostaten mittels Jumper-Umstellung.  Vorteile:   Entwickelt f\u00fcr h\u00f6chste Investitionskostenminimierung  Implementierung in eigene Produkte  Geh\u00e4use aus spritzgussgeformtem Kunststoff  Pr\u00e4zise Feuchteproduktion ohne Verzug\" \/>\n<meta property=\"og:url\" content=\"https:\/\/ps-sonic.com\/pt\/produto\/ultraschallbefeuchter-fm01d\/\" \/>\n<meta property=\"og:site_name\" content=\"Supersonic\" \/>\n<meta property=\"article:modified_time\" content=\"2023-05-26T16:09:33+00:00\" \/>\n<meta property=\"og:image\" content=\"https:\/\/ps-sonic.com\/wp-content\/uploads\/2022\/05\/US_FM1_21_1000_00_V02.png\" \/>\n\t<meta property=\"og:image:width\" content=\"2000\" \/>\n\t<meta property=\"og:image:height\" content=\"2000\" \/>\n\t<meta property=\"og:image:type\" content=\"image\/png\" \/>\n<meta name=\"twitter:card\" content=\"summary_large_image\" \/>\n<meta name=\"twitter:label1\" content=\"Tempo estimado de leitura\" \/>\n\t<meta name=\"twitter:data1\" content=\"1 minuto\" \/>\n<script type=\"application\/ld+json\" class=\"yoast-schema-graph\">{\"@context\":\"https:\/\/schema.org\",\"@graph\":[{\"@type\":\"WebSite\",\"@id\":\"https:\/\/ps-sonic.com\/#website\",\"url\":\"https:\/\/ps-sonic.com\/\",\"name\":\"Supersonic\",\"description\":\"Supersonic - A Arte da Humidifica\u00e7\u00e3o\",\"potentialAction\":[{\"@type\":\"SearchAction\",\"target\":{\"@type\":\"EntryPoint\",\"urlTemplate\":\"https:\/\/ps-sonic.com\/?s={search_term_string}\"},\"query-input\":\"required name=search_term_string\"}],\"inLanguage\":\"pt-PT\"},{\"@type\":\"ImageObject\",\"@id\":\"https:\/\/ps-sonic.com\/produto\/ultraschallbefeuchter-fm01d\/#primaryimage\",\"inLanguage\":\"pt-PT\",\"url\":\"https:\/\/ps-sonic.com\/wp-content\/uploads\/2022\/05\/US_FM1_21_1000_00_V02.png\",\"contentUrl\":\"https:\/\/ps-sonic.com\/wp-content\/uploads\/2022\/05\/US_FM1_21_1000_00_V02.png\",\"width\":2000,\"height\":2000},{\"@type\":\"WebPage\",\"@id\":\"https:\/\/ps-sonic.com\/produto\/ultraschallbefeuchter-fm01d\/#webpage\",\"url\":\"https:\/\/ps-sonic.com\/produto\/ultraschallbefeuchter-fm01d\/\",\"name\":\"Ultraschallbefeuchter FM01D - Supersonic\",\"isPartOf\":{\"@id\":\"https:\/\/ps-sonic.com\/#website\"},\"primaryImageOfPage\":{\"@id\":\"https:\/\/ps-sonic.com\/produto\/ultraschallbefeuchter-fm01d\/#primaryimage\"},\"datePublished\":\"2022-05-11T16:23:00+00:00\",\"dateModified\":\"2023-05-26T16:09:33+00:00\",\"breadcrumb\":{\"@id\":\"https:\/\/ps-sonic.com\/produto\/ultraschallbefeuchter-fm01d\/#breadcrumb\"},\"inLanguage\":\"pt-PT\",\"potentialAction\":[{\"@type\":\"ReadAction\",\"target\":[\"https:\/\/ps-sonic.com\/produto\/ultraschallbefeuchter-fm01d\/\"]}]},{\"@type\":\"BreadcrumbList\",\"@id\":\"https:\/\/ps-sonic.com\/produto\/ultraschallbefeuchter-fm01d\/#breadcrumb\",\"itemListElement\":[{\"@type\":\"ListItem\",\"position\":1,\"name\":\"In\u00edcio\",\"item\":\"https:\/\/ps-sonic.com\/\"},{\"@type\":\"ListItem\",\"position\":2,\"name\":\"Produkt\",\"item\":\"https:\/\/ps-sonic.com\/produkt\/\"},{\"@type\":\"ListItem\",\"position\":3,\"name\":\"Ultraschallbefeuchter FM01D\"}]}]}<\/script>\n<!-- \/ Yoast SEO plugin. -->","yoast_head_json":{"title":"Ultraschallbefeuchter FM01D - Supersonic","robots":{"index":"index","follow":"follow","max-snippet":"max-snippet:-1","max-image-preview":"max-image-preview:large","max-video-preview":"max-video-preview:-1"},"canonical":"https:\/\/ps-sonic.com\/pt\/produto\/ultraschallbefeuchter-fm01d\/","og_locale":"pt_PT","og_type":"article","og_title":"Ultraschallbefeuchter FM01D - Supersonic","og_description":"Der Ultraschallbefeuchter FM01D, mit einer Leistung von 0,5 kg\/h, ist der einzige seiner Art, der aus hochwertigem resistentem Kunststoff gefertigt wird. Der FM01D besticht durch seine offene Bauweise und wurde speziell f\u00fcr den Einbau in eigene Produkte entwickelt und tr\u00e4gt so zur Kostenminimierung bei. Der FM01D enth\u00e4lt die Basissteuerungsplatine und den einfachen Ablaufanschluss. Die Nebelproduktion erfolgt durch das Anliegen eines bauseitigen Spannungssignals oder einer ON-OFF-Steuerung \u00fcber einen externen Feuchtehygrostaten mittels Jumper-Umstellung.  Vorteile:   Entwickelt f\u00fcr h\u00f6chste Investitionskostenminimierung  Implementierung in eigene Produkte  Geh\u00e4use aus spritzgussgeformtem Kunststoff  Pr\u00e4zise Feuchteproduktion ohne Verzug","og_url":"https:\/\/ps-sonic.com\/pt\/produto\/ultraschallbefeuchter-fm01d\/","og_site_name":"Supersonic","article_modified_time":"2023-05-26T16:09:33+00:00","og_image":[{"width":2000,"height":2000,"url":"https:\/\/ps-sonic.com\/wp-content\/uploads\/2022\/05\/US_FM1_21_1000_00_V02.png","type":"image\/png"}],"twitter_card":"summary_large_image","twitter_misc":{"Tempo estimado de leitura":"1 minuto"},"schema":{"@context":"https:\/\/schema.org","@graph":[{"@type":"WebSite","@id":"https:\/\/ps-sonic.com\/#website","url":"https:\/\/ps-sonic.com\/","name":"Supersonic","description":"Supersonic - A Arte da Humidifica\u00e7\u00e3o","potentialAction":[{"@type":"SearchAction","target":{"@type":"EntryPoint","urlTemplate":"https:\/\/ps-sonic.com\/?s={search_term_string}"},"query-input":"required name=search_term_string"}],"inLanguage":"pt-PT"},{"@type":"ImageObject","@id":"https:\/\/ps-sonic.com\/produto\/ultraschallbefeuchter-fm01d\/#primaryimage","inLanguage":"pt-PT","url":"https:\/\/ps-sonic.com\/wp-content\/uploads\/2022\/05\/US_FM1_21_1000_00_V02.png","contentUrl":"https:\/\/ps-sonic.com\/wp-content\/uploads\/2022\/05\/US_FM1_21_1000_00_V02.png","width":2000,"height":2000},{"@type":"WebPage","@id":"https:\/\/ps-sonic.com\/produto\/ultraschallbefeuchter-fm01d\/#webpage","url":"https:\/\/ps-sonic.com\/produto\/ultraschallbefeuchter-fm01d\/","name":"Ultraschallbefeuchter FM01D - Supersonic","isPartOf":{"@id":"https:\/\/ps-sonic.com\/#website"},"primaryImageOfPage":{"@id":"https:\/\/ps-sonic.com\/produto\/ultraschallbefeuchter-fm01d\/#primaryimage"},"datePublished":"2022-05-11T16:23:00+00:00","dateModified":"2023-05-26T16:09:33+00:00","breadcrumb":{"@id":"https:\/\/ps-sonic.com\/produto\/ultraschallbefeuchter-fm01d\/#breadcrumb"},"inLanguage":"pt-PT","potentialAction":[{"@type":"ReadAction","target":["https:\/\/ps-sonic.com\/produto\/ultraschallbefeuchter-fm01d\/"]}]},{"@type":"BreadcrumbList","@id":"https:\/\/ps-sonic.com\/produto\/ultraschallbefeuchter-fm01d\/#breadcrumb","itemListElement":[{"@type":"ListItem","position":1,"name":"In\u00edcio","item":"https:\/\/ps-sonic.com\/"},{"@type":"ListItem","position":2,"name":"Produkt","item":"https:\/\/ps-sonic.com\/produkt\/"},{"@type":"ListItem","position":3,"name":"Ultraschallbefeuchter FM01D"}]}]}},"_links":{"self":[{"href":"https:\/\/ps-sonic.com\/pt\/wp-json\/wp\/v2\/product\/761"}],"collection":[{"href":"https:\/\/ps-sonic.com\/pt\/wp-json\/wp\/v2\/product"}],"about":[{"href":"https:\/\/ps-sonic.com\/pt\/wp-json\/wp\/v2\/types\/product"}],"replies":[{"embeddable":true,"href":"https:\/\/ps-sonic.com\/pt\/wp-json\/wp\/v2\/comments?post=761"}],"wp:featuredmedia":[{"embeddable":true,"href":"https:\/\/ps-sonic.com\/pt\/wp-json\/wp\/v2\/media\/956"}],"wp:attachment":[{"href":"https:\/\/ps-sonic.com\/pt\/wp-json\/wp\/v2\/media?parent=761"}],"wp:term":[{"taxonomy":"product_cat","embeddable":true,"href":"https:\/\/ps-sonic.com\/pt\/wp-json\/wp\/v2\/product_cat?post=761"},{"taxonomy":"product_tag","embeddable":true,"href":"https:\/\/ps-sonic.com\/pt\/wp-json\/wp\/v2\/product_tag?post=761"}],"curies":[{"name":"wp","href":"https:\/\/api.w.org\/{rel}","templated":true}]}}