{"id":766,"date":"2022-05-11T17:39:25","date_gmt":"2022-05-11T16:39:25","guid":{"rendered":"https:\/\/ps-sonic.com\/?post_type=product&#038;p=766"},"modified":"2022-07-11T21:25:07","modified_gmt":"2022-07-11T20:25:07","slug":"dphydra","status":"publish","type":"product","link":"https:\/\/ps-sonic.com\/pt\/produto\/dphydra\/","title":{"rendered":"DP Hydra"},"content":{"rendered":"","protected":false},"excerpt":{"rendered":"<p>Filtros monof\u00e1sicos de autolimpeza para a remo\u00e7\u00e3o eficaz de dep\u00f3sitos. Limpeza f\u00e1cil e r\u00e1pida gra\u00e7as ao sistema exclusivo com enxaguamento por refluxo.<\/p>\n<p>Alta qualidade \u2013 dur\u00e1vel \u2013 flex\u00edvel<\/p>\n<ul>\n<li>concebido para aplica\u00e7\u00f5es dom\u00e9sticas e industriais<\/li>\n<li>filtragem para remover part\u00edculas indesejadas de tamanho inferior a 1 m\u00edcron<\/li>\n<li>fun\u00e7\u00e3o de autolimpeza manual<\/li>\n<\/ul>","protected":false},"featured_media":960,"comment_status":"open","ping_status":"closed","template":"","meta":[],"product_cat":[39,19],"product_tag":[],"yoast_head":"<!-- This site is optimized with the Yoast SEO plugin v18.6 - https:\/\/yoast.com\/wordpress\/plugins\/seo\/ -->\n<title>DP Hydra - Supersonic<\/title>\n<meta name=\"robots\" content=\"index, follow, max-snippet:-1, max-image-preview:large, max-video-preview:-1\" \/>\n<link rel=\"canonical\" href=\"https:\/\/ps-sonic.com\/pt\/produto\/dphydra\/\" \/>\n<meta property=\"og:locale\" content=\"pt_PT\" \/>\n<meta property=\"og:type\" content=\"article\" \/>\n<meta property=\"og:title\" content=\"DP Hydra - Supersonic\" \/>\n<meta property=\"og:description\" content=\"Einstufige selbstreinigende Filter zur wirksamen Beseitigung von Ablagerungen. Leichte und schnelle Reinigung dank des exklusiven Systems mit Sp\u00fclung im R\u00fcckstrom.  Hochwertig \u2013 langlebig \u2013 flexibel   Entwickelt f\u00fcr den Einsatz im Haushaltsbereich sowie f\u00fcr industrielle Anwendungen  Filtration zur Beseitigung von unerw\u00fcnschten Teilchen bis zu einer Gr\u00f6\u00dfe von 1 \u00b5m  Manuelle, selbstreinigende Funktion\" \/>\n<meta property=\"og:url\" content=\"https:\/\/ps-sonic.com\/pt\/produto\/dphydra\/\" \/>\n<meta property=\"og:site_name\" content=\"Supersonic\" \/>\n<meta property=\"article:modified_time\" content=\"2022-07-11T20:25:07+00:00\" \/>\n<meta property=\"og:image\" content=\"https:\/\/ps-sonic.com\/wp-content\/uploads\/2022\/05\/DP-Hydra.jpg\" \/>\n\t<meta property=\"og:image:width\" content=\"2000\" \/>\n\t<meta property=\"og:image:height\" content=\"2000\" \/>\n\t<meta property=\"og:image:type\" content=\"image\/jpeg\" \/>\n<meta name=\"twitter:card\" content=\"summary_large_image\" \/>\n<script type=\"application\/ld+json\" class=\"yoast-schema-graph\">{\"@context\":\"https:\/\/schema.org\",\"@graph\":[{\"@type\":\"WebSite\",\"@id\":\"https:\/\/ps-sonic.com\/#website\",\"url\":\"https:\/\/ps-sonic.com\/\",\"name\":\"Supersonic\",\"description\":\"Supersonic - A Arte da Humidifica\u00e7\u00e3o\",\"potentialAction\":[{\"@type\":\"SearchAction\",\"target\":{\"@type\":\"EntryPoint\",\"urlTemplate\":\"https:\/\/ps-sonic.com\/?s={search_term_string}\"},\"query-input\":\"required name=search_term_string\"}],\"inLanguage\":\"pt-PT\"},{\"@type\":\"ImageObject\",\"@id\":\"https:\/\/ps-sonic.com\/produto\/dphydra\/#primaryimage\",\"inLanguage\":\"pt-PT\",\"url\":\"https:\/\/ps-sonic.com\/wp-content\/uploads\/2022\/05\/DP-Hydra.jpg\",\"contentUrl\":\"https:\/\/ps-sonic.com\/wp-content\/uploads\/2022\/05\/DP-Hydra.jpg\",\"width\":2000,\"height\":2000},{\"@type\":\"WebPage\",\"@id\":\"https:\/\/ps-sonic.com\/produto\/dphydra\/#webpage\",\"url\":\"https:\/\/ps-sonic.com\/produto\/dphydra\/\",\"name\":\"DP Hydra - Supersonic\",\"isPartOf\":{\"@id\":\"https:\/\/ps-sonic.com\/#website\"},\"primaryImageOfPage\":{\"@id\":\"https:\/\/ps-sonic.com\/produto\/dphydra\/#primaryimage\"},\"datePublished\":\"2022-05-11T16:39:25+00:00\",\"dateModified\":\"2022-07-11T20:25:07+00:00\",\"breadcrumb\":{\"@id\":\"https:\/\/ps-sonic.com\/produto\/dphydra\/#breadcrumb\"},\"inLanguage\":\"pt-PT\",\"potentialAction\":[{\"@type\":\"ReadAction\",\"target\":[\"https:\/\/ps-sonic.com\/produto\/dphydra\/\"]}]},{\"@type\":\"BreadcrumbList\",\"@id\":\"https:\/\/ps-sonic.com\/produto\/dphydra\/#breadcrumb\",\"itemListElement\":[{\"@type\":\"ListItem\",\"position\":1,\"name\":\"In\u00edcio\",\"item\":\"https:\/\/ps-sonic.com\/\"},{\"@type\":\"ListItem\",\"position\":2,\"name\":\"Produkt\",\"item\":\"https:\/\/ps-sonic.com\/produkt\/\"},{\"@type\":\"ListItem\",\"position\":3,\"name\":\"DP Hydra\"}]}]}<\/script>\n<!-- \/ Yoast SEO plugin. -->","yoast_head_json":{"title":"DP Hydra - Supersonic","robots":{"index":"index","follow":"follow","max-snippet":"max-snippet:-1","max-image-preview":"max-image-preview:large","max-video-preview":"max-video-preview:-1"},"canonical":"https:\/\/ps-sonic.com\/pt\/produto\/dphydra\/","og_locale":"pt_PT","og_type":"article","og_title":"DP Hydra - Supersonic","og_description":"Einstufige selbstreinigende Filter zur wirksamen Beseitigung von Ablagerungen. Leichte und schnelle Reinigung dank des exklusiven Systems mit Sp\u00fclung im R\u00fcckstrom.  Hochwertig \u2013 langlebig \u2013 flexibel   Entwickelt f\u00fcr den Einsatz im Haushaltsbereich sowie f\u00fcr industrielle Anwendungen  Filtration zur Beseitigung von unerw\u00fcnschten Teilchen bis zu einer Gr\u00f6\u00dfe von 1 \u00b5m  Manuelle, selbstreinigende Funktion","og_url":"https:\/\/ps-sonic.com\/pt\/produto\/dphydra\/","og_site_name":"Supersonic","article_modified_time":"2022-07-11T20:25:07+00:00","og_image":[{"width":2000,"height":2000,"url":"https:\/\/ps-sonic.com\/wp-content\/uploads\/2022\/05\/DP-Hydra.jpg","type":"image\/jpeg"}],"twitter_card":"summary_large_image","schema":{"@context":"https:\/\/schema.org","@graph":[{"@type":"WebSite","@id":"https:\/\/ps-sonic.com\/#website","url":"https:\/\/ps-sonic.com\/","name":"Supersonic","description":"Supersonic - A Arte da Humidifica\u00e7\u00e3o","potentialAction":[{"@type":"SearchAction","target":{"@type":"EntryPoint","urlTemplate":"https:\/\/ps-sonic.com\/?s={search_term_string}"},"query-input":"required name=search_term_string"}],"inLanguage":"pt-PT"},{"@type":"ImageObject","@id":"https:\/\/ps-sonic.com\/produto\/dphydra\/#primaryimage","inLanguage":"pt-PT","url":"https:\/\/ps-sonic.com\/wp-content\/uploads\/2022\/05\/DP-Hydra.jpg","contentUrl":"https:\/\/ps-sonic.com\/wp-content\/uploads\/2022\/05\/DP-Hydra.jpg","width":2000,"height":2000},{"@type":"WebPage","@id":"https:\/\/ps-sonic.com\/produto\/dphydra\/#webpage","url":"https:\/\/ps-sonic.com\/produto\/dphydra\/","name":"DP Hydra - Supersonic","isPartOf":{"@id":"https:\/\/ps-sonic.com\/#website"},"primaryImageOfPage":{"@id":"https:\/\/ps-sonic.com\/produto\/dphydra\/#primaryimage"},"datePublished":"2022-05-11T16:39:25+00:00","dateModified":"2022-07-11T20:25:07+00:00","breadcrumb":{"@id":"https:\/\/ps-sonic.com\/produto\/dphydra\/#breadcrumb"},"inLanguage":"pt-PT","potentialAction":[{"@type":"ReadAction","target":["https:\/\/ps-sonic.com\/produto\/dphydra\/"]}]},{"@type":"BreadcrumbList","@id":"https:\/\/ps-sonic.com\/produto\/dphydra\/#breadcrumb","itemListElement":[{"@type":"ListItem","position":1,"name":"In\u00edcio","item":"https:\/\/ps-sonic.com\/"},{"@type":"ListItem","position":2,"name":"Produkt","item":"https:\/\/ps-sonic.com\/produkt\/"},{"@type":"ListItem","position":3,"name":"DP Hydra"}]}]}},"_links":{"self":[{"href":"https:\/\/ps-sonic.com\/pt\/wp-json\/wp\/v2\/product\/766"}],"collection":[{"href":"https:\/\/ps-sonic.com\/pt\/wp-json\/wp\/v2\/product"}],"about":[{"href":"https:\/\/ps-sonic.com\/pt\/wp-json\/wp\/v2\/types\/product"}],"replies":[{"embeddable":true,"href":"https:\/\/ps-sonic.com\/pt\/wp-json\/wp\/v2\/comments?post=766"}],"wp:featuredmedia":[{"embeddable":true,"href":"https:\/\/ps-sonic.com\/pt\/wp-json\/wp\/v2\/media\/960"}],"wp:attachment":[{"href":"https:\/\/ps-sonic.com\/pt\/wp-json\/wp\/v2\/media?parent=766"}],"wp:term":[{"taxonomy":"product_cat","embeddable":true,"href":"https:\/\/ps-sonic.com\/pt\/wp-json\/wp\/v2\/product_cat?post=766"},{"taxonomy":"product_tag","embeddable":true,"href":"https:\/\/ps-sonic.com\/pt\/wp-json\/wp\/v2\/product_tag?post=766"}],"curies":[{"name":"wp","href":"https:\/\/api.w.org\/{rel}","templated":true}]}}